{"id":2659,"date":"2023-07-31T15:09:45","date_gmt":"2023-07-31T13:09:45","guid":{"rendered":"https:\/\/mnwell.com\/?post_type=product&#038;p=2659"},"modified":"2023-07-31T15:10:36","modified_gmt":"2023-07-31T13:10:36","slug":"motor-housing-casting","status":"publish","type":"product","link":"https:\/\/mnwell.com\/pt\/produto\/motor-housing-casting\/","title":{"rendered":"fundi\u00e7\u00e3o da caixa do motor"},"content":{"rendered":"<p>A carca\u00e7a do motor \u00e9 uma pe\u00e7a importante para encapsular e proteger as partes internas do motor. \u00c9 feito principalmente de liga de alum\u00ednio e fabricado pelo processo de fundi\u00e7\u00e3o sob press\u00e3o. O material de liga de alum\u00ednio tem as vantagens de ser leve, de alta resist\u00eancia, de boa dissipa\u00e7\u00e3o de calor, de alta resist\u00eancia \u00e0 tra\u00e7\u00e3o, etc., o que \u00e9 muito adequado para os requisitos do inv\u00f3lucro do motor. A fundi\u00e7\u00e3o sob press\u00e3o \u00e9 tamb\u00e9m um processo econ\u00f3mico utilizado para produzir caixas de motor de alta qualidade com designs complexos e dimens\u00f5es precisas. A Mindwell pode personalizar a <a href=\"https:\/\/mnwell.com\/pt\/what-is-aluminum-die-cast-housing\/\">fundi\u00e7\u00e3o injectada da caixa do motor<\/a> e proporcionar-lhe um pre\u00e7o favor\u00e1vel e uma habita\u00e7\u00e3o de alta qualidade.<\/p>\n<p><img loading=\"lazy\" decoding=\"async\" class=\"alignnone size-full wp-image-2660\" src=\"http:\/\/mnwell.com\/wp-content\/uploads\/2023\/07\/2020_04_30_14_24_IMG_0426-.webp\" alt=\"motor housing casting\" width=\"800\" height=\"800\" srcset=\"https:\/\/mnwell.com\/wp-content\/uploads\/2023\/07\/2020_04_30_14_24_IMG_0426-.webp 800w, https:\/\/mnwell.com\/wp-content\/uploads\/2023\/07\/2020_04_30_14_24_IMG_0426--150x150.webp 150w, https:\/\/mnwell.com\/wp-content\/uploads\/2023\/07\/2020_04_30_14_24_IMG_0426--768x768.webp 768w, https:\/\/mnwell.com\/wp-content\/uploads\/2023\/07\/2020_04_30_14_24_IMG_0426--300x300.webp 300w, https:\/\/mnwell.com\/wp-content\/uploads\/2023\/07\/2020_04_30_14_24_IMG_0426--600x600.webp 600w, https:\/\/mnwell.com\/wp-content\/uploads\/2023\/07\/2020_04_30_14_24_IMG_0426--100x100.webp 100w\" sizes=\"(max-width: 800px) 100vw, 800px\" \/><\/p>\n<h3>Conce\u00e7\u00e3o da caixa do motor em fundi\u00e7\u00e3o injectada<\/h3>\n<p>A conce\u00e7\u00e3o da carca\u00e7a do motor por fundi\u00e7\u00e3o \u00e9 crucial para o desempenho, o aspeto e a fiabilidade do motor. Os nossos engenheiros tamb\u00e9m o aconselhar\u00e3o profissionalmente ap\u00f3s receberem os seus desenhos de projeto. Uma boa carca\u00e7a de motor deve ser considerada a partir dos seguintes pontos:<\/p>\n<ul>\n<li>Conce\u00e7\u00e3o estrutural: A estrutura da caixa do motor deve ser projectada tendo em conta as cargas e press\u00f5es que ir\u00e1 suportar. A estrutura deve ser suficientemente forte para proteger os componentes internos do motor e manter a estabilidade. Simultaneamente, deve assegurar-se que a conce\u00e7\u00e3o da caixa permite a montagem e a manuten\u00e7\u00e3o dos componentes internos.<\/li>\n<li>Conce\u00e7\u00e3o da dissipa\u00e7\u00e3o de calor: A conce\u00e7\u00e3o da carca\u00e7a do motor deve ter em conta os requisitos de dissipa\u00e7\u00e3o de calor. Atrav\u00e9s de uma estrutura de dissipa\u00e7\u00e3o de calor adequada e de canais de dissipa\u00e7\u00e3o de calor, o motor pode dissipar eficazmente o calor gerado e manter o motor a funcionar dentro de um intervalo de temperatura seguro.<\/li>\n<li>Conce\u00e7\u00e3o da veda\u00e7\u00e3o: A carca\u00e7a do motor tem de ter uma boa veda\u00e7\u00e3o para evitar que o p\u00f3 e a humidade externos entrem no interior e para proteger as partes internas do motor contra danos.<\/li>\n<li>Conce\u00e7\u00e3o est\u00e9tica: A apar\u00eancia da carca\u00e7a do motor \u00e9 tamb\u00e9m uma considera\u00e7\u00e3o importante no design. Atrav\u00e9s de uma forma razo\u00e1vel, do tratamento das arestas e do tratamento da superf\u00edcie, como a pulveriza\u00e7\u00e3o, a est\u00e9tica da carca\u00e7a pode ser melhorada, de modo a corresponder ao cen\u00e1rio de aplica\u00e7\u00e3o e ao design geral do produto.<\/li>\n<li>Capacidade de fabrico: As pe\u00e7as de fundi\u00e7\u00e3o sob press\u00e3o devem ser concebidas tendo em conta a viabilidade e a efici\u00eancia do fabrico. Evitar formas demasiado complexas para reduzir os custos e o tempo de produ\u00e7\u00e3o, assegurando ao mesmo tempo que o desenho se adapta ao processo de fundi\u00e7\u00e3o sob press\u00e3o.<\/li>\n<li>Jun\u00e7\u00e3o e montagem: Se a carca\u00e7a do motor for composta por v\u00e1rias pe\u00e7as, o projeto deve garantir que estas pe\u00e7as possam ser unidas e montadas com precis\u00e3o para formar uma estrutura de carca\u00e7a completa.<\/li>\n<li>Custos de produ\u00e7\u00e3o: Ao conceber uma carca\u00e7a de motor, os custos de fabrico devem ser considerados. Um projeto razo\u00e1vel pode reduzir a perda de material e a dificuldade de processamento, reduzindo assim o custo de produ\u00e7\u00e3o.<\/li>\n<li>Fiabilidade e seguran\u00e7a: Por \u00faltimo, a conce\u00e7\u00e3o deve garantir que a caixa do motor tem fiabilidade e seguran\u00e7a suficientes, pode funcionar de forma est\u00e1vel durante muito tempo em v\u00e1rias condi\u00e7\u00f5es de trabalho e proteger a seguran\u00e7a dos componentes internos do motor e dos utilizadores.<\/li>\n<\/ul>\n<p>Os aspectos acima referidos devem ser tidos em conta na conce\u00e7\u00e3o do inv\u00f3lucro do motor. Uma conce\u00e7\u00e3o razo\u00e1vel pode melhorar o desempenho, a durabilidade e a fiabilidade do motor, e proporcionar uma boa garantia para a aplica\u00e7\u00e3o do motor. Por conseguinte, na MINDWELL, durante o processo de conce\u00e7\u00e3o e comunica\u00e7\u00e3o com os clientes, estamos em estreito contacto com os clientes para garantir que o design final da fundi\u00e7\u00e3o injetada cumpra todos os requisitos, para que a fun\u00e7\u00e3o da carca\u00e7a do motor possa ser maximizada.<\/p>\n<p><img loading=\"lazy\" decoding=\"async\" class=\"alignnone size-full wp-image-2662\" src=\"http:\/\/mnwell.com\/wp-content\/uploads\/2023\/07\/2020_04_30_14_25_IMG_0428-.webp\" alt=\"motor housing die casting\" width=\"800\" height=\"800\" srcset=\"https:\/\/mnwell.com\/wp-content\/uploads\/2023\/07\/2020_04_30_14_25_IMG_0428-.webp 800w, https:\/\/mnwell.com\/wp-content\/uploads\/2023\/07\/2020_04_30_14_25_IMG_0428--150x150.webp 150w, https:\/\/mnwell.com\/wp-content\/uploads\/2023\/07\/2020_04_30_14_25_IMG_0428--768x768.webp 768w, https:\/\/mnwell.com\/wp-content\/uploads\/2023\/07\/2020_04_30_14_25_IMG_0428--300x300.webp 300w, https:\/\/mnwell.com\/wp-content\/uploads\/2023\/07\/2020_04_30_14_25_IMG_0428--600x600.webp 600w, https:\/\/mnwell.com\/wp-content\/uploads\/2023\/07\/2020_04_30_14_25_IMG_0428--100x100.webp 100w\" sizes=\"(max-width: 800px) 100vw, 800px\" \/><\/p>\n<p>&nbsp;<\/p>\n<h4>Material<\/h4>\n<p>A primeira escolha de material de fundi\u00e7\u00e3o injectada para a carca\u00e7a do motor \u00e9 o alum\u00ednio, seguido do magn\u00e9sio. As ligas de alum\u00ednio e magn\u00e9sio s\u00e3o amplamente utilizadas devido \u00e0s suas excelentes propriedades. No entanto, em geral, o alum\u00ednio \u00e9 o material mais econ\u00f3mico e ideal para as carca\u00e7as dos motores. As principais raz\u00f5es para escolher a liga de alum\u00ednio s\u00e3o as seguintes:<\/p>\n<ol>\n<li>Leve e resistente: A liga de alum\u00ednio tem uma densidade mais baixa do que outros materiais, tornando o inv\u00f3lucro do motor mais leve do que outros materiais e contribuindo para o peso total do motor. Embora a liga de alum\u00ednio seja leve, \u00e9 bastante forte, dando suporte estrutural adequado e estabilidade ao motor.<\/li>\n<li>grande condutividade t\u00e9rmica: A liga de alum\u00ednio tem uma grande condutividade t\u00e9rmica, o que lhe permite transmitir rapidamente o calor gerado no interior do motor e dispersar eficazmente o calor. Isto \u00e9 crucial para o funcionamento a longo prazo do motor e para a atividade de carga elevada, uma vez que mant\u00e9m o motor a funcionar dentro de um intervalo de temperatura seguro.<\/li>\n<li>Capacidade de processamento: A liga de alum\u00ednio \u00e9 simples de processar e moldar, o que a torna ideal para a fundi\u00e7\u00e3o sob press\u00e3o de projectos complicados de caixas de motor. A t\u00e9cnica de fundi\u00e7\u00e3o sob press\u00e3o permite um fabrico em massa econ\u00f3mico, bem como a cria\u00e7\u00e3o de pe\u00e7as com grande precis\u00e3o e consist\u00eancia.<\/li>\n<li>Resist\u00eancia \u00e0 corros\u00e3o: A superf\u00edcie da liga de alum\u00ednio pode ser oxidada para aumentar a resist\u00eancia \u00e0 corros\u00e3o, permitindo que a caixa do motor dure mais tempo em situa\u00e7\u00f5es h\u00famidas e severas.<\/li>\n<li>Reciclabilidade: A liga de alum\u00ednio \u00e9 um material recicl\u00e1vel que cumpre as normas contempor\u00e2neas de consciencializa\u00e7\u00e3o ambiental. Quando a vida \u00fatil do motor termina, os res\u00edduos da carca\u00e7a da liga de alum\u00ednio podem ser reciclados e reutilizados para diminuir o efeito ambiental.<\/li>\n<li>Altamente personaliz\u00e1vel: O inv\u00f3lucro em liga de alum\u00ednio pode ser adaptado \u00e0s exig\u00eancias de v\u00e1rios motores, de modo a satisfazer os requisitos \u00fanicos de v\u00e1rios tipos de motores e aplica\u00e7\u00f5es. O design personalizado pode melhorar o desempenho e a efici\u00eancia do motor, optimizando a estrutura e a fun\u00e7\u00e3o da caixa do motor.<\/li>\n<li>Vantagem no custo total: Quando comparado com outros materiais, o custo total da carca\u00e7a do motor em liga de alum\u00ednio \u00e9 geralmente mais barato devido ao seu peso leve, elevada resist\u00eancia, condutividade t\u00e9rmica superior e efici\u00eancia de fabrico.<\/li>\n<\/ol>\n<p>As carca\u00e7as de motor fundidas sob press\u00e3o t\u00eam uma s\u00e9rie de vantagens, incluindo baixo custo, grande efici\u00eancia de produ\u00e7\u00e3o e a capacidade de construir projectos complicados com toler\u00e2ncias rigorosas. Este m\u00e9todo cria uma carca\u00e7a de motor consistente e fi\u00e1vel que protege e suporta os componentes internos do motor. \u00c9 a principal forma de produzir caixas de motor para uma vasta gama de aplica\u00e7\u00f5es, incluindo motores de ve\u00edculos, aparelhos e equipamento industrial.<\/p>\n<p><img loading=\"lazy\" decoding=\"async\" class=\"alignnone size-full wp-image-2661\" src=\"http:\/\/mnwell.com\/wp-content\/uploads\/2023\/07\/2020_04_30_14_24_IMG_0427-.webp\" alt=\"\" width=\"800\" height=\"800\" srcset=\"https:\/\/mnwell.com\/wp-content\/uploads\/2023\/07\/2020_04_30_14_24_IMG_0427-.webp 800w, https:\/\/mnwell.com\/wp-content\/uploads\/2023\/07\/2020_04_30_14_24_IMG_0427--150x150.webp 150w, https:\/\/mnwell.com\/wp-content\/uploads\/2023\/07\/2020_04_30_14_24_IMG_0427--768x768.webp 768w, https:\/\/mnwell.com\/wp-content\/uploads\/2023\/07\/2020_04_30_14_24_IMG_0427--300x300.webp 300w, https:\/\/mnwell.com\/wp-content\/uploads\/2023\/07\/2020_04_30_14_24_IMG_0427--600x600.webp 600w, https:\/\/mnwell.com\/wp-content\/uploads\/2023\/07\/2020_04_30_14_24_IMG_0427--100x100.webp 100w\" sizes=\"(max-width: 800px) 100vw, 800px\" \/><\/p>\n<p>&nbsp;<\/p>\n<p>&nbsp;<\/p>\n<h4>Porqu\u00ea escolher a Mindwell como fabricante de fundi\u00e7\u00e3o injetada de carca\u00e7as de motor personalizadas<\/h4>\n<p>A Mindwell \u00e9 um fabricante profissional de fundi\u00e7\u00e3o injectada de caixas de motor com mais de dez anos de experi\u00eancia. Estamos empenhados em fornecer solu\u00e7\u00f5es de alta qualidade, inovadoras e fi\u00e1veis para a fundi\u00e7\u00e3o injetada de carca\u00e7as para clientes em todo o mundo. As nossas principais vantagens s\u00e3o as seguintes:<\/p>\n<ul>\n<li>A equipa da Mindwell \u00e9 constitu\u00edda por engenheiros e peritos t\u00e9cnicos com muitos anos de experi\u00eancia e especializa\u00e7\u00e3o na ind\u00fastria de fundi\u00e7\u00e3o injetada<\/li>\n<li>Equipado com equipamento e tecnologias avan\u00e7adas de fundi\u00e7\u00e3o injectada<\/li>\n<li>A sele\u00e7\u00e3o do material garante a utiliza\u00e7\u00e3o m\u00e1xima do desempenho e da efici\u00eancia do material.<\/li>\n<li>Foco no fornecimento de solu\u00e7\u00f5es personalizadas para cada projeto<\/li>\n<li>Seguir rigorosamente o sistema de gest\u00e3o da qualidade ISO e realizar um controlo de qualidade rigoroso e testes em todas as liga\u00e7\u00f5es, desde a aquisi\u00e7\u00e3o de mat\u00e9rias-primas at\u00e9 ao processo de produ\u00e7\u00e3o<\/li>\n<li>Fornecer aos clientes uma entrega atempada com uma produ\u00e7\u00e3o de elevada efici\u00eancia e capacidades de produ\u00e7\u00e3o flex\u00edveis<\/li>\n<li>Prestar aten\u00e7\u00e3o \u00e0 prote\u00e7\u00e3o do ambiente<\/li>\n<\/ul>\n<p><img loading=\"lazy\" decoding=\"async\" class=\"alignnone size-full wp-image-2612\" src=\"http:\/\/mnwell.com\/wp-content\/uploads\/2023\/07\/AYU9582.jpg\" alt=\"zinc alloy die casting factory\" width=\"750\" height=\"500\" srcset=\"https:\/\/mnwell.com\/wp-content\/uploads\/2023\/07\/AYU9582.jpg 750w, https:\/\/mnwell.com\/wp-content\/uploads\/2023\/07\/AYU9582-600x400.jpg 600w\" sizes=\"(max-width: 750px) 100vw, 750px\" \/><\/p>","protected":false},"excerpt":{"rendered":"<p>A carca\u00e7a do motor \u00e9 uma pe\u00e7a importante para encapsular e proteger as partes internas do motor. \u00c9 feito principalmente de liga de alum\u00ednio e fabricado pelo processo de fundi\u00e7\u00e3o sob press\u00e3o. O material de liga de alum\u00ednio tem as vantagens de ser leve, de alta resist\u00eancia, de boa dissipa\u00e7\u00e3o de calor, de alta resist\u00eancia \u00e0 tra\u00e7\u00e3o, etc., o que \u00e9 muito adequado para os requisitos do inv\u00f3lucro do motor. A fundi\u00e7\u00e3o sob press\u00e3o \u00e9 tamb\u00e9m um processo econ\u00f3mico utilizado para produzir caixas de motor de alta qualidade com designs complexos e dimens\u00f5es precisas. A Mindwell pode personalizar a <a href=\"https:\/\/mnwell.com\/pt\/what-is-aluminum-die-cast-housing\/\">fundi\u00e7\u00e3o injectada da caixa do motor<\/a> e proporcionar-lhe um pre\u00e7o favor\u00e1vel e uma habita\u00e7\u00e3o de alta qualidade.<\/p>","protected":false},"featured_media":2660,"template":"","meta":{"om_disable_all_campaigns":false,"_monsterinsights_skip_tracking":false,"_monsterinsights_sitenote_active":false,"_monsterinsights_sitenote_note":"","_monsterinsights_sitenote_category":0,"_uf_show_specific_survey":0,"_uf_disable_surveys":false,"site-sidebar-layout":"default","site-content-layout":"default","ast-global-header-display":"","ast-banner-title-visibility":"","ast-main-header-display":"","ast-hfb-above-header-display":"","ast-hfb-below-header-display":"","ast-hfb-mobile-header-display":"","site-post-title":"","ast-breadcrumbs-content":"","ast-featured-img":"","footer-sml-layout":"","theme-transparent-header-meta":"default","adv-header-id-meta":"","stick-header-meta":"","header-above-stick-meta":"","header-main-stick-meta":"","header-below-stick-meta":""},"product_cat":[18],"product_tag":[151,147,148,149,150],"aioseo_notices":[],"_links":{"self":[{"href":"https:\/\/mnwell.com\/pt\/wp-json\/wp\/v2\/product\/2659"}],"collection":[{"href":"https:\/\/mnwell.com\/pt\/wp-json\/wp\/v2\/product"}],"about":[{"href":"https:\/\/mnwell.com\/pt\/wp-json\/wp\/v2\/types\/product"}],"wp:featuredmedia":[{"embeddable":true,"href":"https:\/\/mnwell.com\/pt\/wp-json\/wp\/v2\/media\/2660"}],"wp:attachment":[{"href":"https:\/\/mnwell.com\/pt\/wp-json\/wp\/v2\/media?parent=2659"}],"wp:term":[{"taxonomy":"product_cat","embeddable":true,"href":"https:\/\/mnwell.com\/pt\/wp-json\/wp\/v2\/product_cat?post=2659"},{"taxonomy":"product_tag","embeddable":true,"href":"https:\/\/mnwell.com\/pt\/wp-json\/wp\/v2\/product_tag?post=2659"}],"curies":[{"name":"wp","href":"https:\/\/api.w.org\/{rel}","templated":true}]}}