{"id":3010,"date":"2023-09-03T09:08:20","date_gmt":"2023-09-03T07:08:20","guid":{"rendered":"https:\/\/mnwell.com\/?post_type=product&#038;p=3010"},"modified":"2023-09-03T09:08:58","modified_gmt":"2023-09-03T07:08:58","slug":"custom-aluminum-die-casting-parts","status":"publish","type":"product","link":"https:\/\/mnwell.com\/pt\/produto\/custom-aluminum-die-casting-parts\/","title":{"rendered":"pe\u00e7as de fundi\u00e7\u00e3o injectada de alum\u00ednio personalizadas"},"content":{"rendered":"<p>A nossa empresa fornece servi\u00e7os personalizados de fundi\u00e7\u00e3o de alum\u00ednio sob press\u00e3o. Podemos conceber e fabricar pe\u00e7as de alum\u00ednio fundido sob press\u00e3o que os clientes pretendam, de acordo com os desenhos ou amostras fornecidos pelos clientes. A nossa empresa tem m\u00e1quinas de fundi\u00e7\u00e3o injetada de diferentes tonelagens e uma equipa profissional de engenheiros de fundi\u00e7\u00e3o injetada, que podem satisfazer as suas necessidades de design personalizado e requisitos de produ\u00e7\u00e3o em massa.<\/p>\n<h3>Materiais para fundi\u00e7\u00e3o injectada de alum\u00ednio personalizada<\/h3>\n<p>A escolha do material para a personaliza\u00e7\u00e3o <a href=\"https:\/\/mnwell.com\/pt\/what-is-aluminum-die-casting-grinding\/\">fundi\u00e7\u00e3o injectada de alum\u00ednio<\/a> depende do desempenho desejado, da aplica\u00e7\u00e3o e do or\u00e7amento. As ligas de alum\u00ednio s\u00e3o um dos materiais mais utilizados na fundi\u00e7\u00e3o sob press\u00e3o de alum\u00ednio devido ao seu peso leve, excelentes propriedades mec\u00e2nicas e boa resist\u00eancia \u00e0 corros\u00e3o. As ligas de alum\u00ednio mais comuns s\u00e3o as seguintes:<\/p>\n<ul>\n<li>As ligas de alum\u00ednio-sil\u00edcio incluem principalmente YL102 (ADC1, A413.0, etc.), YL104 (ADC3, A360), etc;<\/li>\n<li>As ligas de alum\u00ednio-sil\u00edcio-cobre incluem principalmente YL112 (A380, ADC10, etc.), YL113 (3830), YL117 (B390, ADC14) ADC12, etc;<\/li>\n<li>As ligas de alum\u00ednio-magn\u00e9sio incluem principalmente 302 (5180, ADC5,) ADC6, etc.<\/li>\n<\/ul>\n<p>Para al\u00e9m dos materiais de liga de alum\u00ednio comuns acima mencionados, tamb\u00e9m podemos escolher outras ligas ou realizar investiga\u00e7\u00e3o e desenvolvimento de ligas personalizadas de acordo com requisitos espec\u00edficos. Ao selecionar os materiais, o mais importante a ter em conta \u00e9 o ambiente de aplica\u00e7\u00e3o, as propriedades mec\u00e2nicas necess\u00e1rias, as considera\u00e7\u00f5es de custo e a processabilidade, para garantir que o produto final de alum\u00ednio fundido sob press\u00e3o satisfaz as suas necessidades.<\/p>\n<p>&nbsp;<\/p>\n<p><img loading=\"lazy\" decoding=\"async\" class=\"alignnone size-full wp-image-3011\" src=\"http:\/\/mnwell.com\/wp-content\/uploads\/2023\/09\/AYU9535.webp\" alt=\"custom aluminum die casting\" width=\"800\" height=\"800\" srcset=\"https:\/\/mnwell.com\/wp-content\/uploads\/2023\/09\/AYU9535.webp 800w, https:\/\/mnwell.com\/wp-content\/uploads\/2023\/09\/AYU9535-150x150.webp 150w, https:\/\/mnwell.com\/wp-content\/uploads\/2023\/09\/AYU9535-768x768.webp 768w, https:\/\/mnwell.com\/wp-content\/uploads\/2023\/09\/AYU9535-300x300.webp 300w, https:\/\/mnwell.com\/wp-content\/uploads\/2023\/09\/AYU9535-600x600.webp 600w, https:\/\/mnwell.com\/wp-content\/uploads\/2023\/09\/AYU9535-100x100.webp 100w\" sizes=\"(max-width: 800px) 100vw, 800px\" \/><\/p>\n<p>&nbsp;<\/p>\n<h3>Processo de personaliza\u00e7\u00e3o de fundi\u00e7\u00e3o de alum\u00ednio sob press\u00e3o:<\/h3>\n<p>O processo de personaliza\u00e7\u00e3o da nossa empresa pode variar em fun\u00e7\u00e3o dos requisitos e da complexidade do projeto espec\u00edfico. O processo b\u00e1sico aproximado \u00e9 o seguinte:<\/p>\n<ol>\n<li>Os clientes fornecem desenhos ou amostras de fundi\u00e7\u00e3o sob press\u00e3o de alum\u00ednio.<\/li>\n<li>As duas partes comunicaram sobre os pormenores de personaliza\u00e7\u00e3o e os pre\u00e7os das pe\u00e7as de alum\u00ednio fundido sob press\u00e3o.<\/li>\n<li>Ambas as partes assinam um contrato.<\/li>\n<li>O cliente paga um dep\u00f3sito.<\/li>\n<li>A f\u00e1brica corta materiais para fazer moldes.<\/li>\n<li>A f\u00e1brica produz pe\u00e7as fundidas em alum\u00ednio.<\/li>\n<li>Depois de a f\u00e1brica completar a amostra de fundi\u00e7\u00e3o de alum\u00ednio, a amostra \u00e9 confirmada.<\/li>\n<li>A f\u00e1brica organiza a expedi\u00e7\u00e3o de pe\u00e7as fundidas em alum\u00ednio.<\/li>\n<li>O cliente efectua o pagamento final<\/li>\n<\/ol>\n<p>Na Mindwell, o processo de fundi\u00e7\u00e3o de alum\u00ednio personalizado \u00e9 normalmente utilizado para produzir uma variedade de produtos, incluindo pe\u00e7as para autom\u00f3veis, caixas electr\u00f3nicas, maquinaria industrial, pe\u00e7as aeroespaciais e muito mais. Somos um fabricante experiente de fundi\u00e7\u00e3o de alum\u00ednio sob press\u00e3o que pode garantir o sucesso da fundi\u00e7\u00e3o de alum\u00ednio sob press\u00e3o personalizada atrav\u00e9s de tecnologia profissional e equipamentos avan\u00e7ados de fundi\u00e7\u00e3o sob press\u00e3o.<\/p>\n<p>&nbsp;<\/p>\n<h4>fluxo do processo de fundi\u00e7\u00e3o sob press\u00e3o\uff1a<\/h4>\n<ol>\n<li>Molde de conce\u00e7\u00e3o<\/li>\n<li>fabrico de moldes<\/li>\n<li>Equipar o molde e ajustar os par\u00e2metros<\/li>\n<li>Prepara\u00e7\u00e3o do material de liga de alum\u00ednio<\/li>\n<li>Inje\u00e7\u00e3o de alum\u00ednio l\u00edquido<\/li>\n<li>Arrefecimento do molde<\/li>\n<li>Desmoldagem de pe\u00e7as em liga de alum\u00ednio<\/li>\n<li>tratamento de superf\u00edcie<\/li>\n<li>teste<\/li>\n<\/ol>\n<p>&nbsp;<\/p>\n<p>&nbsp;<\/p>\n<p><img loading=\"lazy\" decoding=\"async\" class=\"alignnone size-full wp-image-2929\" src=\"http:\/\/mnwell.com\/wp-content\/uploads\/2023\/08\/AYU9510.webp\" alt=\"aluminum lawn chair parts\" width=\"800\" height=\"800\" srcset=\"https:\/\/mnwell.com\/wp-content\/uploads\/2023\/08\/AYU9510.webp 800w, https:\/\/mnwell.com\/wp-content\/uploads\/2023\/08\/AYU9510-150x150.webp 150w, https:\/\/mnwell.com\/wp-content\/uploads\/2023\/08\/AYU9510-768x768.webp 768w, https:\/\/mnwell.com\/wp-content\/uploads\/2023\/08\/AYU9510-300x300.webp 300w, https:\/\/mnwell.com\/wp-content\/uploads\/2023\/08\/AYU9510-600x600.webp 600w, https:\/\/mnwell.com\/wp-content\/uploads\/2023\/08\/AYU9510-100x100.webp 100w\" sizes=\"(max-width: 800px) 100vw, 800px\" \/><\/p>\n<p>&nbsp;<\/p>\n<h3>As pe\u00e7as fundidas sob press\u00e3o em liga de alum\u00ednio apresentam as seguintes vantagens<\/h3>\n<ol>\n<li>Alta precis\u00e3o das pe\u00e7as fundidas sob press\u00e3o: Durante o processo de fundi\u00e7\u00e3o sob press\u00e3o da liga de alum\u00ednio, o molde pode oscilar e mover-se. Sob alta temperatura e alta press\u00e3o, o l\u00edquido de alum\u00ednio pode preencher totalmente o molde, minimizando o encolhimento e a porosidade da fundi\u00e7\u00e3o sob press\u00e3o para obter pe\u00e7as de liga de alum\u00ednio de alta precis\u00e3o.<\/li>\n<li>Elevada efici\u00eancia de produ\u00e7\u00e3o: Utilizando moldes multi-cavidades, uma m\u00e1quina de fundi\u00e7\u00e3o injetada pode fundir v\u00e1rias pe\u00e7as de liga de alum\u00ednio ao mesmo tempo.<\/li>\n<li>Boa qualidade da superf\u00edcie: Devido \u00e0 dureza e \u00e0 facilidade de processamento da liga de alum\u00ednio, os artigos fundidos sob press\u00e3o podem ter superf\u00edcies de alta qualidade, exceto no caso de polimento, pulveriza\u00e7\u00e3o, oxida\u00e7\u00e3o e outras condi\u00e7\u00f5es.<\/li>\n<li>Alta taxa de utiliza\u00e7\u00e3o de material: Durante o processo de fundi\u00e7\u00e3o sob press\u00e3o da liga de alum\u00ednio, o material de alum\u00ednio \u00e9 injetado no l\u00edquido, o que constitui uma medida para reduzir o desperd\u00edcio e poupar custos.<\/li>\n<li>Peso leve do produto: A densidade das pe\u00e7as fundidas sob press\u00e3o em liga de alum\u00ednio \u00e9 inferior \u00e0 de outros materiais de fundi\u00e7\u00e3o, o que compensa as defici\u00eancias do seu peso leve global, baixa resist\u00eancia e dureza.<\/li>\n<\/ol>\n<p>&nbsp;<\/p>\n<h3>\u00c1reas de aplica\u00e7\u00e3o de fundi\u00e7\u00e3o sob press\u00e3o de alum\u00ednio personalizadas<\/h3>\n<p><a href=\"https:\/\/mnwell.com\/pt\/custom-die-casting\/\">Pe\u00e7as personalizadas de alum\u00ednio fundido sob press\u00e3o<\/a> t\u00eam boa condutividade t\u00e9rmica, condutividade el\u00e9ctrica e desempenho de corte, pequeno encolhimento linear, bom desempenho de enchimento, baixa densidade, alta resist\u00eancia e a rela\u00e7\u00e3o entre a resist\u00eancia \u00e0 tra\u00e7\u00e3o e a densidade \u00e9 de 9 a 15. Pode ser utilizado a altas ou baixas temperaturas. Durante o trabalho, tamb\u00e9m mant\u00e9m boas propriedades mec\u00e2nicas e tem boa resist\u00eancia \u00e0 corros\u00e3o e \u00e0 oxida\u00e7\u00e3o. Por conseguinte, as pe\u00e7as fundidas sob press\u00e3o de alum\u00ednio personalizadas s\u00e3o amplamente utilizadas em v\u00e1rios dom\u00ednios industriais:<\/p>\n<h4>1. Ind\u00fastria autom\u00f3vel:<\/h4>\n<ul>\n<li>Pe\u00e7as do motor: como a cabe\u00e7a do cilindro, o c\u00e1rter, o c\u00e1rter de \u00f3leo, etc.<\/li>\n<li>Componentes do chassis e da suspens\u00e3o: tais como bra\u00e7os de controlo, pin\u00e7as de trav\u00e3o, suportes de suspens\u00e3o, etc.<\/li>\n<li>Sistema de transmiss\u00e3o: como a caixa de velocidades, a caixa de transmiss\u00e3o, etc.<\/li>\n<li>Pe\u00e7as de apar\u00eancia: como a estrutura da carro\u00e7aria, portas, tejadilho, etc.<\/li>\n<\/ul>\n<h4>2. Eletr\u00f3nica e aparelhos el\u00e9ctricos:<\/h4>\n<ul>\n<li>Inv\u00f3lucros e radiadores electr\u00f3nicos: tais como inv\u00f3lucros de servidores inform\u00e1ticos, inv\u00f3lucros de televisores, l\u00e2mpadas LED, etc.<\/li>\n<li>Conectores e componentes el\u00e9ctricos: tais como fichas, tomadas, bra\u00e7adeiras para cabos, etc.<\/li>\n<li>Equipamento de comunica\u00e7\u00e3o: por exemplo, suportes de antena, caixas de equipamento de comunica\u00e7\u00e3o.<\/li>\n<\/ul>\n<h4>3.\u00a0Aerospace:<\/h4>\n<ul>\n<li>Aircraft structural parts: such as wings, flight control surfaces, fuselage structures, etc.<\/li>\n<li>Aviation engine components: such as turbojet engine casings, turbine blades, etc.<\/li>\n<li>Spacecraft parts: such as satellite shells, missile parts, etc.<\/li>\n<\/ul>\n<h4>4. Industrial machinery:<\/h4>\n<ul>\n<li>Pump and valve parts: such as pump casing, valve body, valve cover, etc.<\/li>\n<li>Compressor components: such as air compressor casing, cylinder casing, etc.<\/li>\n<li>Machine tool components: such as machine tool base, slider, bed, etc.<\/li>\n<\/ul>\n<h4>5. Medical equipment:<\/h4>\n<ul>\n<li>Medical equipment housings and bases: such as medical imaging equipment, surgical equipment, etc.<\/li>\n<li>Medical instrument parts: e.g. syringe parts, patient monitoring equipment parts.<\/li>\n<\/ul>\n<h4>6. Energy industry:<\/h4>\n<ul>\n<li>Wind and solar equipment parts.<\/li>\n<li>Power plant equipment parts, such as turbine casings, generator casings, etc.<\/li>\n<\/ul>\n<h4>7. Consumer goods:<\/h4>\n<ul>\n<li>Home decorations and home appliance parts, such as lamps, coffee machine casings, furniture accessories, etc.<\/li>\n<\/ul>\n<p>These are just examples of our factory&#8217;s production in the die casting industry, custom aluminum die castings have a wide range of applications in different industries. With custom aluminum die castings, you can achieve complex-shaped, lightweight, high-strength parts to meet specific design and performance needs. No matter what your application field is, you can contact us directly. We have manufacturing experience in many industries, and we have professional engineers to connect with you. We can give you the most professional services and suggestions to ensure that you can produce Wanted aluminum die-casting products.<\/p>\n<p><img loading=\"lazy\" decoding=\"async\" class=\"alignnone size-full wp-image-2103\" src=\"http:\/\/mnwell.com\/wp-content\/uploads\/2023\/07\/AYU9581.jpg\" alt=\"die casting factory\" width=\"750\" height=\"500\" srcset=\"https:\/\/mnwell.com\/wp-content\/uploads\/2023\/07\/AYU9581.jpg 750w, https:\/\/mnwell.com\/wp-content\/uploads\/2023\/07\/AYU9581-600x400.jpg 600w\" sizes=\"(max-width: 750px) 100vw, 750px\" \/><\/p>","protected":false},"excerpt":{"rendered":"<p>A nossa empresa fornece servi\u00e7os personalizados de fundi\u00e7\u00e3o de alum\u00ednio sob press\u00e3o. Podemos conceber e fabricar pe\u00e7as de alum\u00ednio fundido sob press\u00e3o que os clientes pretendam, de acordo com os desenhos ou amostras fornecidos pelos clientes. A nossa empresa tem m\u00e1quinas de fundi\u00e7\u00e3o injetada de diferentes tonelagens e uma equipa profissional de engenheiros de fundi\u00e7\u00e3o injetada, que podem satisfazer as suas necessidades de design personalizado e requisitos de produ\u00e7\u00e3o em massa.<\/p>","protected":false},"featured_media":3011,"template":"","meta":{"om_disable_all_campaigns":false,"_monsterinsights_skip_tracking":false,"_monsterinsights_sitenote_active":false,"_monsterinsights_sitenote_note":"","_monsterinsights_sitenote_category":0,"_uf_show_specific_survey":0,"_uf_disable_surveys":false,"site-sidebar-layout":"default","site-content-layout":"default","ast-global-header-display":"","ast-banner-title-visibility":"","ast-main-header-display":"","ast-hfb-above-header-display":"","ast-hfb-below-header-display":"","ast-hfb-mobile-header-display":"","site-post-title":"","ast-breadcrumbs-content":"","ast-featured-img":"","footer-sml-layout":"","theme-transparent-header-meta":"default","adv-header-id-meta":"","stick-header-meta":"","header-above-stick-meta":"","header-main-stick-meta":"","header-below-stick-meta":""},"product_cat":[18],"product_tag":[],"aioseo_notices":[],"_links":{"self":[{"href":"https:\/\/mnwell.com\/pt\/wp-json\/wp\/v2\/product\/3010"}],"collection":[{"href":"https:\/\/mnwell.com\/pt\/wp-json\/wp\/v2\/product"}],"about":[{"href":"https:\/\/mnwell.com\/pt\/wp-json\/wp\/v2\/types\/product"}],"wp:featuredmedia":[{"embeddable":true,"href":"https:\/\/mnwell.com\/pt\/wp-json\/wp\/v2\/media\/3011"}],"wp:attachment":[{"href":"https:\/\/mnwell.com\/pt\/wp-json\/wp\/v2\/media?parent=3010"}],"wp:term":[{"taxonomy":"product_cat","embeddable":true,"href":"https:\/\/mnwell.com\/pt\/wp-json\/wp\/v2\/product_cat?post=3010"},{"taxonomy":"product_tag","embeddable":true,"href":"https:\/\/mnwell.com\/pt\/wp-json\/wp\/v2\/product_tag?post=3010"}],"curies":[{"name":"wp","href":"https:\/\/api.w.org\/{rel}","templated":true}]}}