{"id":3418,"date":"2023-10-15T15:20:44","date_gmt":"2023-10-15T13:20:44","guid":{"rendered":"https:\/\/mnwell.com\/?post_type=product&#038;p=3418"},"modified":"2023-10-15T15:23:29","modified_gmt":"2023-10-15T13:23:29","slug":"aluminum-pressure-die-casting-components","status":"publish","type":"product","link":"https:\/\/mnwell.com\/pt\/produto\/aluminum-pressure-die-casting-components\/","title":{"rendered":"Componentes de fundi\u00e7\u00e3o sob press\u00e3o de alum\u00ednio"},"content":{"rendered":"<p>Os componentes de fundi\u00e7\u00e3o sob press\u00e3o de alum\u00ednio s\u00e3o pe\u00e7as de alum\u00ednio que geramos e fabricamos atrav\u00e9s de uma m\u00e1quina de fundi\u00e7\u00e3o sob press\u00e3o com um molde de fundi\u00e7\u00e3o instalado. Os moldes de fundi\u00e7\u00e3o sob press\u00e3o podem ser concebidos \u00e0 medida das necessidades do cliente para melhorar a consist\u00eancia do produto e a efici\u00eancia da produ\u00e7\u00e3o em massa. Na nossa empresa, somos especializados em fundi\u00e7\u00e3o de alta press\u00e3o, baixa press\u00e3o e gravidade e temos uma vasta experi\u00eancia na ind\u00fastria de fundi\u00e7\u00e3o de alum\u00ednio sob press\u00e3o.<\/p>\n<p>&nbsp;<\/p>\n<p><img loading=\"lazy\" decoding=\"async\" class=\"alignnone size-full wp-image-3419\" src=\"http:\/\/mnwell.com\/wp-content\/uploads\/2023\/10\/AYU9507.webp\" alt=\"Aluminium Pressure Die Casting Components\" width=\"800\" height=\"800\" srcset=\"https:\/\/mnwell.com\/wp-content\/uploads\/2023\/10\/AYU9507.webp 800w, https:\/\/mnwell.com\/wp-content\/uploads\/2023\/10\/AYU9507-150x150.webp 150w, https:\/\/mnwell.com\/wp-content\/uploads\/2023\/10\/AYU9507-768x768.webp 768w, https:\/\/mnwell.com\/wp-content\/uploads\/2023\/10\/AYU9507-12x12.webp 12w, https:\/\/mnwell.com\/wp-content\/uploads\/2023\/10\/AYU9507-300x300.webp 300w, https:\/\/mnwell.com\/wp-content\/uploads\/2023\/10\/AYU9507-600x600.webp 600w, https:\/\/mnwell.com\/wp-content\/uploads\/2023\/10\/AYU9507-100x100.webp 100w\" sizes=\"(max-width: 800px) 100vw, 800px\" \/><\/p>\n<h3>Princ\u00edpio de funcionamento<\/h3>\n<p>O alum\u00ednio ou a liga de alum\u00ednio aquecida at\u00e9 ao estado l\u00edquido \u00e9 vertida na entrada da m\u00e1quina de fundi\u00e7\u00e3o injetada, e a liga de alum\u00ednio l\u00edquida ou semil\u00edquida \u00e9 rapidamente pressionada na cavidade do molde utilizando a m\u00e1quina de fundi\u00e7\u00e3o injetada, e solidificada sob press\u00e3o, de modo a obter as pe\u00e7as fundidas.<\/p>\n<h3>Requisitos t\u00e9cnicos da fundi\u00e7\u00e3o injectada de liga de alum\u00ednio<\/h3>\n<ul>\n<li>Velocidade de fundi\u00e7\u00e3o: se a velocidade de fundi\u00e7\u00e3o aumentar, levar\u00e1 a que a cavidade l\u00edquida do lingote e o gradiente de temperatura aumentem, de modo que na cavidade l\u00edquida no fundo da cavidade l\u00edquida apare\u00e7a a sec\u00e7\u00e3o da cavidade l\u00edquida, resultando numa grande tens\u00e3o de contra\u00e7\u00e3o, aumentando as hip\u00f3teses de aparecerem fissuras t\u00e9rmicas no lingote, pelo que \u00e9 necess\u00e1rio controlar a velocidade.<\/li>\n<li>Conce\u00e7\u00e3o do produto: a espessura da parede, o material, a dimens\u00e3o da fundi\u00e7\u00e3o injectada devem estar em conformidade com as disposi\u00e7\u00f5es relevantes ou de acordo com a procura para fornecer desenhos ou moldes com as dimens\u00f5es e desvios necess\u00e1rios.<\/li>\n<li>Altura do n\u00edvel do l\u00edquido: A posi\u00e7\u00e3o do n\u00edvel do l\u00edquido tamb\u00e9m \u00e9 importante, se for demasiado baixo, conduzir\u00e1 a uma maior tend\u00eancia para a fissura\u00e7\u00e3o t\u00e9rmica do material e, em casos graves, afectar\u00e1 o processo de fundi\u00e7\u00e3o.<\/li>\n<li>Temperatura de fundi\u00e7\u00e3o: A temperatura de fundi\u00e7\u00e3o deve ser determinada de acordo com o tipo de material e as especifica\u00e7\u00f5es do lingote. Se a temperatura n\u00e3o for adequada, aumentar\u00e1 as tens\u00f5es internas e far\u00e1 com que a pe\u00e7a fundida rache ou se parta.<\/li>\n<\/ul>\n<p><img loading=\"lazy\" decoding=\"async\" class=\"alignnone size-full wp-image-3413\" src=\"http:\/\/mnwell.com\/wp-content\/uploads\/2023\/10\/AYU9498.jpg\" alt=\" Aluminium Pressure Die Casting parts\" width=\"800\" height=\"800\" srcset=\"https:\/\/mnwell.com\/wp-content\/uploads\/2023\/10\/AYU9498.jpg 800w, https:\/\/mnwell.com\/wp-content\/uploads\/2023\/10\/AYU9498-150x150.jpg 150w, https:\/\/mnwell.com\/wp-content\/uploads\/2023\/10\/AYU9498-768x768.jpg 768w, https:\/\/mnwell.com\/wp-content\/uploads\/2023\/10\/AYU9498-12x12.jpg 12w, https:\/\/mnwell.com\/wp-content\/uploads\/2023\/10\/AYU9498-300x300.jpg 300w, https:\/\/mnwell.com\/wp-content\/uploads\/2023\/10\/AYU9498-600x600.jpg 600w, https:\/\/mnwell.com\/wp-content\/uploads\/2023\/10\/AYU9498-100x100.jpg 100w\" sizes=\"(max-width: 800px) 100vw, 800px\" \/><\/p>\n<h3>Fundi\u00e7\u00e3o sob press\u00e3o de alum\u00ednio Conce\u00e7\u00e3o de componentes<\/h3>\n<p>A conce\u00e7\u00e3o de <a href=\"https:\/\/mnwell.com\/pt\/what-are-high-pressure-aluminum-die-casting-parts\/\">pe\u00e7as de alum\u00ednio fundido sob press\u00e3o<\/a> tem de ter em conta uma s\u00e9rie de aspectos, incluindo a sele\u00e7\u00e3o de materiais, a conce\u00e7\u00e3o do molde, a conce\u00e7\u00e3o do sistema de inje\u00e7\u00e3o, a conce\u00e7\u00e3o do sistema de escape, a conce\u00e7\u00e3o do dispositivo de liberta\u00e7\u00e3o do molde, a precis\u00e3o da pe\u00e7a, etc.<\/p>\n<h4>Sele\u00e7\u00e3o de materiais:<\/h4>\n<p>Fundi\u00e7\u00e3o de alum\u00ednio sob press\u00e3o de liga de alum\u00ednio para o sistema Al-Si e o sistema Al-Mg. Na Mindwell, utilizamos ligas de alum\u00ednio de maior resist\u00eancia, como 6061 ou 6063, para pe\u00e7as sujeitas a cargas mais elevadas, e recomendamos que os nossos clientes utilizem as ligas de alum\u00ednio ADC12 ou A380 para pe\u00e7as que exijam uma maior qualidade de apar\u00eancia.<\/p>\n<h4>Conce\u00e7\u00e3o do molde:<\/h4>\n<p>O molde \u00e9 a parte central da fundi\u00e7\u00e3o sob press\u00e3o, e a sua boa ou m\u00e1 conce\u00e7\u00e3o afecta diretamente a qualidade do produto, a efici\u00eancia da produ\u00e7\u00e3o e o custo. Ao conceber o molde, \u00e9 necess\u00e1rio ter em conta os seguintes factores:<\/p>\n<ul>\n<li>Superf\u00edcie de separa\u00e7\u00e3o: Deve ser f\u00e1cil de fabricar e montar o molde, e ser prop\u00edcio ao ajuste do sistema de vazamento e exaust\u00e3o.<\/li>\n<li>Resist\u00eancia e rigidez do molde: De acordo com a forma e o tamanho da fundi\u00e7\u00e3o injectada, escolha os princ\u00edpios de conce\u00e7\u00e3o de resist\u00eancia e rigidez adequados.<\/li>\n<li>Sistema de vazamento: a localiza\u00e7\u00e3o da abertura do port\u00e3o deve fazer com que o metal l\u00edquido flua suavemente para dentro da cavidade e evitar o g\u00e1s laminado e a oxida\u00e7\u00e3o.<\/li>\n<li>Sistema de descarga: descarregar o l\u00edquido met\u00e1lico solidificado a tempo de assegurar o estado de enchimento da cavidade.<\/li>\n<\/ul>\n<h4>Conce\u00e7\u00e3o do sistema de inje\u00e7\u00e3o:<\/h4>\n<p>A fun\u00e7\u00e3o do sistema de inje\u00e7\u00e3o \u00e9 sugar a liga de alum\u00ednio l\u00edquido para a porta e pressionar a liga de alum\u00ednio para a cavidade do molde sob press\u00e3o. A conce\u00e7\u00e3o do sistema de inje\u00e7\u00e3o deve ter em conta a sele\u00e7\u00e3o da m\u00e1quina de inje\u00e7\u00e3o, o tamanho da porta e a velocidade da porta, entre outros factores.<\/p>\n<h4>Conce\u00e7\u00e3o do sistema de escape:<\/h4>\n<p>No processo de enchimento da cavidade do molde com liga de alum\u00ednio, podem estar envolvidos alguns gases, que n\u00e3o podem ser descarregados ap\u00f3s a solidifica\u00e7\u00e3o da liga de alum\u00ednio, resultando em defeitos como porosidade ou folga do produto. Por conseguinte, o sistema de escape \u00e9 concebido para evitar estes defeitos.<\/p>\n<h4>Conce\u00e7\u00e3o do dispositivo de liberta\u00e7\u00e3o de moldes:<\/h4>\n<p>O dispositivo de liberta\u00e7\u00e3o do molde \u00e9 um mecanismo utilizado para ejetar a pe\u00e7a fundida. Os seguintes factores devem ser considerados ao conceber o dispositivo de liberta\u00e7\u00e3o do molde:<\/p>\n<ul>\n<li>Di\u00e2metro e n\u00famero de hastes ejectoras: o di\u00e2metro das hastes ejectoras deve estar a uma dist\u00e2ncia adequada da superf\u00edcie da cavidade do molde, e o n\u00famero deve ser determinado de acordo com a tens\u00e3o na fundi\u00e7\u00e3o sob press\u00e3o.<\/li>\n<li>Dist\u00e2ncia do ejetor: a dist\u00e2ncia do ejetor deve ser definida de modo a que a pe\u00e7a fundida seja suavemente retirada da cavidade sem danificar a pe\u00e7a fundida e o molde.<\/li>\n<\/ul>\n<h4>Pe\u00e7as de fundi\u00e7\u00e3o de alum\u00ednio de precis\u00e3o:<\/h4>\n<p>A precis\u00e3o da fundi\u00e7\u00e3o de alum\u00ednio sob press\u00e3o geralmente pode atingir o n\u00edvel CT11~CT13, para os requisitos de maior precis\u00e3o das pe\u00e7as, pode tomar as medidas correspondentes no design do molde, como a utiliza\u00e7\u00e3o de estrutura embutida, melhorar a rugosidade da superf\u00edcie do molde e assim por diante.<\/p>\n<p>Em suma, na fundi\u00e7\u00e3o sob press\u00e3o de liga de alum\u00ednio personalizada do cliente, o design das pe\u00e7as de fundi\u00e7\u00e3o sob press\u00e3o de alum\u00ednio \u00e9 uma considera\u00e7\u00e3o abrangente do material, molde, inje\u00e7\u00e3o, exaust\u00e3o, desmoldagem e precis\u00e3o das pe\u00e7as e outros aspectos dos fatores, para fornecer aos clientes produtos de fundi\u00e7\u00e3o sob press\u00e3o de alum\u00ednio de alta qualidade.<\/p>\n<h3>Encontre a nossa empresa de fundi\u00e7\u00e3o de alum\u00ednio sob press\u00e3o personalizada<\/h3>\n<p>A Mindwell \u00e9 especializada na conce\u00e7\u00e3o, fabrico e embalagem de pe\u00e7as e componentes de fundi\u00e7\u00e3o sob press\u00e3o de alum\u00ednio como um servi\u00e7o de personaliza\u00e7\u00e3o \u00fanico. A nossa vantagem \u00e9 que temos equipamento profissional de fundi\u00e7\u00e3o injetada, equipamento de tratamento de superf\u00edcie, equipamento de teste de qualidade e outras vantagens t\u00e9cnicas, bem como uma equipa de engenheiros profissionais diretamente consigo, cota\u00e7\u00e3o r\u00e1pida, entrega r\u00e1pida.<\/p>\n<p><img loading=\"lazy\" decoding=\"async\" class=\"alignnone size-full wp-image-3246\" src=\"http:\/\/mnwell.com\/wp-content\/uploads\/2023\/09\/die-casting-parts-2.webp\" alt=\"die casting parts\" width=\"750\" height=\"500\" srcset=\"https:\/\/mnwell.com\/wp-content\/uploads\/2023\/09\/die-casting-parts-2.webp 750w, https:\/\/mnwell.com\/wp-content\/uploads\/2023\/09\/die-casting-parts-2-600x400.webp 600w\" sizes=\"(max-width: 750px) 100vw, 750px\" \/><\/p>","protected":false},"excerpt":{"rendered":"<p>Formatos de ficheiros: Solid Works, Pro\/Engineer, AutoCAD (DXF, DWG), PDF, TIF, etc.<br \/>\nControlo de qualidade: Engenheiros e inspectores<br \/>\nGarantia de qualidade: CMM<br \/>\nRugosidade: Ra3.2-Ra0.8<br \/>\nProcesso: Fundi\u00e7\u00e3o injectada a alta press\u00e3o<br \/>\nLocal de origem: Xiamen, China<br \/>\nEspecifica\u00e7\u00e3o: Componentes personalizados de fundi\u00e7\u00e3o sob press\u00e3o de alum\u00ednio<br \/>\nTipo de material: A356\/A380\/ADC12\/A360\/etc.<br \/>\nAcabamento da superf\u00edcie: Polido\/anodizado\/revestido a p\u00f3\/galvanizado\/outros<br \/>\nCertifica\u00e7\u00e3o: RoHS, ISO 9001:2008<br \/>\nCapacidade de produ\u00e7\u00e3o: 5000 pe\u00e7as\/m\u00eas<br \/>\nToler\u00e2ncia: +\/-0,01 mm ou conforme o seu requisito<\/p>","protected":false},"featured_media":3419,"template":"","meta":{"om_disable_all_campaigns":false,"_monsterinsights_skip_tracking":false,"_monsterinsights_sitenote_active":false,"_monsterinsights_sitenote_note":"","_monsterinsights_sitenote_category":0,"_uf_show_specific_survey":0,"_uf_disable_surveys":false,"site-sidebar-layout":"default","site-content-layout":"default","ast-global-header-display":"","ast-banner-title-visibility":"","ast-main-header-display":"","ast-hfb-above-header-display":"","ast-hfb-below-header-display":"","ast-hfb-mobile-header-display":"","site-post-title":"","ast-breadcrumbs-content":"","ast-featured-img":"","footer-sml-layout":"","theme-transparent-header-meta":"default","adv-header-id-meta":"","stick-header-meta":"","header-above-stick-meta":"","header-main-stick-meta":"","header-below-stick-meta":""},"product_cat":[18],"product_tag":[311,310,308,309,312,314,313],"aioseo_notices":[],"_links":{"self":[{"href":"https:\/\/mnwell.com\/pt\/wp-json\/wp\/v2\/product\/3418"}],"collection":[{"href":"https:\/\/mnwell.com\/pt\/wp-json\/wp\/v2\/product"}],"about":[{"href":"https:\/\/mnwell.com\/pt\/wp-json\/wp\/v2\/types\/product"}],"wp:featuredmedia":[{"embeddable":true,"href":"https:\/\/mnwell.com\/pt\/wp-json\/wp\/v2\/media\/3419"}],"wp:attachment":[{"href":"https:\/\/mnwell.com\/pt\/wp-json\/wp\/v2\/media?parent=3418"}],"wp:term":[{"taxonomy":"product_cat","embeddable":true,"href":"https:\/\/mnwell.com\/pt\/wp-json\/wp\/v2\/product_cat?post=3418"},{"taxonomy":"product_tag","embeddable":true,"href":"https:\/\/mnwell.com\/pt\/wp-json\/wp\/v2\/product_tag?post=3418"}],"curies":[{"name":"wp","href":"https:\/\/api.w.org\/{rel}","templated":true}]}}