{"id":3509,"date":"2023-10-23T17:43:14","date_gmt":"2023-10-23T15:43:14","guid":{"rendered":"https:\/\/mnwell.com\/?post_type=product&#038;p=3509"},"modified":"2023-10-23T17:44:39","modified_gmt":"2023-10-23T15:44:39","slug":"custom-die-cast-aluminum-junction-box","status":"publish","type":"product","link":"https:\/\/mnwell.com\/pt\/produto\/custom-die-cast-aluminum-junction-box\/","title":{"rendered":"Caixa de deriva\u00e7\u00e3o personalizada em alum\u00ednio fundido sob press\u00e3o"},"content":{"rendered":"<p>Personalizamos a caixa de jun\u00e7\u00e3o de alum\u00ednio fundido para os nossos clientes, fornecemos uma solu\u00e7\u00e3o total de uma paragem desde o design do molde, fundi\u00e7\u00e3o em lote, processamento secund\u00e1rio, tratamento de superf\u00edcie e servi\u00e7o de embalagem.<\/p>\n<p>A caixa de deriva\u00e7\u00e3o de alum\u00ednio fundido \u00e9 um inv\u00f3lucro el\u00e9trico vers\u00e1til concebido para armazenar e proteger com seguran\u00e7a as liga\u00e7\u00f5es el\u00e9ctricas. As caixas de deriva\u00e7\u00e3o de alum\u00ednio fundido s\u00e3o fabricadas em alum\u00ednio fundido de alta qualidade e resistente \u00e0 corros\u00e3o. Este material robusto garante durabilidade e desempenho duradouro numa variedade de ambientes e \u00e9 normalmente utilizado para portas de cablagem em ilumina\u00e7\u00e3o dom\u00e9stica, aparelhos, contadores e outros equipamentos.<\/p>\n<h3>Carater\u00edsticas principais<\/h3>\n<ol>\n<li>As nossas caixas de deriva\u00e7\u00e3o s\u00e3o resistentes \u00e0 corros\u00e3o e \u00e0s intemp\u00e9ries, o que as torna perfeitas para utiliza\u00e7\u00e3o tanto no interior como no exterior. Asseguram a integridade da liga\u00e7\u00e3o, oferecendo uma prote\u00e7\u00e3o fi\u00e1vel contra a corros\u00e3o.<\/li>\n<li>LIGA\u00c7\u00d5ES SEGURAS DE CABOS E FIOS: Com as nossas caixas de deriva\u00e7\u00e3o, pode ter a certeza de que as suas liga\u00e7\u00f5es el\u00e9ctricas est\u00e3o protegidas contra danos e interfer\u00eancias e contidas em seguran\u00e7a no interior da caixa.<\/li>\n<li>Tamanho, forma e tamanho: O seu <a href=\"https:\/\/mnwell.com\/pt\/aluminum-die-casting\/\">alum\u00ednio fundido<\/a> A caixa de jun\u00e7\u00e3o pode ser adaptada \u00e0s suas necessidades de utiliza\u00e7\u00e3o.<\/li>\n<li>Versatilidade: As nossas caixas de deriva\u00e7\u00e3o em alum\u00ednio fundido s\u00e3o utilizadas em aplica\u00e7\u00f5es el\u00e9ctricas, industriais e exteriores, entre outras ind\u00fastrias. As nossas caixas de deriva\u00e7\u00e3o s\u00e3o capazes de proteger os fios em pain\u00e9is de distribui\u00e7\u00e3o, instala\u00e7\u00f5es exteriores e f\u00e1bricas.<\/li>\n<li>F\u00c1CIL DE INSTALAR: A instala\u00e7\u00e3o de uma das nossas caixas de jun\u00e7\u00e3o \u00e9 simples. Com cada compra, est\u00e3o inclu\u00eddas instru\u00e7\u00f5es completas e o hardware necess\u00e1rio.<\/li>\n<li>SEGURAN\u00c7A GARANTIDA: Quando se trabalha com liga\u00e7\u00f5es el\u00e9ctricas, a seguran\u00e7a \u00e9 da maior import\u00e2ncia. As nossas caixas de deriva\u00e7\u00e3o garantem que a sua cablagem \u00e9 segura, reduzindo a possibilidade de contratempos e perigos el\u00e9ctricos.<\/li>\n<\/ol>\n<h3>V\u00eddeo de apresenta\u00e7\u00e3o do produto<\/h3>\n<div class=\"ast-oembed-container\" style=\"height: 100%;\"><iframe loading=\"lazy\" title=\"caixa de jun\u00e7\u00e3o em alum\u00ednio fundido\" width=\"500\" height=\"281\" src=\"https:\/\/www.youtube.com\/embed\/0bk8anFZT4s?feature=oembed\" frameborder=\"0\" allow=\"accelerometer; autoplay; clipboard-write; encrypted-media; gyroscope; picture-in-picture; web-share\" allowfullscreen><\/iframe><\/div>\n<p>&nbsp;<\/p>\n<h3>Vantagens e benef\u00edcios<\/h3>\n<ul>\n<li>AS CAIXAS DE JUN\u00c7\u00c3O S\u00c3O CONSTRU\u00cdDAS PARA DURAR, MESMO EM CONDI\u00c7\u00d5ES DIF\u00cdCEIS, DEVIDO \u00c0 NOSSA CONSTRU\u00c7\u00c3O EM ALUM\u00cdNIO FUNDIDO.<\/li>\n<li>Resist\u00eancia \u00e0s intemp\u00e9ries: Independentemente do ambiente, as nossas caixas de jun\u00e7\u00e3o oferecem uma resist\u00eancia fi\u00e1vel \u00e0s intemp\u00e9ries para salvaguardar as suas liga\u00e7\u00f5es el\u00e9ctricas.<\/li>\n<li>Prote\u00e7\u00e3o: As nossas caixas de jun\u00e7\u00e3o oferecem uma excelente defesa contra a deteriora\u00e7\u00e3o e a humidade que podem danificar o seu fio.<\/li>\n<li>Versatilidade: As nossas caixas de deriva\u00e7\u00e3o funcionam bem numa variedade de situa\u00e7\u00f5es, desde instala\u00e7\u00f5es exteriores a instala\u00e7\u00f5es industriais.<\/li>\n<\/ul>\n<h4>Passos para a instala\u00e7\u00e3o de caixas de deriva\u00e7\u00e3o em alum\u00ednio fundido sob press\u00e3o:<\/h4>\n<ol>\n<li>Fixe a caixa de deriva\u00e7\u00e3o ao corpo da balan\u00e7a num local adequado e abra a tampa superior da caixa de deriva\u00e7\u00e3o.<\/li>\n<li>Passe o cabo do sensor e o cabo de sinal do instrumento atrav\u00e9s da interface correspondente da caixa de jun\u00e7\u00e3o, ligue todos os cabos e aperte todas as porcas quando terminar. Ligue as interfaces n\u00e3o utilizadas com juntas de borracha de veda\u00e7\u00e3o ou cimento de borracha e aperte as porcas ao mesmo tempo.<\/li>\n<li>Ligue a blindagem exterior de todos os cabos ao poste de liga\u00e7\u00e3o \u00e0 terra da caixa de deriva\u00e7\u00e3o.<\/li>\n<li>De acordo com o tamanho do sinal de sa\u00edda do sensor, ajustar o potenci\u00f3metro correspondente. (Nota: o potenci\u00f3metro n\u00e3o deve ser ajustado por cima.) Ap\u00f3s a coloca\u00e7\u00e3o em funcionamento, a tampa superior da caixa de jun\u00e7\u00e3o deve ser fechada e apertada com parafusos.<\/li>\n<\/ol>\n<p><img loading=\"lazy\" decoding=\"async\" class=\"alignnone size-full wp-image-3510\" src=\"http:\/\/mnwell.com\/wp-content\/uploads\/2023\/10\/\u5fae\u4fe1\u56fe\u7247_20231023223324.png\" alt=\"die cast aluminum junction box\" width=\"892\" height=\"892\" srcset=\"https:\/\/mnwell.com\/wp-content\/uploads\/2023\/10\/\u5fae\u4fe1\u56fe\u7247_20231023223324.png 892w, https:\/\/mnwell.com\/wp-content\/uploads\/2023\/10\/\u5fae\u4fe1\u56fe\u7247_20231023223324-150x150.png 150w, https:\/\/mnwell.com\/wp-content\/uploads\/2023\/10\/\u5fae\u4fe1\u56fe\u7247_20231023223324-768x768.png 768w, https:\/\/mnwell.com\/wp-content\/uploads\/2023\/10\/\u5fae\u4fe1\u56fe\u7247_20231023223324-12x12.png 12w, https:\/\/mnwell.com\/wp-content\/uploads\/2023\/10\/\u5fae\u4fe1\u56fe\u7247_20231023223324-300x300.png 300w, https:\/\/mnwell.com\/wp-content\/uploads\/2023\/10\/\u5fae\u4fe1\u56fe\u7247_20231023223324-600x600.png 600w, https:\/\/mnwell.com\/wp-content\/uploads\/2023\/10\/\u5fae\u4fe1\u56fe\u7247_20231023223324-100x100.png 100w\" sizes=\"(max-width: 892px) 100vw, 892px\" \/><\/p>\n<h4>Quais s\u00e3o as vantagens das caixas de deriva\u00e7\u00e3o em alum\u00ednio fundido?<\/h4>\n<p>As suas liga\u00e7\u00f5es el\u00e9ctricas est\u00e3o protegidas contra a corros\u00e3o, a deteriora\u00e7\u00e3o e o desgaste com as caixas de deriva\u00e7\u00e3o em alum\u00ednio fundido. \u00c9 perfeita para muitas utiliza\u00e7\u00f5es diferentes.<\/p>\n<ol>\n<li>Precis\u00e3o: As caixas de deriva\u00e7\u00e3o em alum\u00ednio fundido sob press\u00e3o s\u00e3o conhecidas pela sua excelente metodologia de fabrico e pela sua precis\u00e3o de produ\u00e7\u00e3o excecionalmente elevada. Isto torna-as perfeitas para equipamento el\u00e9trico de precis\u00e3o, uma vez que asseguram exatid\u00e3o e consist\u00eancia.<\/li>\n<li>A excelente efici\u00eancia energ\u00e9tica, tanto no fabrico como no funcionamento, \u00e9 proporcionada pelo alum\u00ednio fundido sob press\u00e3o. A sua grande condutividade t\u00e9rmica e a sua constru\u00e7\u00e3o leve ajudam a reduzir o consumo de energia. Como resultado, haver\u00e1 menos energia desperdi\u00e7ada, menos dinheiro gasto em energia e menos impacto ambiental.<\/li>\n<li>Fi\u00e1vel e seguro: As liga\u00e7\u00f5es el\u00e9ctricas s\u00e3o protegidas por caixas de jun\u00e7\u00e3o em alum\u00ednio fundido. O perigo de falha el\u00e9ctrica \u00e9 reduzido porque oferecem uma defesa fi\u00e1vel contra a humidade, a corros\u00e3o e a entrada de materiais estranhos.<\/li>\n<li>Vasta gama de aplica\u00e7\u00f5es: A distribui\u00e7\u00e3o de energia, os controlos industriais, as comunica\u00e7\u00f5es electr\u00f3nicas e os m\u00f3dulos solares s\u00e3o apenas algumas das muitas utiliza\u00e7\u00f5es das caixas de deriva\u00e7\u00e3o em alum\u00ednio fundido sob press\u00e3o. Podem acomodar os requisitos de muitos sectores, desde sistemas el\u00e9ctricos b\u00e1sicos de baixa tens\u00e3o a aparelhos electr\u00f3nicos sofisticados.<\/li>\n<li>Longa vida \u00fatil: Devido \u00e0 resist\u00eancia do alum\u00ednio fundido, as caixas de deriva\u00e7\u00e3o podem ser utilizadas durante longos per\u00edodos de tempo com menos manuten\u00e7\u00e3o e substitui\u00e7\u00e3o regulares. Isto resulta em custos de manuten\u00e7\u00e3o mais baixos e maior fiabilidade.<\/li>\n<li>Amigo do ambiente: O alum\u00ednio fundido sob press\u00e3o \u00e9 um material recicl\u00e1vel, reduzindo o desperd\u00edcio de recursos e os efeitos ambientais nocivos. Al\u00e9m disso, o seu processo de produ\u00e7\u00e3o produz normalmente menos emiss\u00f5es de carbono.<\/li>\n<li>Resist\u00eancia \u00e0 corros\u00e3o: O alum\u00ednio fundido sob press\u00e3o recebe um tratamento de superf\u00edcie \u00fanico que aumenta a sua resist\u00eancia \u00e0 corros\u00e3o e lhe permite manter o seu desempenho excecional em circunst\u00e2ncias clim\u00e1ticas dif\u00edceis. Para aplica\u00e7\u00f5es em locais exteriores ou h\u00famidos, isto \u00e9 crucial.<\/li>\n<li>As caixas de deriva\u00e7\u00e3o de alum\u00ednio fundido sob press\u00e3o s\u00e3o fornecidas numa variedade de tamanhos e formas para se adaptarem a v\u00e1rios requisitos de instala\u00e7\u00e3o. Pode descobrir o modelo adequado quer tenha uma pequena \u00e1rea ou uma enorme localiza\u00e7\u00e3o industrial.<\/li>\n<\/ol>\n<p>Em suma, os atributos de desempenho, fiabilidade, efici\u00eancia energ\u00e9tica ou sustentabilidade que fazem das caixas de deriva\u00e7\u00e3o em alum\u00ednio fundido sob press\u00e3o a melhor escolha para o sector el\u00e9trico e eletr\u00f3nico.<\/p>\n<p>&nbsp;<\/p>\n<h3>Como \u00e9 que escolho o tamanho certo para uma caixa de deriva\u00e7\u00e3o?<\/h3>\n<ol>\n<li>Escolha o tamanho correto com base no n\u00famero e tamanho dos cabos ou fios a acomodar. Certifique-se de que existe espa\u00e7o suficiente para uma instala\u00e7\u00e3o correta.<\/li>\n<li>Dependendo do tamanho da caixa el\u00e9ctrica, ter\u00e1 de ser seguido um conjunto diferente de crit\u00e9rios para dimensionar a caixa de deriva\u00e7\u00e3o se o tamanho da caixa for superior a 4 AWG; se o tamanho da caixa for inferior ou igual a 4 AWG, a tabela na NEC 314.16 pode ser utilizada para determinar o tamanho m\u00ednimo da caixa de deriva\u00e7\u00e3o.<\/li>\n<\/ol>\n<p>Al\u00e9m disso, as dimens\u00f5es das caixas de jun\u00e7\u00e3o variam de modelo para modelo, por exemplo, as caixas de jun\u00e7\u00e3o do modelo 86 s\u00e3o quadradas 86 x 86 e rectangulares 146 x 86; as caixas de jun\u00e7\u00e3o do modelo 120 s\u00e3o 74 x 120 e 120 x 1202.<\/p>\n<p>&nbsp;<\/p>\n<h3>Qual \u00e9 o grau de prote\u00e7\u00e3o IP das caixas de deriva\u00e7\u00e3o para exterior?<\/h3>\n<p>Para utiliza\u00e7\u00e3o no exterior, recomenda-se a utiliza\u00e7\u00e3o de uma caixa de deriva\u00e7\u00e3o com uma classifica\u00e7\u00e3o de prote\u00e7\u00e3o IP65 ou superior para evitar a entrada de p\u00f3 e \u00e1gua. Isto garante que as suas liga\u00e7\u00f5es permanecem seguras em todas as condi\u00e7\u00f5es climat\u00e9ricas.<\/p>\n<h3>Quais s\u00e3o as vantagens das caixas de deriva\u00e7\u00e3o em alum\u00ednio fundido em rela\u00e7\u00e3o a outros materiais?<\/h3>\n<p>O alum\u00ednio fundido sob press\u00e3o oferece uma durabilidade e resist\u00eancia \u00e0 corros\u00e3o superiores em compara\u00e7\u00e3o com materiais como o pl\u00e1stico. \u00c9 uma escolha fi\u00e1vel para aplica\u00e7\u00f5es exigentes com as seguintes vantagens:<\/p>\n<ul>\n<li>Boa dissipa\u00e7\u00e3o de calor: a liga de alum\u00ednio fundido tem melhor condutividade t\u00e9rmica, o que favorece a distribui\u00e7\u00e3o do calor gerado durante o funcionamento das caixas e arm\u00e1rios el\u00e9ctricos.<\/li>\n<li>Blindagem electromagn\u00e9tica: a caixa de jun\u00e7\u00e3o de alum\u00ednio fundido tem um melhor desempenho de blindagem electromagn\u00e9tica, o que pode evitar interfer\u00eancias electromagn\u00e9ticas.<\/li>\n<li>Anti-est\u00e1tica: a superf\u00edcie da caixa de jun\u00e7\u00e3o de alum\u00ednio fundido \u00e9 lisa, n\u00e3o \u00e9 f\u00e1cil de produzir eletricidade est\u00e1tica.<\/li>\n<li>Retardador de chama: a caixa de jun\u00e7\u00e3o de alum\u00ednio fundido tem um bom desempenho retardador de chama, o que pode evitar que a caixa el\u00e9ctrica e o arm\u00e1rio se incendeiem durante o funcionamento.<\/li>\n<li>F\u00e1cil de instalar: a caixa de jun\u00e7\u00e3o de alum\u00ednio fundido \u00e9 f\u00e1cil de instalar, conveniente para o pessoal da constru\u00e7\u00e3o operar.<\/li>\n<\/ul>\n<p><img loading=\"lazy\" decoding=\"async\" class=\"alignnone size-full wp-image-3246\" src=\"http:\/\/mnwell.com\/wp-content\/uploads\/2023\/09\/die-casting-parts-2.webp\" alt=\"die casting parts\" width=\"750\" height=\"500\" srcset=\"https:\/\/mnwell.com\/wp-content\/uploads\/2023\/09\/die-casting-parts-2.webp 750w, https:\/\/mnwell.com\/wp-content\/uploads\/2023\/09\/die-casting-parts-2-600x400.webp 600w\" sizes=\"(max-width: 750px) 100vw, 750px\" \/><\/p>\n<h3>Porqu\u00ea escolher-nos?<\/h3>\n<p>Ao personalizar a sua caixa de deriva\u00e7\u00e3o em alum\u00ednio fundido, em primeiro lugar, a sua durabilidade superior torna-a uma solu\u00e7\u00e3o fi\u00e1vel a longo prazo. Quer seja colocada em condi\u00e7\u00f5es climat\u00e9ricas adversas ou tenha de lidar com sistemas el\u00e9ctricos de alta tens\u00e3o, as nossas caixas de deriva\u00e7\u00e3o s\u00e3o constru\u00eddas para durar, reduzindo a frequ\u00eancia de manuten\u00e7\u00e3o e substitui\u00e7\u00e3o, poupando tempo e dinheiro.<\/p>\n<p>Em segundo lugar, a excelente resist\u00eancia \u00e0 \u00e1gua faz das nossas caixas de jun\u00e7\u00e3o personalizadas em alum\u00ednio fundido sob press\u00e3o a escolha preferida para ambientes exteriores e h\u00famidos. Quer se trate de chuva torrencial, esta\u00e7\u00f5es de neve ou climas h\u00famidos, garante que as suas liga\u00e7\u00f5es el\u00e9ctricas est\u00e3o sempre seguras e protegidas. Pode contar com ela para proteger os seus aparelhos electr\u00f3nicos da humidade e da corros\u00e3o.<\/p>\n<p>Por fim, a versatilidade \u00e9 uma das principais vantagens dos nossos produtos. Na Mindwell, n\u00e3o se trata apenas de distribui\u00e7\u00e3o de energia e controlo industrial, mas tamb\u00e9m de uma vasta gama de aplica\u00e7\u00f5es, tais como comunica\u00e7\u00f5es electr\u00f3nicas e pain\u00e9is solares. Independentemente da dimens\u00e3o ou da versatilidade do seu projeto, podemos satisfazer as suas necessidades personalizadas.<\/p>\n<p>Chegou o momento de escolher caixas de deriva\u00e7\u00e3o de alum\u00ednio fundido de alta qualidade e elevado desempenho que garantir\u00e3o que as suas liga\u00e7\u00f5es el\u00e9ctricas s\u00e3o seguras e fi\u00e1veis, prolongar\u00e3o a vida \u00fatil do seu equipamento, reduzir\u00e3o os custos de manuten\u00e7\u00e3o e, ao mesmo tempo, ser\u00e3o mais amigas do ambiente. Contacte-nos hoje mesmo.<\/p>","protected":false},"excerpt":{"rendered":"<p>Caixa de deriva\u00e7\u00e3o em alum\u00ednio fundido Especifica\u00e7\u00f5es:<\/p>\n<p>Material: Alum\u00ednio fundido sob press\u00e3o<br \/>\nTamanho: Personalizado<br \/>\nAcabamento: Revestimento e pintura a p\u00f3, anodiza\u00e7\u00e3o, etc.<br \/>\nClassifica\u00e7\u00e3o IP: IP65, IP66, IP67<br \/>\nCertifica\u00e7\u00e3o: ISO 9001:2015,CE<br \/>\nEmbalagem: Saco de bolhas<br \/>\nCor: Cor personalizada<br \/>\nOrigem: China<br \/>\nTemperatura de trabalho: -40\u2103 a 120\u2103;<br \/>\nAspeto da caixa: anti-interfer\u00eancia RF, f\u00e1cil de trabalhar<br \/>\nInstala\u00e7\u00e3o: o suporte de montagem externo permite que a caixa seja montada na parede ou no painel.<br \/>\nProte\u00e7\u00e3o: tira de veda\u00e7\u00e3o de silicone, bom desempenho de veda\u00e7\u00e3o, \u00e0 prova de \u00e1gua, \u00e0 prova de poeira, anti-corros\u00e3o<\/p>","protected":false},"featured_media":3510,"template":"","meta":{"om_disable_all_campaigns":false,"_monsterinsights_skip_tracking":false,"_monsterinsights_sitenote_active":false,"_monsterinsights_sitenote_note":"","_monsterinsights_sitenote_category":0,"_uf_show_specific_survey":0,"_uf_disable_surveys":false,"site-sidebar-layout":"default","site-content-layout":"default","ast-global-header-display":"","ast-banner-title-visibility":"","ast-main-header-display":"","ast-hfb-above-header-display":"","ast-hfb-below-header-display":"","ast-hfb-mobile-header-display":"","site-post-title":"","ast-breadcrumbs-content":"","ast-featured-img":"","footer-sml-layout":"","theme-transparent-header-meta":"default","adv-header-id-meta":"","stick-header-meta":"","header-above-stick-meta":"","header-main-stick-meta":"","header-below-stick-meta":""},"product_cat":[18],"product_tag":[358,355,356,353,352,350,357,351,354],"aioseo_notices":[],"_links":{"self":[{"href":"https:\/\/mnwell.com\/pt\/wp-json\/wp\/v2\/product\/3509"}],"collection":[{"href":"https:\/\/mnwell.com\/pt\/wp-json\/wp\/v2\/product"}],"about":[{"href":"https:\/\/mnwell.com\/pt\/wp-json\/wp\/v2\/types\/product"}],"wp:featuredmedia":[{"embeddable":true,"href":"https:\/\/mnwell.com\/pt\/wp-json\/wp\/v2\/media\/3510"}],"wp:attachment":[{"href":"https:\/\/mnwell.com\/pt\/wp-json\/wp\/v2\/media?parent=3509"}],"wp:term":[{"taxonomy":"product_cat","embeddable":true,"href":"https:\/\/mnwell.com\/pt\/wp-json\/wp\/v2\/product_cat?post=3509"},{"taxonomy":"product_tag","embeddable":true,"href":"https:\/\/mnwell.com\/pt\/wp-json\/wp\/v2\/product_tag?post=3509"}],"curies":[{"name":"wp","href":"https:\/\/api.w.org\/{rel}","templated":true}]}}