{"id":3638,"date":"2023-11-26T15:04:45","date_gmt":"2023-11-26T14:04:45","guid":{"rendered":"https:\/\/mnwell.com\/?post_type=product&#038;p=3638"},"modified":"2023-11-26T15:04:49","modified_gmt":"2023-11-26T14:04:49","slug":"aluminum-electronic-enclosures","status":"publish","type":"product","link":"https:\/\/mnwell.com\/pt\/produto\/aluminum-electronic-enclosures\/","title":{"rendered":"caixas electr\u00f3nicas de alum\u00ednio"},"content":{"rendered":"<p>O principal objetivo do <strong>caixa eletr\u00f3nica de alum\u00ednio<\/strong>A caixa eletr\u00f3nica de alum\u00ednio, uma parte essencial do aparelho, destina-se a proteger os componentes electr\u00f3nicos internos e a garantir um desempenho m\u00e1ximo. O que se segue demonstra a import\u00e2ncia das caixas electr\u00f3nicas de alum\u00ednio na manuten\u00e7\u00e3o do m\u00e1ximo funcionamento e na prote\u00e7\u00e3o dos componentes electr\u00f3nicos:<\/p>\n<ul>\n<li>Uma caixa eletr\u00f3nica feita de alum\u00ednio \u00e9 uma forma eficaz de proteger os componentes electr\u00f3nicos internos do mundo exterior. A vida \u00fatil do dispositivo \u00e9 prolongada, uma vez que a caixa protege os componentes electr\u00f3nicos dos danos causados pela humidade, poeira, produtos qu\u00edmicos, etc.<\/li>\n<li>Assegurar um desempenho \u00f3timo: As caixas electr\u00f3nicas de alum\u00ednio possuem frequentemente qualidades excepcionais de condutividade t\u00e9rmica, permitindo uma dissipa\u00e7\u00e3o eficiente do calor produzido pelos componentes electr\u00f3nicos e evitando danos nos componentes relacionados com o sobreaquecimento. As caixas electr\u00f3nicas de alum\u00ednio podem tamb\u00e9m proteger o equipamento contra interfer\u00eancias de radiofrequ\u00eancia (RFI) e electromagn\u00e9ticas (EMI), permitindo-lhe funcionar normalmente em condi\u00e7\u00f5es electromagn\u00e9ticas dif\u00edceis.<\/li>\n<li>Aumento da seguran\u00e7a dos dispositivos: Os inv\u00f3lucros electr\u00f3nicos feitos de alum\u00ednio podem ajudar a aumentar a seguran\u00e7a dos dispositivos. O inv\u00f3lucro, por exemplo, pode impedir o contacto involunt\u00e1rio ou a instala\u00e7\u00e3o de liga\u00e7\u00f5es incorrectas, reduzindo a possibilidade de danos nas pessoas ou no equipamento.<\/li>\n<li>Aumento da fiabilidade dos dispositivos: As caixas electr\u00f3nicas feitas de alum\u00ednio podem aumentar a fiabilidade do dispositivo. O inv\u00f3lucro reduz a frequ\u00eancia das falhas e da manuten\u00e7\u00e3o do equipamento, aumentando a sua durabilidade ao proteger os componentes electr\u00f3nicos internos do ambiente exterior.<\/li>\n<\/ul>\n<p>Em suma, as caixas electr\u00f3nicas de alum\u00ednio s\u00e3o cruciais para manter o m\u00e1ximo funcionamento e salvaguardar os componentes electr\u00f3nicos. Aumentam a seguran\u00e7a e a fiabilidade do equipamento e garantem o seu funcionamento normal em condi\u00e7\u00f5es complicadas, para al\u00e9m de evitarem danos ambientais exteriores nos componentes internos.<\/p>\n<p><img loading=\"lazy\" decoding=\"async\" class=\"alignnone size-full wp-image-3643\" src=\"http:\/\/mnwell.com\/wp-content\/uploads\/2023\/11\/IMG_20231021_121020.jpg\" alt=\"\taluminium electronic enclosures\" width=\"800\" height=\"800\" srcset=\"https:\/\/mnwell.com\/wp-content\/uploads\/2023\/11\/IMG_20231021_121020.jpg 800w, https:\/\/mnwell.com\/wp-content\/uploads\/2023\/11\/IMG_20231021_121020-150x150.jpg 150w, https:\/\/mnwell.com\/wp-content\/uploads\/2023\/11\/IMG_20231021_121020-768x768.jpg 768w, https:\/\/mnwell.com\/wp-content\/uploads\/2023\/11\/IMG_20231021_121020-12x12.jpg 12w, https:\/\/mnwell.com\/wp-content\/uploads\/2023\/11\/IMG_20231021_121020-300x300.jpg 300w, https:\/\/mnwell.com\/wp-content\/uploads\/2023\/11\/IMG_20231021_121020-600x600.jpg 600w, https:\/\/mnwell.com\/wp-content\/uploads\/2023\/11\/IMG_20231021_121020-100x100.jpg 100w\" sizes=\"(max-width: 800px) 100vw, 800px\" \/><\/p>\n<p>&nbsp;<\/p>\n<h3>Principais carater\u00edsticas<\/h3>\n<p>&nbsp;<\/p>\n<h4>Qualidade do material<\/h4>\n<p>As ligas de alum\u00ednio de alta qualidade s\u00e3o essenciais para a produ\u00e7\u00e3o de caixas electr\u00f3nicas de alum\u00ednio porque proporcionam uma durabilidade superior, resist\u00eancia \u00e0 corros\u00e3o e uma dissipa\u00e7\u00e3o de calor eficaz. O que se segue justifica a utiliza\u00e7\u00e3o de ligas de alum\u00ednio de qualidade superior em caixas electr\u00f3nicas de alum\u00ednio:<\/p>\n<ol>\n<li>Durabilidade: Os inv\u00f3lucros electr\u00f3nicos de alum\u00ednio s\u00e3o capazes de suportar os esfor\u00e7os f\u00edsicos e mec\u00e2nicos da utiliza\u00e7\u00e3o regular, porque as ligas de alum\u00ednio de alta qualidade possuem frequentemente qualidades mec\u00e2nicas excepcionais, tais como elevada resist\u00eancia e dureza. A vida \u00fatil da caixa \u00e9 garantida pela resist\u00eancia da liga aos elementos ambientais, incluindo humidade, poeira e produtos qu\u00edmicos.<\/li>\n<li>Resist\u00eancia \u00e0 corros\u00e3o: Certas concentra\u00e7\u00f5es de cobre e outros elementos de liga s\u00e3o frequentemente inclu\u00eddos em ligas de alum\u00ednio avan\u00e7adas, o que pode aumentar a resist\u00eancia da liga \u00e0 corros\u00e3o. Isto implica que as caixas electr\u00f3nicas de alum\u00ednio t\u00eam uma maior capacidade de resistir \u00e0 corros\u00e3o durante o funcionamento, garantindo a funcionalidade a longo prazo do dispositivo e o seu aspeto est\u00e9tico.<\/li>\n<li>Dissipa\u00e7\u00e3o de calor eficaz: O calor produzido pelos componentes electr\u00f3nicos pode ser dissipado eficazmente devido \u00e0 excecional condutividade t\u00e9rmica da liga de alum\u00ednio avan\u00e7ada. Isto garante que o gadget funciona no seu melhor, ajudando a evitar o sobreaquecimento e protegendo os seus componentes el\u00e9ctricos de danos provocados por temperaturas excessivas.<br \/>\nPara al\u00e9m das vantagens acima mencionadas, as ligas de alum\u00ednio de qualidade superior tamb\u00e9m possuem a facilidade de processamento e fabrico, tornando o design e o fabrico de caixas mais expedito e eficaz. Al\u00e9m disso, a sustentabilidade e a prote\u00e7\u00e3o ambiental das ligas de alum\u00ednio s\u00e3o incompar\u00e1veis com outros materiais, tornando a utiliza\u00e7\u00e3o de ligas de alum\u00ednio uma escolha respons\u00e1vel e amiga do ambiente.<\/li>\n<\/ol>\n<p><img loading=\"lazy\" decoding=\"async\" class=\"alignnone wp-image-3641 size-full\" src=\"http:\/\/mnwell.com\/wp-content\/uploads\/2023\/11\/IMG_20231021_120937.jpg\" alt=\"aluminum enclosure for electronics\" width=\"800\" height=\"800\" srcset=\"https:\/\/mnwell.com\/wp-content\/uploads\/2023\/11\/IMG_20231021_120937.jpg 800w, https:\/\/mnwell.com\/wp-content\/uploads\/2023\/11\/IMG_20231021_120937-150x150.jpg 150w, https:\/\/mnwell.com\/wp-content\/uploads\/2023\/11\/IMG_20231021_120937-768x768.jpg 768w, https:\/\/mnwell.com\/wp-content\/uploads\/2023\/11\/IMG_20231021_120937-12x12.jpg 12w, https:\/\/mnwell.com\/wp-content\/uploads\/2023\/11\/IMG_20231021_120937-300x300.jpg 300w, https:\/\/mnwell.com\/wp-content\/uploads\/2023\/11\/IMG_20231021_120937-600x600.jpg 600w, https:\/\/mnwell.com\/wp-content\/uploads\/2023\/11\/IMG_20231021_120937-100x100.jpg 100w\" sizes=\"(max-width: 800px) 100vw, 800px\" \/><\/p>\n<h4>Conce\u00e7\u00e3o de precis\u00e3o<\/h4>\n<p>A produ\u00e7\u00e3o de caixas electr\u00f3nicas de alum\u00ednio requer um design de precis\u00e3o, que \u00e9 poss\u00edvel gra\u00e7as \u00e0 tecnologia CAD de ponta e que real\u00e7a a precis\u00e3o e os pormenores do design. Isto demonstra a import\u00e2ncia de um design preciso para os arm\u00e1rios electr\u00f3nicos de alum\u00ednio.<\/p>\n<ol>\n<li>Encaixe exato: Para garantir um encaixe preciso dos componentes electr\u00f3nicos, os designers podem conceber com precis\u00e3o o tamanho e a forma dos inv\u00f3lucros electr\u00f3nicos de alum\u00ednio utilizando tecnologia CAD de ponta. Isto aumenta a seguran\u00e7a e a fiabilidade dos dispositivos, ao mesmo tempo que reduz as interfer\u00eancias de sinal.<\/li>\n<li>Minimizar a interfer\u00eancia do sinal: A interfer\u00eancia do sinal da caixa eletr\u00f3nica de alum\u00ednio pode ser minimizada com sucesso atrav\u00e9s de um design cuidadoso. Assim, a interfer\u00eancia do sinal pode ser reduzida ao m\u00ednimo, regulando cuidadosamente o tamanho, a forma e a disposi\u00e7\u00e3o interior da caixa.<\/li>\n<li>Efici\u00eancia de dissipa\u00e7\u00e3o de calor melhorada: As capacidades de dissipa\u00e7\u00e3o de calor das caixas electr\u00f3nicas de alum\u00ednio podem ser maximizadas atrav\u00e9s de um design cuidadoso. Por exemplo, para melhorar a efici\u00eancia da dissipa\u00e7\u00e3o de calor e evitar o sobreaquecimento do equipamento, os designers podem planear com precis\u00e3o a posi\u00e7\u00e3o e o tamanho dos orif\u00edcios de dissipa\u00e7\u00e3o de calor.<\/li>\n<li>Est\u00e9tica melhorada: As caixas electr\u00f3nicas de alum\u00ednio tamb\u00e9m podem ter o seu aspeto melhorado atrav\u00e9s de um design de precis\u00e3o. Pode dar \u00e0 caixa uma apar\u00eancia mais refinada e complexa, ajustando cuidadosamente o seu tamanho, forma e carater\u00edsticas.<\/li>\n<li>Aumentar a efici\u00eancia do fabrico: O design de precis\u00e3o possibilitado pela tecnologia CAD de ponta pode ajudar a aumentar a produ\u00e7\u00e3o. Isto porque os designers podem reduzir o n\u00famero de ensaios e ajustes e encurtar o ciclo de produ\u00e7\u00e3o, simulando e testando os projectos em computadores.<\/li>\n<\/ol>\n<p>Em suma, o design de precis\u00e3o desempenha um papel extremamente importante no fabrico de caixas electr\u00f3nicas de alum\u00ednio. \u00c9 poss\u00edvel obter um ajuste de alta precis\u00e3o, minimizar a interfer\u00eancia de sinais, maximizar o desempenho da dissipa\u00e7\u00e3o de calor, melhorar a est\u00e9tica e aumentar a efici\u00eancia do fabrico com a utiliza\u00e7\u00e3o de tecnologia CAD sofisticada e um controlo exato do design. Isto melhora a efici\u00eancia e a conveni\u00eancia do processo de fabrico, garantindo simultaneamente o melhor desempenho e fiabilidade do equipamento.<\/p>\n<h3>Especifica\u00e7\u00f5es t\u00e9cnicas da caixa eletr\u00f3nica de alum\u00ednio<\/h3>\n<p>&nbsp;<\/p>\n<h4>A. Dimens\u00f5es e especifica\u00e7\u00f5es<\/h4>\n<p>Fornecemos servi\u00e7os de dimensionamento personalizado para corresponder \u00e0s necessidades \u00fanicas dos nossos clientes, a fim de cumprir os requisitos de diferentes dispositivos e aplica\u00e7\u00f5es electr\u00f3nicas.<\/p>\n<h4>B. Op\u00e7\u00f5es para o tratamento de superf\u00edcie<\/h4>\n<p>Para melhorar o aspeto e o n\u00edvel de prote\u00e7\u00e3o das caixas electr\u00f3nicas de alum\u00ednio, oferecemos uma gama de op\u00e7\u00f5es de tratamento de superf\u00edcie:<\/p>\n<ol>\n<li>Anodiza\u00e7\u00e3o: Este processo confere \u00e0 caixa uma superf\u00edcie robusta e resistente ao desgaste e permite uma vasta gama de cores.<\/li>\n<li>Revestimento em p\u00f3: Oferece aos consumidores uma gama de op\u00e7\u00f5es de cor e textura que melhoram o aspeto da caixa e acrescentam um grau adicional de seguran\u00e7a.<\/li>\n<li>Revestimento de convers\u00e3o qu\u00edmica: Refor\u00e7a a resist\u00eancia do inv\u00f3lucro \u00e0 abras\u00e3o e \u00e0 corros\u00e3o, adicionando uma camada protetora transparente.<\/li>\n<\/ol>\n<h4>C. Possibilidades de instala\u00e7\u00e3o<\/h4>\n<p>Fornecemos as seguintes alternativas de instala\u00e7\u00e3o para acomodar v\u00e1rias necessidades de instala\u00e7\u00e3o:<\/p>\n<ul>\n<li>Instala\u00e7\u00e3o na parede: A parte de tr\u00e1s da caixa tem orif\u00edcios de suspens\u00e3o que facilitam a fixa\u00e7\u00e3o na parede.<\/li>\n<li>Montagem em rack: Fornecemos uma op\u00e7\u00e3o de montagem em bastidor de 19 polegadas que se adapta a bastidores comuns.<\/li>\n<li>Configura\u00e7\u00f5es personalizadas: Para garantir que a caixa e o equipamento se adaptam com precis\u00e3o, fornecemos solu\u00e7\u00f5es de instala\u00e7\u00e3o personalizadas para clientes com requisitos de instala\u00e7\u00e3o \u00fanicos.<\/li>\n<\/ul>\n<p>Os crit\u00e9rios t\u00e9cnicos acima mencionados destinam-se a oferecer a maior flexibilidade e adaptabilidade poss\u00edvel, satisfazendo simultaneamente os requisitos de diversos dispositivos electr\u00f3nicos e aplica\u00e7\u00f5es. N\u00e3o hesite em entrar em contacto connosco se tiver mais pedidos ou quest\u00f5es espec\u00edficas.<\/p>\n<p>&nbsp;<\/p>\n<h3>Aplica\u00e7\u00e3o no sector<\/h3>\n<p>&nbsp;<\/p>\n<h4>A. Comunica\u00e7\u00f5es e eletr\u00f3nica<\/h4>\n<p>As caixas electr\u00f3nicas de alum\u00ednio personalizadas podem ser fabricadas por encomenda para aplica\u00e7\u00f5es em eletr\u00f3nica e telecomunica\u00e7\u00f5es, a fim de garantir uma vida \u00fatil e um desempenho \u00f3timo. Estas aplica\u00e7\u00f5es requerem frequentemente caixas extremamente fi\u00e1veis e eficazes para proteger os componentes electr\u00f3nicos no seu interior; assim, as nossas caixas por medida podem ser criadas de acordo com especifica\u00e7\u00f5es exactas para satisfazer as seguintes necessidades:<\/p>\n<ul>\n<li>Confiabilidade: As nossas caixas oferecem uma durabilidade e resist\u00eancia \u00e0 corros\u00e3o excepcionais devido \u00e0 utiliza\u00e7\u00e3o de ligas de alum\u00ednio de primeira qualidade e t\u00e9cnicas de produ\u00e7\u00e3o de alta precis\u00e3o. Isto permite-lhes funcionar de forma fi\u00e1vel durante longos per\u00edodos de tempo numa s\u00e9rie de situa\u00e7\u00f5es.<\/li>\n<li>Transmiss\u00e3o de sinais: Os requisitos de transmiss\u00e3o de sinal s\u00e3o tidos em considera\u00e7\u00e3o na nossa conce\u00e7\u00e3o da estrutura. Podemos garantir o melhor efeito de transmiss\u00e3o do sinal e diminuir a distor\u00e7\u00e3o e a interfer\u00eancia atrav\u00e9s do planeamento cuidadoso da coloca\u00e7\u00e3o dos orif\u00edcios e da disposi\u00e7\u00e3o das linhas.<\/li>\n<li>Desempenho t\u00e9rmico: Conseguimos dispersar eficazmente o calor e garantir que os componentes electr\u00f3nicos n\u00e3o sobreaquecem, preservando o desempenho ideal e prolongando a vida \u00fatil, melhorando a conce\u00e7\u00e3o da dissipa\u00e7\u00e3o de calor da caixa.<\/li>\n<li>Prote\u00e7\u00e3o de seguran\u00e7a: Para evitar danos involunt\u00e1rios nos componentes el\u00e9ctricos, as nossas caixas tamb\u00e9m incluem carater\u00edsticas de prote\u00e7\u00e3o de seguran\u00e7a, incluindo prote\u00e7\u00e3o contra sobrecarga e curto-circuito.<\/li>\n<\/ul>\n<p>Com as carater\u00edsticas acima mencionadas, as nossas caixas electr\u00f3nicas de alum\u00ednio podem garantir um funcionamento est\u00e1vel e uma longa vida \u00fatil do equipamento, tornando-as indispens\u00e1veis em aplica\u00e7\u00f5es de eletr\u00f3nica e telecomunica\u00e7\u00f5es.<\/p>\n<p><img loading=\"lazy\" decoding=\"async\" class=\"alignnone wp-image-3644 size-full\" src=\"http:\/\/mnwell.com\/wp-content\/uploads\/2023\/11\/AYU9541.webp\" alt=\"Custom aluminum electronic enclosures\" width=\"800\" height=\"800\" srcset=\"https:\/\/mnwell.com\/wp-content\/uploads\/2023\/11\/AYU9541.webp 800w, https:\/\/mnwell.com\/wp-content\/uploads\/2023\/11\/AYU9541-150x150.webp 150w, https:\/\/mnwell.com\/wp-content\/uploads\/2023\/11\/AYU9541-768x768.webp 768w, https:\/\/mnwell.com\/wp-content\/uploads\/2023\/11\/AYU9541-12x12.webp 12w, https:\/\/mnwell.com\/wp-content\/uploads\/2023\/11\/AYU9541-300x300.webp 300w, https:\/\/mnwell.com\/wp-content\/uploads\/2023\/11\/AYU9541-600x600.webp 600w, https:\/\/mnwell.com\/wp-content\/uploads\/2023\/11\/AYU9541-100x100.webp 100w\" sizes=\"(max-width: 800px) 100vw, 800px\" \/><\/p>\n<h4>B. Industrial control system<\/h4>\n<p>The dependability and security of delicate electronic components are essential in industrial control systems. These components are shielded by our aluminum electronic enclosures, which contributes to an overall boost in system dependability. Several application characteristics of our enclosures in industrial control systems include the following:<\/p>\n<ol>\n<li>Dustproof and Waterproof: To prevent damage to the electrical components within in tough industrial conditions, our housings have exceptional dustproof and waterproof performance.<\/li>\n<li>Resistance to shock and vibration: To mitigate the effects of external mechanical stress on internal components, the shell design incorporates anti-fatigue design and strengthened ribs to account for shock and vibration in the industrial environment.<\/li>\n<li>EMC\/EMI protection: We are able to offer exceptional electromagnetic compatibility and electromagnetic interference protection to guarantee the steady operation of industrial control systems through unique housing design and material choices.<\/li>\n<li>Simple integration: Standard interface and layout choices are provided by our housings, which are made with the demands of installation and integration in mind. This makes integrating them with industrial control systems a breeze.<\/li>\n<\/ol>\n<p>Our aluminum electronic enclosures may enhance the stability and safety of industrial control systems while offering dependable protection thanks to the aforementioned features.<\/p>\n<p><img loading=\"lazy\" decoding=\"async\" class=\"alignnone size-full wp-image-3645\" src=\"http:\/\/mnwell.com\/wp-content\/uploads\/2023\/11\/AYU9537.webp\" alt=\"Industrial control system\" width=\"800\" height=\"800\" srcset=\"https:\/\/mnwell.com\/wp-content\/uploads\/2023\/11\/AYU9537.webp 800w, https:\/\/mnwell.com\/wp-content\/uploads\/2023\/11\/AYU9537-150x150.webp 150w, https:\/\/mnwell.com\/wp-content\/uploads\/2023\/11\/AYU9537-768x768.webp 768w, https:\/\/mnwell.com\/wp-content\/uploads\/2023\/11\/AYU9537-12x12.webp 12w, https:\/\/mnwell.com\/wp-content\/uploads\/2023\/11\/AYU9537-300x300.webp 300w, https:\/\/mnwell.com\/wp-content\/uploads\/2023\/11\/AYU9537-600x600.webp 600w, https:\/\/mnwell.com\/wp-content\/uploads\/2023\/11\/AYU9537-100x100.webp 100w\" sizes=\"(max-width: 800px) 100vw, 800px\" \/><\/p>\n<p>&nbsp;<\/p>\n<h4>C. Renewable energy systems<\/h4>\n<p>Aluminum electronic enclosures may be very important for safeguarding the electronic components in renewable energy systems, such wind energy and solar inverters. A few characteristics of our enclosures in various applications are as follows:<\/p>\n<ul>\n<li>Weather Resistance: Our casing is constructed from premium aluminum alloy material, which has exceptional resistance to weather, corrosion, and harsh conditions. It can operate dependably outside for extended periods of time while fending off the effects of UV light and damp conditions.<\/li>\n<li>Resistance to harsh weather: Our enclosures are made to endure the effects of extreme weather, including storms, hail, and high temperatures, because renewable energy systems are frequently deployed in outdoor areas.<\/li>\n<li>Lightning protection: Another aspect of our cases is lightning protection, which successfully guards against lightning damage to the electronic components within.<\/li>\n<li>Optimize heat dissipation: Heat dissipation is a crucial component of renewable energy systems. In order to efficiently disperse heat and sustain peak performance, we optimize thermal design and material choices in our cases, created with this need in mind.<\/li>\n<\/ul>\n<p>Our aluminum electronic enclosures may contribute significantly to renewable energy systems by guaranteeing system stability and dependability, thanks to the aforementioned features.<\/p>\n<p><img loading=\"lazy\" decoding=\"async\" class=\"alignnone wp-image-3642 size-full\" src=\"http:\/\/mnwell.com\/wp-content\/uploads\/2023\/11\/IMG_20231021_121314.jpg\" alt=\"electronic enclosures aluminum\" width=\"800\" height=\"800\" srcset=\"https:\/\/mnwell.com\/wp-content\/uploads\/2023\/11\/IMG_20231021_121314.jpg 800w, https:\/\/mnwell.com\/wp-content\/uploads\/2023\/11\/IMG_20231021_121314-150x150.jpg 150w, https:\/\/mnwell.com\/wp-content\/uploads\/2023\/11\/IMG_20231021_121314-768x768.jpg 768w, https:\/\/mnwell.com\/wp-content\/uploads\/2023\/11\/IMG_20231021_121314-12x12.jpg 12w, https:\/\/mnwell.com\/wp-content\/uploads\/2023\/11\/IMG_20231021_121314-300x300.jpg 300w, https:\/\/mnwell.com\/wp-content\/uploads\/2023\/11\/IMG_20231021_121314-600x600.jpg 600w, https:\/\/mnwell.com\/wp-content\/uploads\/2023\/11\/IMG_20231021_121314-100x100.jpg 100w\" sizes=\"(max-width: 800px) 100vw, 800px\" \/><\/p>\n<h3>Industry Standard<\/h3>\n<p>To guarantee that user products fulfill the essential criteria, we closely adhere to pertinent industry standards during the design and manufacture processes of aluminum electronic enclosures. These standards cover a wide range of topics, including the enclosure&#8217;s material, size, surface treatment, and installation techniques. We guarantee that consumers obtain an enclosure that provides the following advantages by adhering to certain industry standards:<\/p>\n<ul>\n<li>Versatility and interchangeability: Our shells are universal and convertible with other components, as per industry standards, which facilitates easy integration and replacement by users.<\/li>\n<li>Quality and Dependability: Enclosures must meet strict industry standards for both quality and dependability. By adhering to these guidelines, we guarantee the exceptional quality and enduring dependability of our enclosures.<\/li>\n<li>Safety and compatibility: Industry requirements also cover how well housings work with other electrical equipment. These considerations go into the design of our cases, which guarantee device compatibility and offer essential safety and security features.<\/li>\n<\/ul>\n<p>Our primary industrial standards comprise, but are not restricted to:<\/p>\n<ol>\n<li>Base Performance Standard for Medical Equipment Safety, IEC 60601<\/li>\n<li>Electronic Assembly Acceptance Conditions, or IPC-A-610<\/li>\n<li>The National Electrical Manufacturers Association&#8217;s (NEMA) enclosure ratings<\/li>\n<li>The Underwriters Laboratories (UL) certification<\/li>\n<\/ol>\n<h3>em conclus\u00e3o<\/h3>\n<p>Because of their dependability, longevity, and good looks, aluminum electronic enclosures are extensively used in a variety of sectors, such as industrial controls, electronics and telecommunications, and renewable energy. Our aluminum electronic enclosures are designed with precision to ensure endurance and the best performance through the use of premium aluminum alloy materials and careful engineering. Our enclosures offer dependable protection, whether used in outdoor renewable energy installations or tough industrial settings. To further improve their quality and safety, our cases have been certified many times and adhere to pertinent industry requirements.<\/p>\n<p>Our bespoke aluminum electronics enclosure services are perfect for you if you&#8217;re searching for a high-performance, high-reliability electronics enclosure. We are dedicated to offering you top-notch goods and services that will enable your electronic devices to operate at their best in a range of conditions. Get in touch with us right now to discover more about our offerings and to take advantage of aluminum electronic enclosures&#8217; advantages!<\/p>\n<p>&nbsp;<\/p>","protected":false},"excerpt":{"rendered":"<p>O principal objetivo da caixa eletr\u00f3nica de alum\u00ednio, uma parte essencial do aparelho, \u00e9 proteger os componentes electr\u00f3nicos internos e garantir um desempenho m\u00e1ximo. O que se segue demonstra a import\u00e2ncia das caixas electr\u00f3nicas de alum\u00ednio na manuten\u00e7\u00e3o do m\u00e1ximo funcionamento e na prote\u00e7\u00e3o dos componentes electr\u00f3nicos:<\/p>\n<ul>\n<li>Uma caixa eletr\u00f3nica feita de alum\u00ednio \u00e9 uma forma eficaz de proteger os componentes electr\u00f3nicos internos do mundo exterior. A vida \u00fatil do dispositivo \u00e9 prolongada, uma vez que a caixa protege os componentes electr\u00f3nicos dos danos causados pela humidade, poeira, produtos qu\u00edmicos, etc.<\/li>\n<li>Assegurar um desempenho \u00f3timo: As caixas electr\u00f3nicas de alum\u00ednio possuem frequentemente qualidades excepcionais de condutividade t\u00e9rmica, permitindo uma dissipa\u00e7\u00e3o eficiente do calor produzido pelos componentes electr\u00f3nicos e evitando danos nos componentes relacionados com o sobreaquecimento. As caixas electr\u00f3nicas de alum\u00ednio podem tamb\u00e9m proteger o equipamento contra interfer\u00eancias de radiofrequ\u00eancia (RFI) e electromagn\u00e9ticas (EMI), permitindo-lhe funcionar normalmente em condi\u00e7\u00f5es electromagn\u00e9ticas dif\u00edceis.<\/li>\n<li>Aumento da seguran\u00e7a dos dispositivos: Os inv\u00f3lucros electr\u00f3nicos feitos de alum\u00ednio podem ajudar a aumentar a seguran\u00e7a dos dispositivos. O inv\u00f3lucro, por exemplo, pode impedir o contacto involunt\u00e1rio ou a instala\u00e7\u00e3o de liga\u00e7\u00f5es incorrectas, reduzindo a possibilidade de danos nas pessoas ou no equipamento.<\/li>\n<li>Aumento da fiabilidade dos dispositivos: As caixas electr\u00f3nicas feitas de alum\u00ednio podem aumentar a fiabilidade do dispositivo. O inv\u00f3lucro reduz a frequ\u00eancia das falhas e da manuten\u00e7\u00e3o do equipamento, aumentando a sua durabilidade ao proteger os componentes electr\u00f3nicos internos do ambiente exterior.<\/li>\n<\/ul>\n<p>Em suma, as caixas electr\u00f3nicas de alum\u00ednio s\u00e3o cruciais para manter o m\u00e1ximo funcionamento e salvaguardar os componentes electr\u00f3nicos. Aumentam a seguran\u00e7a e a fiabilidade do equipamento e garantem o seu funcionamento normal em condi\u00e7\u00f5es complicadas, para al\u00e9m de evitarem danos ambientais exteriores nos componentes internos.<\/p>\n<p>&nbsp;<\/p>","protected":false},"featured_media":3639,"template":"","meta":{"om_disable_all_campaigns":false,"_monsterinsights_skip_tracking":false,"_monsterinsights_sitenote_active":false,"_monsterinsights_sitenote_note":"","_monsterinsights_sitenote_category":0,"_uf_show_specific_survey":0,"_uf_disable_surveys":false,"site-sidebar-layout":"default","site-content-layout":"default","ast-global-header-display":"","ast-banner-title-visibility":"","ast-main-header-display":"","ast-hfb-above-header-display":"","ast-hfb-below-header-display":"","ast-hfb-mobile-header-display":"","site-post-title":"","ast-breadcrumbs-content":"","ast-featured-img":"","footer-sml-layout":"","theme-transparent-header-meta":"default","adv-header-id-meta":"","stick-header-meta":"","header-above-stick-meta":"","header-main-stick-meta":"","header-below-stick-meta":""},"product_cat":[18],"product_tag":[404,50,402,403],"aioseo_notices":[],"_links":{"self":[{"href":"https:\/\/mnwell.com\/pt\/wp-json\/wp\/v2\/product\/3638"}],"collection":[{"href":"https:\/\/mnwell.com\/pt\/wp-json\/wp\/v2\/product"}],"about":[{"href":"https:\/\/mnwell.com\/pt\/wp-json\/wp\/v2\/types\/product"}],"wp:featuredmedia":[{"embeddable":true,"href":"https:\/\/mnwell.com\/pt\/wp-json\/wp\/v2\/media\/3639"}],"wp:attachment":[{"href":"https:\/\/mnwell.com\/pt\/wp-json\/wp\/v2\/media?parent=3638"}],"wp:term":[{"taxonomy":"product_cat","embeddable":true,"href":"https:\/\/mnwell.com\/pt\/wp-json\/wp\/v2\/product_cat?post=3638"},{"taxonomy":"product_tag","embeddable":true,"href":"https:\/\/mnwell.com\/pt\/wp-json\/wp\/v2\/product_tag?post=3638"}],"curies":[{"name":"wp","href":"https:\/\/api.w.org\/{rel}","templated":true}]}}