{"id":3861,"date":"2023-12-20T16:11:28","date_gmt":"2023-12-20T15:11:28","guid":{"rendered":"https:\/\/mnwell.com\/?post_type=product&#038;p=3861"},"modified":"2023-12-20T16:13:11","modified_gmt":"2023-12-20T15:13:11","slug":"high-pressure-die-casting-aluminum-alloys","status":"publish","type":"product","link":"https:\/\/mnwell.com\/pt\/produto\/high-pressure-die-casting-aluminum-alloys\/","title":{"rendered":"Ligas de alum\u00ednio para fundi\u00e7\u00e3o injectada a alta press\u00e3o"},"content":{"rendered":"<p>A fundi\u00e7\u00e3o injectada a alta press\u00e3o \u00e9 um processo de fabrico muito utilizado para produzir componentes de alum\u00ednio complexos e intrincados. Este processo envolve a inje\u00e7\u00e3o de alum\u00ednio fundido num molde de a\u00e7o sob alta press\u00e3o, resultando na produ\u00e7\u00e3o de ligas de alum\u00ednio de alta qualidade. As ligas de alum\u00ednio de fundi\u00e7\u00e3o injetada sob alta press\u00e3o oferecem in\u00fameras vantagens, tornando-as uma escolha ideal para v\u00e1rias ind\u00fastrias.<\/p>\n<table>\n<tbody>\n<tr>\n<td>Material<\/td>\n<td>Liga de alum\u00ednio<\/td>\n<\/tr>\n<tr>\n<td>Certificado<\/td>\n<td>IATF 16949:2016<\/td>\n<\/tr>\n<tr>\n<td><a href=\"https:\/\/mnwell.com\/pt\/surface-treatment\/\">Tratamento de superf\u00edcie<\/a><\/td>\n<td>de acordo com as necessidades do cliente<\/td>\n<\/tr>\n<tr>\n<td>Vantagem<\/td>\n<td>Cota\u00e7\u00e3o r\u00e1pida, pre\u00e7o adequado, qualidade garantida<\/td>\n<\/tr>\n<tr>\n<td>Qualidade<\/td>\n<td>100% inspe\u00e7\u00e3o antes da entrega<\/td>\n<\/tr>\n<tr>\n<td>Processo<\/td>\n<td>fundi\u00e7\u00e3o injectada a alta press\u00e3o<\/td>\n<\/tr>\n<\/tbody>\n<\/table>\n<h2><img loading=\"lazy\" decoding=\"async\" class=\"alignnone size-full wp-image-3862\" src=\"http:\/\/mnwell.com\/wp-content\/uploads\/2023\/12\/IMG_20231021_1216021.jpg\" alt=\"High Pressure Die Casting Aluminum Alloys\" width=\"800\" height=\"800\" srcset=\"https:\/\/mnwell.com\/wp-content\/uploads\/2023\/12\/IMG_20231021_1216021.jpg 800w, https:\/\/mnwell.com\/wp-content\/uploads\/2023\/12\/IMG_20231021_1216021-150x150.jpg 150w, https:\/\/mnwell.com\/wp-content\/uploads\/2023\/12\/IMG_20231021_1216021-768x768.jpg 768w, https:\/\/mnwell.com\/wp-content\/uploads\/2023\/12\/IMG_20231021_1216021-12x12.jpg 12w, https:\/\/mnwell.com\/wp-content\/uploads\/2023\/12\/IMG_20231021_1216021-300x300.jpg 300w, https:\/\/mnwell.com\/wp-content\/uploads\/2023\/12\/IMG_20231021_1216021-600x600.jpg 600w, https:\/\/mnwell.com\/wp-content\/uploads\/2023\/12\/IMG_20231021_1216021-100x100.jpg 100w\" sizes=\"(max-width: 800px) 100vw, 800px\" \/><\/h2>\n<h2>Vantagens das ligas de alum\u00ednio para fundi\u00e7\u00e3o injectada a alta press\u00e3o<\/h2>\n<p>1. <strong>Leve e resistente:<\/strong> As ligas de alum\u00ednio de fundi\u00e7\u00e3o sob press\u00e3o s\u00e3o conhecidas pela sua excecional rela\u00e7\u00e3o resist\u00eancia\/peso. Isto torna-as ideais para aplica\u00e7\u00f5es em que a redu\u00e7\u00e3o de peso \u00e9 crucial sem comprometer a resist\u00eancia e a durabilidade.<\/p>\n<p>2. <strong>Excelente condutividade t\u00e9rmica:<\/strong> As ligas de alum\u00ednio t\u00eam uma excelente condutividade t\u00e9rmica, o que as torna adequadas para aplica\u00e7\u00f5es que requerem uma dissipa\u00e7\u00e3o de calor eficiente. Esta propriedade torna as ligas de alum\u00ednio para fundi\u00e7\u00e3o injetada a alta press\u00e3o ideais para dissipadores de calor, componentes eletr\u00f3nicos e pe\u00e7as autom\u00f3veis.<\/p>\n<p>3. <strong>Resist\u00eancia \u00e0 corros\u00e3o:<\/strong> As ligas de alum\u00ednio t\u00eam propriedades inerentes de resist\u00eancia \u00e0 corros\u00e3o, que podem ser melhoradas atrav\u00e9s da sele\u00e7\u00e3o adequada da liga e do tratamento de superf\u00edcie. Isto torna-as adequadas para aplica\u00e7\u00f5es no exterior e ambientes com elevada humidade ou exposi\u00e7\u00e3o a subst\u00e2ncias corrosivas.<\/p>\n<p>4. <strong>Elevada precis\u00e3o dimensional:<\/strong> A fundi\u00e7\u00e3o injectada a alta press\u00e3o assegura uma excelente precis\u00e3o dimensional, permitindo a produ\u00e7\u00e3o de formas complexas e componentes precisos. Isto \u00e9 particularmente ben\u00e9fico para ind\u00fastrias como a aeroespacial, autom\u00f3vel e eletr\u00f3nica, onde as toler\u00e2ncias apertadas s\u00e3o cr\u00edticas.<\/p>\n<p>5. <strong>Produ\u00e7\u00e3o rent\u00e1vel:<\/strong> As ligas de alum\u00ednio para fundi\u00e7\u00e3o injetada a alta press\u00e3o oferecem uma produ\u00e7\u00e3o econ\u00f3mica devido \u00e0s suas elevadas taxas de produ\u00e7\u00e3o, ao m\u00ednimo de desperd\u00edcio e \u00e0 redu\u00e7\u00e3o das opera\u00e7\u00f5es secund\u00e1rias. Isto torna-as uma escolha preferida para a produ\u00e7\u00e3o em massa de componentes de alum\u00ednio.<\/p>\n<h2>Aplica\u00e7\u00f5es das ligas de alum\u00ednio para fundi\u00e7\u00e3o injectada a alta press\u00e3o<\/h2>\n<p>As ligas de alum\u00ednio para fundi\u00e7\u00e3o injectada a alta press\u00e3o encontram aplica\u00e7\u00f5es em v\u00e1rios sectores. Algumas aplica\u00e7\u00f5es comuns incluem:<\/p>\n<p><strong>1. Ind\u00fastria autom\u00f3vel:<\/strong> As ligas de alum\u00ednio para fundi\u00e7\u00e3o injetada a alta press\u00e3o s\u00e3o amplamente utilizadas na ind\u00fastria autom\u00f3vel para o fabrico de componentes de motores, caixas de transmiss\u00e3o, pe\u00e7as de suspens\u00e3o e componentes estruturais. As propriedades de leveza e alta resist\u00eancia destas ligas contribuem para melhorar a efici\u00eancia do combust\u00edvel e o desempenho geral do ve\u00edculo.<\/p>\n<p><strong>2. Ind\u00fastria eletr\u00f3nica e el\u00e9ctrica:<\/strong> As ligas de alum\u00ednio s\u00e3o amplamente utilizadas na ind\u00fastria eletr\u00f3nica e el\u00e9ctrica para produzir dissipadores de calor, conectores, caixas e outros componentes. A excelente condutividade t\u00e9rmica destas ligas assegura uma dissipa\u00e7\u00e3o de calor eficiente, mantendo a temperatura de funcionamento ideal dos dispositivos electr\u00f3nicos.<\/p>\n<p><strong>3. Ind\u00fastria aeroespacial:<\/strong> As ligas de alum\u00ednio de fundi\u00e7\u00e3o sob press\u00e3o desempenham um papel vital na ind\u00fastria aeroespacial, onde os componentes leves s\u00e3o cruciais para a efici\u00eancia do combust\u00edvel e a capacidade de carga \u00fatil. Estas ligas s\u00e3o utilizadas para o fabrico de componentes estruturais de aeronaves, pe\u00e7as de motores e acess\u00f3rios interiores.<\/p>\n<p><strong>4. Maquinaria industrial:<\/strong> As ligas de alum\u00ednio s\u00e3o utilizadas na produ\u00e7\u00e3o de v\u00e1rios componentes de maquinaria industrial, tais como caixas de bombas, v\u00e1lvulas e caixas de velocidades. A combina\u00e7\u00e3o de for\u00e7a, resist\u00eancia \u00e0 corros\u00e3o e precis\u00e3o dimensional torna as ligas de alum\u00ednio de fundi\u00e7\u00e3o sob press\u00e3o adequadas para aplica\u00e7\u00f5es industriais exigentes.<\/p>\n<p><strong>5. Bens de consumo:<\/strong> As ligas de alum\u00ednio de fundi\u00e7\u00e3o injetada a alta press\u00e3o s\u00e3o tamb\u00e9m utilizadas na produ\u00e7\u00e3o de bens de consumo, incluindo eletrodom\u00e9sticos, artigos desportivos e mobili\u00e1rio. A natureza leve destas ligas torna-as ideais para produtos port\u00e1teis e facilmente manobr\u00e1veis.<\/p>\n<p><img loading=\"lazy\" decoding=\"async\" class=\"alignnone size-full wp-image-3790\" src=\"http:\/\/mnwell.com\/wp-content\/uploads\/2023\/12\/office.webp\" alt=\"mindwell office\" width=\"750\" height=\"500\" srcset=\"https:\/\/mnwell.com\/wp-content\/uploads\/2023\/12\/office.webp 750w, https:\/\/mnwell.com\/wp-content\/uploads\/2023\/12\/office-18x12.webp 18w, https:\/\/mnwell.com\/wp-content\/uploads\/2023\/12\/office-600x400.webp 600w\" sizes=\"(max-width: 750px) 100vw, 750px\" \/><\/p>\n<h2>Conclus\u00e3o<\/h2>\n<p>As ligas de alum\u00ednio para fundi\u00e7\u00e3o injectada a alta press\u00e3o oferecem uma vasta gama de vantagens, tornando-as a escolha preferida para o fabrico de componentes complexos e leves. Com a sua for\u00e7a excecional, excelente condutividade t\u00e9rmica, resist\u00eancia \u00e0 corros\u00e3o, elevada precis\u00e3o dimensional e produ\u00e7\u00e3o rent\u00e1vel, estas ligas encontram aplica\u00e7\u00f5es em v\u00e1rias ind\u00fastrias, como a autom\u00f3vel, eletr\u00f3nica, aeroespacial, maquinaria industrial e bens de consumo. Ao tirar partido das vantagens das ligas de alum\u00ednio para fundi\u00e7\u00e3o injectada a alta press\u00e3o, os fabricantes podem obter um desempenho superior, efici\u00eancia e durabilidade dos seus produtos.<\/p>","protected":false},"excerpt":{"rendered":"<p>A fundi\u00e7\u00e3o injectada a alta press\u00e3o \u00e9 um processo de fabrico que produz ligas de alum\u00ednio de alta qualidade atrav\u00e9s da inje\u00e7\u00e3o de alum\u00ednio fundido num molde de a\u00e7o sob alta press\u00e3o. Estas ligas s\u00e3o leves e fortes, com excelente condutividade t\u00e9rmica, resist\u00eancia \u00e0 corros\u00e3o e elevada precis\u00e3o dimensional. S\u00e3o adequadas para aplica\u00e7\u00f5es na ind\u00fastria autom\u00f3vel, eletr\u00f3nica, aeroespacial, maquinaria industrial e bens de consumo. As ligas de alum\u00ednio para fundi\u00e7\u00e3o injectada a alta press\u00e3o s\u00e3o rent\u00e1veis devido \u00e0s elevadas taxas de produ\u00e7\u00e3o, ao m\u00ednimo de desperd\u00edcio e \u00e0 redu\u00e7\u00e3o das opera\u00e7\u00f5es secund\u00e1rias. Ao tirar partido destas vantagens, os fabricantes podem obter um desempenho superior, efici\u00eancia e durabilidade dos seus produtos.<br \/>\nGrau de toler\u00e2ncia:0,01mm<br \/>\nCertifica\u00e7\u00e3o:CE, RoHS, ISO 9001:2000, ISO 9001:2008<br \/>\nCertifica\u00e7\u00e3o do sistema de qualidade:IATF 16949<br \/>\nCor:Branco<br \/>\nPacote de transporte:Palete e caixa de papel\u00e3o<br \/>\nEspecifica\u00e7\u00e3o:OEM<br \/>\nOrigem:China<\/p>","protected":false},"featured_media":3862,"template":"","meta":{"om_disable_all_campaigns":false,"_monsterinsights_skip_tracking":false,"_monsterinsights_sitenote_active":false,"_monsterinsights_sitenote_note":"","_monsterinsights_sitenote_category":0,"_uf_show_specific_survey":0,"_uf_disable_surveys":false,"site-sidebar-layout":"default","site-content-layout":"default","ast-global-header-display":"","ast-banner-title-visibility":"","ast-main-header-display":"","ast-hfb-above-header-display":"","ast-hfb-below-header-display":"","ast-hfb-mobile-header-display":"","site-post-title":"","ast-breadcrumbs-content":"","ast-featured-img":"","footer-sml-layout":"","theme-transparent-header-meta":"default","adv-header-id-meta":"","stick-header-meta":"","header-above-stick-meta":"","header-main-stick-meta":"","header-below-stick-meta":""},"product_cat":[18],"product_tag":[313,450],"aioseo_notices":[],"_links":{"self":[{"href":"https:\/\/mnwell.com\/pt\/wp-json\/wp\/v2\/product\/3861"}],"collection":[{"href":"https:\/\/mnwell.com\/pt\/wp-json\/wp\/v2\/product"}],"about":[{"href":"https:\/\/mnwell.com\/pt\/wp-json\/wp\/v2\/types\/product"}],"wp:featuredmedia":[{"embeddable":true,"href":"https:\/\/mnwell.com\/pt\/wp-json\/wp\/v2\/media\/3862"}],"wp:attachment":[{"href":"https:\/\/mnwell.com\/pt\/wp-json\/wp\/v2\/media?parent=3861"}],"wp:term":[{"taxonomy":"product_cat","embeddable":true,"href":"https:\/\/mnwell.com\/pt\/wp-json\/wp\/v2\/product_cat?post=3861"},{"taxonomy":"product_tag","embeddable":true,"href":"https:\/\/mnwell.com\/pt\/wp-json\/wp\/v2\/product_tag?post=3861"}],"curies":[{"name":"wp","href":"https:\/\/api.w.org\/{rel}","templated":true}]}}