{"id":4025,"date":"2024-01-29T14:20:15","date_gmt":"2024-01-29T13:20:15","guid":{"rendered":"https:\/\/mnwell.com\/?post_type=product&#038;p=4025"},"modified":"2024-01-29T14:20:30","modified_gmt":"2024-01-29T13:20:30","slug":"aluminum-die-cast-motor-housing","status":"publish","type":"product","link":"https:\/\/mnwell.com\/pt\/produto\/aluminum-die-cast-motor-housing\/","title":{"rendered":"Caixa do motor em alum\u00ednio fundido sob press\u00e3o"},"content":{"rendered":"<p>A caixa do motor em alum\u00ednio fundido sob press\u00e3o \u00e9 um componente crucial em v\u00e1rias aplica\u00e7\u00f5es industriais e comerciais. A sua excelente prote\u00e7\u00e3o e suporte para motores el\u00e9ctricos garante a sua vida \u00fatil e o m\u00e1ximo desempenho. A liga de alum\u00ednio de qualidade superior, que proporciona excelentes caracter\u00edsticas de resist\u00eancia, durabilidade e dissipa\u00e7\u00e3o de calor, \u00e9 utilizada na constru\u00e7\u00e3o desta caixa de motor.<\/p>\n<p><img loading=\"lazy\" decoding=\"async\" class=\"alignnone wp-image-4026 size-full\" src=\"http:\/\/mnwell.com\/wp-content\/uploads\/2024\/01\/IMG_20231021_121126_1-1.jpg\" alt=\"Aluminum Die-Cast Motor Housing\" width=\"800\" height=\"800\" srcset=\"https:\/\/mnwell.com\/wp-content\/uploads\/2024\/01\/IMG_20231021_121126_1-1.jpg 800w, https:\/\/mnwell.com\/wp-content\/uploads\/2024\/01\/IMG_20231021_121126_1-1-150x150.jpg 150w, https:\/\/mnwell.com\/wp-content\/uploads\/2024\/01\/IMG_20231021_121126_1-1-768x768.jpg 768w, https:\/\/mnwell.com\/wp-content\/uploads\/2024\/01\/IMG_20231021_121126_1-1-12x12.jpg 12w, https:\/\/mnwell.com\/wp-content\/uploads\/2024\/01\/IMG_20231021_121126_1-1-300x300.jpg 300w, https:\/\/mnwell.com\/wp-content\/uploads\/2024\/01\/IMG_20231021_121126_1-1-600x600.jpg 600w, https:\/\/mnwell.com\/wp-content\/uploads\/2024\/01\/IMG_20231021_121126_1-1-100x100.jpg 100w\" sizes=\"(max-width: 800px) 100vw, 800px\" \/> <img loading=\"lazy\" decoding=\"async\" class=\"alignnone size-medium wp-image-4027\" src=\"http:\/\/mnwell.com\/wp-content\/uploads\/2024\/01\/IMG_20231021_120937.jpg\" alt=\"\" width=\"800\" height=\"800\" srcset=\"https:\/\/mnwell.com\/wp-content\/uploads\/2024\/01\/IMG_20231021_120937.jpg 800w, https:\/\/mnwell.com\/wp-content\/uploads\/2024\/01\/IMG_20231021_120937-150x150.jpg 150w, https:\/\/mnwell.com\/wp-content\/uploads\/2024\/01\/IMG_20231021_120937-768x768.jpg 768w, https:\/\/mnwell.com\/wp-content\/uploads\/2024\/01\/IMG_20231021_120937-12x12.jpg 12w, https:\/\/mnwell.com\/wp-content\/uploads\/2024\/01\/IMG_20231021_120937-300x300.jpg 300w, https:\/\/mnwell.com\/wp-content\/uploads\/2024\/01\/IMG_20231021_120937-600x600.jpg 600w, https:\/\/mnwell.com\/wp-content\/uploads\/2024\/01\/IMG_20231021_120937-100x100.jpg 100w\" sizes=\"(max-width: 800px) 100vw, 800px\" \/><\/p>\n<h3>Caracter\u00edsticas<\/h3>\n<ul>\n<li>Constru\u00e7\u00e3o robusta: A carca\u00e7a do motor \u00e9 composta por uma liga de alum\u00ednio, conhecida pela sua excecional durabilidade e resist\u00eancia \u00e0 corros\u00e3o. Isto garante a capacidade da caixa para suportar circunst\u00e2ncias de trabalho dif\u00edceis e oferece ao motor uma prote\u00e7\u00e3o fi\u00e1vel.<\/li>\n<li>Dissipa\u00e7\u00e3o de calor: A caixa do motor pode dispersar eficazmente o calor produzido durante o funcionamento do motor, uma vez que o alum\u00ednio \u00e9 um \u00f3timo condutor de calor. Isto garante um desempenho e fiabilidade m\u00e1ximos, ao mesmo tempo que ajuda a evitar o sobreaquecimento.<\/li>\n<li>Leveza: O alum\u00ednio \u00e9 um material leve com grande resist\u00eancia quando comparado com outros materiais. Isto reduz o peso total do conjunto do motor e torna a caixa do motor mais f\u00e1cil de manusear durante a instala\u00e7\u00e3o e manuten\u00e7\u00e3o.<\/li>\n<li>Excelente condutividade el\u00e9ctrica: A transmiss\u00e3o interna de energia el\u00e9ctrica do motor \u00e9 poss\u00edvel gra\u00e7as \u00e0 excelente condutividade el\u00e9ctrica do alum\u00ednio. Isto promove um funcionamento eficiente e reduz a perda de energia.<\/li>\n<li>Prote\u00e7\u00e3o: A carca\u00e7a do motor oferece um inv\u00f3lucro que mant\u00e9m as partes internas do motor protegidas de impurezas como a humidade e o p\u00f3 que podem danific\u00e1-las ou prejudicar o seu funcionamento.<\/li>\n<li>Personaliza\u00e7\u00e3o simples: Podem ser criadas formas e padr\u00f5es complexos utilizando a fundi\u00e7\u00e3o de alum\u00ednio, o que facilita a modifica\u00e7\u00e3o da caixa do motor para satisfazer necessidades espec\u00edficas. Isto inclui acess\u00f3rios como suportes de montagem, aletas de arrefecimento e ventila\u00e7\u00e3o extra ou aberturas para fios.<\/li>\n<\/ul>\n<p><img loading=\"lazy\" decoding=\"async\" class=\"alignnone wp-image-4028 size-full\" src=\"http:\/\/mnwell.com\/wp-content\/uploads\/2024\/01\/IMG_20231021_121106.jpg\" alt=\"Aluminum Die-Cast Motor Housing-2\" width=\"800\" height=\"800\" srcset=\"https:\/\/mnwell.com\/wp-content\/uploads\/2024\/01\/IMG_20231021_121106.jpg 800w, https:\/\/mnwell.com\/wp-content\/uploads\/2024\/01\/IMG_20231021_121106-150x150.jpg 150w, https:\/\/mnwell.com\/wp-content\/uploads\/2024\/01\/IMG_20231021_121106-768x768.jpg 768w, https:\/\/mnwell.com\/wp-content\/uploads\/2024\/01\/IMG_20231021_121106-12x12.jpg 12w, https:\/\/mnwell.com\/wp-content\/uploads\/2024\/01\/IMG_20231021_121106-300x300.jpg 300w, https:\/\/mnwell.com\/wp-content\/uploads\/2024\/01\/IMG_20231021_121106-600x600.jpg 600w, https:\/\/mnwell.com\/wp-content\/uploads\/2024\/01\/IMG_20231021_121106-100x100.jpg 100w\" sizes=\"(max-width: 800px) 100vw, 800px\" \/><\/p>\n<h3>Aplica\u00e7\u00f5es<\/h3>\n<p>Numerosos sectores e aplica\u00e7\u00f5es utilizam amplamente a caixa do motor em alum\u00ednio fundido sob press\u00e3o, incluindo:<\/p>\n<ol>\n<li>engrenagem industrial<\/li>\n<li>Ferramentas el\u00e9ctricas para autom\u00f3veis<\/li>\n<li>Os sistemas AVAC significam aquecimento, ventila\u00e7\u00e3o e ar condicionado.<\/li>\n<li>Compressores e bombas<\/li>\n<li>Utens\u00edlios de cozinha el\u00e9ctricos<\/li>\n<li>Benef\u00edcios da carca\u00e7a de motor de alum\u00ednio fundido sob press\u00e3o para rob\u00f3tica<\/li>\n<\/ol>\n<h4>A escolha de uma caixa de motor em alum\u00ednio fundido oferece v\u00e1rias vantagens:<\/h4>\n<ul>\n<li>Econ\u00f3mica: O fabrico de caixas de motor de primeira qualidade a pre\u00e7os razo\u00e1veis \u00e9 poss\u00edvel gra\u00e7as \u00e0 natureza econ\u00f3mica da fundi\u00e7\u00e3o injectada de alum\u00ednio.<\/li>\n<li>Elevada precis\u00e3o: O processo de fundi\u00e7\u00e3o produz carca\u00e7as de motor que se ajustam com precis\u00e3o e melhoram o desempenho geral do motor, assegurando dimens\u00f5es constantes e exactas.<\/li>\n<li>Est\u00e9tica melhorada: Para melhorar o seu aspeto e proporcionar uma maior prote\u00e7\u00e3o contra a corros\u00e3o, as caixas de motor em alum\u00ednio podem ser completadas com uma variedade de tratamentos de superf\u00edcie, incluindo pintura, anodiza\u00e7\u00e3o ou revestimento em p\u00f3.<\/li>\n<li>Amigo do ambiente: Uma vez que o alum\u00ednio pode ser reciclado, \u00e9 um material sustent\u00e1vel para caixas de motor. Pode ser reciclado e fundido para reduzir os res\u00edduos e a utiliza\u00e7\u00e3o de recursos.<\/li>\n<\/ul>\n<h3><img loading=\"lazy\" decoding=\"async\" class=\"alignnone wp-image-4029 size-full\" src=\"http:\/\/mnwell.com\/wp-content\/uploads\/2024\/01\/IMG_20231021_120955.jpg\" alt=\"Aluminum Die-Cast Motor Housing-3\" width=\"800\" height=\"800\" srcset=\"https:\/\/mnwell.com\/wp-content\/uploads\/2024\/01\/IMG_20231021_120955.jpg 800w, https:\/\/mnwell.com\/wp-content\/uploads\/2024\/01\/IMG_20231021_120955-150x150.jpg 150w, https:\/\/mnwell.com\/wp-content\/uploads\/2024\/01\/IMG_20231021_120955-768x768.jpg 768w, https:\/\/mnwell.com\/wp-content\/uploads\/2024\/01\/IMG_20231021_120955-12x12.jpg 12w, https:\/\/mnwell.com\/wp-content\/uploads\/2024\/01\/IMG_20231021_120955-300x300.jpg 300w, https:\/\/mnwell.com\/wp-content\/uploads\/2024\/01\/IMG_20231021_120955-600x600.jpg 600w, https:\/\/mnwell.com\/wp-content\/uploads\/2024\/01\/IMG_20231021_120955-100x100.jpg 100w\" sizes=\"(max-width: 800px) 100vw, 800px\" \/><\/h3>\n<h3>Porqu\u00ea escolher a mindwell?<\/h3>\n<p>Uma empresa chamada Mindwell \u00e9 especializada na produ\u00e7\u00e3o de carca\u00e7as de motor em alum\u00ednio fundido sob press\u00e3o. A miss\u00e3o da empresa \u00e9 satisfazer as exig\u00eancias de muitos sectores, oferecendo aos seus clientes carca\u00e7as de motor em liga de alum\u00ednio de qualidade superior e concebidas de forma criativa. A Mindwell, l\u00edder no sector da produ\u00e7\u00e3o, oferece uma ampla variedade de servi\u00e7os aos clientes com maquinaria de produ\u00e7\u00e3o de ponta e equipas t\u00e9cnicas altamente qualificadas.<\/p>\n<p>A organiza\u00e7\u00e3o mant\u00e9m um sistema de controlo de qualidade rigoroso para garantir que cada produto satisfaz as exig\u00eancias dos consumidores e as normas da ind\u00fastria. O produto \u00e9 muito forte e resistente \u00e0 corros\u00e3o devido \u00e0 t\u00e9cnica de fundi\u00e7\u00e3o de alum\u00ednio, que tamb\u00e9m permite o fabrico preciso de formas e caracter\u00edsticas complexas. Isto resulta num motor com melhor desempenho e fiabilidade.<\/p>\n<p>A Mindwell est\u00e1 empenhada na inova\u00e7\u00e3o da conce\u00e7\u00e3o de produtos, colaborando estreitamente com os clientes para compreender as suas exig\u00eancias e fornecer solu\u00e7\u00f5es \u00e0 medida. A organiza\u00e7\u00e3o pode satisfazer uma vasta gama de exig\u00eancias dos clientes, quer se trate do fabrico de produtos de diferentes dimens\u00f5es e normas ou da conce\u00e7\u00e3o por medida para determinados sectores de aplica\u00e7\u00e3o.<\/p>\n<div class=\"ast-oembed-container\" style=\"height: 100%;\"><iframe loading=\"lazy\" title=\"Candy guia-o pelas instala\u00e7\u00f5es de fundi\u00e7\u00e3o injetada da Mindwell&amp;#039\" width=\"500\" height=\"281\" src=\"https:\/\/www.youtube.com\/embed\/EBMqzMlVq3M?feature=oembed\" frameborder=\"0\" allow=\"accelerometer; autoplay; clipboard-write; encrypted-media; gyroscope; picture-in-picture; web-share\" allowfullscreen><\/iframe><\/div>\n<h3>Conclus\u00e3o<\/h3>\n<p>Os motores el\u00e9ctricos podem ser suportados e protegidos de forma fi\u00e1vel e eficaz pela caixa do motor em alum\u00ednio fundido sob press\u00e3o. \u00c9 a alternativa perfeita para uma variedade de aplica\u00e7\u00f5es comerciais e industriais devido ao seu design leve, \u00e0 excecional dissipa\u00e7\u00e3o de calor, \u00e0 constru\u00e7\u00e3o robusta e \u00e0s possibilidades de personaliza\u00e7\u00e3o. A caixa do motor em alum\u00ednio fundido sob press\u00e3o \u00e9 uma excelente op\u00e7\u00e3o para a prote\u00e7\u00e3o e o desempenho do motor, devido \u00e0 sua elevada precis\u00e3o, acessibilidade e respeito pelo ambiente.<\/p>","protected":false},"excerpt":{"rendered":"<p>A fundi\u00e7\u00e3o de alum\u00ednio \u00e9 um componente crucial em aplica\u00e7\u00f5es industriais e comerciais, fornecendo prote\u00e7\u00e3o e suporte robustos para motores el\u00e9ctricos. Esta caixa de motor leve \u00e9 fabricada em liga de alum\u00ednio de qualidade superior, oferecendo uma resist\u00eancia, durabilidade e dissipa\u00e7\u00e3o de calor excepcionais. O seu design leve, a excelente condutividade el\u00e9ctrica e a personaliza\u00e7\u00e3o simples tornam-no f\u00e1cil de modificar e manter. As aplica\u00e7\u00f5es incluem equipamentos industriais, ferramentas el\u00e9ctricas, sistemas AVAC, compressores e utens\u00edlios de cozinha el\u00e9ctricos. As carca\u00e7as de motor em alum\u00ednio fundido sob press\u00e3o s\u00e3o econ\u00f3micas, de alta precis\u00e3o, com uma est\u00e9tica melhorada e amigas do ambiente. A Mindwell, um fabricante l\u00edder, oferece solu\u00e7\u00f5es \u00e0 medida para v\u00e1rias aplica\u00e7\u00f5es.<\/p>","protected":false},"featured_media":4026,"template":"","meta":{"om_disable_all_campaigns":false,"_monsterinsights_skip_tracking":false,"_monsterinsights_sitenote_active":false,"_monsterinsights_sitenote_note":"","_monsterinsights_sitenote_category":0,"_uf_show_specific_survey":0,"_uf_disable_surveys":false,"site-sidebar-layout":"default","site-content-layout":"default","ast-global-header-display":"","ast-banner-title-visibility":"","ast-main-header-display":"","ast-hfb-above-header-display":"","ast-hfb-below-header-display":"","ast-hfb-mobile-header-display":"","site-post-title":"","ast-breadcrumbs-content":"","ast-featured-img":"","footer-sml-layout":"","theme-transparent-header-meta":"default","adv-header-id-meta":"","stick-header-meta":"","header-above-stick-meta":"","header-main-stick-meta":"","header-below-stick-meta":""},"product_cat":[18],"product_tag":[],"aioseo_notices":[],"_links":{"self":[{"href":"https:\/\/mnwell.com\/pt\/wp-json\/wp\/v2\/product\/4025"}],"collection":[{"href":"https:\/\/mnwell.com\/pt\/wp-json\/wp\/v2\/product"}],"about":[{"href":"https:\/\/mnwell.com\/pt\/wp-json\/wp\/v2\/types\/product"}],"wp:featuredmedia":[{"embeddable":true,"href":"https:\/\/mnwell.com\/pt\/wp-json\/wp\/v2\/media\/4026"}],"wp:attachment":[{"href":"https:\/\/mnwell.com\/pt\/wp-json\/wp\/v2\/media?parent=4025"}],"wp:term":[{"taxonomy":"product_cat","embeddable":true,"href":"https:\/\/mnwell.com\/pt\/wp-json\/wp\/v2\/product_cat?post=4025"},{"taxonomy":"product_tag","embeddable":true,"href":"https:\/\/mnwell.com\/pt\/wp-json\/wp\/v2\/product_tag?post=4025"}],"curies":[{"name":"wp","href":"https:\/\/api.w.org\/{rel}","templated":true}]}}