{"id":4073,"date":"2024-02-04T15:23:41","date_gmt":"2024-02-04T14:23:41","guid":{"rendered":"https:\/\/mnwell.com\/?post_type=product&#038;p=4073"},"modified":"2024-02-04T15:26:43","modified_gmt":"2024-02-04T14:26:43","slug":"electric-motor-housing","status":"publish","type":"product","link":"https:\/\/mnwell.com\/pt\/produto\/electric-motor-housing\/","title":{"rendered":"caixa do motor el\u00e9trico"},"content":{"rendered":"<p>O produto personalizado de fundi\u00e7\u00e3o sob press\u00e3o de carca\u00e7a de motor el\u00e9trico \u00e9 uma carca\u00e7a de motor fabricada por tecnologia de fundi\u00e7\u00e3o sob press\u00e3o, que pode ser personalizada de acordo com as necessidades do cliente. Com a sua excecional precis\u00e3o, robustez, leveza e aspeto atraente, esta carca\u00e7a de motor por medida pode satisfazer uma vasta gama de exig\u00eancias dos clientes, tanto em termos de desempenho do motor como de est\u00e9tica. O nosso produto de carca\u00e7a de motor personalizado fundido sob press\u00e3o na mindwell \u00e9 um artigo de primeira qualidade com excelente precis\u00e3o, robustez, leveza e aspeto atraente. Fornecemos servi\u00e7os completos e personalizados para satisfazer os requisitos \u00fanicos de v\u00e1rias ind\u00fastrias e clientes. A nossa sele\u00e7\u00e3o resultar\u00e1 numa excelente qualidade do produto e numa assist\u00eancia p\u00f3s-compra sem preocupa\u00e7\u00f5es.<\/p>\n<p><img loading=\"lazy\" decoding=\"async\" class=\"alignnone wp-image-4075 size-full\" src=\"http:\/\/mnwell.com\/wp-content\/uploads\/2024\/02\/IMG_20231021_121020.jpg\" alt=\"electric motor housing\" width=\"800\" height=\"800\" srcset=\"https:\/\/mnwell.com\/wp-content\/uploads\/2024\/02\/IMG_20231021_121020.jpg 800w, https:\/\/mnwell.com\/wp-content\/uploads\/2024\/02\/IMG_20231021_121020-150x150.jpg 150w, https:\/\/mnwell.com\/wp-content\/uploads\/2024\/02\/IMG_20231021_121020-768x768.jpg 768w, https:\/\/mnwell.com\/wp-content\/uploads\/2024\/02\/IMG_20231021_121020-12x12.jpg 12w, https:\/\/mnwell.com\/wp-content\/uploads\/2024\/02\/IMG_20231021_121020-300x300.jpg 300w, https:\/\/mnwell.com\/wp-content\/uploads\/2024\/02\/IMG_20231021_121020-600x600.jpg 600w, https:\/\/mnwell.com\/wp-content\/uploads\/2024\/02\/IMG_20231021_121020-100x100.jpg 100w\" sizes=\"(max-width: 800px) 100vw, 800px\" \/><\/p>\n<p>&nbsp;<\/p>\n<h3>Carater\u00edsticas da caixa do motor el\u00e9trico<\/h3>\n<ul>\n<li>Elevada precis\u00e3o: Para garantir que o tamanho da carca\u00e7a do motor \u00e9 exato e satisfaz as especifica\u00e7\u00f5es do cliente, s\u00e3o utilizadas tecnologias sofisticadas de molde e fundi\u00e7\u00e3o. Isto n\u00e3o s\u00f3 aumenta o desempenho do motor, como tamb\u00e9m diminui as dificuldades de montagem e de resolu\u00e7\u00e3o de problemas no futuro.<\/li>\n<li>Alta resist\u00eancia: Para garantir que a carca\u00e7a do motor el\u00e9trico tem resist\u00eancia mec\u00e2nica e rigidez suficientes e pode suportar uma variedade de situa\u00e7\u00f5es de trabalho duro, escolha materiais met\u00e1licos de primeira qualidade, tais como liga de zinco, liga de alum\u00ednio, etc. Al\u00e9m disso, a resist\u00eancia ao impacto da carca\u00e7a \u00e9 consideravelmente melhorada pela t\u00e9cnica de fundi\u00e7\u00e3o de precis\u00e3o.<\/li>\n<li>Leveza: A t\u00e9cnica de fundi\u00e7\u00e3o sob press\u00e3o pode proporcionar uma carca\u00e7a de motor mais leve e mais fina do que a dos processos de fundi\u00e7\u00e3o convencionais, o que reduz o peso total do motor e facilita o seu manuseamento e funcionamento. Isto \u00e9 particularmente adequado para situa\u00e7\u00f5es em que s\u00e3o necess\u00e1rias restri\u00e7\u00f5es de peso, como em ve\u00edculos de energia nova, avi\u00f5es, etc.<\/li>\n<li>Bonito: A superf\u00edcie lisa e plana do inv\u00f3lucro do motor e a sua elevada qualidade de apar\u00eancia podem melhorar a perce\u00e7\u00e3o geral do motor. Uma superf\u00edcie met\u00e1lica polida ou uma textura finamente detalhada podem demonstrar a complexidade e o elevado calibre do produto.<\/li>\n<li>Ciclo de produ\u00e7\u00e3o eficaz: Ao utilizar a tecnologia de ponta de fundi\u00e7\u00e3o injectada, o ciclo de produ\u00e7\u00e3o \u00e9 significativamente reduzido, permitindo a r\u00e1pida satisfa\u00e7\u00e3o das necessidades dos clientes.<\/li>\n<li>Bom desempenho ambiental: Levamos a prote\u00e7\u00e3o ambiental a s\u00e9rio quando produzimos. Antes de serem libertados no ambiente, todos os res\u00edduos e \u00e1guas residuais s\u00e3o processados.<\/li>\n<\/ul>\n<p><img loading=\"lazy\" decoding=\"async\" class=\"alignnone wp-image-4076 size-full\" src=\"http:\/\/mnwell.com\/wp-content\/uploads\/2024\/02\/IMG_20231021_121154.jpg\" alt=\"motor housing die-casting\" width=\"800\" height=\"800\" srcset=\"https:\/\/mnwell.com\/wp-content\/uploads\/2024\/02\/IMG_20231021_121154.jpg 800w, https:\/\/mnwell.com\/wp-content\/uploads\/2024\/02\/IMG_20231021_121154-150x150.jpg 150w, https:\/\/mnwell.com\/wp-content\/uploads\/2024\/02\/IMG_20231021_121154-768x768.jpg 768w, https:\/\/mnwell.com\/wp-content\/uploads\/2024\/02\/IMG_20231021_121154-12x12.jpg 12w, https:\/\/mnwell.com\/wp-content\/uploads\/2024\/02\/IMG_20231021_121154-300x300.jpg 300w, https:\/\/mnwell.com\/wp-content\/uploads\/2024\/02\/IMG_20231021_121154-600x600.jpg 600w, https:\/\/mnwell.com\/wp-content\/uploads\/2024\/02\/IMG_20231021_121154-100x100.jpg 100w\" sizes=\"(max-width: 800px) 100vw, 800px\" \/><\/p>\n<p>&nbsp;<\/p>\n<h3>Gama de aplica\u00e7\u00f5es<\/h3>\n<p>A carca\u00e7a de motor el\u00e9trico personalizada e fundida sob press\u00e3o \u00e9 uma carca\u00e7a \u00e0 medida destinada a uma variedade de motores, principalmente motores CA, CC e servomotores. A fundi\u00e7\u00e3o injectada \u00e9 utilizada na produ\u00e7\u00e3o deste produto e as carca\u00e7as com v\u00e1rias dimens\u00f5es e formas podem ser adaptadas aos requisitos exclusivos dos clientes, a fim de satisfazer aplica\u00e7\u00f5es de motores em muitos sectores.<\/p>\n<h4>Tipos de motores aplic\u00e1veis:<\/h4>\n<ol>\n<li>Motor CA: Motores de diferentes tamanhos e pot\u00eancias podem ser usados com este alojamento de motor. Uma vez que os motores CA s\u00e3o amplamente utilizados no fabrico de autom\u00f3veis, automa\u00e7\u00e3o industrial e outros sectores, podem ser fabricadas caixas especializadas para satisfazer os requisitos de muitas situa\u00e7\u00f5es de aplica\u00e7\u00e3o.<\/li>\n<li>Os motores CC s\u00e3o outro tipo de motor popular que \u00e9 frequentemente utilizado em novas energias, automa\u00e7\u00e3o industrial e outras ind\u00fastrias. A capacidade de ajustar a caixa do motor aos requisitos de tamanho e forma dos v\u00e1rios motores CC \u00e9 assegurada atrav\u00e9s da personaliza\u00e7\u00e3o.<\/li>\n<li>Servo-motores: Nos dom\u00ednios da rob\u00f3tica e da automa\u00e7\u00e3o industrial, os servomotores s\u00e3o cruciais. Os requisitos dos servomotores em aplica\u00e7\u00f5es de alta precis\u00e3o e alto desempenho podem ser satisfeitos atrav\u00e9s da altera\u00e7\u00e3o da caixa.<\/li>\n<\/ol>\n<h4>\u00c1reas de aplica\u00e7\u00e3o:<\/h4>\n<ul>\n<li>Automa\u00e7\u00e3o industrial: Para garantir o desempenho e a estabilidade do motor, as caixas de motor personalizadas podem ser utilizadas numa s\u00e9rie de equipamentos de automa\u00e7\u00e3o industrial.<\/li>\n<li>Os autom\u00f3veis el\u00e9ctricos, a energia e\u00f3lica, a energia solar e outras disciplinas est\u00e3o entre as novas ind\u00fastrias energ\u00e9ticas que utilizam caixas de motor para satisfazer as necessidades de desempenho e de ambiente de funcionamento de v\u00e1rios motores.<\/li>\n<li>Fabrico de autom\u00f3veis: Para aumentar o desempenho e a efici\u00eancia globais, podem ser utilizados componentes da carca\u00e7a do motor feitos \u00e0 medida numa variedade de sistemas el\u00e9ctricos de ve\u00edculos.<\/li>\n<li>Aeroespacial: Para satisfazer as necessidades dos motores de avi\u00f5es, sat\u00e9lites e outras aeronaves, a ind\u00fastria aeroespacial tamb\u00e9m utiliza caixas de motor personalizadas.<\/li>\n<\/ul>\n<h4>Carater\u00edsticas personalizadas:<\/h4>\n<ul>\n<li>Especifica\u00e7\u00f5es flex\u00edveis: a caixa do motor el\u00e9trico pode ser fabricada para se adaptar a uma variedade de tipos de motores com tamanhos e especifica\u00e7\u00f5es diferentes, com base nas necessidades exclusivas dos clientes.<\/li>\n<li>Variedade de formas: A forma da caixa pode ser alterada de acordo com os requisitos da aplica\u00e7\u00e3o, garantindo um ajuste perfeito e funcionalidade.<\/li>\n<li>Sele\u00e7\u00e3o do material: Para garantir a for\u00e7a e a resist\u00eancia \u00e0 corros\u00e3o do inv\u00f3lucro, podem ser escolhidos materiais adequados, tais como liga de alum\u00ednio, liga de magn\u00e9sio, etc., com base no ambiente e nas necessidades de utiliza\u00e7\u00e3o.<\/li>\n<\/ul>\n<p><img loading=\"lazy\" decoding=\"async\" class=\"alignnone size-full wp-image-4077\" src=\"http:\/\/mnwell.com\/wp-content\/uploads\/2024\/02\/IMG_20231021_121126_1.jpg\" alt=\"\" width=\"800\" height=\"800\" srcset=\"https:\/\/mnwell.com\/wp-content\/uploads\/2024\/02\/IMG_20231021_121126_1.jpg 800w, https:\/\/mnwell.com\/wp-content\/uploads\/2024\/02\/IMG_20231021_121126_1-150x150.jpg 150w, https:\/\/mnwell.com\/wp-content\/uploads\/2024\/02\/IMG_20231021_121126_1-768x768.jpg 768w, https:\/\/mnwell.com\/wp-content\/uploads\/2024\/02\/IMG_20231021_121126_1-12x12.jpg 12w, https:\/\/mnwell.com\/wp-content\/uploads\/2024\/02\/IMG_20231021_121126_1-300x300.jpg 300w, https:\/\/mnwell.com\/wp-content\/uploads\/2024\/02\/IMG_20231021_121126_1-600x600.jpg 600w, https:\/\/mnwell.com\/wp-content\/uploads\/2024\/02\/IMG_20231021_121126_1-100x100.jpg 100w\" sizes=\"(max-width: 800px) 100vw, 800px\" \/><\/p>\n<p>&nbsp;<\/p>\n<h2>Servi\u00e7os personalizados<\/h2>\n<ol>\n<li>Servi\u00e7o personalizado: A t\u00f3nica principal do seu servi\u00e7o \u00e9 a cria\u00e7\u00e3o de caixas de motor el\u00e9trico especificamente adaptadas \u00e0s especifica\u00e7\u00f5es e necessidades do cliente. Isto garante que o produto satisfaz completamente os requisitos \u00fanicos do consumidor, aumentando a satisfa\u00e7\u00e3o do cliente e a adequa\u00e7\u00e3o do produto.<\/li>\n<li>Sele\u00e7\u00e3o de materiais: A sele\u00e7\u00e3o meticulosa de materiais para a caixa do motor faz parte do seu servi\u00e7o. Isto pode ser feito de acordo com o ambiente de aplica\u00e7\u00e3o e as especifica\u00e7\u00f5es do cliente, garantindo que o inv\u00f3lucro tem a for\u00e7a necess\u00e1ria, resist\u00eancia \u00e0 corros\u00e3o e outros atributos de desempenho.<\/li>\n<li>Conce\u00e7\u00e3o dimensional: Em fun\u00e7\u00e3o das diferentes situa\u00e7\u00f5es de aplica\u00e7\u00e3o, os clientes podem ter necessidades de tamanhos diferentes para os seus motores. No \u00e2mbito do seu servi\u00e7o, concebe as dimens\u00f5es da caixa para garantir que esta se adapta exatamente ao motor do cliente, respeitando simultaneamente os crit\u00e9rios de espa\u00e7o e de desempenho.<\/li>\n<li><a href=\"https:\/\/mnwell.com\/pt\/surface-treatment\/\">Tratamento de superf\u00edcie:<\/a> Para aumentar a longevidade e a est\u00e9tica, o tratamento de superf\u00edcie do inv\u00f3lucro do motor \u00e9 crucial. O tratamento de superf\u00edcie faz parte do seu servi\u00e7o para garantir que o inv\u00f3lucro funciona e tem bom aspeto numa s\u00e9rie de condi\u00e7\u00f5es.<\/li>\n<li>Trabalho de equipa profissional: Uma vez que d\u00e1 grande import\u00e2ncia ao trabalho em estreita colabora\u00e7\u00e3o com os clientes, a sua equipa ir\u00e1 colaborar e comunicar com eles de forma eficiente para garantir que as suas exig\u00eancias s\u00e3o devidamente reconhecidas e satisfeitas. Esta coopera\u00e7\u00e3o estreita permite garantir que as caixas de motor especializadas satisfazem as necessidades dos clientes.<\/li>\n<li>Orienta\u00e7\u00e3o para a satisfa\u00e7\u00e3o do cliente: Os vossos servi\u00e7os demonstram que est\u00e3o empenhados em satisfazer os requisitos e as expectativas dos vossos clientes. Ao oferecer uma gama completa de servi\u00e7os personalizados, compromete-se a garantir que os seus clientes ficam satisfeitos com o calibre e a funcionalidade da sua caixa de motor el\u00e9trico personalizada.<\/li>\n<li>Ampla aplica\u00e7\u00e3o: Os seus servi\u00e7os t\u00eam uma vasta gama de utiliza\u00e7\u00f5es em automa\u00e7\u00e3o industrial, novas energias, aeroespacial, fabrico autom\u00f3vel e outras ind\u00fastrias, uma vez que s\u00e3o adequados para diferentes tipos de motores.<\/li>\n<\/ol>\n<p><img loading=\"lazy\" decoding=\"async\" class=\"alignnone size-full wp-image-4048\" src=\"http:\/\/mnwell.com\/wp-content\/uploads\/2024\/01\/die-casting-process.jpg\" alt=\"\" width=\"750\" height=\"428\" srcset=\"https:\/\/mnwell.com\/wp-content\/uploads\/2024\/01\/die-casting-process.jpg 750w, https:\/\/mnwell.com\/wp-content\/uploads\/2024\/01\/die-casting-process-18x10.jpg 18w, https:\/\/mnwell.com\/wp-content\/uploads\/2024\/01\/die-casting-process-600x342.jpg 600w\" sizes=\"(max-width: 750px) 100vw, 750px\" \/><\/p>\n<p>&nbsp;<\/p>\n<h3>Garantia de qualidade<\/h3>\n<p>Cada produto \u00e9 submetido a um rigoroso controlo de qualidade para garantir que satisfaz as necessidades do cliente e as especifica\u00e7\u00f5es de conce\u00e7\u00e3o. Simultaneamente, fornecemos um apoio p\u00f3s-venda completo para abordar e resolver rapidamente os problemas que surgem durante a utiliza\u00e7\u00e3o do dispositivo. Fornecemos constantemente os melhores produtos e servi\u00e7os aos nossos clientes, defendendo a filosofia da qualidade em primeiro lugar.<\/p>\n<ol>\n<li>procedimento de inspe\u00e7\u00e3o de qualidade rigoroso: Cada produto personalizado \u00e9 sujeito a um rigoroso exame de qualidade pela nossa organiza\u00e7\u00e3o. Isto abrange todas as etapas do processo, desde a inspe\u00e7\u00e3o das mat\u00e9rias-primas, passando pelo controlo do processo de fabrico, at\u00e9 \u00e0 inspe\u00e7\u00e3o final do produto. Confirmamos que o produto satisfaz as normas de qualidade rigorosas e as especifica\u00e7\u00f5es de conce\u00e7\u00e3o ao passar por este conjunto de procedimentos de teste.<\/li>\n<li>Respeitar as especifica\u00e7\u00f5es do projeto: O objetivo do controlo de qualidade \u00e9 verificar se o produto satisfaz as necessidades espec\u00edficas do cliente e as normas de conce\u00e7\u00e3o. Isto aumenta a consist\u00eancia e a fiabilidade do produto e ajuda a evitar falhas de produ\u00e7\u00e3o.<\/li>\n<li>Satisfa\u00e7\u00e3o do consumidor: A nossa empresa dedica-se a garantir que os artigos possam corresponder \u00e0s expectativas dos consumidores atrav\u00e9s de testes de qualidade e servi\u00e7os especializados. Dar prioridade ao prazer do cliente promove liga\u00e7\u00f5es duradouras e aumenta a confian\u00e7a do consumidor na sua empresa.<\/li>\n<li>Apoio p\u00f3s-venda excecional: \u00e9 essencial prestar um apoio p\u00f3s-venda excecional. Para aumentar a confian\u00e7a dos consumidores no produto e proporcionar-lhes prote\u00e7\u00e3o adicional, a nossa organiza\u00e7\u00e3o dedica-se a resolver e gerir rapidamente os problemas que surgem durante a utiliza\u00e7\u00e3o do produto.<\/li>\n<li>A filosofia da qualidade em primeiro lugar: A nossa empresa defende constantemente a ideia da \"qualidade em primeiro lugar\". Esta dedica\u00e7\u00e3o \u00e9 evidente em todas as facetas da produ\u00e7\u00e3o de produtos, bem como na cultura e cren\u00e7as gerais da empresa, o que garante o desenvolvimento de uma imagem de marca fi\u00e1vel e superior no mercado.<\/li>\n<li>Bens e servi\u00e7os da melhor qualidade: A nossa empresa tem como objetivo diferenciar-se no mercado ferozmente competitivo, concentrando-se em bens e servi\u00e7os da \"melhor qualidade\". Isto \u00e9 evidente n\u00e3o s\u00f3 na qualidade dos produtos, mas tamb\u00e9m na forma como os clientes s\u00e3o tratados e no apoio p\u00f3s-compra prestado.<\/li>\n<li>melhoria cont\u00ednua: A ideia de melhoria cont\u00ednua \u00e9 incorporada pela \u00eanfase da nossa empresa na qualidade dos nossos produtos e servi\u00e7os. A sua empresa pode antecipar melhorias cont\u00ednuas no calibre dos seus bens e servi\u00e7os se avaliar e melhorar consistentemente os seus procedimentos.<\/li>\n<\/ol>\n<p>&nbsp;<\/p>","protected":false},"excerpt":{"rendered":"<p>Sele\u00e7\u00e3o de materiais: Materiais met\u00e1licos comuns: liga de alum\u00ednio, liga de magn\u00e9sio, etc., caixa do motor el\u00e9trico personalizada de acordo com a resist\u00eancia e dureza do material.<br \/>\nTamanho e forma da caixa: O tamanho e a forma geral da caixa s\u00e3o personalizados de acordo com os requisitos<br \/>\nEspessura da parede: A espessura da parede de cada parte do inv\u00f3lucro \u00e9 concebida de acordo com os requisitos estruturais e de resist\u00eancia.<br \/>\nPeso: O peso total da mala \u00e9 personalizado<br \/>\nTratamento de superf\u00edcie: m\u00e9todos de tratamento de superf\u00edcie, como a anodiza\u00e7\u00e3o, o revestimento electrofor\u00e9tico, a pulveriza\u00e7\u00e3o, etc.<br \/>\nPrecis\u00e3o de processamento: 0,01<br \/>\nConce\u00e7\u00e3o da dissipa\u00e7\u00e3o de calor: A conce\u00e7\u00e3o das alhetas de dissipa\u00e7\u00e3o de calor ou outras estruturas de dissipa\u00e7\u00e3o de calor para garantir o efeito de dissipa\u00e7\u00e3o de calor do motor quando este est\u00e1 a funcionar.<br \/>\nM\u00e9todo de instala\u00e7\u00e3o: O m\u00e9todo de instala\u00e7\u00e3o da caixa, incluindo a liga\u00e7\u00e3o por parafusos, o design de baioneta, etc.<\/p>","protected":false},"featured_media":4074,"template":"","meta":{"om_disable_all_campaigns":false,"_monsterinsights_skip_tracking":false,"_monsterinsights_sitenote_active":false,"_monsterinsights_sitenote_note":"","_monsterinsights_sitenote_category":0,"_uf_show_specific_survey":0,"_uf_disable_surveys":false,"site-sidebar-layout":"default","site-content-layout":"default","ast-global-header-display":"","ast-banner-title-visibility":"","ast-main-header-display":"","ast-hfb-above-header-display":"","ast-hfb-below-header-display":"","ast-hfb-mobile-header-display":"","site-post-title":"","ast-breadcrumbs-content":"","ast-featured-img":"","footer-sml-layout":"","theme-transparent-header-meta":"default","adv-header-id-meta":"","stick-header-meta":"","header-above-stick-meta":"","header-main-stick-meta":"","header-below-stick-meta":""},"product_cat":[18],"product_tag":[],"aioseo_notices":[],"_links":{"self":[{"href":"https:\/\/mnwell.com\/pt\/wp-json\/wp\/v2\/product\/4073"}],"collection":[{"href":"https:\/\/mnwell.com\/pt\/wp-json\/wp\/v2\/product"}],"about":[{"href":"https:\/\/mnwell.com\/pt\/wp-json\/wp\/v2\/types\/product"}],"wp:featuredmedia":[{"embeddable":true,"href":"https:\/\/mnwell.com\/pt\/wp-json\/wp\/v2\/media\/4074"}],"wp:attachment":[{"href":"https:\/\/mnwell.com\/pt\/wp-json\/wp\/v2\/media?parent=4073"}],"wp:term":[{"taxonomy":"product_cat","embeddable":true,"href":"https:\/\/mnwell.com\/pt\/wp-json\/wp\/v2\/product_cat?post=4073"},{"taxonomy":"product_tag","embeddable":true,"href":"https:\/\/mnwell.com\/pt\/wp-json\/wp\/v2\/product_tag?post=4073"}],"curies":[{"name":"wp","href":"https:\/\/api.w.org\/{rel}","templated":true}]}}