{"id":1954,"date":"2023-07-05T17:02:06","date_gmt":"2023-07-05T15:02:06","guid":{"rendered":"https:\/\/mnwell.com\/?post_type=product&#038;p=1954"},"modified":"2024-01-22T16:14:13","modified_gmt":"2024-01-22T15:14:13","slug":"high-pressure-aluminum-die-casting-parts","status":"publish","type":"product","link":"https:\/\/mnwell.com\/tr\/urun\/high-pressure-aluminum-die-casting-parts\/","title":{"rendered":"y\u00fcksek bas\u0131n\u00e7l\u0131 al\u00fcminyum d\u00f6k\u00fcm par\u00e7alar"},"content":{"rendered":"<p>Y\u00fcksek bas\u0131n\u00e7l\u0131 al\u00fcminyum d\u00f6k\u00fcm par\u00e7alar, erimi\u015f metalin y\u00fcksek bas\u0131n\u00e7l\u0131 enjeksiyonunu kullanarak metalin bir kal\u0131p i\u00e7inde h\u0131zla kat\u0131la\u015fmas\u0131na neden olur. H\u0131zl\u0131 kat\u0131la\u015fma, ince taneli bir yap\u0131 olu\u015fturmaya yard\u0131mc\u0131 olarak d\u00f6k\u00fcmlerin mekanik \u00f6zelliklerini ve y\u00fczey kalitesini iyile\u015ftirir. Y\u00fcksek bas\u0131n\u00e7l\u0131 d\u00f6k\u00fcm\u00fcn do\u011fas\u0131 gere\u011fi, hassas boyutlara ve p\u00fcr\u00fczs\u00fcz y\u00fczeylere sahip y\u00fcksek hassasiyetli d\u00f6k\u00fcmler \u00fcretebiliyoruz. Karma\u015f\u0131k \u00fcr\u00fcnlerin tasar\u0131m gereksinimlerini kar\u015f\u0131lamak i\u00e7in karma\u015f\u0131k geometrik \u015fekiller ve ince duvarl\u0131 yap\u0131lar ger\u00e7ekle\u015ftirebilir.<\/p>\n<p>Al\u00fcminyum malzemenin performans\u0131, y\u00fcksek mukavemet ve kolay i\u015fleme \u00f6zelliklerine sahiptir, bu nedenle <a href=\"https:\/\/mnwell.com\/tr\/what-are-high-pressure-aluminum-die-casting-parts\/\">y\u00fcksek bas\u0131n\u00e7l\u0131 al\u00fcminyum d\u00f6k\u00fcmler<\/a> otomobil par\u00e7alar\u0131, uzay arac\u0131 par\u00e7alar\u0131 ve elektronik, ev aletleri, end\u00fcstriyel makine bekleme gibi belirli par\u00e7alar\u0131n uygulama gereksinimlerini kar\u015f\u0131layabilen y\u00fcksek mukavemet, sertlik ve a\u015f\u0131nma direncine sahiptir.<\/p>\n<p>Firmam\u0131z y\u00fcksek bas\u0131n\u00e7l\u0131 kal\u0131p d\u00f6k\u00fcm teknolojisinde uzmand\u0131r ve y\u00fcksek verimli \u00fcretim yapabilen kal\u0131p d\u00f6k\u00fcm ekipmanlar\u0131na sahiptir. Y\u00fcksek bas\u0131n\u00e7l\u0131 al\u00fcminyum par\u00e7alar i\u00e7in fikirlerinizi bizimle payla\u015fmaya ho\u015f geldiniz. M\u00fchendislerimiz m\u00fcmk\u00fcn olan en k\u0131sa s\u00fcrede sizinle ileti\u015fime ge\u00e7ecektir. Al\u00fcminyum ala\u015f\u0131m\u0131 gibi ba\u015fka malzemeler varsa, magnezyum ala\u015f\u0131m\u0131 ve \u00e7inko ala\u015f\u0131m\u0131n\u0131n y\u00fcksek bas\u0131n\u00e7l\u0131 d\u00f6k\u00fcm ihtiya\u00e7lar\u0131 i\u00e7in de bizimle ileti\u015fime ge\u00e7ebilirsiniz.<\/p>\n<p><img loading=\"lazy\" decoding=\"async\" class=\"alignnone wp-image-4009 size-full\" src=\"http:\/\/mnwell.com\/wp-content\/uploads\/2023\/07\/IMG_20231021_121116.jpg\" alt=\"High-pressure casting\" width=\"800\" height=\"800\" srcset=\"https:\/\/mnwell.com\/wp-content\/uploads\/2023\/07\/IMG_20231021_121116.jpg 800w, https:\/\/mnwell.com\/wp-content\/uploads\/2023\/07\/IMG_20231021_121116-150x150.jpg 150w, https:\/\/mnwell.com\/wp-content\/uploads\/2023\/07\/IMG_20231021_121116-768x768.jpg 768w, https:\/\/mnwell.com\/wp-content\/uploads\/2023\/07\/IMG_20231021_121116-12x12.jpg 12w, https:\/\/mnwell.com\/wp-content\/uploads\/2023\/07\/IMG_20231021_121116-300x300.jpg 300w, https:\/\/mnwell.com\/wp-content\/uploads\/2023\/07\/IMG_20231021_121116-600x600.jpg 600w, https:\/\/mnwell.com\/wp-content\/uploads\/2023\/07\/IMG_20231021_121116-100x100.jpg 100w\" sizes=\"(max-width: 800px) 100vw, 800px\" \/><\/p>\n<h3>\u00d6zel Y\u00fcksek Bas\u0131n\u00e7l\u0131 Al\u00fcminyum D\u00f6k\u00fcm Par\u00e7alar\u0131<\/h3>\n<p>\u00d6zelle\u015ftirilmi\u015f y\u00fcksek bas\u0131n\u00e7l\u0131 kal\u0131p d\u00f6k\u00fcm par\u00e7alar\u0131 sa\u011fl\u0131yoruz. Firmam\u0131z iyi bir \u00fcne sahiptir ve y\u00fcksek bas\u0131n\u00e7l\u0131 d\u00f6k\u00fcm konusunda profesyonel bilgi ve teknik deneyime sahiptir. \u0130htiyac\u0131n\u0131z olan kal\u0131p d\u00f6k\u00fcm \u00f6nerilerini ve \u00e7\u00f6z\u00fcmlerini size sunmak i\u00e7in eksiksiz bir kalite kontrol sistemimiz ve geli\u015fmi\u015f ekipman\u0131m\u0131z var. A\u015fa\u011f\u0131dakiler, ger\u00e7ek duruma g\u00f6re uygulanan \u00f6zelle\u015ftirilmi\u015f ad\u0131mlar\u0131m\u0131zd\u0131r:<\/p>\n<ul>\n<li>Gereksinimleri ve teknik \u00f6zellikleri belirleme<\/li>\n<li>Derinlemesine ileti\u015fim<\/li>\n<li>Malzeme tespiti ve proje tespiti<\/li>\n<li>Tasar\u0131m ve Kal\u0131p Yap\u0131m\u0131<\/li>\n<li>Numune haz\u0131rlama, \u00fcr\u00fcn testi<\/li>\n<li>seri\u0307 \u00fcreti\u0307m<\/li>\n<li>Sonraki i\u015flemler (y\u00fczey i\u015fleme ve montaj, vb.)<\/li>\n<li>Paketleme ve nakliye<\/li>\n<\/ul>\n<p>\u015eirketimiz, nihai \u00fcr\u00fcn\u00fcn gereksinimlerinizi kar\u015f\u0131lad\u0131\u011f\u0131ndan emin olmak i\u00e7in y\u00fcksek bas\u0131n\u00e7l\u0131 al\u00fcminyum kal\u0131p d\u00f6k\u00fcm par\u00e7alar\u0131n\u0131, derinlemesine al\u0131\u015fveri\u015fleri ve m\u00fczakereleri \u00f6zelle\u015ftirme s\u00fcrecinde m\u00fc\u015fterilerle yak\u0131n ileti\u015fim kurar. Ayr\u0131ca, m\u00fc\u015fterilerimize profesyonel kal\u0131p d\u00f6k\u00fcm hizmetleri sunmak i\u00e7in ekipmanlar\u0131m\u0131z\u0131 s\u00fcrekli olarak y\u00fckseltiyor ve profesyonel teknik personel ile donat\u0131yoruz.<\/p>\n<p><img loading=\"lazy\" decoding=\"async\" class=\"alignnone wp-image-4010 size-full\" src=\"http:\/\/mnwell.com\/wp-content\/uploads\/2023\/07\/IMG_20231021_121106.jpg\" alt=\"igh pressure aluminum die castings\" width=\"800\" height=\"800\" srcset=\"https:\/\/mnwell.com\/wp-content\/uploads\/2023\/07\/IMG_20231021_121106.jpg 800w, https:\/\/mnwell.com\/wp-content\/uploads\/2023\/07\/IMG_20231021_121106-150x150.jpg 150w, https:\/\/mnwell.com\/wp-content\/uploads\/2023\/07\/IMG_20231021_121106-768x768.jpg 768w, https:\/\/mnwell.com\/wp-content\/uploads\/2023\/07\/IMG_20231021_121106-12x12.jpg 12w, https:\/\/mnwell.com\/wp-content\/uploads\/2023\/07\/IMG_20231021_121106-300x300.jpg 300w, https:\/\/mnwell.com\/wp-content\/uploads\/2023\/07\/IMG_20231021_121106-600x600.jpg 600w, https:\/\/mnwell.com\/wp-content\/uploads\/2023\/07\/IMG_20231021_121106-100x100.jpg 100w\" sizes=\"(max-width: 800px) 100vw, 800px\" \/><\/p>\n<p>&nbsp;<\/p>\n<h3>Y\u00fcksek bas\u0131n\u00e7l\u0131 al\u00fcminyum d\u00f6k\u00fcmlerin avantajlar\u0131<\/h3>\n<ol>\n<li>G\u00fc\u00e7: M\u00fckemmel mukavemet\/a\u011f\u0131rl\u0131k oran\u0131 nedeniyle, al\u00fcminyum d\u00f6k\u00fcmler hafif ve dayan\u0131kl\u0131 olmas\u0131 gereken uygulamalar i\u00e7in iyi bir se\u00e7imdir.<\/li>\n<li>Karma\u015f\u0131kl\u0131k: Y\u00fcksek bas\u0131n\u00e7l\u0131 bas\u0131n\u00e7l\u0131 d\u00f6k\u00fcm, s\u0131k\u0131 toleranslara sahip karma\u015f\u0131k par\u00e7alar \u00fcreterek ekstra i\u015fleme ihtiyac\u0131n\u0131 ortadan kald\u0131r\u0131r.<\/li>\n<li>Uygun maliyetli: Al\u00fcminyum bas\u0131n\u00e7l\u0131 d\u00f6k\u00fcm, \u00e7ok az malzeme israf\u0131 ile \u00e7ok say\u0131da bile\u015fen \u00fcretebildi\u011finden, uygun maliyetli bir \u00fcretim s\u00fcrecidir.<\/li>\n<li>Korozyon Direnci: Al\u00fcminyumun koruyucu oksit tabakas\u0131 do\u011fal olarak b\u00fcy\u00fcyerek korozyona kar\u015f\u0131 ola\u011fan\u00fcst\u00fc diren\u00e7 sa\u011flar ve par\u00e7an\u0131n \u00f6mr\u00fcn\u00fc uzat\u0131r.<\/li>\n<li>Is\u0131 Da\u011f\u0131t\u0131m\u0131: Al\u00fcminyum, y\u00fcksek \u0131s\u0131 iletkenli\u011fi nedeniyle etkili \u0131s\u0131 da\u011f\u0131t\u0131m\u0131 gerektiren uygulamalar i\u00e7in m\u00fckemmel bir malzeme se\u00e7ene\u011fidir.<\/li>\n<\/ol>\n<h3>Y\u00fcksek bas\u0131n\u00e7l\u0131 al\u00fcminyum d\u00f6k\u00fcm uygulamalar\u0131<\/h3>\n<ol>\n<li>otomobil: Motor par\u00e7alar\u0131, \u015fanz\u0131man muhafazalar\u0131 ve yap\u0131sal par\u00e7alar otomobil sekt\u00f6r\u00fcnde kullan\u0131lan \u00fcr\u00fcnler aras\u0131ndad\u0131r.<\/li>\n<li>Elektronik: Optimum performans ve g\u00fcvenilirli\u011fi garanti etmek i\u00e7in \u0131s\u0131 al\u0131c\u0131lar\u0131, ba\u011flant\u0131lar ve elektronik muhafazalar i\u00e7in d\u00f6k\u00fcm bile\u015fenler sa\u011fl\u0131yoruz.<\/li>\n<li>Havac\u0131l\u0131k ve Uzay: \u00dcr\u00fcnlerimiz, u\u00e7ak bile\u015fenleri i\u00e7in hafif ve uzun \u00f6m\u00fcrl\u00fc \u00e7\u00f6z\u00fcmlerdir ve havac\u0131l\u0131k sekt\u00f6r\u00fcn\u00fcn kat\u0131 spesifikasyonlar\u0131n\u0131 kar\u015f\u0131lar.<\/li>\n<li>End\u00fcstriyel Makineler: Pompalar, valfler ve hidrolik sistemler y\u00fcksek bas\u0131n\u00e7l\u0131 al\u00fcminyum d\u00f6k\u00fcmlerimizin kullan\u0131m alanlar\u0131ndan sadece birka\u00e7\u0131d\u0131r.<\/li>\n<li>T\u00fcketici \u00dcr\u00fcnleri: Elektrikli aletler, spor malzemeleri ve ev aletleri de dahil olmak \u00fczere bir dizi t\u00fcketim \u00fcr\u00fcn\u00fc i\u00e7in bas\u0131n\u00e7l\u0131 d\u00f6k\u00fcm bile\u015fenler sa\u011fl\u0131yoruz.<\/li>\n<\/ol>\n<p><img loading=\"lazy\" decoding=\"async\" class=\"alignnone wp-image-4011 size-full\" src=\"http:\/\/mnwell.com\/wp-content\/uploads\/2023\/07\/IMG_20231021_120955.jpg\" alt=\"high pressure aluminum die castings-2\" width=\"800\" height=\"800\" srcset=\"https:\/\/mnwell.com\/wp-content\/uploads\/2023\/07\/IMG_20231021_120955.jpg 800w, https:\/\/mnwell.com\/wp-content\/uploads\/2023\/07\/IMG_20231021_120955-150x150.jpg 150w, https:\/\/mnwell.com\/wp-content\/uploads\/2023\/07\/IMG_20231021_120955-768x768.jpg 768w, https:\/\/mnwell.com\/wp-content\/uploads\/2023\/07\/IMG_20231021_120955-12x12.jpg 12w, https:\/\/mnwell.com\/wp-content\/uploads\/2023\/07\/IMG_20231021_120955-300x300.jpg 300w, https:\/\/mnwell.com\/wp-content\/uploads\/2023\/07\/IMG_20231021_120955-600x600.jpg 600w, https:\/\/mnwell.com\/wp-content\/uploads\/2023\/07\/IMG_20231021_120955-100x100.jpg 100w\" sizes=\"(max-width: 800px) 100vw, 800px\" \/><\/p>\n<p>&nbsp;<\/p>\n<h3>Neden bizi se\u00e7melisiniz?<\/h3>\n<ol>\n<li>Uzmanl\u0131\u011f\u0131m\u0131z: Birinci s\u0131n\u0131f bas\u0131n\u00e7l\u0131 d\u00f6k\u00fcmler yaratmak ve \u00fcretmek, bilgili m\u00fchendisler ve ustalardan olu\u015fan grubumuzun uzun y\u0131llara dayanan bir uzmanl\u0131\u011f\u0131d\u0131r.<\/li>\n<li>Kalite: Bile\u015fenlerimizin en y\u00fcksek gereksinimleri kar\u015f\u0131lamas\u0131n\u0131 garanti etmek i\u00e7in, t\u00fcm \u00fcretim s\u00fcreci boyunca s\u0131k\u0131 kalite kontrol prosed\u00fcrleri kullan\u0131yoruz.<\/li>\n<li>\u00d6zelle\u015ftirme: Y\u00fczey i\u015flemlerinden tasar\u0131m ayarlamalar\u0131na kadar, benzersiz ihtiya\u00e7lar\u0131n\u0131z\u0131 kar\u015f\u0131lamak i\u00e7in \u0131smarlama \u00e7\u00f6z\u00fcmler sunuyoruz.<\/li>\n<li>Zaman\u0131nda Teslimat: Zaman\u0131nda teslimat\u0131n de\u011ferinin fark\u0131nday\u0131z ve kaliteden \u00f6d\u00fcn vermeden m\u00fc\u015fterilerimizin taleplerini yerine getirmek i\u00e7in \u00e7ok \u00e7al\u0131\u015f\u0131yoruz.<\/li>\n<li>M\u00fc\u015fteri mutlulu\u011fu birinci \u00f6nceli\u011fimizdir ve taleplerinin kar\u015f\u0131land\u0131\u011f\u0131ndan emin olmak i\u00e7in onlarla yak\u0131n i\u015fbirli\u011fi i\u00e7inde \u00e7al\u0131\u015f\u0131r\u0131z.<\/li>\n<\/ol>\n<p>\u0130ster otomotiv, elektronik, havac\u0131l\u0131k veya ba\u015fka bir sekt\u00f6r i\u00e7in olsun, istedi\u011finiz y\u00fcksek bas\u0131n\u00e7l\u0131 al\u00fcminyum d\u00f6k\u00fcm bile\u015fenleri sa\u011flayacak bilgi ve kaynaklara sahibiz. Proje gereksinimlerinizi ke\u015ffetmek ve size nas\u0131l yard\u0131mc\u0131 olabilece\u011fimizi \u00f6\u011frenmek i\u00e7in hemen \u015fimdi bizimle ileti\u015fime ge\u00e7in.<\/p>\n<p>&nbsp;<\/p>\n<p><img loading=\"lazy\" decoding=\"async\" class=\"alignnone size-full wp-image-1953\" src=\"http:\/\/mnwell.com\/wp-content\/uploads\/2023\/07\/AYU9598.jpg\" alt=\"mindwell die casting factory\" width=\"750\" height=\"500\" srcset=\"https:\/\/mnwell.com\/wp-content\/uploads\/2023\/07\/AYU9598.jpg 750w, https:\/\/mnwell.com\/wp-content\/uploads\/2023\/07\/AYU9598-600x400.jpg 600w\" sizes=\"(max-width: 750px) 100vw, 750px\" \/><\/p>\n<p>&nbsp;<\/p>\n<h3>Y\u00fcksek bas\u0131n\u00e7l\u0131 al\u00fcminyum d\u00f6k\u00fcm nedir?<\/h3>\n<p>Y\u00fcksek bas\u0131n\u00e7l\u0131 al\u00fcminyum d\u00f6k\u00fcm ad\u0131 verilen sofistike bir \u00fcretim tekni\u011fi, erimi\u015f al\u00fcminyumun y\u00fcksek bas\u0131n\u00e7 alt\u0131nda \u00e7elik bir kal\u0131ba veya kal\u0131ba enjekte edilmesini i\u00e7erir. Bu prosed\u00fcr, m\u00fckemmel y\u00fczey kalitesine ve s\u0131k\u0131 toleranslara sahip karma\u015f\u0131k par\u00e7alar\u0131 ustal\u0131kla yarat\u0131r.<\/p>\n<p>Al\u00fcminyumdan yap\u0131lan bas\u0131n\u00e7l\u0131 d\u00f6k\u00fcmler, ola\u011fan\u00fcst\u00fc g\u00fc\u00e7leri, d\u00fc\u015f\u00fck a\u011f\u0131rl\u0131klar\u0131 ve korozyona dayanma kabiliyetleri nedeniyle \u00e7ok y\u00f6nl\u00fcd\u00fcr. Erimi\u015f al\u00fcminyumun kal\u0131b\u0131 tamamen doldurmas\u0131n\u0131 sa\u011flamak i\u00e7in \u00fcretim s\u00fcreci boyunca y\u00fcksek bas\u0131n\u00e7 kullan\u0131l\u0131r, b\u00f6ylece kusursuz ve bo\u015fluksuz par\u00e7alar \u00fcretilir.<\/p>\n<h4>S\u00fcre\u00e7teki ad\u0131mlar:<\/h4>\n<ul>\n<li>Hammaddelerin haz\u0131rlanmas\u0131: Birinci s\u0131n\u0131f al\u00fcminyum ala\u015f\u0131ml\u0131 malzemeler se\u00e7erek i\u015fe ba\u015flay\u0131n. Al\u00fcminyum, bak\u0131r, \u00e7inko ve di\u011fer elementler genellikle bile\u015fenin mukavemetini ve di\u011fer \u00f6zelliklerini geli\u015ftirmek i\u00e7in bu ala\u015f\u0131mlara eklenir.<\/li>\n<li>Kal\u0131p Tasar\u0131m\u0131 ve \u0130malat\u0131: Bitmi\u015f \u00fcr\u00fcn\u00fcn uygun form ve boyutta olmas\u0131n\u0131 ve y\u00fcksek bas\u0131n\u00e7l\u0131 enjeksiyon kuvvetine dayanabilmesini sa\u011flamak i\u00e7in \u00e7elik kal\u0131b\u0131n tasar\u0131m\u0131 \u00e7ok \u00f6nemlidir.<\/li>\n<li>Al\u00fcminyum ala\u015f\u0131m\u0131n\u0131n eritilmesi: Erimi\u015f bir hal olu\u015fturmak i\u00e7in al\u00fcminyum ala\u015f\u0131m\u0131 erime noktas\u0131na kadar \u0131s\u0131t\u0131l\u0131r. Ala\u015f\u0131m\u0131n do\u011fru ak\u0131\u015fkanl\u0131\u011fa sahip oldu\u011fundan emin olmak i\u00e7in bu a\u015fama genellikle elektrikli bir f\u0131r\u0131nda ger\u00e7ekle\u015ftirilir.<\/li>\n<li>Enjeksiyon prosed\u00fcr\u00fc: Y\u00fcksek bas\u0131n\u00e7l\u0131 bir d\u00f6k\u00fcm makinesi veya \u00f6nceden haz\u0131rlanm\u0131\u015f bir \u00e7elik kal\u0131p h\u0131zla erimi\u015f al\u00fcminyum ala\u015f\u0131m\u0131 ile doldurulur.<\/li>\n<li>Bas\u0131n\u00e7l\u0131 D\u00f6k\u00fcm ve So\u011futma: Al\u00fcminyum ala\u015f\u0131m\u0131 kal\u0131p kapal\u0131yken kal\u0131p i\u00e7inde so\u011fur ve kat\u0131la\u015f\u0131r. Bu, bile\u015fenlerin hassasiyetini ve stabilitesini garanti eder.<\/li>\n<li>Kal\u0131b\u0131n a\u00e7\u0131lmas\u0131 ve c\u00fcrufun \u00e7\u0131kar\u0131lmas\u0131: Bile\u015fen tamamen so\u011fuduktan sonra kal\u0131p a\u00e7\u0131larak al\u00fcminyum ala\u015f\u0131ml\u0131 bile\u015fen ortaya \u00e7\u0131kar. Bu noktada, d\u00fczeltme ve c\u00fcruf giderme gibi y\u00fczey haz\u0131rlama prosed\u00fcrleri gerekli olabilir.<\/li>\n<li>Is\u0131l \u0130\u015flem (\u0130ste\u011fe Ba\u011fl\u0131): Bir par\u00e7an\u0131n mekanik niteliklerini ve korozyona kar\u015f\u0131 direncini art\u0131rmak i\u00e7in bazen \u0131s\u0131l i\u015flem gerekli olabilir.<\/li>\n<\/ul>\n<p>&nbsp;<\/p>","protected":false},"excerpt":{"rendered":"<p>Y\u00fcksek bas\u0131n\u00e7l\u0131 al\u00fcminyum d\u00f6k\u00fcm par\u00e7alar, erimi\u015f metalin y\u00fcksek bas\u0131n\u00e7l\u0131 enjeksiyonunu kullanarak metalin bir kal\u0131p i\u00e7inde h\u0131zla kat\u0131la\u015fmas\u0131na neden olur. H\u0131zl\u0131 kat\u0131la\u015fma, ince taneli bir yap\u0131 olu\u015fturmaya yard\u0131mc\u0131 olarak d\u00f6k\u00fcmlerin mekanik \u00f6zelliklerini ve y\u00fczey kalitesini iyile\u015ftirir. Y\u00fcksek bas\u0131n\u00e7l\u0131 d\u00f6k\u00fcm\u00fcn do\u011fas\u0131 gere\u011fi, hassas boyutlara ve p\u00fcr\u00fczs\u00fcz y\u00fczeylere sahip y\u00fcksek hassasiyetli d\u00f6k\u00fcmler \u00fcretebiliyoruz. Karma\u015f\u0131k \u00fcr\u00fcnlerin tasar\u0131m gereksinimlerini kar\u015f\u0131lamak i\u00e7in karma\u015f\u0131k geometrik \u015fekiller ve ince duvarl\u0131 yap\u0131lar ger\u00e7ekle\u015ftirebilir.<\/p>\n<p>Al\u00fcminyum malzemenin performans\u0131, y\u00fcksek mukavemet ve kolay i\u015fleme \u00f6zelliklerine sahiptir, bu nedenle <a href=\"https:\/\/mnwell.com\/tr\/what-are-high-pressure-aluminum-die-casting-parts\/\">y\u00fcksek bas\u0131n\u00e7l\u0131 al\u00fcminyum d\u00f6k\u00fcmler<\/a> otomobil par\u00e7alar\u0131, uzay arac\u0131 par\u00e7alar\u0131 ve elektronik, ev aletleri, end\u00fcstriyel makine bekleme gibi belirli par\u00e7alar\u0131n uygulama gereksinimlerini kar\u015f\u0131layabilen y\u00fcksek mukavemet, sertlik ve a\u015f\u0131nma direncine sahiptir.<\/p>","protected":false},"featured_media":4007,"template":"","meta":{"om_disable_all_campaigns":false,"_monsterinsights_skip_tracking":false,"_monsterinsights_sitenote_active":false,"_monsterinsights_sitenote_note":"","_monsterinsights_sitenote_category":0,"_uf_show_specific_survey":0,"_uf_disable_surveys":false,"site-sidebar-layout":"default","site-content-layout":"default","ast-global-header-display":"","ast-banner-title-visibility":"","ast-main-header-display":"","ast-hfb-above-header-display":"","ast-hfb-below-header-display":"","ast-hfb-mobile-header-display":"","site-post-title":"","ast-breadcrumbs-content":"","ast-featured-img":"","footer-sml-layout":"","theme-transparent-header-meta":"default","adv-header-id-meta":"","stick-header-meta":"","header-above-stick-meta":"","header-main-stick-meta":"","header-below-stick-meta":""},"product_cat":[18],"product_tag":[47,45,46],"aioseo_notices":[],"_links":{"self":[{"href":"https:\/\/mnwell.com\/tr\/wp-json\/wp\/v2\/product\/1954"}],"collection":[{"href":"https:\/\/mnwell.com\/tr\/wp-json\/wp\/v2\/product"}],"about":[{"href":"https:\/\/mnwell.com\/tr\/wp-json\/wp\/v2\/types\/product"}],"wp:featuredmedia":[{"embeddable":true,"href":"https:\/\/mnwell.com\/tr\/wp-json\/wp\/v2\/media\/4007"}],"wp:attachment":[{"href":"https:\/\/mnwell.com\/tr\/wp-json\/wp\/v2\/media?parent=1954"}],"wp:term":[{"taxonomy":"product_cat","embeddable":true,"href":"https:\/\/mnwell.com\/tr\/wp-json\/wp\/v2\/product_cat?post=1954"},{"taxonomy":"product_tag","embeddable":true,"href":"https:\/\/mnwell.com\/tr\/wp-json\/wp\/v2\/product_tag?post=1954"}],"curies":[{"name":"wp","href":"https:\/\/api.w.org\/{rel}","templated":true}]}}