{"id":1986,"date":"2023-07-09T08:34:28","date_gmt":"2023-07-09T06:34:28","guid":{"rendered":"https:\/\/mnwell.com\/?post_type=product&#038;p=1986"},"modified":"2023-12-22T16:06:49","modified_gmt":"2023-12-22T15:06:49","slug":"products-made-from-die-casting","status":"publish","type":"product","link":"https:\/\/mnwell.com\/tr\/urun\/products-made-from-die-casting\/","title":{"rendered":"bas\u0131n\u00e7l\u0131 d\u00f6k\u00fcmden \u00fcretilen \u00fcr\u00fcnler"},"content":{"rendered":"<p>Bas\u0131n\u00e7l\u0131 d\u00f6k\u00fcmden yap\u0131lan \u00fcr\u00fcnler end\u00fcstriyel ekipmanlar, otomobiller, t\u0131bbi tedavi ve mobilya gibi \u00e7e\u015fitli alanlarda yayg\u0131n olarak kullan\u0131lmaktad\u0131r. \u00dcretimde de s\u0131k s\u0131k kar\u015f\u0131m\u0131za \u00e7\u0131k\u0131yor.<\/p>\n<h3>S\u0131n\u0131fland\u0131rma<\/h3>\n<p>Bir\u00e7ok kal\u0131p d\u00f6k\u00fcm \u00fcr\u00fcn\u00fc t\u00fcr\u00fc vard\u0131r. Malzemeye g\u00f6re, bunlar\u0131 al\u00fcminyum ala\u015f\u0131ml\u0131 kal\u0131p d\u00f6k\u00fcm par\u00e7alar\u0131, \u00e7inko ala\u015f\u0131ml\u0131 kal\u0131p d\u00f6k\u00fcm par\u00e7alar\u0131, magnezyum ala\u015f\u0131ml\u0131 kal\u0131p d\u00f6k\u00fcm par\u00e7alar\u0131, bak\u0131r ala\u015f\u0131ml\u0131 kal\u0131p d\u00f6k\u00fcm par\u00e7alar\u0131 vb. \u00d6zel kal\u0131p d\u00f6k\u00fcm \u00fcr\u00fcnleri i\u00e7in fikirleriniz varsa, sizinle ileti\u015fim kurmaktan mutluluk duyar\u0131z.<\/p>\n<p>Bas\u0131n\u00e7l\u0131 d\u00f6k\u00fcmden \u00fcretilen \u00fcr\u00fcnlerle ilgili deneyimimiz:<\/p>\n<ul>\n<li>Al\u00fcminyum ala\u015f\u0131ml\u0131 bas\u0131n\u00e7l\u0131 d\u00f6k\u00fcm en yayg\u0131n olan\u0131d\u0131r. Sadece iyi mekanik \u00f6zelliklere sahip olmakla kalmaz, ayn\u0131 zamanda m\u00fckemmel termal iletkenli\u011fe, elektrik iletkenli\u011fine ve korozyon direncine sahiptir. Bu nedenle otomobil, havac\u0131l\u0131k, uzay, elektronik ve end\u00fcstriyel makine alanlar\u0131nda geni\u015f bir uygulama alan\u0131na sahiptir.<\/li>\n<li><a href=\"https:\/\/mnwell.com\/tr\/urun\/zinc-alloy-die-casting-product\/\">\u00c7inko ala\u015f\u0131ml\u0131 d\u00f6k\u00fcmler<\/a> d\u00fc\u015f\u00fck yo\u011funluk, y\u00fcksek mukavemet, a\u015f\u0131nma direnci ve korozyon direnci avantajlar\u0131na sahiptir. Ev aletleri, elektronik aletler, otomobil par\u00e7alar\u0131, in\u015faat donan\u0131m\u0131, el yap\u0131m\u0131 hediyeler ve di\u011fer alanlarda yayg\u0131n olarak kullan\u0131l\u0131r.<\/li>\n<li>Magnezyum ala\u015f\u0131ml\u0131 d\u00f6k\u00fcmler d\u00fc\u015f\u00fck yo\u011funluk, y\u00fcksek mukavemet, y\u00fcksek s\u0131cakl\u0131k direnci ve m\u00fckemmel darbe direnci \u00f6zelliklerine sahiptir, bu nedenle otomobil motorlar\u0131nda, hidrolik sistemlerde, havac\u0131l\u0131k ekipmanlar\u0131nda, silahlarda, spor ekipmanlar\u0131nda ve di\u011fer alanlarda yayg\u0131n olarak kullan\u0131l\u0131rlar.<\/li>\n<li>Bak\u0131r ala\u015f\u0131ml\u0131 bas\u0131n\u00e7l\u0131 d\u00f6k\u00fcm, y\u00fcksek kaliteli bir bas\u0131n\u00e7l\u0131 d\u00f6k\u00fcmd\u00fcr ve bak\u0131r\u0131n iyi elektriksel ve termal iletkenli\u011fe sahip olmas\u0131 ve iyi korozyon direnci nedeniyle, genellikle elektrikli par\u00e7alar\u0131n, bisiklet par\u00e7alar\u0131n\u0131n, otomobil par\u00e7alar\u0131n\u0131n vb. \u00fcretiminde kullan\u0131l\u0131r.<\/li>\n<\/ul>\n<p>Yukar\u0131dakiler en yayg\u0131n bas\u0131n\u00e7l\u0131 d\u00f6k\u00fcm \u00fcr\u00fcnlerimiz ve farkl\u0131 malzemelerin uygulamalar\u0131d\u0131r. Bas\u0131n\u00e7l\u0131 d\u00f6k\u00fcm \u00fcr\u00fcnleri bir\u00e7ok alana uygulanabilir ve farkl\u0131 alanlara kalite g\u00fcvencesi ve ekonomik faydalar sa\u011flar. Belirli bir \u00fcr\u00fcn \u00fcretmeniz gerekiyorsa, l\u00fctfen kal\u0131p d\u00f6k\u00fcm i\u015flemi ile \u00fcretilip \u00fcretilemeyece\u011fini d\u00fc\u015f\u00fcn\u00fcn. Bize \u00e7izimi de g\u00f6nderebilirsiniz, size profesyonel tavsiyeler verece\u011fiz ve sizin i\u00e7in gizli tutaca\u011f\u0131z.<\/p>\n<p>&nbsp;<\/p>\n<h3>Bas\u0131n\u00e7l\u0131 d\u00f6k\u00fcm \u00fcr\u00fcn parametreleri<\/h3>\n<ol>\n<li>\u00dcr\u00fcn malzemesi: al\u00fcminyum ala\u015f\u0131m\u0131 ADC10, ADC12, A360, A380, A413, A356, \u00e7inko ala\u015f\u0131m\u0131 3#, 5#, 8#, magnezyum ala\u015f\u0131m\u0131, pirin\u00e7, bak\u0131r<\/li>\n<li>\u0130\u015fleme kapasitesi: \u015eirketin kal\u0131p d\u00f6k\u00fcm makineleri (88 ton, 280 ton, 400 ton, 500 ton, 800 ton ve 1250 ton), k\u0131v\u0131lc\u0131m makineleri ve bir CNC i\u015fleme merkezi vard\u0131r<\/li>\n<li>\u00c7izim format\u0131: step, dwg, igs, pdf<\/li>\n<li>QC sistemi: 100% muayene veya paketlemeden \u00f6nce tek tek muayene<\/li>\n<\/ol>\n<p><img loading=\"lazy\" decoding=\"async\" class=\"alignnone size-full wp-image-1987\" src=\"http:\/\/mnwell.com\/wp-content\/uploads\/2023\/07\/AYU9529.jpg\" alt=\"products made from die casting\" width=\"800\" height=\"800\" srcset=\"https:\/\/mnwell.com\/wp-content\/uploads\/2023\/07\/AYU9529.jpg 800w, https:\/\/mnwell.com\/wp-content\/uploads\/2023\/07\/AYU9529-150x150.jpg 150w, https:\/\/mnwell.com\/wp-content\/uploads\/2023\/07\/AYU9529-768x768.jpg 768w, https:\/\/mnwell.com\/wp-content\/uploads\/2023\/07\/AYU9529-300x300.jpg 300w, https:\/\/mnwell.com\/wp-content\/uploads\/2023\/07\/AYU9529-600x600.jpg 600w, https:\/\/mnwell.com\/wp-content\/uploads\/2023\/07\/AYU9529-100x100.jpg 100w\" sizes=\"(max-width: 800px) 100vw, 800px\" \/><img loading=\"lazy\" decoding=\"async\" class=\"alignnone size-full wp-image-1946\" src=\"http:\/\/mnwell.com\/wp-content\/uploads\/2023\/07\/AYU9497.jpg\" alt=\"die cast aluminum heat sink\" width=\"800\" height=\"800\" srcset=\"https:\/\/mnwell.com\/wp-content\/uploads\/2023\/07\/AYU9497.jpg 800w, https:\/\/mnwell.com\/wp-content\/uploads\/2023\/07\/AYU9497-150x150.jpg 150w, https:\/\/mnwell.com\/wp-content\/uploads\/2023\/07\/AYU9497-768x768.jpg 768w, https:\/\/mnwell.com\/wp-content\/uploads\/2023\/07\/AYU9497-300x300.jpg 300w, https:\/\/mnwell.com\/wp-content\/uploads\/2023\/07\/AYU9497-600x600.jpg 600w, https:\/\/mnwell.com\/wp-content\/uploads\/2023\/07\/AYU9497-100x100.jpg 100w\" sizes=\"(max-width: 800px) 100vw, 800px\" \/><img loading=\"lazy\" decoding=\"async\" class=\"alignnone size-full wp-image-1975\" src=\"http:\/\/mnwell.com\/wp-content\/uploads\/2023\/07\/01.jpg\" alt=\"\" width=\"800\" height=\"800\" srcset=\"https:\/\/mnwell.com\/wp-content\/uploads\/2023\/07\/01.jpg 800w, https:\/\/mnwell.com\/wp-content\/uploads\/2023\/07\/01-150x150.jpg 150w, https:\/\/mnwell.com\/wp-content\/uploads\/2023\/07\/01-768x768.jpg 768w, https:\/\/mnwell.com\/wp-content\/uploads\/2023\/07\/01-300x300.jpg 300w, https:\/\/mnwell.com\/wp-content\/uploads\/2023\/07\/01-600x600.jpg 600w, https:\/\/mnwell.com\/wp-content\/uploads\/2023\/07\/01-100x100.jpg 100w\" sizes=\"(max-width: 800px) 100vw, 800px\" \/><\/p>\n<p>&nbsp;<\/p>\n<h3>Bas\u0131n\u00e7l\u0131 d\u00f6k\u00fcm \u00fcr\u00fcnlerinin \u015fekli ve boyutu<\/h3>\n<p>\u00c7e\u015fitli tonajlarda kal\u0131p d\u00f6k\u00fcm makinelerimiz var ve ihtiya\u00e7lar\u0131n\u0131za g\u00f6re farkl\u0131 \u015fekil ve boyutlarda kal\u0131p d\u00f6k\u00fcm \u00fcr\u00fcnleri \u00f6zelle\u015ftirebiliriz. Sonunda, nihai s\u00fcre\u00e7 se\u00e7imi, \u00f6zelle\u015ftirilmi\u015f bas\u0131n\u00e7l\u0131 d\u00f6k\u00fcm \u00fcr\u00fcnlerinizin kullan\u0131m\u0131na ve malzemelerine dayanmaktad\u0131r. \u015eekil ve boyutta bas\u0131n\u00e7l\u0131 d\u00f6k\u00fcm par\u00e7alar:<\/p>\n<ul>\n<li><a href=\"https:\/\/mnwell.com\/tr\/urun\/die-casting-small-parts\/\">K\u00fc\u00e7\u00fck hassas par\u00e7alar:<\/a> Bas\u0131n\u00e7l\u0131 d\u00f6k\u00fcm, cep telefonu par\u00e7alar\u0131, elektronik cihaz g\u00f6vdeleri, g\u00f6zl\u00fck \u00e7er\u00e7eveleri vb. gibi karma\u015f\u0131k geometrilere ve ayr\u0131nt\u0131lara sahip k\u00fc\u00e7\u00fck par\u00e7alar \u00fcretebilir.<\/li>\n<li>Orta ve b\u00fcy\u00fck mekanik par\u00e7alar: Bas\u0131n\u00e7l\u0131 d\u00f6k\u00fcm, otomotiv motor par\u00e7alar\u0131, end\u00fcstriyel ekipman muhafazalar\u0131, havac\u0131l\u0131k ve uzay bile\u015fenleri gibi orta ve b\u00fcy\u00fck mekanik par\u00e7alar\u0131n \u00fcretiminde de kullan\u0131labilir.<\/li>\n<li>\u0130nce duvarl\u0131 bile\u015fenler: kal\u0131p d\u00f6k\u00fcm teknolojisi radyat\u00f6r kanatlar\u0131, bilgisayar kasalar\u0131 vb. gibi ince duvarl\u0131 bile\u015fenler \u00fcretebilir.<\/li>\n<li>Karma\u015f\u0131k yap\u0131sal par\u00e7alar: Bas\u0131n\u00e7l\u0131 d\u00f6k\u00fcm ayr\u0131ca di\u015fliler, t\u00fcrbin kanatlar\u0131, pompa g\u00f6vdeleri vb. gibi karma\u015f\u0131k yap\u0131lara sahip par\u00e7alar da \u00fcretebilir.<\/li>\n<\/ul>\n<p>Nihai kal\u0131p d\u00f6k\u00fcm \u00fcr\u00fcn\u00fcn\u00fcn \u015fekli ve boyutu, tasar\u0131m gereksinimlerine ve proses fizibilitesine g\u00f6re belirlenmelidir. M\u00fchendislik ekibimiz size profesyonel tavsiyelerde bulunacak ve \u00fcretim fikirlerinizi tamamen dikkate alaca\u011f\u0131z.<\/p>\n<p>&nbsp;<\/p>\n<h3>Yayg\u0131n bas\u0131n\u00e7l\u0131 d\u00f6k\u00fcm \u00fcr\u00fcnleri ve faydalar\u0131<\/h3>\n<p>1. Otomobil par\u00e7alar\u0131:<br \/>\nBas\u0131n\u00e7l\u0131 d\u00f6k\u00fcm, otomotiv sekt\u00f6r\u00fcnde motor bloklar\u0131, di\u015fli kutular\u0131, silindir kapaklar\u0131 ve emme manifoldlar\u0131 gibi bile\u015fenlerin \u00fcretiminde \u00f6nemli bir rol oynamaktad\u0131r. Bas\u0131n\u00e7l\u0131 d\u00f6k\u00fcm uygulamas\u0131, hafif ancak g\u00fc\u00e7l\u00fc par\u00e7alar\u0131n olu\u015fturulmas\u0131n\u0131 sa\u011flayarak yak\u0131t verimlili\u011fini ve genel performans\u0131 art\u0131rmaya yard\u0131mc\u0131 olur. Ayr\u0131ca bas\u0131n\u00e7l\u0131 d\u00f6k\u00fcm, birden fazla \u00f6zelli\u011fin ve karma\u015f\u0131k geometrilerin entegrasyonunu kolayla\u015ft\u0131rarak verimli ve uygun maliyetli \u00fcretim sa\u011flar.<\/p>\n<p>2. T\u00fcketici elektroni\u011fi \u00fcr\u00fcnleri:<br \/>\nBas\u0131n\u00e7l\u0131 d\u00f6k\u00fcm, t\u00fcketici elektroni\u011fi cihazlar\u0131n\u0131n ve diz\u00fcst\u00fc bilgisayar \u00e7er\u00e7eveleri, ak\u0131ll\u0131 telefon k\u0131l\u0131flar\u0131 ve tablet k\u0131l\u0131flar\u0131 gibi bile\u015fenlerin \u00fcretiminde yayg\u0131n olarak kullan\u0131lmaktad\u0131r. Bu s\u00fcre\u00e7, \u00fcst\u00fcn mukavemet ve boyutsal kararl\u0131l\u0131\u011fa sahip ince duvarl\u0131 par\u00e7alar \u00fcretme avantaj\u0131na sahiptir. \u015e\u0131k ve sofistike tasar\u0131mlar ve a\u015fa\u011f\u0131daki gibi \u00f6zellikleri birle\u015ftirme yetene\u011fi <a href=\"https:\/\/mnwell.com\/tr\/heat-sink\/\">\u0131s\u0131 al\u0131c\u0131lar\u0131<\/a> ve konekt\u00f6rler, d\u00f6k\u00fcm bile\u015fenleri elektronik cihazlar i\u00e7in ideal hale getirir.<\/p>\n<p>3. Havac\u0131l\u0131k ve savunma par\u00e7alar\u0131:<br \/>\nHavac\u0131l\u0131k ve savunma end\u00fcstrilerindeki temel bile\u015fenler genellikle bas\u0131n\u00e7l\u0131 d\u00f6k\u00fcm kullan\u0131larak \u00fcretilir. Buna u\u00e7ak motoru par\u00e7alar\u0131, yap\u0131sal par\u00e7alar ve savunma ekipmanlar\u0131 dahildir. <a href=\"https:\/\/mnwell.com\/tr\/custom-die-casting\/\">Bas\u0131n\u00e7l\u0131 d\u00f6k\u00fcm<\/a> bu end\u00fcstrilerin kat\u0131 kalite ve performans standartlar\u0131n\u0131 kar\u015f\u0131layan y\u00fcksek mukavemetli, hafif par\u00e7alar \u00fcretebilir.<\/p>\n<p>4. Ayd\u0131nlatma armat\u00fcr\u00fc:<br \/>\nBas\u0131n\u00e7l\u0131 d\u00f6k\u00fcm, lamba tabanlar\u0131, g\u00f6vdeler ve reflekt\u00f6rler dahil olmak \u00fczere ayd\u0131nlatma armat\u00fcrlerinin \u00fcretiminde yayg\u0131nd\u0131r. Bu s\u00fcre\u00e7, karma\u015f\u0131k tasar\u0131mlar\u0131n ve hassas ayr\u0131nt\u0131lar\u0131n olu\u015fturulmas\u0131na yard\u0131mc\u0131 olarak g\u00f6rsel olarak \u00e7ekici ve i\u015flevsel \u00fcr\u00fcnler ortaya \u00e7\u0131kar\u0131r. Bas\u0131n\u00e7l\u0131 d\u00f6k\u00fcm ayd\u0131nlatma armat\u00fcrleri m\u00fckemmel \u0131s\u0131 da\u011f\u0131l\u0131m\u0131, korozyon direnci ve dayan\u0131kl\u0131l\u0131\u011fa sahiptir ve \u00e7e\u015fitli ortamlar i\u00e7in uygundur.<\/p>\n<p>5. Mobilya donan\u0131m\u0131:<br \/>\nKal\u0131p d\u00f6k\u00fcm, mobilya donan\u0131m\u0131 \u00fcretiminde \u00f6nemli bir etkiye sahip olup kulplar\u0131n, topuzlar\u0131n ve dekoratif aksesuarlar\u0131n olu\u015fturulmas\u0131na yard\u0131mc\u0131 olmaktad\u0131r. Bu s\u00fcre\u00e7, mobilyan\u0131n genel tasar\u0131m\u0131n\u0131 ve i\u015flevselli\u011fini geli\u015ftiren karma\u015f\u0131k \u015fekillerin ve girift desenlerin olu\u015fturulmas\u0131na olanak tan\u0131r. D\u00f6k\u00fcm mobilya donan\u0131m\u0131 dayan\u0131kl\u0131l\u0131k, korozyon direnci ve estetik \u00e7ekicilik sunar.<\/p>\n<p>6. T\u0131bbi Ekipman:<br \/>\nBas\u0131n\u00e7l\u0131 d\u00f6k\u00fcm, cerrahi aletler, g\u00f6r\u00fcnt\u00fcleme ekipman\u0131 par\u00e7alar\u0131 ve di\u015f\u00e7ilik aletleri gibi bile\u015fenleri \u00fcretmek i\u00e7in t\u0131bbi ekipman ve cihazlar\u0131n imalat\u0131nda kullan\u0131l\u0131r. Bas\u0131n\u00e7l\u0131 d\u00f6k\u00fcm t\u0131bbi cihazlar y\u00fcksek hassasiyet, boyutsal do\u011fruluk ve m\u00fckemmel y\u00fczey kalitesi sunarak t\u0131p end\u00fcstrisinin kat\u0131 kalite ve performans gerekliliklerine uygunluk sa\u011flar.<\/p>\n<p>Sonu\u00e7 olarak, bas\u0131n\u00e7l\u0131 d\u00f6k\u00fcm, \u00e7ok \u00e7e\u015fitli y\u00fcksek kaliteli \u00fcr\u00fcnler \u00fcretebilen \u00e7ok y\u00f6nl\u00fc bir \u00fcretim s\u00fcreci olarak ortaya \u00e7\u0131kmaktad\u0131r. Otomotiv par\u00e7alar\u0131ndan t\u00fcketici elektroni\u011fine, havac\u0131l\u0131k par\u00e7alar\u0131ndan mobilya donan\u0131m\u0131na kadar, bas\u0131n\u00e7l\u0131 d\u00f6k\u00fcm \u00fcr\u00fcnler \u00fcst\u00fcn boyutsal do\u011fruluk, karma\u015f\u0131k tasar\u0131mlar ve dayan\u0131kl\u0131l\u0131k gibi \u00e7e\u015fitli avantajlar sunar. Bas\u0131n\u00e7l\u0131 d\u00f6k\u00fcm karma\u015f\u0131k \u015fekilleri i\u015fleyebilir ve birden fazla \u00f6zelli\u011fi bir araya getirebilir, bu da onu modern \u00fcretimin \u00e7e\u015fitli ihtiya\u00e7lar\u0131n\u0131 kar\u015f\u0131lamak i\u00e7in \u00e7e\u015fitli end\u00fcstrilerde ilk tercih haline getirir.<\/p>\n<p>&nbsp;<\/p>\n<h4>MindWell'in avantajlar\u0131n\u0131 se\u00e7in:<\/h4>\n<p>MindWell geleneksel bir kal\u0131p d\u00f6k\u00fcm \u015firketidir. Kal\u0131p d\u00f6k\u00fcm \u00fcr\u00fcn teknolojisi, \u00fcr\u00fcn tasar\u0131m\u0131 ve verimli \u00fcretim ara\u015ft\u0131rma ve geli\u015ftirmeye kararl\u0131y\u0131z. \u00dcr\u00fcn tasar\u0131m\u0131 ve kal\u0131p tasar\u0131m\u0131 yetene\u011fine sahip profesyonel bir m\u00fchendis ekibimiz var. Do\u011frudan yerle\u015ftirme, size daha h\u0131zl\u0131 teklif vermemizi sa\u011flar. Sat\u0131\u015f ekibimiz bunu iyi yapacakt\u0131r. Projelerimizin her biri i\u00e7in bir proje olu\u015fturaca\u011f\u0131z ve her proje, ilgili sat\u0131\u015f g\u00f6revlileri ve m\u00fchendisler size en k\u0131sa s\u00fcrede cevap verecektir.<\/p>\n<p><img loading=\"lazy\" decoding=\"async\" class=\"alignnone size-full wp-image-3791\" src=\"http:\/\/mnwell.com\/wp-content\/uploads\/2023\/12\/AYU9598.webp\" alt=\"die casting manufacturers\" width=\"750\" height=\"500\" srcset=\"https:\/\/mnwell.com\/wp-content\/uploads\/2023\/12\/AYU9598.webp 750w, https:\/\/mnwell.com\/wp-content\/uploads\/2023\/12\/AYU9598-18x12.webp 18w, https:\/\/mnwell.com\/wp-content\/uploads\/2023\/12\/AYU9598-600x400.webp 600w\" sizes=\"(max-width: 750px) 100vw, 750px\" \/><\/p>","protected":false},"excerpt":{"rendered":"<p>Bas\u0131n\u00e7l\u0131 d\u00f6k\u00fcmden \u00fcretilen \u00fcr\u00fcnler end\u00fcstriyel ekipmanlar, otomobiller, t\u0131bbi tedavi ve mobilya gibi \u00e7e\u015fitli alanlarda yayg\u0131n olarak kullan\u0131lmaktad\u0131r. Bas\u0131n\u00e7l\u0131 d\u00f6k\u00fcm, al\u00fcminyum ala\u015f\u0131ml\u0131, \u00e7inko ala\u015f\u0131ml\u0131, magnezyum ala\u015f\u0131ml\u0131 ve bak\u0131r ala\u015f\u0131ml\u0131 bas\u0131n\u00e7l\u0131 d\u00f6k\u00fcm par\u00e7alar dahil olmak \u00fczere \u00e7ok \u00e7e\u015fitli y\u00fcksek kaliteli \u00fcr\u00fcnler \u00fcreten \u00e7ok y\u00f6nl\u00fc bir \u00fcretim s\u00fcrecidir. Al\u00fcminyum ala\u015f\u0131ml\u0131 bas\u0131n\u00e7l\u0131 d\u00f6k\u00fcm en yayg\u0131n olan\u0131d\u0131r ve m\u00fckemmel mekanik \u00f6zellikler, termal iletkenlik, elektrik iletkenli\u011fi ve korozyon direnci sunar. \u00c7inko ala\u015f\u0131ml\u0131 bas\u0131n\u00e7l\u0131 d\u00f6k\u00fcmler ev aletleri, elektronik aletler, otomobil par\u00e7alar\u0131, in\u015faat donan\u0131m\u0131 ve el yap\u0131m\u0131 hediyelik e\u015fyalarda kullan\u0131l\u0131r. Magnezyum ala\u015f\u0131ml\u0131 d\u00f6k\u00fcmler otomobil motorlar\u0131nda, hidrolik sistemlerde, havac\u0131l\u0131k ekipmanlar\u0131nda, silahlarda, spor ekipmanlar\u0131nda ve di\u011fer alanlarda kullan\u0131l\u0131r. Bak\u0131r ala\u015f\u0131ml\u0131 bas\u0131n\u00e7l\u0131 d\u00f6k\u00fcm, korozyon direnci ile birlikte iyi elektriksel ve termal iletkenli\u011fe sahip y\u00fcksek kaliteli bir bas\u0131n\u00e7l\u0131 d\u00f6k\u00fcmd\u00fcr. Bas\u0131n\u00e7l\u0131 d\u00f6k\u00fcm, kalite g\u00fcvencesi ve ekonomik faydalar sa\u011flayarak \u00e7e\u015fitli \u015fekil ve boyutlara g\u00f6re \u00f6zelle\u015ftirilebilir. Yayg\u0131n bas\u0131n\u00e7l\u0131 d\u00f6k\u00fcm \u00fcr\u00fcnleri aras\u0131nda otomobil par\u00e7alar\u0131, t\u00fcketici elektroni\u011fi, havac\u0131l\u0131k ve savunma par\u00e7alar\u0131, ayd\u0131nlatma armat\u00fcrleri, mobilya donan\u0131m\u0131 ve t\u0131bbi ekipman bulunur. Geleneksel bir bas\u0131n\u00e7l\u0131 d\u00f6k\u00fcm \u015firketi olan MindWell, bas\u0131n\u00e7l\u0131 d\u00f6k\u00fcm \u00fcr\u00fcn teknolojisi, \u00fcr\u00fcn tasar\u0131m\u0131 ve verimli \u00fcretim konusunda ara\u015ft\u0131rma ve geli\u015ftirme yapmaya kendini adam\u0131\u015ft\u0131r.<\/p>","protected":false},"featured_media":1987,"template":"","meta":{"om_disable_all_campaigns":false,"_monsterinsights_skip_tracking":false,"_monsterinsights_sitenote_active":false,"_monsterinsights_sitenote_note":"","_monsterinsights_sitenote_category":0,"_uf_show_specific_survey":0,"_uf_disable_surveys":false,"site-sidebar-layout":"default","site-content-layout":"default","ast-global-header-display":"","ast-banner-title-visibility":"","ast-main-header-display":"","ast-hfb-above-header-display":"","ast-hfb-below-header-display":"","ast-hfb-mobile-header-display":"","site-post-title":"","ast-breadcrumbs-content":"","ast-featured-img":"","footer-sml-layout":"","theme-transparent-header-meta":"default","adv-header-id-meta":"","stick-header-meta":"","header-above-stick-meta":"","header-main-stick-meta":"","header-below-stick-meta":""},"product_cat":[18],"product_tag":[56,458],"aioseo_notices":[],"_links":{"self":[{"href":"https:\/\/mnwell.com\/tr\/wp-json\/wp\/v2\/product\/1986"}],"collection":[{"href":"https:\/\/mnwell.com\/tr\/wp-json\/wp\/v2\/product"}],"about":[{"href":"https:\/\/mnwell.com\/tr\/wp-json\/wp\/v2\/types\/product"}],"wp:featuredmedia":[{"embeddable":true,"href":"https:\/\/mnwell.com\/tr\/wp-json\/wp\/v2\/media\/1987"}],"wp:attachment":[{"href":"https:\/\/mnwell.com\/tr\/wp-json\/wp\/v2\/media?parent=1986"}],"wp:term":[{"taxonomy":"product_cat","embeddable":true,"href":"https:\/\/mnwell.com\/tr\/wp-json\/wp\/v2\/product_cat?post=1986"},{"taxonomy":"product_tag","embeddable":true,"href":"https:\/\/mnwell.com\/tr\/wp-json\/wp\/v2\/product_tag?post=1986"}],"curies":[{"name":"wp","href":"https:\/\/api.w.org\/{rel}","templated":true}]}}