{"id":2066,"date":"2023-07-14T03:31:39","date_gmt":"2023-07-14T01:31:39","guid":{"rendered":"https:\/\/mnwell.com\/?post_type=product&#038;p=2066"},"modified":"2023-07-14T03:31:39","modified_gmt":"2023-07-14T01:31:39","slug":"aluminum-alloy-cnc-flexible-motor-shaft-connector-coupler","status":"publish","type":"product","link":"https:\/\/mnwell.com\/tr\/urun\/aluminum-alloy-cnc-flexible-motor-shaft-connector-coupler\/","title":{"rendered":"Al\u00fcminyum Ala\u015f\u0131ml\u0131 CNC Esnek Motor Mili Konnekt\u00f6r Ba\u011flay\u0131c\u0131s\u0131"},"content":{"rendered":"<p>Esnek Motor Mili Konnekt\u00f6r Ba\u011flay\u0131c\u0131s\u0131, iki motor milini ba\u011flamak i\u00e7in kullan\u0131lan al\u00fcminyum ala\u015f\u0131mdan yap\u0131lm\u0131\u015f hassas i\u015flenmi\u015f bir par\u00e7ad\u0131r. CNC teknolojisi ile i\u015fleme, motor ve \u015faft\u0131n s\u0131k\u0131ca ba\u011fl\u0131 kalmas\u0131n\u0131 sa\u011flar. \u015eaft konnekt\u00f6r\u00fc kaplini, \u015faftlar aras\u0131nda torku verimli bir \u015fekilde aktar\u0131rken yanl\u0131\u015f hizalama ve titre\u015fimi kar\u015f\u0131lama esnekli\u011fi sa\u011flar. Esnek tasar\u0131m\u0131 ayr\u0131ca daha fazla tolerans ve \u015fok emilimi sa\u011flayarak motor ve makinelerde a\u015f\u0131nma ve hasar\u0131 azalt\u0131r.<\/p>\n<p>Firmam\u0131z, gereksinimlerinize g\u00f6re tasarlanm\u0131\u015f, \u00e7e\u015fitli motorlara ve \u015faftlara uyacak \u015fekilde \u00f6zelle\u015ftirilmi\u015f al\u00fcminyum ala\u015f\u0131ml\u0131 CNC esnek motor mili konekt\u00f6r\u00fc kupl\u00f6r\u00fc \u00f6zel kaplin \u00e7\u00f6z\u00fcmleri sunmaktad\u0131r. Ola\u011fan\u00fcst\u00fc performans, esneklik ve stil se\u00e7enekleri sunar.<\/p>\n<p><img loading=\"lazy\" decoding=\"async\" class=\"alignnone size-full wp-image-2067\" src=\"http:\/\/mnwell.com\/wp-content\/uploads\/2023\/07\/cnc-motor-coupler.jpg\" alt=\"cnc motor coupler\" width=\"750\" height=\"750\" srcset=\"https:\/\/mnwell.com\/wp-content\/uploads\/2023\/07\/cnc-motor-coupler.jpg 750w, https:\/\/mnwell.com\/wp-content\/uploads\/2023\/07\/cnc-motor-coupler-150x150.jpg 150w, https:\/\/mnwell.com\/wp-content\/uploads\/2023\/07\/cnc-motor-coupler-300x300.jpg 300w, https:\/\/mnwell.com\/wp-content\/uploads\/2023\/07\/cnc-motor-coupler-600x600.jpg 600w, https:\/\/mnwell.com\/wp-content\/uploads\/2023\/07\/cnc-motor-coupler-100x100.jpg 100w\" sizes=\"(max-width: 750px) 100vw, 750px\" \/><\/p>\n<p>&nbsp;<\/p>\n<h3>Parametre<\/h3>\n<ol>\n<li>Malzeme: Al\u00fcminyum ala\u015f\u0131m<\/li>\n<li>\u00d6zellik: Y\u00fcksek H\u0131z<\/li>\n<li>G\u00f6bek Malzemesi: 7075 Al\u00fcminyum Ala\u015f\u0131m<\/li>\n<li>Ekipman: testere makinesi, CNC Torna, delme makinesi, azd\u0131rma makinesi, z\u0131mba makinesi, freze makinesi, di\u015fli \u015fekillendirici, ta\u015flama makinesi, i\u015fleme merkezi vb.<\/li>\n<\/ol>\n<h3><\/h3>\n<h4>CNC i\u015fleme ve imalat\u0131n avantajlar\u0131<\/h4>\n<ul>\n<li>Y\u00fcksek hassasiyet: Kullan\u0131m <a href=\"https:\/\/mnwell.com\/tr\/cnc-machining-service\/\">CNC i\u015fleme<\/a>konekt\u00f6r kupl\u00f6r\u00fc, boyutunun ve geometrisinin tasar\u0131m gereksinimlerini kar\u015f\u0131lad\u0131\u011f\u0131ndan emin olmak i\u00e7in \u00e7ok y\u00fcksek hassasiyetle i\u015flenebilir.<\/li>\n<li>\u0130yi tekrarlanabilirlik: CNC i\u015fleme, makineyi i\u015fleme operasyonlar\u0131 i\u00e7in kontrol edecek \u015fekilde programlanm\u0131\u015ft\u0131r, b\u00f6ylece her konekt\u00f6r kupl\u00f6r\u00fcnde ayn\u0131 i\u015fleme sonu\u00e7lar\u0131n\u0131n elde edilebilece\u011fi garanti edilebilir. Bu, kaliteden \u00f6d\u00fcn vermeden seri \u00fcretime olanak sa\u011flar.<\/li>\n<li>Karma\u015f\u0131k \u015fekillerin \u00fcretilebilirli\u011fi: CNC i\u015fleme, i\u00e7 bo\u015fluklar, delikler ve yuvalar gibi ayr\u0131nt\u0131lar da dahil olmak \u00fczere karma\u015f\u0131k \u015fekilli konekt\u00f6r kupl\u00f6rlerinin i\u015flenmesini sa\u011flar.<\/li>\n<li>Y\u00fcksek \u00fcretim verimlili\u011fi: CNC i\u015fleme, konnekt\u00f6r kupl\u00f6rlerinin i\u015flenmesini nispeten k\u0131sa bir s\u00fcrede tamamlayabilen otomatik bir \u00fcretim s\u00fcrecidir.<\/li>\n<\/ul>\n<p>Genel olarak, konnekt\u00f6r kupl\u00f6rleri i\u00e7in CNC i\u015flemeyi kullanman\u0131n avantajlar\u0131 y\u00fcksek hassasiyet, iyi tekrarlanabilirlik, karma\u015f\u0131k \u015fekiller \u00fcretme yetene\u011fi ve y\u00fcksek \u00fcretim verimlili\u011fidir. Bu avantajlar, CNC i\u015flemeyi konnekt\u00f6r kupl\u00f6rlerinin \u00fcretimi i\u00e7in g\u00fcvenilir ve verimli bir y\u00f6ntem haline getirmektedir.<\/p>\n<p><img loading=\"lazy\" decoding=\"async\" class=\"alignnone size-full wp-image-2070\" src=\"http:\/\/mnwell.com\/wp-content\/uploads\/2023\/07\/cnc-flexible-coupling.jpg\" alt=\"cnc flexible coupling\" width=\"750\" height=\"750\" srcset=\"https:\/\/mnwell.com\/wp-content\/uploads\/2023\/07\/cnc-flexible-coupling.jpg 750w, https:\/\/mnwell.com\/wp-content\/uploads\/2023\/07\/cnc-flexible-coupling-150x150.jpg 150w, https:\/\/mnwell.com\/wp-content\/uploads\/2023\/07\/cnc-flexible-coupling-300x300.jpg 300w, https:\/\/mnwell.com\/wp-content\/uploads\/2023\/07\/cnc-flexible-coupling-600x600.jpg 600w, https:\/\/mnwell.com\/wp-content\/uploads\/2023\/07\/cnc-flexible-coupling-100x100.jpg 100w\" sizes=\"(max-width: 750px) 100vw, 750px\" \/><\/p>\n<h4>\u00d6zel CNC \u015faft konnekt\u00f6r\u00fc kaplin ad\u0131mlar\u0131<\/h4>\n<ol>\n<li>Tasar\u0131m \u00f6zellikleri: Boyut, \u015fekil, malzeme gereksinimleri, ba\u011flant\u0131 y\u00f6ntemleri vb. dahil olmak \u00fczere konekt\u00f6r kupl\u00f6r\u00fcn\u00fcn tasar\u0131m \u00f6zelliklerini belirleyin.<\/li>\n<li>Malzeme se\u00e7imi: malzemenin mekanik \u00f6zellikleri, korozyon direnci ve a\u011f\u0131rl\u0131\u011f\u0131 g\u00f6z \u00f6n\u00fcnde bulundurularak, konekt\u00f6r kupl\u00f6r\u00fcn\u00fcz\u00fcn uygulamas\u0131na ve gereksinimlerine g\u00f6re al\u00fcminyum ala\u015f\u0131m kullan\u0131lmas\u0131n\u0131 \u00f6neriyoruz<\/li>\n<li>\u0130leti\u015fim: Ba\u011flay\u0131c\u0131 kupl\u00f6r tasar\u0131m dosyalar\u0131n\u0131z\u0131 bize sa\u011flayabilirsiniz. Bu bir CAD dosyas\u0131 (\u00f6rne\u011fin STEP, IGES format\u0131) veya di\u011fer yayg\u0131n 3D tasar\u0131m dosyas\u0131 formatlar\u0131 olabilir. Gerekli t\u00fcm geometrik bilgilerin ve i\u015fleme gereksinimlerinin dosyaya dahil edildi\u011finden emin olun. Ard\u0131ndan m\u00fchendislerimiz \u00f6zelle\u015ftirme ihtiya\u00e7lar\u0131n\u0131z\u0131 g\u00f6r\u00fc\u015fmek \u00fczere h\u0131zl\u0131 bir \u015fekilde inceleme yapacak ve sizinle ileti\u015fim kuracakt\u0131r. Ayr\u0131nt\u0131l\u0131 ileti\u015fim ve ihtiya\u00e7lar\u0131n\u0131z\u0131n anla\u015f\u0131lmas\u0131ndan sonra, i\u015fleme ayr\u0131nt\u0131lar\u0131n\u0131, s\u00fcre\u00e7 ak\u0131\u015f\u0131n\u0131 ve teslimat s\u00fcresini tart\u0131\u015f\u0131p onaylayaca\u011f\u0131z.<\/li>\n<li>Numune yap\u0131m\u0131 ve testi: Bir anla\u015fmaya vard\u0131ktan sonra, \u00f6rnek konekt\u00f6r kupl\u00f6rleri yapmak i\u00e7in CNC i\u015fleme ekipman\u0131 kullan\u0131yoruz. Bu numuneler performans\u0131n\u0131, uygunlu\u011funu ve kalitesini test etmek i\u00e7in kullan\u0131labilir.<\/li>\n<li>Onay ve \u00fcretim: Test ge\u00e7tikten sonra size numuneyi g\u00f6nderece\u011fiz, nihai tasar\u0131m\u0131 ve s\u00fcreci onaylayaca\u011f\u0131z ve seri \u00fcretim a\u015famas\u0131na girece\u011fiz. \u0130htiya\u00e7lar\u0131n\u0131za g\u00f6re \u00fcretim i\u00e7in CNC i\u015fleme ekipman\u0131 kullanaca\u011f\u0131z ve kalite kontrol ve denetim yapaca\u011f\u0131z.<\/li>\n<\/ol>\n<p>Firmam\u0131z profesyonel bir CNC i\u015fleme merkezine ve teknik m\u00fchendislerden olu\u015fan profesyonel bir ekibe sahiptir. \u00d6zel CNC konekt\u00f6r kupl\u00f6rlerinin tasar\u0131m\u0131, i\u015flenmesi ve \u00fcretiminde zengin deneyime sahibiz. Size istedi\u011finiz \u00f6zel CNC konekt\u00f6r kupl\u00f6r\u00fcn\u00fc verebilir.<\/p>\n<p><img loading=\"lazy\" decoding=\"async\" class=\"alignnone size-full wp-image-1985\" src=\"http:\/\/mnwell.com\/wp-content\/uploads\/2023\/07\/bc62196aa01b7adeaba4a2362274b8a.jpg\" alt=\"\" width=\"500\" height=\"333\" \/><\/p>\n<p>&nbsp;<\/p>\n<p>&nbsp;<\/p>\n<p>&nbsp;<\/p>","protected":false},"excerpt":{"rendered":"<p>Esnek Motor Mili Konnekt\u00f6r Ba\u011flay\u0131c\u0131s\u0131, iki motor milini ba\u011flamak i\u00e7in kullan\u0131lan al\u00fcminyum ala\u015f\u0131mdan yap\u0131lm\u0131\u015f hassas i\u015flenmi\u015f bir par\u00e7ad\u0131r. CNC teknolojisi ile i\u015fleme, motor ve \u015faft\u0131n s\u0131k\u0131ca ba\u011fl\u0131 kalmas\u0131n\u0131 sa\u011flar. \u015eaft konnekt\u00f6r\u00fc kaplini, \u015faftlar aras\u0131nda torku verimli bir \u015fekilde aktar\u0131rken yanl\u0131\u015f hizalama ve titre\u015fimi kar\u015f\u0131lama esnekli\u011fi sa\u011flar. Esnek tasar\u0131m\u0131 ...<\/p>\n<p class=\"read-more\"> <a class=\"\" href=\"https:\/\/mnwell.com\/tr\/urun\/aluminum-alloy-cnc-flexible-motor-shaft-connector-coupler\/\"> <span class=\"screen-reader-text\">Al\u00fcminyum Ala\u015f\u0131ml\u0131 CNC Esnek Motor Mili Konnekt\u00f6r Ba\u011flay\u0131c\u0131s\u0131<\/span> Devam\u0131 \"<\/a><\/p>","protected":false},"featured_media":2067,"template":"","meta":{"om_disable_all_campaigns":false,"_monsterinsights_skip_tracking":false,"_monsterinsights_sitenote_active":false,"_monsterinsights_sitenote_note":"","_monsterinsights_sitenote_category":0,"_uf_show_specific_survey":0,"_uf_disable_surveys":false,"site-sidebar-layout":"default","site-content-layout":"default","ast-global-header-display":"","ast-banner-title-visibility":"","ast-main-header-display":"","ast-hfb-above-header-display":"","ast-hfb-below-header-display":"","ast-hfb-mobile-header-display":"","site-post-title":"","ast-breadcrumbs-content":"","ast-featured-img":"","footer-sml-layout":"","theme-transparent-header-meta":"default","adv-header-id-meta":"","stick-header-meta":"","header-above-stick-meta":"","header-main-stick-meta":"","header-below-stick-meta":""},"product_cat":[20],"product_tag":[67,66],"aioseo_notices":[],"_links":{"self":[{"href":"https:\/\/mnwell.com\/tr\/wp-json\/wp\/v2\/product\/2066"}],"collection":[{"href":"https:\/\/mnwell.com\/tr\/wp-json\/wp\/v2\/product"}],"about":[{"href":"https:\/\/mnwell.com\/tr\/wp-json\/wp\/v2\/types\/product"}],"wp:featuredmedia":[{"embeddable":true,"href":"https:\/\/mnwell.com\/tr\/wp-json\/wp\/v2\/media\/2067"}],"wp:attachment":[{"href":"https:\/\/mnwell.com\/tr\/wp-json\/wp\/v2\/media?parent=2066"}],"wp:term":[{"taxonomy":"product_cat","embeddable":true,"href":"https:\/\/mnwell.com\/tr\/wp-json\/wp\/v2\/product_cat?post=2066"},{"taxonomy":"product_tag","embeddable":true,"href":"https:\/\/mnwell.com\/tr\/wp-json\/wp\/v2\/product_tag?post=2066"}],"curies":[{"name":"wp","href":"https:\/\/api.w.org\/{rel}","templated":true}]}}