{"id":2089,"date":"2023-07-16T06:35:10","date_gmt":"2023-07-16T04:35:10","guid":{"rendered":"https:\/\/mnwell.com\/?post_type=product&#038;p=2089"},"modified":"2023-07-16T08:28:07","modified_gmt":"2023-07-16T06:28:07","slug":"custom-car-aluminum-backup-camera-housing","status":"publish","type":"product","link":"https:\/\/mnwell.com\/tr\/urun\/custom-car-aluminum-backup-camera-housing\/","title":{"rendered":"\u00d6zel Araba Al\u00fcminyum yedek kamera muhafazas\u0131"},"content":{"rendered":"<p>Yedek kamera muhafazas\u0131, yedek kamera \u00fcnitesi i\u00e7in koruyucu muhafazad\u0131r. Al\u00fcminyum ala\u015f\u0131m\u0131 veya magnezyum ala\u015f\u0131m\u0131 gibi hafif metal malzemelerden d\u00f6k\u00fcl\u00fcr. Metal malzemenin g\u00fcc\u00fc, kameran\u0131n istikrarl\u0131 i\u015flevlerini s\u00fcrd\u00fcrmesini ve farkl\u0131 hava ko\u015fullar\u0131nda hasar g\u00f6rmemesini sa\u011flayabilir. Bir kal\u0131p d\u00f6k\u00fcm i\u015flemi ile arka g\u00f6r\u00fc\u015f kameras\u0131 muhafazas\u0131 \u00fcretmek verimli, hassas ve tutarl\u0131 \u00fcretim sa\u011flayabilir ve iyi g\u00fc\u00e7 ve dayan\u0131kl\u0131l\u0131k ile b\u00fcy\u00fck miktarlarda \u00fcretilebilir. Bu nedenle, kal\u0131p d\u00f6k\u00fcm i\u015flemi otomotiv end\u00fcstrisinde \u00e7e\u015fitli metal muhafazalar ve par\u00e7alar \u00fcretmek i\u00e7in yayg\u0131n olarak kullan\u0131lmaktad\u0131r.<\/p>\n<h3>\u00d6zel Kasa \u00d6l\u00e7\u00fcleri<\/h3>\n<p>Her arac\u0131n yedek kamera muhafazas\u0131n\u0131n \u015fekli ve boyutu, belirli kamera kurulum konumuna ve ara\u00e7 tasar\u0131m\u0131n\u0131n stil gereksinimlerine ba\u011fl\u0131 olarak farkl\u0131d\u0131r. Kameran\u0131n uzun \u00f6m\u00fcrl\u00fc korunmas\u0131n\u0131 sa\u011flamak i\u00e7in normalde al\u00fcminyum ala\u015f\u0131ml\u0131 malzeme kullan\u0131l\u0131r. Arac\u0131n montaj braketine veya di\u011fer ba\u011flant\u0131 gereksinimlerine g\u00f6re \u00f6zel olarak tasarlanabilir, b\u00f6ylece ara\u00e7 plakas\u0131n\u0131n yak\u0131n\u0131ndaki kullan\u0131m konumuna s\u0131k\u0131ca monte edilebilir.<\/p>\n<h3>\u015eirketimizin Avantajlar\u0131<\/h3>\n<p>Firmam\u0131z profesyonel bir kal\u0131p d\u00f6k\u00fcm \u015firketidir. Otomotiv end\u00fcstrisi i\u00e7in y\u00fcksek kaliteli, y\u00fcksek hassasiyetli otomotiv kal\u0131p d\u00f6k\u00fcm par\u00e7alar\u0131 sa\u011fl\u0131yoruz. A\u015fa\u011f\u0131daki resimde g\u00f6sterildi\u011fi gibi Volkswagen ve di\u011fer otomobil \u015firketleri i\u00e7in \u00f6zelle\u015ftirilmi\u015f yedek kamera muhafazas\u0131na sahibiz. Yetenekli teknisyenlerimiz ve m\u00fchendislerimiz, \u00fcretti\u011fimiz otomobil par\u00e7alar\u0131n\u0131n en y\u00fcksek kalite ve dayan\u0131kl\u0131l\u0131k standartlar\u0131n\u0131 kar\u015f\u0131lamas\u0131n\u0131 sa\u011flar.<br \/>\nProfesyonel ekibe ek olarak, geli\u015fmi\u015f kal\u0131p d\u00f6k\u00fcm ekipmanlar\u0131na, ikincil i\u015fleme ekipmanlar\u0131na ve kalite test ekipmanlar\u0131na sahibiz. \u00d6zelle\u015ftirilmi\u015f ihtiya\u00e7lar\u0131n\u0131za g\u00f6re, arka g\u00f6r\u00fc\u015f kameras\u0131 muhafazas\u0131, y\u00fcksek kaliteli, y\u00fcksek hassasiyetli otomobil par\u00e7alar\u0131 \u00fcretimi elde etmek i\u00e7in verimli ve b\u00fcy\u00fck miktarlarda \u00fcretilebilir. Bir tamirci araba \u015firketi veya bir geri g\u00f6r\u00fc\u015f kameras\u0131 \u00fcreticisiyseniz ve kal\u0131p d\u00f6k\u00fcm geri g\u00f6r\u00fc\u015f kameras\u0131 muhafazalar\u0131 i\u00e7in \u00f6zel ihtiya\u00e7lar\u0131n\u0131z varsa, l\u00fctfen bizimle ileti\u015fime ge\u00e7in; size profesyonel tavsiye ve teklifler verece\u011fiz.<\/p>\n<p><img loading=\"lazy\" decoding=\"async\" class=\"alignnone size-full wp-image-2090\" src=\"http:\/\/mnwell.com\/wp-content\/uploads\/2023\/07\/AYU9512.jpg\" alt=\"backup camera housing\" width=\"800\" height=\"800\" srcset=\"https:\/\/mnwell.com\/wp-content\/uploads\/2023\/07\/AYU9512.jpg 800w, https:\/\/mnwell.com\/wp-content\/uploads\/2023\/07\/AYU9512-150x150.jpg 150w, https:\/\/mnwell.com\/wp-content\/uploads\/2023\/07\/AYU9512-768x768.jpg 768w, https:\/\/mnwell.com\/wp-content\/uploads\/2023\/07\/AYU9512-300x300.jpg 300w, https:\/\/mnwell.com\/wp-content\/uploads\/2023\/07\/AYU9512-600x600.jpg 600w, https:\/\/mnwell.com\/wp-content\/uploads\/2023\/07\/AYU9512-100x100.jpg 100w\" sizes=\"(max-width: 800px) 100vw, 800px\" \/><img loading=\"lazy\" decoding=\"async\" class=\"alignnone size-full wp-image-2093\" src=\"http:\/\/mnwell.com\/wp-content\/uploads\/2023\/07\/AYU9507.jpg\" alt=\"reversing camera housing\" width=\"800\" height=\"800\" srcset=\"https:\/\/mnwell.com\/wp-content\/uploads\/2023\/07\/AYU9507.jpg 800w, https:\/\/mnwell.com\/wp-content\/uploads\/2023\/07\/AYU9507-150x150.jpg 150w, https:\/\/mnwell.com\/wp-content\/uploads\/2023\/07\/AYU9507-768x768.jpg 768w, https:\/\/mnwell.com\/wp-content\/uploads\/2023\/07\/AYU9507-300x300.jpg 300w, https:\/\/mnwell.com\/wp-content\/uploads\/2023\/07\/AYU9507-600x600.jpg 600w, https:\/\/mnwell.com\/wp-content\/uploads\/2023\/07\/AYU9507-100x100.jpg 100w\" sizes=\"(max-width: 800px) 100vw, 800px\" \/><\/p>\n<p>&nbsp;<\/p>\n<h3>Yedek kamera muhafazas\u0131 uygulamas\u0131<\/h3>\n<p>Kal\u0131p d\u00f6k\u00fcm yedek kamera muhafazas\u0131, arac\u0131n arkas\u0131na uygulanan geri g\u00f6r\u00fc\u015f kameras\u0131 sisteminin ayr\u0131lmaz bir par\u00e7as\u0131d\u0131r. Muhafazan\u0131n ana i\u015flevi, d\u00fczg\u00fcn \u00e7al\u0131\u015fmas\u0131n\u0131 ve net g\u00f6r\u00fcnt\u00fcler sunmas\u0131n\u0131 sa\u011flamak i\u00e7in yedek kameray\u0131 ve ilgili elektronik bile\u015fenlerini korumakt\u0131r.<br \/>\nGeri g\u00f6r\u00fc\u015f kameras\u0131 sistemi, modern otomobillerdeki yayg\u0131n g\u00fcvenlik yard\u0131mc\u0131lar\u0131ndan biridir. Arac\u0131n arkas\u0131na bir kamera yerle\u015ftirerek ve g\u00f6r\u00fcnt\u00fcy\u00fc ara\u00e7taki ekrana aktararak, geri gitme riskini azaltmak i\u00e7in s\u00fcr\u00fcc\u00fcn\u00fcn arac\u0131n arkas\u0131ndaki durumu daha net bir \u015fekilde g\u00f6zlemlemesine yard\u0131mc\u0131 olabilir. Kazalar meydana gelebilir. \u015eu anda, neredeyse t\u00fcm ara\u00e7lar geri vites g\u00f6r\u00fcnt\u00fcleri ile donat\u0131lm\u0131\u015ft\u0131r. Temel olarak a\u015fa\u011f\u0131daki i\u015flevleri sa\u011flayabilir:<\/p>\n<h4>Al\u00fcminyum d\u00f6k\u00fcm ters g\u00f6r\u00fcnt\u00fc muhafazas\u0131n\u0131n rol\u00fc:<\/h4>\n<ul>\n<li>kameray\u0131 koruyun<\/li>\n<li>Su ge\u00e7irmez ve toz ge\u00e7irmez<\/li>\n<li>Anti-sismik performans:<\/li>\n<li>\u00c7e\u015fitli ara\u00e7 kurulum ortamlar\u0131na uyum sa\u011flama<\/li>\n<\/ul>\n<p>Genel olarak, yedek kamera muhafazas\u0131n\u0131n uygulamas\u0131, geri g\u00f6r\u00fc\u015f kameras\u0131 sistemindeki kameray\u0131 korumak ve istikrarl\u0131 bir \u00e7al\u0131\u015fma ortam\u0131 sa\u011flamakt\u0131r. Al\u00fcminyum ala\u015f\u0131m, s\u00fcr\u00fc\u015f g\u00fcvenli\u011fini art\u0131rmak i\u00e7in s\u00fcr\u00fcc\u00fcn\u00fcn arac\u0131 geri d\u00f6nd\u00fcr\u00fcrken, kurulumu sallamadan veya d\u00fc\u015fmeden net ve g\u00fcvenilir g\u00f6r\u00fcnt\u00fc bilgileri elde edebilmesini sa\u011flamak i\u00e7in stabilite ve y\u00fcksek mukavemet \u00f6zelliklerine sahiptir.<\/p>\n<p>&nbsp;<\/p>\n<p><img loading=\"lazy\" decoding=\"async\" class=\"alignnone size-full wp-image-2094\" src=\"http:\/\/mnwell.com\/wp-content\/uploads\/2023\/07\/camera-housing.png\" alt=\"backup camera housing\" width=\"826\" height=\"745\" srcset=\"https:\/\/mnwell.com\/wp-content\/uploads\/2023\/07\/camera-housing.png 826w, https:\/\/mnwell.com\/wp-content\/uploads\/2023\/07\/camera-housing-768x693.png 768w, https:\/\/mnwell.com\/wp-content\/uploads\/2023\/07\/camera-housing-600x541.png 600w\" sizes=\"(max-width: 826px) 100vw, 826px\" \/><\/p>\n<p><img loading=\"lazy\" decoding=\"async\" class=\"alignnone size-full wp-image-2091\" src=\"http:\/\/mnwell.com\/wp-content\/uploads\/2023\/07\/AYU9511.jpg\" alt=\"rear view camera housing\" width=\"800\" height=\"800\" srcset=\"https:\/\/mnwell.com\/wp-content\/uploads\/2023\/07\/AYU9511.jpg 800w, https:\/\/mnwell.com\/wp-content\/uploads\/2023\/07\/AYU9511-150x150.jpg 150w, https:\/\/mnwell.com\/wp-content\/uploads\/2023\/07\/AYU9511-768x768.jpg 768w, https:\/\/mnwell.com\/wp-content\/uploads\/2023\/07\/AYU9511-300x300.jpg 300w, https:\/\/mnwell.com\/wp-content\/uploads\/2023\/07\/AYU9511-600x600.jpg 600w, https:\/\/mnwell.com\/wp-content\/uploads\/2023\/07\/AYU9511-100x100.jpg 100w\" sizes=\"(max-width: 800px) 100vw, 800px\" \/><\/p>\n<p>&nbsp;<\/p>\n<h4>\u00d6zelle\u015ftirme S\u00fcrecimiz<\/h4>\n<p>Firmam\u0131z, \u00f6zellikle otomobil par\u00e7alar\u0131n\u0131n kal\u0131p d\u00f6k\u00fcm\u00fcnde, kal\u0131p d\u00f6k\u00fcm end\u00fcstrisinde on y\u0131ldan fazla deneyime sahiptir. Otomobil par\u00e7alar\u0131n\u0131 ve yedek kamera muhafazas\u0131n\u0131 \u00f6zelle\u015ftirme ihtiya\u00e7lar\u0131n\u0131z varsa, bizimle ileti\u015fime ge\u00e7mekten memnuniyet duyar\u0131z. \u00d6zel kal\u0131p d\u00f6k\u00fcm proses ak\u0131\u015f\u0131m\u0131z a\u015fa\u011f\u0131daki ad\u0131mlar\u0131 i\u00e7erir:<\/p>\n<ol>\n<li>Talep ileti\u015fimi: \u00d6zelle\u015ftirmek istedi\u011finiz otomobil par\u00e7alar\u0131n\u0131n \u00e7izimlerini bize g\u00f6nderebilirsiniz. Temel olarak t\u00fcm \u00e7izim formatlar\u0131n\u0131 destekliyoruz. \u00c7izimlerinizi ald\u0131ktan sonra, m\u00fchendis gereksinimlerinize ve parametrelerinize g\u00f6re hesaplayacak ve sonunda size h\u0131zl\u0131 bir teklif verecektir. ve profesyonel tavsiye.<\/li>\n<li>\u00dcretim onay\u0131: \u00dcretilen par\u00e7alar\u0131n istedi\u011finiz gibi oldu\u011fundan ve kullan\u0131m gereksinimlerinizi kar\u015f\u0131lad\u0131\u011f\u0131ndan emin olmak i\u00e7in \u00f6zelle\u015ftirilmi\u015f par\u00e7alar hakk\u0131nda sizinle derinlemesine ileti\u015fim kuraca\u011f\u0131z. Onaydan sonra \u00fcretim s\u00fcrecine girece\u011fiz.<\/li>\n<li>Kal\u0131p Haz\u0131rlama: Geri g\u00f6r\u00fc\u015f kameras\u0131 muhafazas\u0131n\u0131n geometrisini ve ayr\u0131nt\u0131lar\u0131n\u0131 i\u00e7eren \u00f6zel bir kal\u0131p olu\u015fturun.<\/li>\n<li>Erimi\u015f Metal: Al\u00fcminyum ala\u015f\u0131m\u0131 veya magnezyum ala\u015f\u0131m\u0131 gibi uygun bir metalik malzemenin erimi\u015f hale gelene kadar \u0131s\u0131t\u0131lmas\u0131.<\/li>\n<li>Kal\u0131plara enjeksiyon: Erimi\u015f metalin \u00f6nceden haz\u0131rlanm\u0131\u015f kal\u0131plara enjekte edilmesi.<\/li>\n<li>So\u011futma ve kat\u0131la\u015ft\u0131rma: Metal kal\u0131p i\u00e7inde so\u011futulup kat\u0131la\u015ft\u0131r\u0131ld\u0131ktan sonra kabuk d\u0131\u015far\u0131 al\u0131n\u0131r.<\/li>\n<li>K\u0131rpma ve \u0130\u015fleme: Muhafazan\u0131n k\u0131rp\u0131lmas\u0131, fazla malzemenin \u00e7\u0131kar\u0131lmas\u0131 ve gerekli i\u015fleme ve y\u00fczey i\u015flemi.<\/li>\n<li>Muayene ve Kalite Kontrol: D\u00f6k\u00fcm g\u00f6vdeler, spesifikasyonlar\u0131 ve kalite standartlar\u0131n\u0131 kar\u015f\u0131lad\u0131klar\u0131ndan emin olmak i\u00e7in denetlenir.<\/li>\n<\/ol>\n<p>\u015eirketimizde kalite kontrol ve sat\u0131\u015f sonras\u0131 hizmete b\u00fcy\u00fck \u00f6nem veriyoruz, bu nedenle X-ray kontrol\u00fc gibi \u00e7e\u015fitli denetim ara\u00e7lar\u0131yla donat\u0131lm\u0131\u015f \u00f6zel bir kalite kontrol departman\u0131m\u0131z var. \u00dcretim projeleri i\u00e7in net bir i\u015f b\u00f6l\u00fcm\u00fc ile \u00f6zel bir proje ekibi kurduk ve m\u00fc\u015fterilerimize \u00fcretim ilerlememizi her zaman bildirdik.<\/p>\n<p><img loading=\"lazy\" decoding=\"async\" class=\"alignnone size-full wp-image-1967\" src=\"http:\/\/mnwell.com\/wp-content\/uploads\/2023\/07\/AYU9559.jpg\" alt=\"\" width=\"750\" height=\"500\" srcset=\"https:\/\/mnwell.com\/wp-content\/uploads\/2023\/07\/AYU9559.jpg 750w, https:\/\/mnwell.com\/wp-content\/uploads\/2023\/07\/AYU9559-600x400.jpg 600w\" sizes=\"(max-width: 750px) 100vw, 750px\" \/><\/p>","protected":false},"excerpt":{"rendered":"<p>Yedek kamera muhafazas\u0131, yedek kamera \u00fcnitesi i\u00e7in koruyucu muhafazad\u0131r. Al\u00fcminyum ala\u015f\u0131m\u0131 veya magnezyum ala\u015f\u0131m\u0131 gibi hafif metal malzemelerden d\u00f6k\u00fcl\u00fcr. Metal malzemenin g\u00fcc\u00fc, kameran\u0131n istikrarl\u0131 i\u015flevlerini s\u00fcrd\u00fcrmesini ve farkl\u0131 hava ko\u015fullar\u0131nda hasar g\u00f6rmemesini sa\u011flayabilir. Bir kal\u0131p d\u00f6k\u00fcm i\u015flemi ile arka g\u00f6r\u00fc\u015f kameras\u0131 muhafazas\u0131 \u00fcretmek verimli, hassas ve tutarl\u0131 \u00fcretim sa\u011flayabilir ve iyi g\u00fc\u00e7 ve dayan\u0131kl\u0131l\u0131k ile b\u00fcy\u00fck miktarlarda \u00fcretilebilir. Bu nedenle, kal\u0131p d\u00f6k\u00fcm i\u015flemi otomotiv end\u00fcstrisinde \u00e7e\u015fitli metal muhafazalar ve par\u00e7alar \u00fcretmek i\u00e7in yayg\u0131n olarak kullan\u0131lmaktad\u0131r.<\/p>","protected":false},"featured_media":2090,"template":"","meta":{"om_disable_all_campaigns":false,"_monsterinsights_skip_tracking":false,"_monsterinsights_sitenote_active":false,"_monsterinsights_sitenote_note":"","_monsterinsights_sitenote_category":0,"_uf_show_specific_survey":0,"_uf_disable_surveys":false,"site-sidebar-layout":"default","site-content-layout":"default","ast-global-header-display":"","ast-banner-title-visibility":"","ast-main-header-display":"","ast-hfb-above-header-display":"","ast-hfb-below-header-display":"","ast-hfb-mobile-header-display":"","site-post-title":"","ast-breadcrumbs-content":"","ast-featured-img":"","footer-sml-layout":"","theme-transparent-header-meta":"default","adv-header-id-meta":"","stick-header-meta":"","header-above-stick-meta":"","header-main-stick-meta":"","header-below-stick-meta":""},"product_cat":[18],"product_tag":[68,70,69,71],"aioseo_notices":[],"_links":{"self":[{"href":"https:\/\/mnwell.com\/tr\/wp-json\/wp\/v2\/product\/2089"}],"collection":[{"href":"https:\/\/mnwell.com\/tr\/wp-json\/wp\/v2\/product"}],"about":[{"href":"https:\/\/mnwell.com\/tr\/wp-json\/wp\/v2\/types\/product"}],"wp:featuredmedia":[{"embeddable":true,"href":"https:\/\/mnwell.com\/tr\/wp-json\/wp\/v2\/media\/2090"}],"wp:attachment":[{"href":"https:\/\/mnwell.com\/tr\/wp-json\/wp\/v2\/media?parent=2089"}],"wp:term":[{"taxonomy":"product_cat","embeddable":true,"href":"https:\/\/mnwell.com\/tr\/wp-json\/wp\/v2\/product_cat?post=2089"},{"taxonomy":"product_tag","embeddable":true,"href":"https:\/\/mnwell.com\/tr\/wp-json\/wp\/v2\/product_tag?post=2089"}],"curies":[{"name":"wp","href":"https:\/\/api.w.org\/{rel}","templated":true}]}}