{"id":2111,"date":"2023-07-18T15:54:28","date_gmt":"2023-07-18T13:54:28","guid":{"rendered":"https:\/\/mnwell.com\/?post_type=product&#038;p=2111"},"modified":"2023-09-15T07:59:54","modified_gmt":"2023-09-15T05:59:54","slug":"aluminium-pressure-die-casting-components","status":"publish","type":"product","link":"https:\/\/mnwell.com\/tr\/urun\/aluminium-pressure-die-casting-components\/","title":{"rendered":"al\u00fcmi\u0307nyum basin\u00e7li d\u00f6k\u00fcm par\u00e7alari"},"content":{"rendered":"<p>Al\u00fcminyum d\u00f6k\u00fcm bile\u015fenler, \u00e7e\u015fitli sekt\u00f6rlerde \u00e7ok \u00e7e\u015fitli \u00fcr\u00fcnlerin \u00fcretiminde \u00f6nemli bir rol oynamaktad\u0131r. Erimi\u015f al\u00fcminyum y\u00fcksek bas\u0131n\u00e7l\u0131 kal\u0131plara enjekte edilir ve belirtilen tasar\u0131m \u00f6zelliklerini kar\u015f\u0131layan formlara d\u00f6n\u00fc\u015ft\u00fcr\u00fcl\u00fcr.<\/p>\n<p>Al\u00fcminyum d\u00f6k\u00fcm bile\u015fenler \u00e7ok \u00e7e\u015fitli uygulamalar i\u00e7in m\u00fckemmel bir se\u00e7imdir. \u00dcst\u00fcn performanslar\u0131, g\u00fcvenilirlikleri ve maliyet etkinlikleri nedeniyle d\u00fcnya \u00e7ap\u0131ndaki \u00fcreticilerin ilk tercihidir. Y\u00fcksek kaliteli al\u00fcminyum d\u00f6k\u00fcm bile\u015fenlere ihtiyac\u0131n\u0131z varsa, t\u00fcm gereksinimlerinizi kar\u015f\u0131layabilecek \u00fcretim tesisimizden ba\u015fka bir yere gitmeyin.<\/p>\n<p>&nbsp;<\/p>\n<h3>OEM Standart Boyutlar\u0131<\/h3>\n<ul>\n<li>Mevcut malzemeler: AL:5052\/5754\/5082\/5083\/6061\/6063\/6082\u2026.<br \/>\nZL101\/ZL102\/ADC12...<br \/>\nQ235B\/Q345E\/Q345D\/SPCC\/SECC\/DX51D\/DX53D... Karbon \u00c7elik<br \/>\nPaslanmaz \u00e7elik kaliteleri aras\u0131nda 304\/316\/430\/201...<\/li>\n<li>Y\u00fczey i\u015flemleri aras\u0131nda boya p\u00fcsk\u00fcrtme, g\u00fc\u00e7 kaplama, eloksal, parlatma, kumlama, elektroforez ve pasivasyon yer al\u0131r.<br \/>\nT \/ T, L \/ C, Money Gram, Western Union Teslimat<\/li>\n<\/ul>\n<p>&nbsp;<\/p>\n<h4>Uygulama aral\u0131\u011f\u0131<\/h4>\n<p><a href=\"https:\/\/mnwell.com\/tr\/aluminum-die-casting\/\">Al\u00fcminyum d\u00f6k\u00fcmler<\/a> otomotiv, havac\u0131l\u0131k, elektrik ve in\u015faat dahil olmak \u00fczere \u00e7e\u015fitli sekt\u00f6rlerde yayg\u0131n olarak kullan\u0131lmaktad\u0131r. Otomobil sekt\u00f6r\u00fcnde motor bloklar\u0131, di\u015fli kutular\u0131 ve s\u00fcspansiyon bile\u015fenleri yapmak i\u00e7in kullan\u0131l\u0131rlar. Havac\u0131l\u0131k sekt\u00f6r\u00fcnde motor par\u00e7alar\u0131, kanat bile\u015fenleri ve ini\u015f tak\u0131m\u0131 par\u00e7alar\u0131 yapmak i\u00e7in kullan\u0131l\u0131rlar. Elektrik sekt\u00f6r\u00fcnde \u0131s\u0131 al\u0131c\u0131lar\u0131, g\u00f6vde bile\u015fenleri ve elektronik bile\u015fenler yapmak i\u00e7in kullan\u0131l\u0131rlar.<\/p>\n<p><img loading=\"lazy\" decoding=\"async\" class=\"alignnone size-full wp-image-2112\" src=\"http:\/\/mnwell.com\/wp-content\/uploads\/2023\/07\/AYU9521.jpg\" alt=\"aluminium casting components\" width=\"800\" height=\"800\" srcset=\"https:\/\/mnwell.com\/wp-content\/uploads\/2023\/07\/AYU9521.jpg 800w, https:\/\/mnwell.com\/wp-content\/uploads\/2023\/07\/AYU9521-150x150.jpg 150w, https:\/\/mnwell.com\/wp-content\/uploads\/2023\/07\/AYU9521-768x768.jpg 768w, https:\/\/mnwell.com\/wp-content\/uploads\/2023\/07\/AYU9521-300x300.jpg 300w, https:\/\/mnwell.com\/wp-content\/uploads\/2023\/07\/AYU9521-600x600.jpg 600w, https:\/\/mnwell.com\/wp-content\/uploads\/2023\/07\/AYU9521-100x100.jpg 100w\" sizes=\"(max-width: 800px) 100vw, 800px\" \/><\/p>\n<p>&nbsp;<\/p>\n<h4>Al\u00fcminyum Bas\u0131n\u00e7l\u0131 D\u00f6k\u00fcm Bile\u015fenlerin Faydalar\u0131<\/h4>\n<p>Al\u00fcminyum d\u00f6k\u00fcm bile\u015fenler son derece g\u00fcvenilir ve ucuzdur, bu da onlar\u0131 \u00e7ok \u00e7e\u015fitli uygulamalar i\u00e7in ilk se\u00e7enek haline getirir. Y\u00fcksek boyutsal hassasiyet ve y\u00fczey cilas\u0131 sunarlar ve h\u0131zl\u0131 ve b\u00fcy\u00fck miktarlarda \u00fcretilebilirler. Bu bile\u015fenler uzun \u00f6m\u00fcrl\u00fc, hafif ve y\u00fcksek \u0131s\u0131 iletkenli\u011fine sahiptir. Ayr\u0131ca korozyona kar\u015f\u0131 dayan\u0131kl\u0131d\u0131rlar, bu da onlar\u0131 zorlu ko\u015fullarda kullan\u0131m i\u00e7in m\u00fckemmel hale getirir.<\/p>\n<p>\u00dcretim tesisimizde m\u00fc\u015fterilerimizin taleplerini kar\u015f\u0131layan veya a\u015fan y\u00fcksek kaliteli al\u00fcminyum d\u00f6k\u00fcm bile\u015fenler \u00fcretiyoruz. M\u00fc\u015fterilerimizin \u00f6zel taleplerine uygun benzersiz bile\u015fenler \u00fcretmek i\u00e7in i\u015fbirli\u011fi yapan en son teknolojiye ve yetenekli bireylere sahibiz. Bile\u015fenlerimizin en y\u00fcksek kalite gereksinimlerini kar\u015f\u0131lad\u0131\u011f\u0131n\u0131 garanti etmek i\u00e7in titizlikle test edilir ve incelenir.<\/p>\n<p>&nbsp;<\/p>\n<h5>MindWell'den kalite kontrol<\/h5>\n<p>Al\u00fcminyum d\u00f6k\u00fcm bile\u015fen kalite kontrol\u00fc, \u00fcr\u00fcn kalitesinin korunmas\u0131nda \u00f6nemli bir ad\u0131md\u0131r. Kurulu\u015fumuz \u00e7ok titiz kalite kriterlerine sahiptir ve a\u015fa\u011f\u0131daki kalite y\u00f6netim sistemini uygulam\u0131\u015ft\u0131r:<\/p>\n<ol>\n<li>Malzeme Kontrol\u00fc: Ge\u00e7erli standartlar\u0131 ve gereksinimleri kar\u015f\u0131layan y\u00fcksek kaliteli al\u00fcminyum ala\u015f\u0131ml\u0131 malzemeler se\u00e7in. Kimyasal bile\u015fimlerinin ve mekanik niteliklerinin spesifikasyonlar\u0131 kar\u015f\u0131lad\u0131\u011f\u0131ndan emin olmak i\u00e7in hammaddeleri inceleyin ve test edin.<\/li>\n<li>Kal\u0131p tasar\u0131m\u0131 ve \u00fcretiminin kontrol\u00fc: Kal\u0131p, al\u00fcminyum bas\u0131n\u00e7l\u0131 d\u00f6k\u00fcmde \u00f6nemli bir ara\u00e7t\u0131r ve tasar\u0131m ve \u00fcretim kalitesinin \u00fcr\u00fcn kalitesi \u00fczerinde do\u011frudan etkisi vard\u0131r. Kal\u0131p tasar\u0131m\u0131n\u0131n tam oldu\u011funu ve y\u00fcksek kaliteli malzemelerden yap\u0131ld\u0131\u011f\u0131n\u0131 kontrol edin. Kal\u0131b\u0131 iyi durumda tutmak i\u00e7in d\u00fczenli olarak bak\u0131m ve onar\u0131m\u0131n\u0131 yap\u0131n.<\/li>\n<li>S\u00fcre\u00e7 kontrol\u00fc: Di\u011ferlerinin yan\u0131 s\u0131ra d\u00f6kme s\u0131cakl\u0131\u011f\u0131, d\u00f6kme h\u0131z\u0131, bas\u0131n\u00e7 ve so\u011futma s\u00fcresi gibi al\u00fcminyum kal\u0131p d\u00f6k\u00fcm s\u00fcreci parametrelerini titizlikle d\u00fczenleyin. Tek tip bir s\u00fcre\u00e7 ak\u0131\u015f\u0131 olu\u015fturun ve bunu takip edip belgeleyin.<\/li>\n<li>Al\u00fcminyum d\u00f6k\u00fcm bile\u015fenleri, boyutlar\u0131n\u0131n, y\u00fczey kalitelerinin ve mekanik niteliklerinin spesifikasyonlar\u0131 kar\u015f\u0131lad\u0131\u011f\u0131n\u0131 do\u011frulamak i\u00e7in incelenir ve test edilir. \u00dc\u00e7 koordinatl\u0131 \u00f6l\u00e7\u00fcm, X-ray denetimi, ultrasonik muayene ve di\u011fer denetim prosed\u00fcrleri s\u0131kl\u0131kla kullan\u0131l\u0131r.<\/li>\n<li>Tahribats\u0131z test: \u00dcr\u00fcn\u00fcn i\u00e7 kusurlardan ar\u0131nm\u0131\u015f oldu\u011funu do\u011frulamak i\u00e7in, al\u00fcminyum kal\u0131p d\u00f6k\u00fcm bile\u015fenlerindeki hatalar\u0131 ke\u015ffetmek i\u00e7in penetrant testi, manyetik par\u00e7ac\u0131k testi ve benzeri tahribats\u0131z test y\u00f6ntemlerini kullan\u0131n.<\/li>\n<li>Sorun \u00e7\u00f6zme ve kalite iyile\u015ftirmeye yard\u0131mc\u0131 olmak i\u00e7in malzeme partileri, \u00fcretim tarihleri, s\u00fcre\u00e7 parametreleri vb. dahil olmak \u00fczere her bir al\u00fcminyum kal\u0131p d\u00f6k\u00fcm bile\u015fenini benzersiz bir \u015fekilde tan\u0131mlamak ve kaydetmek i\u00e7in bir \u00fcr\u00fcn izlenebilirlik sistemi kurun.<\/li>\n<li>E\u011fitim ve Fark\u0131ndal\u0131k Art\u0131rma: Kalite kontrol fark\u0131ndal\u0131klar\u0131n\u0131 ve becerilerini art\u0131rmak i\u00e7in \u00fcretim operat\u00f6rlerine e\u011fitim verin. \u0130\u015fbirli\u011fini ve kalite iyile\u015ftirmeyi te\u015fvik etmek i\u00e7in d\u00fczenli olarak kalite e\u011fitimi ve ileti\u015fim faaliyetleri d\u00fczenleyin.<\/li>\n<\/ol>\n<p><img loading=\"lazy\" decoding=\"async\" class=\"alignnone size-full wp-image-1973\" src=\"http:\/\/mnwell.com\/wp-content\/uploads\/2023\/07\/AYU9596-e1688652039321.jpg\" alt=\"\" width=\"350\" height=\"525\" \/><\/p>\n<p><img loading=\"lazy\" decoding=\"async\" class=\"alignnone size-full wp-image-1985\" src=\"http:\/\/mnwell.com\/wp-content\/uploads\/2023\/07\/bc62196aa01b7adeaba4a2362274b8a.jpg\" alt=\"\" width=\"500\" height=\"333\" \/><\/p>","protected":false},"excerpt":{"rendered":"<p>Al\u00fcminyum d\u00f6k\u00fcm bile\u015fenler, \u00e7e\u015fitli sekt\u00f6rlerde \u00e7ok \u00e7e\u015fitli \u00fcr\u00fcnlerin \u00fcretiminde \u00f6nemli bir rol oynamaktad\u0131r. Erimi\u015f al\u00fcminyum y\u00fcksek bas\u0131n\u00e7l\u0131 kal\u0131plara enjekte edilir ve belirtilen tasar\u0131m \u00f6zelliklerini kar\u015f\u0131layan formlara d\u00f6n\u00fc\u015ft\u00fcr\u00fcl\u00fcr.<\/p>\n<p>Al\u00fcminyum d\u00f6k\u00fcm bile\u015fenler \u00e7ok \u00e7e\u015fitli uygulamalar i\u00e7in m\u00fckemmel bir se\u00e7imdir. \u00dcst\u00fcn performanslar\u0131, g\u00fcvenilirlikleri ve maliyet etkinlikleri nedeniyle d\u00fcnya \u00e7ap\u0131ndaki \u00fcreticilerin ilk tercihidir. Y\u00fcksek kaliteli al\u00fcminyum d\u00f6k\u00fcm bile\u015fenlere ihtiyac\u0131n\u0131z varsa, t\u00fcm gereksinimlerinizi kar\u015f\u0131layabilecek \u00fcretim tesisimizden ba\u015fka bir yere gitmeyin.<\/p>","protected":false},"featured_media":2112,"template":"","meta":{"om_disable_all_campaigns":false,"_monsterinsights_skip_tracking":false,"_monsterinsights_sitenote_active":false,"_monsterinsights_sitenote_note":"","_monsterinsights_sitenote_category":0,"_uf_show_specific_survey":0,"_uf_disable_surveys":false,"site-sidebar-layout":"default","site-content-layout":"default","ast-global-header-display":"","ast-banner-title-visibility":"","ast-main-header-display":"","ast-hfb-above-header-display":"","ast-hfb-below-header-display":"","ast-hfb-mobile-header-display":"","site-post-title":"","ast-breadcrumbs-content":"","ast-featured-img":"","footer-sml-layout":"","theme-transparent-header-meta":"default","adv-header-id-meta":"","stick-header-meta":"","header-above-stick-meta":"","header-main-stick-meta":"","header-below-stick-meta":""},"product_cat":[18],"product_tag":[75,78,76,77],"aioseo_notices":[],"_links":{"self":[{"href":"https:\/\/mnwell.com\/tr\/wp-json\/wp\/v2\/product\/2111"}],"collection":[{"href":"https:\/\/mnwell.com\/tr\/wp-json\/wp\/v2\/product"}],"about":[{"href":"https:\/\/mnwell.com\/tr\/wp-json\/wp\/v2\/types\/product"}],"wp:featuredmedia":[{"embeddable":true,"href":"https:\/\/mnwell.com\/tr\/wp-json\/wp\/v2\/media\/2112"}],"wp:attachment":[{"href":"https:\/\/mnwell.com\/tr\/wp-json\/wp\/v2\/media?parent=2111"}],"wp:term":[{"taxonomy":"product_cat","embeddable":true,"href":"https:\/\/mnwell.com\/tr\/wp-json\/wp\/v2\/product_cat?post=2111"},{"taxonomy":"product_tag","embeddable":true,"href":"https:\/\/mnwell.com\/tr\/wp-json\/wp\/v2\/product_tag?post=2111"}],"curies":[{"name":"wp","href":"https:\/\/api.w.org\/{rel}","templated":true}]}}