{"id":2115,"date":"2023-07-18T16:19:08","date_gmt":"2023-07-18T14:19:08","guid":{"rendered":"https:\/\/mnwell.com\/?post_type=product&#038;p=2115"},"modified":"2023-07-18T16:19:34","modified_gmt":"2023-07-18T14:19:34","slug":"a380-aluminum-die-casting","status":"publish","type":"product","link":"https:\/\/mnwell.com\/tr\/urun\/a380-aluminum-die-casting\/","title":{"rendered":"A380 al\u00fcminyum d\u00f6k\u00fcm"},"content":{"rendered":"<p>a380 al\u00fcminyum d\u00f6k\u00fcm tekni\u011fi, hafif ancak sa\u011flam bir yap\u0131ya sahip karma\u015f\u0131k bile\u015fenler \u00fcretmek i\u00e7in kullan\u0131lan y\u00fcksek teknolojili bir y\u00f6ntemdir. Al\u00fcminyum <a href=\"https:\/\/mnwell.com\/tr\/what-is-aluminum-die-casting-detailed-process-introduction\/\">Bas\u0131n\u00e7l\u0131 D\u00f6k\u00fcm S\u00fcreci<\/a> a380 Tam performans\u0131n yan\u0131 s\u0131ra \u00fcst\u00fcn dayan\u0131kl\u0131l\u0131k ve mukavemet al\u00fcminyum ala\u015f\u0131ml\u0131 bile\u015fenler sunmak i\u00e7in firmam\u0131z modern bas\u0131n\u00e7l\u0131 d\u00f6k\u00fcm teknolojisini kullanmaktad\u0131r.<\/p>\n<p>a380 al\u00fcminyum d\u00f6k\u00fcm i\u015fleminin esnekli\u011fi, karma\u015f\u0131k tasar\u0131mlar\u0131 b\u00fcy\u00fck boyutsal hassasiyet ve tutarl\u0131l\u0131kla \u00fcretmek i\u00e7in m\u00fckemmel hale getirir. Y\u00f6ntem, ince duvarl\u0131 ve karma\u015f\u0131k e\u011frilere sahip bile\u015fenler olu\u015fturabildi\u011finden, y\u00fcksek derecede ayr\u0131nt\u0131ya sahip ayr\u0131nt\u0131l\u0131 modeller olu\u015fturmak i\u00e7in idealdir. A380 a\u015fa\u011f\u0131daki \u00f6zelliklere sahiptir:<\/p>\n<h3>al\u00fcminyum a380 malzeme \u00f6zellikleri<\/h3>\n<ul>\n<li>b\u00fcy\u00fck g\u00fc\u00e7 ve ola\u011fan\u00fcst\u00fc likidite ile hafif<\/li>\n<li>m\u00fckemmel mekanik \u00f6zellikler<\/li>\n<li>m\u00fckemmel termal iletkenlik<\/li>\n<li>\u00dcretimi kolay y\u00fcksek s\u0131cakl\u0131k performans\u0131<\/li>\n<\/ul>\n<p>Al\u00fcminyum d\u00f6k\u00fcm tekni\u011fi i\u00e7in<a href=\"https:\/\/mnwell.com\/tr\/urun\/a380-aluminum-die-casting\/\"> a380<\/a> ayn\u0131 \u015fekilde son derece verimlidir ve \u00fcretim sonras\u0131 \u00e7ok az i\u015f\u00e7ilik gerektirir. Sonu\u00e7 olarak, zorlu end\u00fcstri normlar\u0131na ve spesifikasyonlar\u0131na uymas\u0131 gereken b\u00fcy\u00fck \u00f6l\u00e7ekli \u00fcretim \u00e7al\u0131\u015fmalar\u0131 i\u00e7in uygun maliyetli bir se\u00e7enektir.<\/p>\n<p>MindWell, m\u00fc\u015fterilerimizin \u00f6zel taleplerini kar\u015f\u0131lamak i\u00e7in a380 gibi al\u00fcminyum ala\u015f\u0131ml\u0131 malzemelerin y\u00fcksek kaliteli kal\u0131p d\u00f6k\u00fcm hizmetlerini sunma konusunda uzmanla\u015fm\u0131\u015ft\u0131r. Yetenekli m\u00fchendislerimiz ve teknisyenlerimiz, \u00fcretilen her bile\u015fenin en y\u00fcksek kalite, do\u011fruluk ve performans kriterlerini kar\u015f\u0131lamas\u0131n\u0131 garanti ederek bas\u0131n\u00e7l\u0131 d\u00f6k\u00fcm\u00fcn t\u00fcm unsurlar\u0131 konusunda bilgilidir.<\/p>\n<p>S\u00fcrekli kalite ve do\u011frulukla, firmam\u0131z y\u00fcksek dereceli, hafif a380 al\u00fcminyum ala\u015f\u0131ml\u0131 bile\u015fenler \u00fcretmektedir. <a href=\"https:\/\/mnwell.com\/tr\/automotive-aluminum-die-castings-the-key-to-promoting-innovation-in-the-automotive-industry\/\">A380 al\u00fcminyum kal\u0131p d\u00f6k\u00fcmleri<\/a> \u00fcst\u00fcn korozyon direnci, dayan\u0131kl\u0131l\u0131\u011f\u0131 ve g\u00fcc\u00fc sayesinde en zorlu uygulamalarda hayatta kalmak isteyen herkes i\u00e7in uygundur. Performans bile\u015fenleri arayan herkes i\u00e7in m\u00fckemmel bir se\u00e7enektir.<\/p>\n<p>&nbsp;<\/p>\n<p><img loading=\"lazy\" decoding=\"async\" class=\"alignnone size-full wp-image-2103\" src=\"http:\/\/mnwell.com\/wp-content\/uploads\/2023\/07\/AYU9581.jpg\" alt=\"\" width=\"750\" height=\"500\" srcset=\"https:\/\/mnwell.com\/wp-content\/uploads\/2023\/07\/AYU9581.jpg 750w, https:\/\/mnwell.com\/wp-content\/uploads\/2023\/07\/AYU9581-600x400.jpg 600w\" sizes=\"(max-width: 750px) 100vw, 750px\" \/><\/p>\n<h4><\/h4>\n<h4>A380 i\u00e7in Uygun Y\u00fczey \u0130\u015flemi<\/h4>\n<p>Y\u00fczey kalitesi, korozyon direnci ve esteti\u011fin t\u00fcm\u00fc, A380 Al\u00fcminyum Bas\u0131n\u00e7l\u0131 D\u00f6k\u00fcm bile\u015fenlerinin \u00e7e\u015fitli y\u00f6ntemlerle i\u015flenmesiyle iyile\u015ftirilebilir. A380 al\u00fcminyum d\u00f6k\u00fcm i\u00e7in kabul edilebilir baz\u0131 pop\u00fcler y\u00fczey i\u015flemleri \u015funlard\u0131r:<\/p>\n<ul>\n<li>P\u00fcsk\u00fcrtme\/Boyama: Renk, s\u00fcsleme ve koruma sa\u011flayabilen tipik bir y\u00fczey i\u015fleme t\u00fcr\u00fc p\u00fcsk\u00fcrtme veya boyamad\u0131r. Do\u011fru kaplama veya cila ile A380 Al\u00fcminyum Bas\u0131n\u00e7l\u0131 D\u00f6k\u00fcm bile\u015fenleri hava ko\u015fullar\u0131na, korozyona ve \u00e7izilmeye kar\u015f\u0131 dayan\u0131kl\u0131 hale getirilebilir.<\/li>\n<li>Elektroforetik kaplama, elektrik y\u00fckl\u00fc, renkli boya par\u00e7ac\u0131klar\u0131n\u0131n elektrotlar \u00fczerine biriktirilmesi i\u00e7in kullan\u0131lan bir tekniktir. Kaplamada koruyucu bir oksit tabakas\u0131 olu\u015fturabilir ve A380 al\u00fcminyum d\u00f6k\u00fcm bile\u015fenlerinin korozyon direncini art\u0131rmak i\u00e7in homojen bir kaplama sa\u011flayabilir.<\/li>\n<li>Eloksal (anodizing), al\u00fcminyum y\u00fczeyinde kal\u0131n bir oksit kaplama olu\u015fturan elektrokimyasal bir tekniktir. A380 al\u00fcminyum d\u00f6k\u00fcm bile\u015fenlerine koruyucu bir oksit tabakas\u0131 ekleyerek korozyon direncini, sertli\u011fi ve y\u00fczey kalitesini art\u0131rabilir.<\/li>\n<li>Mekanik parlatma, A380 al\u00fcminyum kal\u0131p d\u00f6k\u00fcm bile\u015fenlerinin y\u00fczeyini p\u00fcr\u00fczs\u00fcz, parlak ve hatas\u0131z hale getirmek i\u00e7in mekanik olarak ta\u015flama ve parlatma i\u015flemidir. Par\u00e7an\u0131n g\u00f6r\u00fcn\u00fcm\u00fcn\u00fc ve hissini iyile\u015ftirmenin yan\u0131 s\u0131ra korozyon direncini de art\u0131r\u0131r.<\/li>\n<li>Kimyasal parlatma: kimyasal parlatma, y\u00fczey oksit tabakas\u0131n\u0131n ve kusurlar\u0131n kimyasal bir \u00e7\u00f6zelti kullan\u0131larak giderilmesidir ve A380 al\u00fcminyum d\u00f6k\u00fcm bile\u015fenlerinin daha p\u00fcr\u00fczs\u00fcz ve parlak bir y\u00fczeyiyle sonu\u00e7lan\u0131r. Par\u00e7an\u0131n y\u00fczey kalitesini ve \u00e7ekicili\u011fini art\u0131rma potansiyeline sahiptir.<\/li>\n<li>Ta\u015flama ve ta\u015flama: Ta\u015flama ve ta\u015flama A380'in y\u00fczey i\u015flemidir <a href=\"https:\/\/mnwell.com\/tr\/what-are-high-pressure-aluminum-die-casting-parts\/\">al\u00fcminyum d\u00f6k\u00fcm par\u00e7alar<\/a> lekeleri gidermek, boyutu ayarlamak ve y\u00fczey p\u00fcr\u00fczl\u00fcl\u00fc\u011f\u00fcn\u00fc iyile\u015ftirmek i\u00e7in ta\u015flama aletleri ve a\u015f\u0131nd\u0131r\u0131c\u0131larla.<\/li>\n<\/ul>\n<p><img loading=\"lazy\" decoding=\"async\" class=\"alignnone size-full wp-image-2117\" src=\"http:\/\/mnwell.com\/wp-content\/uploads\/2023\/07\/\u4e0b\u8f7d.jpg\" alt=\"die cast aluminum components\" width=\"600\" height=\"600\" srcset=\"https:\/\/mnwell.com\/wp-content\/uploads\/2023\/07\/\u4e0b\u8f7d.jpg 600w, https:\/\/mnwell.com\/wp-content\/uploads\/2023\/07\/\u4e0b\u8f7d-150x150.jpg 150w, https:\/\/mnwell.com\/wp-content\/uploads\/2023\/07\/\u4e0b\u8f7d-300x300.jpg 300w, https:\/\/mnwell.com\/wp-content\/uploads\/2023\/07\/\u4e0b\u8f7d-100x100.jpg 100w\" sizes=\"(max-width: 600px) 100vw, 600px\" \/><\/p>\n<h4>A380 bas\u0131n\u00e7l\u0131 d\u00f6k\u00fcm uygulama aral\u0131\u011f\u0131<\/h4>\n<p>A380 al\u00fcminyum d\u00f6k\u00fcmler otomotiv, havac\u0131l\u0131k ve askeri end\u00fcstrilerde yayg\u0131n olarak kullan\u0131lmaktad\u0131r. Y\u00fcksek gerilme mukavemeti, iyi korozyon direnci ve termal iletkenli\u011fi, onu hafif ancak sa\u011flam bile\u015fenler i\u00e7in uygun hale getirir.<\/p>\n<p>ara\u00e7 end\u00fcstrisi: A380 al\u00fcminyum d\u00f6k\u00fcm, motor par\u00e7alar\u0131, \u015fanz\u0131man sistemi par\u00e7alar\u0131, \u015fasi par\u00e7alar\u0131, s\u00fcspansiyon sistemi par\u00e7alar\u0131, g\u00f6vde yap\u0131s\u0131 par\u00e7alar\u0131 vb. gibi ara\u00e7 par\u00e7alar\u0131nda yayg\u0131n olarak kullan\u0131lmaktad\u0131r. K\u00fc\u00e7\u00fck a\u011f\u0131rl\u0131\u011f\u0131 ve ola\u011fan\u00fcst\u00fc mekanik nitelikleri nedeniyle, ara\u00e7 yak\u0131t verimlili\u011fini ve performans\u0131n\u0131 art\u0131rmak i\u00e7in uygundur.<\/p>\n<p>A380 al\u00fcminyum d\u00f6k\u00fcm, elektronik ve elektrik end\u00fcstrilerinde farkl\u0131 elektronik ve elektrikli ekipmanlar i\u00e7in muhafazalar, radyat\u00f6rler ve ba\u011flant\u0131lar gibi bile\u015fenler \u00fcretmek i\u00e7in kullan\u0131l\u0131r. Termal iletkenli\u011fi ve mekanik sa\u011flaml\u0131\u011f\u0131 nedeniyle, elektronik bile\u015fenleri etkili bir \u015fekilde koruyabilir ve ayn\u0131 zamanda iyi bir \u0131s\u0131 da\u011f\u0131l\u0131m\u0131 sa\u011flayabilir.<\/p>\n<p>A380 al\u00fcminyum d\u00f6k\u00fcm, pompa g\u00f6vdeleri, vanalar, \u015fanz\u0131man kutusu kabuklar\u0131, bas\u0131n\u00e7l\u0131 kaplar ve benzeri end\u00fcstriyel ekipmanlarda yayg\u0131n olarak kullan\u0131lmaktad\u0131r. M\u00fckemmel mukavemeti ve korozyon direnci, onu \u00e7ok \u00e7e\u015fitli end\u00fcstriyel ortamlar ve ihtiya\u00e7lar i\u00e7in uygun hale getirir.<\/p>\n<p>\u0130n\u015faat ve mobilya: A380 al\u00fcminyum d\u00f6k\u00fcm, in\u015faat ve yap\u0131 malzemeleri alan\u0131nda kap\u0131 ve pencere \u00e7er\u00e7eveleri, kolonlar ve merdiven korkuluklar\u0131 gibi yap\u0131sal elemanlar olu\u015fturmak i\u00e7in de kullan\u0131labilir. Hafifli\u011fi ve hava ko\u015fullar\u0131na dayan\u0131kl\u0131 \u00f6zellikleri onu tercih edilen yap\u0131 malzemesi haline getirmektedir.<\/p>\n<p>A380 al\u00fcminyum d\u00f6k\u00fcm, bisiklet \u00e7er\u00e7eveleri, golf sopalar\u0131, kaykay bile\u015fenleri ve benzeri dahil olmak \u00fczere \u00e7e\u015fitli spor ekipmanlar\u0131n\u0131 yapmak i\u00e7in kullan\u0131l\u0131r. K\u00fc\u00e7\u00fck a\u011f\u0131rl\u0131\u011f\u0131 ve m\u00fckemmel mukavemeti nedeniyle, spor ekipmanlar\u0131n\u0131 daha dayan\u0131kl\u0131 ve kullan\u0131m\u0131 kolay hale getirir.<\/p>\n<p>Genel olarak, iyi mekanik nitelikleri, d\u00fc\u015f\u00fck a\u011f\u0131rl\u0131\u011f\u0131 ve i\u015flenebilirli\u011fi nedeniyle A380 al\u00fcminyum d\u00f6k\u00fcm, \u00e7e\u015fitli alanlarda yayg\u0131n olarak kullan\u0131lmakta ve \u00e7e\u015fitli \u00fcr\u00fcnler i\u00e7in m\u00fckemmel performans ve g\u00fcvenilirlik sa\u011flamaktad\u0131r.<\/p>\n<p><img loading=\"lazy\" decoding=\"async\" class=\"alignnone size-full wp-image-2116\" src=\"http:\/\/mnwell.com\/wp-content\/uploads\/2023\/07\/1-2.jpg\" alt=\"a380 aluminum die casting\" width=\"600\" height=\"600\" srcset=\"https:\/\/mnwell.com\/wp-content\/uploads\/2023\/07\/1-2.jpg 600w, https:\/\/mnwell.com\/wp-content\/uploads\/2023\/07\/1-2-150x150.jpg 150w, https:\/\/mnwell.com\/wp-content\/uploads\/2023\/07\/1-2-300x300.jpg 300w, https:\/\/mnwell.com\/wp-content\/uploads\/2023\/07\/1-2-100x100.jpg 100w\" sizes=\"(max-width: 600px) 100vw, 600px\" \/><\/p>\n<p>&nbsp;<\/p>","protected":false},"excerpt":{"rendered":"<p>a380 al\u00fcminyum d\u00f6k\u00fcm tekni\u011fi, hafif ancak sa\u011flam bir yap\u0131ya sahip karma\u015f\u0131k bile\u015fenler \u00fcretmek i\u00e7in kullan\u0131lan y\u00fcksek teknolojili bir y\u00f6ntemdir. Al\u00fcminyum <a href=\"https:\/\/mnwell.com\/tr\/what-is-aluminum-die-casting-detailed-process-introduction\/\">Bas\u0131n\u00e7l\u0131 D\u00f6k\u00fcm S\u00fcreci<\/a> a380 Tam performans\u0131n yan\u0131 s\u0131ra \u00fcst\u00fcn dayan\u0131kl\u0131l\u0131k ve mukavemet al\u00fcminyum ala\u015f\u0131ml\u0131 bile\u015fenler sunmak i\u00e7in firmam\u0131z modern bas\u0131n\u00e7l\u0131 d\u00f6k\u00fcm teknolojisini kullanmaktad\u0131r.<\/p>\n<p>a380 al\u00fcminyum d\u00f6k\u00fcm i\u015fleminin esnekli\u011fi, karma\u015f\u0131k tasar\u0131mlar\u0131 b\u00fcy\u00fck boyutsal hassasiyet ve tutarl\u0131l\u0131kla \u00fcretmek i\u00e7in m\u00fckemmel hale getirir. Y\u00f6ntem, ince duvarl\u0131 ve karma\u015f\u0131k e\u011frilere sahip bile\u015fenler olu\u015fturabildi\u011finden, y\u00fcksek derecede ayr\u0131nt\u0131ya sahip ayr\u0131nt\u0131l\u0131 desenler olu\u015fturmak i\u00e7in idealdir.<\/p>","protected":false},"featured_media":2116,"template":"","meta":{"om_disable_all_campaigns":false,"_monsterinsights_skip_tracking":false,"_monsterinsights_sitenote_active":false,"_monsterinsights_sitenote_note":"","_monsterinsights_sitenote_category":0,"_uf_show_specific_survey":0,"_uf_disable_surveys":false,"site-sidebar-layout":"default","site-content-layout":"default","ast-global-header-display":"","ast-banner-title-visibility":"","ast-main-header-display":"","ast-hfb-above-header-display":"","ast-hfb-below-header-display":"","ast-hfb-mobile-header-display":"","site-post-title":"","ast-breadcrumbs-content":"","ast-featured-img":"","footer-sml-layout":"","theme-transparent-header-meta":"default","adv-header-id-meta":"","stick-header-meta":"","header-above-stick-meta":"","header-main-stick-meta":"","header-below-stick-meta":""},"product_cat":[18],"product_tag":[40,81,80,79],"aioseo_notices":[],"_links":{"self":[{"href":"https:\/\/mnwell.com\/tr\/wp-json\/wp\/v2\/product\/2115"}],"collection":[{"href":"https:\/\/mnwell.com\/tr\/wp-json\/wp\/v2\/product"}],"about":[{"href":"https:\/\/mnwell.com\/tr\/wp-json\/wp\/v2\/types\/product"}],"wp:featuredmedia":[{"embeddable":true,"href":"https:\/\/mnwell.com\/tr\/wp-json\/wp\/v2\/media\/2116"}],"wp:attachment":[{"href":"https:\/\/mnwell.com\/tr\/wp-json\/wp\/v2\/media?parent=2115"}],"wp:term":[{"taxonomy":"product_cat","embeddable":true,"href":"https:\/\/mnwell.com\/tr\/wp-json\/wp\/v2\/product_cat?post=2115"},{"taxonomy":"product_tag","embeddable":true,"href":"https:\/\/mnwell.com\/tr\/wp-json\/wp\/v2\/product_tag?post=2115"}],"curies":[{"name":"wp","href":"https:\/\/api.w.org\/{rel}","templated":true}]}}