{"id":3199,"date":"2023-09-17T16:10:21","date_gmt":"2023-09-17T14:10:21","guid":{"rendered":"https:\/\/mnwell.com\/?post_type=product&#038;p=3199"},"modified":"2023-09-17T16:14:37","modified_gmt":"2023-09-17T14:14:37","slug":"outdoor-cctv-security-camera-housing-aluminum-die-casting","status":"publish","type":"product","link":"https:\/\/mnwell.com\/tr\/urun\/outdoor-cctv-security-camera-housing-aluminum-die-casting\/","title":{"rendered":"D\u0131\u015f mekan CCTV g\u00fcvenlik kameras\u0131 muhafazas\u0131 Al\u00fcminyum d\u00f6k\u00fcm"},"content":{"rendered":"<p>D\u0131\u015f mekan CCTV g\u00fcvenlik kameras\u0131 muhafazas\u0131 al\u00fcminyum d\u00f6k\u00fcm, g\u00fcvenlik kameralar\u0131 i\u00e7in al\u00fcminyum ala\u015f\u0131ml\u0131 malzemeden yap\u0131lm\u0131\u015f bir muhafazad\u0131r. Su ge\u00e7irmez, toz ge\u00e7irmez ve patlamaya dayan\u0131kl\u0131 gibi i\u015flevlere sahiptir. Al\u00fcminyum ala\u015f\u0131ml\u0131 malzemelerin kullan\u0131m\u0131, y\u00fcksek mukavemet ve korozyon direnci avantajlar\u0131na sahiptir ve ayr\u0131ca kameran\u0131n d\u0131\u015f ortamlarda g\u00fcvenilir bir \u015fekilde \u00e7al\u0131\u015fabilmesini sa\u011flayarak kamera elektronik bile\u015fenlerinin \u0131s\u0131 da\u011f\u0131l\u0131m\u0131 i\u00e7in faydal\u0131d\u0131r. Kameralar\u0131n d\u0131\u015f mekan kurulumu i\u00e7in en iyi se\u00e7eneklerden biridir.<\/p>\n<p><img loading=\"lazy\" decoding=\"async\" class=\"alignnone size-full wp-image-3200\" src=\"http:\/\/mnwell.com\/wp-content\/uploads\/2023\/09\/AYU9519.webp\" alt=\"security camera housing outdoor\" width=\"800\" height=\"800\" srcset=\"https:\/\/mnwell.com\/wp-content\/uploads\/2023\/09\/AYU9519.webp 800w, https:\/\/mnwell.com\/wp-content\/uploads\/2023\/09\/AYU9519-150x150.webp 150w, https:\/\/mnwell.com\/wp-content\/uploads\/2023\/09\/AYU9519-768x768.webp 768w, https:\/\/mnwell.com\/wp-content\/uploads\/2023\/09\/AYU9519-300x300.webp 300w, https:\/\/mnwell.com\/wp-content\/uploads\/2023\/09\/AYU9519-600x600.webp 600w, https:\/\/mnwell.com\/wp-content\/uploads\/2023\/09\/AYU9519-100x100.webp 100w\" sizes=\"(max-width: 800px) 100vw, 800px\" \/><\/p>\n<h3>Al\u00fcminyum muhafazan\u0131n avantajlar\u0131<\/h3>\n<ul>\n<li>Hava ko\u015fullar\u0131na ve korozyona kar\u015f\u0131 diren\u00e7: Al\u00fcminyum ala\u015f\u0131ml\u0131 kabuk m\u00fckemmel hava direncine sahiptir ve d\u0131\u015f ortamdaki ultraviyole \u0131\u015f\u0131nlar\u0131, y\u00fcksek s\u0131cakl\u0131k, d\u00fc\u015f\u00fck s\u0131cakl\u0131k, ya\u011fmur ve f\u0131rt\u0131nalar gibi olumsuz hava ko\u015fullar\u0131na dayanabilir. Ayr\u0131ca a\u015f\u0131nd\u0131r\u0131c\u0131 kimyasallara kar\u015f\u0131 daha y\u00fcksek bir dirence sahiptir.<\/li>\n<li>Hafiftir: Al\u00fcminyum ala\u015f\u0131m nispeten hafif bir malzemedir, kurulumu ve ta\u015f\u0131nmas\u0131 kolayd\u0131r ve y\u00fck\u00fc ve bask\u0131y\u0131 azaltabilir. \u00c7e\u015fitli kurulum pozisyonlar\u0131 ve y\u00fcksek irtifa kameralar\u0131 i\u00e7in uygundur.<\/li>\n<li>Y\u00fcksek mukavemet: Y\u00fcksek mukavemetli <a href=\"https:\/\/mnwell.com\/tr\/what-is-aluminum-die-cast-housing\/\">al\u00fcminyum d\u00f6k\u00fcm g\u00f6vde<\/a> y\u00fcksek mukavemete sahiptir ve dahili kamera ekipman\u0131n\u0131 etkili bir \u015fekilde koruyabilir ve hasar riskini azaltabilir.<\/li>\n<li>Is\u0131 yayma performans\u0131: Al\u00fcminyum ala\u015f\u0131m\u0131n termal iletkenli\u011fi m\u00fckemmeldir, bu da kamera taraf\u0131ndan \u00fcretilen \u0131s\u0131n\u0131n da\u011f\u0131t\u0131lmas\u0131na ve cihaz\u0131n sabit bir \u00e7al\u0131\u015fma s\u0131cakl\u0131\u011f\u0131n\u0131n korunmas\u0131na yard\u0131mc\u0131 olur.<\/li>\n<li>\u0130\u015fleme hassasiyeti: Al\u00fcminyum kal\u0131p d\u00f6k\u00fcm teknolojisi, y\u00fcksek derecede i\u015fleme hassasiyeti sa\u011flayabilir ve muhafazan\u0131n boyutunun ve \u015feklinin, kamera tertibat\u0131n\u0131n hassas kurulumuna uyum sa\u011flamak i\u00e7in tasar\u0131m gereksinimlerini kar\u015f\u0131lamas\u0131n\u0131 sa\u011flar.<\/li>\n<li>Dayan\u0131kl\u0131l\u0131k: Al\u00fcminyum ala\u015f\u0131ml\u0131 kasa m\u00fckemmel dayan\u0131kl\u0131l\u0131\u011fa sahiptir ve d\u0131\u015f ortam\u0131n testine uzun s\u00fcre dayanabilir, bak\u0131m ve de\u011fi\u015ftirme s\u0131kl\u0131\u011f\u0131n\u0131 azalt\u0131r.<\/li>\n<li>G\u00fczel g\u00f6r\u00fcn\u00fcm: Al\u00fcminyum ala\u015f\u0131ml\u0131 kabuk modern ve g\u00fczel bir g\u00f6r\u00fcn\u00fcme sahiptir ve halka a\u00e7\u0131k yerlerde ve bina d\u0131\u015f cephelerinde kurulum i\u00e7in uygundur. Al\u00fcminyum kabu\u011fun performans\u0131n\u0131 art\u0131rmak i\u00e7in gerekti\u011finde uygun y\u00fczey i\u015fleme i\u015flemleri de ger\u00e7ekle\u015ftirebiliriz.<\/li>\n<li>\u00d6zelle\u015ftirilebilirlik: Al\u00fcminyum kal\u0131p d\u00f6k\u00fcm teknolojisi, farkl\u0131 kamera modellerinin ve markalar\u0131n\u0131n gereksinimlerini kar\u015f\u0131lamak i\u00e7in \u00f6zelle\u015ftirilmi\u015f muhafaza tasar\u0131mlar\u0131n\u0131n \u00fcretilmesine olanak tan\u0131r, bize \u00e7izimleri g\u00f6nderebilirsiniz.<\/li>\n<\/ul>\n<p>G\u00fcvenlik kameras\u0131 muhafazas\u0131n\u0131 d\u0131\u015f mekanlarda kullan\u0131rken, kameran\u0131n d\u0131\u015f ortamda g\u00fcvenilir bir \u015fekilde \u00e7al\u0131\u015fmas\u0131n\u0131 ve y\u00fcksek kaliteli g\u00f6zetim sa\u011flamas\u0131n\u0131 sa\u011flamak i\u00e7in su ge\u00e7irmezlik performans\u0131, toz ge\u00e7irmezlik performans\u0131, ba\u011flant\u0131 elemanlar\u0131, kablo y\u00f6netimi vb. gibi di\u011fer fakt\u00f6rler de dikkate al\u0131nabilir. Firmam\u0131zda, bir\u00e7ok \u015firket i\u00e7in \u00f6zelle\u015ftirilmi\u015f g\u00fcvenlik serisi al\u00fcminyum kabuk kal\u0131p d\u00f6k\u00fcm \u00fcr\u00fcnleri bulunmaktad\u0131r. G\u00fcvenlik serisi aksesuar \u00f6rneklerimiz var. \u0130htiyac\u0131n\u0131z olursa, l\u00fctfen bizimle ileti\u015fime ge\u00e7in ve size g\u00f6sterelim. Tabii ki, esas olarak \u00e7e\u015fitli g\u00fcvenlik izleme gereksinimlerini kar\u015f\u0131layabiliriz. \u00f6zel tasar\u0131m ihtiya\u00e7lar\u0131.<\/p>\n<p>&nbsp;<\/p>\n<h3>D\u0131\u015f mekan g\u00f6zetim \u00fcretiminde kullan\u0131lan d\u00f6k\u00fcm par\u00e7alar<\/h3>\n<ol>\n<li>Al\u00fcminyum ala\u015f\u0131ml\u0131 su ge\u00e7irmez kutu: Genellikle y\u00fcksek mukavemetli al\u00fcminyum ala\u015f\u0131ml\u0131 malzemeden yap\u0131lm\u0131\u015ft\u0131r, su ge\u00e7irmez, toz ge\u00e7irmez, patlamaya dayan\u0131kl\u0131 ve di\u011fer i\u015flevlere sahiptir.<\/li>\n<li>Al\u00fcminyum ala\u015f\u0131ml\u0131 d\u00f6k\u00fcm par\u00e7alar: Genellikle al\u00fcminyum ala\u015f\u0131ml\u0131 malzemelerden yap\u0131l\u0131rlar, y\u00fcksek mukavemet, korozyon direnci, su ge\u00e7irmezlik vb. \u00f6zelliklere sahiptirler. Kamera arka kapaklar\u0131nda, braketlerde, sabitlemelerde vb. kullan\u0131l\u0131rlar.<\/li>\n<li>Al\u00fcminyum ala\u015f\u0131ml\u0131 kabuk: Genellikle al\u00fcminyum ala\u015f\u0131ml\u0131 malzemeden yap\u0131lm\u0131\u015ft\u0131r, su ge\u00e7irmez, toz ge\u00e7irmez, patlamaya dayan\u0131kl\u0131 ve di\u011fer i\u015flevlere sahiptir. T\u00fcm izleme sistemini bir b\u00fct\u00fcn olarak sarar ve koruyucu bir rol oynar.<\/li>\n<li>Al\u00fcminyum ala\u015f\u0131ml\u0131 g\u00fcvenlik kameras\u0131 kasas\u0131: genellikle su ge\u00e7irmez, toz ge\u00e7irmez, patlamaya dayan\u0131kl\u0131 ve di\u011fer i\u015flevlere sahip al\u00fcminyum ala\u015f\u0131ml\u0131 malzemeden yap\u0131lm\u0131\u015ft\u0131r.<\/li>\n<\/ol>\n<p><img loading=\"lazy\" decoding=\"async\" class=\"alignnone size-full wp-image-3201\" src=\"http:\/\/mnwell.com\/wp-content\/uploads\/2023\/09\/AYU9515.webp\" alt=\"camera for outside house\" width=\"800\" height=\"800\" srcset=\"https:\/\/mnwell.com\/wp-content\/uploads\/2023\/09\/AYU9515.webp 800w, https:\/\/mnwell.com\/wp-content\/uploads\/2023\/09\/AYU9515-150x150.webp 150w, https:\/\/mnwell.com\/wp-content\/uploads\/2023\/09\/AYU9515-768x768.webp 768w, https:\/\/mnwell.com\/wp-content\/uploads\/2023\/09\/AYU9515-300x300.webp 300w, https:\/\/mnwell.com\/wp-content\/uploads\/2023\/09\/AYU9515-600x600.webp 600w, https:\/\/mnwell.com\/wp-content\/uploads\/2023\/09\/AYU9515-100x100.webp 100w\" sizes=\"(max-width: 800px) 100vw, 800px\" \/><\/p>\n<h4>y\u00fczey i\u015fleme<\/h4>\n<p>D\u0131\u015f mekan g\u00fcvenlik kameras\u0131 muhafazas\u0131n\u0131n al\u00fcminyum kal\u0131p d\u00f6k\u00fcm\u00fcn\u00fcn y\u00fczey i\u015fleme s\u00fcreci, muhafazan\u0131n hava ko\u015fullar\u0131na dayan\u0131kl\u0131l\u0131\u011f\u0131n\u0131, korozyon direncini ve esteti\u011fini art\u0131rabilece\u011finden \u00e7ok \u00f6nemlidir. A\u015fa\u011f\u0131da al\u00fcminyum d\u00f6k\u00fcm muhafazalar i\u00e7in yayg\u0131n y\u00fczey i\u015fleme s\u00fcre\u00e7leri verilmi\u015ftir:<\/p>\n<ol>\n<li>Eloksal: Elektrolit i\u00e7eren asidik bir \u00e7\u00f6zeltiye dald\u0131r\u0131larak al\u00fcminyum muhafazan\u0131n y\u00fczeyinde bir oksit filmi olu\u015fturulur. Eloksal, \u00e7e\u015fitli renk se\u00e7enekleri sunarken kasan\u0131n sertli\u011fini, a\u015f\u0131nma ve korozyon direncini art\u0131r\u0131r.<\/li>\n<li>Elektroforetik kaplama: Kabu\u011fun boyaya dald\u0131r\u0131ld\u0131\u011f\u0131 ve ard\u0131ndan boyan\u0131n kabuk y\u00fczeyine e\u015fit \u015fekilde b\u0131rak\u0131lmas\u0131 i\u00e7in bir elektrik ak\u0131m\u0131n\u0131n kullan\u0131ld\u0131\u011f\u0131 bir y\u00f6ntemdir. Bu, e\u015fit bir kaplama sa\u011flayarak hava ko\u015fullar\u0131na dayan\u0131kl\u0131l\u0131\u011f\u0131 ve esteti\u011fi art\u0131r\u0131r.<\/li>\n<li>Sprey kaplama: Muhafazaya bir kat boya uygulamak, \u00e7e\u015fitli renkler ve y\u00fczey efektleri sa\u011flayabilir. Ancak hava ko\u015fullar\u0131na dayan\u0131kl\u0131l\u0131k sa\u011flamak i\u00e7in y\u00fcksek kaliteli bir boya kulland\u0131\u011f\u0131n\u0131zdan emin olman\u0131z gerekir.<\/li>\n<li>Toz kaplama: Toz boyan\u0131n g\u00f6vde y\u00fczeyine elektrostatik olarak p\u00fcsk\u00fcrt\u00fclmesi ve ard\u0131ndan y\u00fcksek s\u0131cakl\u0131klarda kurutulmas\u0131 y\u00f6ntemi. Toz kaplama, a\u015f\u0131nma ve korozyona kar\u015f\u0131 y\u00fcksek diren\u00e7li sa\u011flam bir y\u00fczey sa\u011flar.<\/li>\n<li>Parlatma ve Z\u0131mparalama: Parlatma ve z\u0131mparalama kasaya parlakl\u0131k ve y\u00fczey d\u00fczg\u00fcnl\u00fc\u011f\u00fc katabilir. Bu y\u00f6ntem son derece p\u00fcr\u00fczs\u00fcz ve yans\u0131t\u0131c\u0131 y\u00fczeyler gerektiren uygulamalarda kullan\u0131l\u0131r.<\/li>\n<li>Kumlama: Kumlama, muhafazay\u0131 y\u00fcksek h\u0131zl\u0131 bir u\u00e7an kum veya kum patlamas\u0131na maruz b\u0131rakarak y\u00fczey p\u00fcr\u00fczl\u00fcl\u00fc\u011f\u00fcn\u00fc ve yap\u0131\u015fmay\u0131 art\u0131rma y\u00f6ntemidir. Bu, kaplaman\u0131n veya boyan\u0131n yap\u0131\u015fmas\u0131na yard\u0131mc\u0131 olur.<\/li>\n<li>Bask\u0131 ve Etiketleme: Logo, simge veya marka mesaj\u0131 eklemek i\u00e7in bir muhafazan\u0131n yazd\u0131r\u0131lmas\u0131 veya etiketlenmesi.<\/li>\n<\/ol>\n<p>Bir y\u00fczey i\u015fleme prosesi se\u00e7erken, muhafazan\u0131n \u00f6zel kullan\u0131m\u0131n\u0131, \u00e7evresel ko\u015fullar\u0131n\u0131 ve estetik gereksinimlerini g\u00f6z \u00f6n\u00fcnde bulundurun. Farkl\u0131 y\u00fczey i\u015flemleri muhafazaya farkl\u0131 performans ve g\u00f6r\u00fcn\u00fcm \u00f6zellikleri sa\u011flayabilir, bu nedenle se\u00e7imin \u00f6zel ihtiya\u00e7lara g\u00f6re yap\u0131lmas\u0131 gerekir.<\/p>\n<p>&nbsp;<\/p>\n<h3>\u00dcretim s\u00fcrecimiz<\/h3>\n<p>Mindwell'de, \u00e7izimlerinizi ald\u0131ktan sonra, sizinle derinlemesine ileti\u015fim kuraca\u011f\u0131z ve size \u00fcretim \u00f6rnekleri verece\u011fiz. Numune testi ge\u00e7ildikten sonra, d\u0131\u015f mekan izleme al\u00fcminyum muhafazalar\u0131m\u0131z\u0131n toplu \u00fcretimi a\u015fa\u011f\u0131daki ad\u0131mlar\u0131 gerektirir:<\/p>\n<ul>\n<li>Al\u00fcminyum ala\u015f\u0131ml\u0131 malzemeler haz\u0131rlay\u0131n.<\/li>\n<li>Al\u00fcminyum ala\u015f\u0131ml\u0131 malzemeler belirli bir s\u0131cakl\u0131\u011fa kadar \u0131s\u0131t\u0131l\u0131r.<\/li>\n<li>Is\u0131t\u0131lm\u0131\u015f al\u00fcminyum ala\u015f\u0131ml\u0131 malzemeyi kal\u0131p d\u00f6k\u00fcm kal\u0131b\u0131na yerle\u015ftirin.<\/li>\n<li>Kal\u0131p kapat\u0131l\u0131r ve al\u00fcminyum ala\u015f\u0131ml\u0131 malzemeyi eritmek ve kal\u0131p bo\u015flu\u011funu doldurmak i\u00e7in bas\u0131n\u00e7 uygulan\u0131r.<\/li>\n<li>Al\u00fcminyum ala\u015f\u0131ml\u0131 malzeme kat\u0131la\u015fana kadar bir s\u00fcre bas\u0131n\u00e7 alt\u0131nda tutun.<\/li>\n<li>Kal\u0131b\u0131 a\u00e7\u0131n ve al\u00fcminyum ala\u015f\u0131ml\u0131 kal\u0131p d\u00f6k\u00fcm\u00fcn\u00fc \u00e7\u0131kar\u0131n.<\/li>\n<li>Al\u00fcminyum ala\u015f\u0131ml\u0131 d\u00f6k\u00fcm par\u00e7alar\u0131 temizleyin, \u00e7apaklar\u0131n\u0131 al\u0131n ve inceleyin.<\/li>\n<li>Y\u00fczeye su ge\u00e7irmez bir kaplama p\u00fcsk\u00fcrt\u00fcl\u00fcr.<\/li>\n<li>Bir kamera veya di\u011fer aksesuarlar\u0131 tak\u0131n.<\/li>\n<li>Bitmi\u015f \u00fcr\u00fcn denetimi ve teslimat\u0131.<\/li>\n<\/ul>\n<p>Mindwell, \u00c7in'in Xiamen \u015fehrinde bulunan bir donan\u0131m i\u015fleme \u015firketidir. \u015eirketimizin avantaj\u0131, profesyonel teknik m\u00fchendislere ve y\u00fcksek kaliteli bir sat\u0131\u015f sonras\u0131 servis sistemine sahip olmas\u0131d\u0131r. Size h\u0131zl\u0131 bir fiyat teklifi ve eksiksiz bir sat\u0131\u015f sonras\u0131 hizmet verebiliriz. \u0130\u00e7in <a href=\"https:\/\/mnwell.com\/tr\/custom-die-casting\/\">\u00f6zelle\u015ftirilmi\u015f d\u00f6k\u00fcm par\u00e7alar<\/a> \u0130sterseniz, \u00fcr\u00fcn tasar\u0131m\u0131ndan montaj ve paketlemeye kadar tek elden talep \u00fczerine \u00e7\u00f6z\u00fcmler sunarak sizi birden fazla tedarik\u00e7iyle ileti\u015fim kurma zahmetinden kurtar\u0131yoruz.<\/p>\n<p><img loading=\"lazy\" decoding=\"async\" class=\"alignnone size-full wp-image-3189\" src=\"http:\/\/mnwell.com\/wp-content\/uploads\/2023\/09\/die-casting-machine.webp\" alt=\"die-casting\" width=\"750\" height=\"500\" srcset=\"https:\/\/mnwell.com\/wp-content\/uploads\/2023\/09\/die-casting-machine.webp 750w, https:\/\/mnwell.com\/wp-content\/uploads\/2023\/09\/die-casting-machine-600x400.webp 600w\" sizes=\"(max-width: 750px) 100vw, 750px\" \/><\/p>","protected":false},"excerpt":{"rendered":"<p>D\u0131\u015f mekan CCTV g\u00fcvenlik kameras\u0131 muhafazas\u0131 al\u00fcminyum d\u00f6k\u00fcm, g\u00fcvenlik kameralar\u0131 i\u00e7in al\u00fcminyum ala\u015f\u0131ml\u0131 malzemeden yap\u0131lm\u0131\u015f bir muhafazad\u0131r. Su ge\u00e7irmez, toz ge\u00e7irmez ve patlamaya dayan\u0131kl\u0131 gibi i\u015flevlere sahiptir. Al\u00fcminyum ala\u015f\u0131ml\u0131 malzemelerin kullan\u0131m\u0131, y\u00fcksek mukavemet ve korozyon direnci avantajlar\u0131na sahiptir ve ayr\u0131ca kameran\u0131n d\u0131\u015f ortamlarda g\u00fcvenilir bir \u015fekilde \u00e7al\u0131\u015fabilmesini sa\u011flayarak kamera elektronik bile\u015fenlerinin \u0131s\u0131 da\u011f\u0131l\u0131m\u0131 i\u00e7in faydal\u0131d\u0131r. Kameralar\u0131n d\u0131\u015f mekan kurulumu i\u00e7in en iyi se\u00e7eneklerden biridir.<\/p>","protected":false},"featured_media":3200,"template":"","meta":{"om_disable_all_campaigns":false,"_monsterinsights_skip_tracking":false,"_monsterinsights_sitenote_active":false,"_monsterinsights_sitenote_note":"","_monsterinsights_sitenote_category":0,"_uf_show_specific_survey":0,"_uf_disable_surveys":false,"site-sidebar-layout":"default","site-content-layout":"default","ast-global-header-display":"","ast-banner-title-visibility":"","ast-main-header-display":"","ast-hfb-above-header-display":"","ast-hfb-below-header-display":"","ast-hfb-mobile-header-display":"","site-post-title":"","ast-breadcrumbs-content":"","ast-featured-img":"","footer-sml-layout":"","theme-transparent-header-meta":"default","adv-header-id-meta":"","stick-header-meta":"","header-above-stick-meta":"","header-main-stick-meta":"","header-below-stick-meta":""},"product_cat":[18],"product_tag":[265,266,262,263,261,264,260],"aioseo_notices":[],"_links":{"self":[{"href":"https:\/\/mnwell.com\/tr\/wp-json\/wp\/v2\/product\/3199"}],"collection":[{"href":"https:\/\/mnwell.com\/tr\/wp-json\/wp\/v2\/product"}],"about":[{"href":"https:\/\/mnwell.com\/tr\/wp-json\/wp\/v2\/types\/product"}],"wp:featuredmedia":[{"embeddable":true,"href":"https:\/\/mnwell.com\/tr\/wp-json\/wp\/v2\/media\/3200"}],"wp:attachment":[{"href":"https:\/\/mnwell.com\/tr\/wp-json\/wp\/v2\/media?parent=3199"}],"wp:term":[{"taxonomy":"product_cat","embeddable":true,"href":"https:\/\/mnwell.com\/tr\/wp-json\/wp\/v2\/product_cat?post=3199"},{"taxonomy":"product_tag","embeddable":true,"href":"https:\/\/mnwell.com\/tr\/wp-json\/wp\/v2\/product_tag?post=3199"}],"curies":[{"name":"wp","href":"https:\/\/api.w.org\/{rel}","templated":true}]}}