{"id":3211,"date":"2023-09-23T10:35:33","date_gmt":"2023-09-23T08:35:33","guid":{"rendered":"https:\/\/mnwell.com\/?post_type=product&#038;p=3211"},"modified":"2023-10-07T17:19:00","modified_gmt":"2023-10-07T15:19:00","slug":"industrial-computer-monitor-electronic-enclosures","status":"publish","type":"product","link":"https:\/\/mnwell.com\/tr\/urun\/industrial-computer-monitor-electronic-enclosures\/","title":{"rendered":"end\u00fcstri\u0307yel bi\u0307lgi\u0307sayar moni\u0307t\u00f6r\u00fc elektroni\u0307k muhafazalari"},"content":{"rendered":"<p>End\u00fcstriyel bilgisayar monit\u00f6r\u00fc elektronik muhafazalar\u0131, bir t\u00fcr end\u00fcstriyel bilgisayar \u00e7evre ekipman\u0131d\u0131r. Genellikle al\u00fcminyum malzemelerden yap\u0131l\u0131rlar. Toz ge\u00e7irmez, darbeye dayan\u0131kl\u0131, antikorozif ve su ge\u00e7irmezdirler. Dahili devre kartlar\u0131n\u0131 ve bile\u015fenleri d\u0131\u015f ortamdan koruyabilir ve iyi performansa sahip olabilirler. Is\u0131 yayma etkisi.<br \/>\nKasa genellikle al\u00fcminyum ala\u015f\u0131m, paslanmaz \u00e7elik, termoplastik ve di\u011fer malzemelerden yap\u0131l\u0131r ve y\u00fczey, korozyon \u00f6nleyici ve su ge\u00e7irmezlik \u00f6zelliklerini geli\u015ftirmek i\u00e7in sprey kaplamal\u0131, galvanizli, krom kaplamal\u0131 vb. olabilir. Kasan\u0131n ayr\u0131ca elektromanyetik parazitin end\u00fcstriyel bilgisayarlar\u0131n i\u00e7 devreleri \u00fczerindeki etkisini \u00f6nlemek i\u00e7in belirli elektromanyetik koruma gereksinimlerini kar\u015f\u0131lamas\u0131 gerekir.<\/p>\n<p>K\u0131sacas\u0131, end\u00fcstriyel bilgisayar izleme elektronik muhafazas\u0131, \u00f6nemli bir end\u00fcstriyel bilgisayar harici cihaz\u0131d\u0131r. End\u00fcstriyel bilgisayar\u0131n i\u00e7 devresini d\u0131\u015f ortam\u0131n etkisinden koruyabilir ve ekipman\u0131n g\u00fcvenilirli\u011fini ve kararl\u0131l\u0131\u011f\u0131n\u0131 art\u0131rabilir. Muhafazay\u0131 ihtiya\u00e7lar\u0131n\u0131za g\u00f6re tasarlayabiliriz. \u00d6zelle\u015ftirilmi\u015f, toplu d\u00f6k\u00fcm \u00fcretim s\u00fcre\u00e7leri.<\/p>\n<h3>End\u00fcstriyel ortamlarda monit\u00f6r kal\u0131p muhafazalar\u0131n\u0131n kal\u0131p d\u00f6k\u00fcm\u00fc i\u00e7in gereklilikler<\/h3>\n<ul>\n<li>Toz ge\u00e7irmez ve su ge\u00e7irmez: End\u00fcstriyel ortamdaki toz ve nemli hava, monit\u00f6r\u00fcn dahili elektronik bile\u015fenleri \u00fczerinde olumsuz etkilere neden olabilir, bu nedenle end\u00fcstriyel monit\u00f6r muhafazas\u0131n\u0131n y\u00fcksek bir toz ge\u00e7irmezlik ve su ge\u00e7irmezlik derecesine sahip olmas\u0131 gerekir.<\/li>\n<li>Darbeye ve d\u00fc\u015fmeye kar\u015f\u0131 dayan\u0131kl\u0131: End\u00fcstriyel ortamda \u00e7e\u015fitli titre\u015fimler ve darbeler mevcuttur, bu nedenle end\u00fcstriyel ekran muhafazas\u0131n\u0131n dahili elektronik bile\u015fenleri hasardan korumak i\u00e7in g\u00fc\u00e7l\u00fc darbeye dayan\u0131kl\u0131l\u0131k ve d\u00fc\u015fmeyi \u00f6nleme \u00f6zelliklerine sahip olmas\u0131 gerekir.<\/li>\n<li>Y\u00fcksek s\u0131cakl\u0131k direnci: End\u00fcstriyel ortamda s\u0131cakl\u0131k b\u00fcy\u00fck \u00f6l\u00e7\u00fcde de\u011fi\u015fir, bu nedenle ekran\u0131n y\u00fcksek s\u0131cakl\u0131kl\u0131 ortamlarda normal \u015fekilde \u00e7al\u0131\u015fabilmesini sa\u011flamak i\u00e7in end\u00fcstriyel ekran muhafazas\u0131n\u0131n y\u00fcksek s\u0131cakl\u0131klara dayanabilmesi gerekir.<\/li>\n<li>Korozyon direnci: End\u00fcstriyel ortamda \u00e7e\u015fitli a\u015f\u0131nd\u0131r\u0131c\u0131 maddeler vard\u0131r, bu nedenle end\u00fcstriyel ekran\u0131n muhafazas\u0131n\u0131n korozyon hasar\u0131n\u0131 \u00f6nlemek i\u00e7in korozyona dayan\u0131kl\u0131 olmas\u0131 gerekir.<\/li>\n<li>Kurulumu ve bak\u0131m\u0131 kolay: End\u00fcstriyel ortamlar ekranlar\u0131n h\u0131zl\u0131 ve kolay kurulumunu ve bak\u0131m\u0131n\u0131 gerektirir, bu nedenle end\u00fcstriyel ekran muhafazalar\u0131n\u0131n kurulumu ve bak\u0131m\u0131 kolay olacak \u015fekilde tasarlanmas\u0131 gerekir.<\/li>\n<\/ul>\n<p><img loading=\"lazy\" decoding=\"async\" class=\"alignnone size-full wp-image-3212\" src=\"http:\/\/mnwell.com\/wp-content\/uploads\/2023\/09\/AYU9538.webp\" alt=\"industrial computer housing\" width=\"800\" height=\"800\" srcset=\"https:\/\/mnwell.com\/wp-content\/uploads\/2023\/09\/AYU9538.webp 800w, https:\/\/mnwell.com\/wp-content\/uploads\/2023\/09\/AYU9538-150x150.webp 150w, https:\/\/mnwell.com\/wp-content\/uploads\/2023\/09\/AYU9538-768x768.webp 768w, https:\/\/mnwell.com\/wp-content\/uploads\/2023\/09\/AYU9538-300x300.webp 300w, https:\/\/mnwell.com\/wp-content\/uploads\/2023\/09\/AYU9538-600x600.webp 600w, https:\/\/mnwell.com\/wp-content\/uploads\/2023\/09\/AYU9538-100x100.webp 100w\" sizes=\"(max-width: 800px) 100vw, 800px\" \/><\/p>\n<h3>End\u00fcstriyel bilgisayar monit\u00f6r muhafazalar\u0131n\u0131n i\u015flevleri<\/h3>\n<p>\u00c7e\u015fitli zorlu end\u00fcstriyel ortamlarda, d\u00f6k\u00fcm end\u00fcstriyel bilgisayar monit\u00f6r\u00fc kasalar\u0131m\u0131z\u0131n ve elektronik ekran kasalar\u0131m\u0131z\u0131n i\u015flevi, dahili elektronik bile\u015fenlerin normal \u015fekilde \u00e7al\u0131\u015fabilmesini ve g\u00fcvenilir performans sa\u011flamas\u0131n\u0131 sa\u011flamakt\u0131r. Bu nedenle, \u00f6zelle\u015ftirilmi\u015f bir kabuk tasarlad\u0131\u011f\u0131m\u0131zda, a\u015fa\u011f\u0131daki i\u015flevleri g\u00f6z \u00f6n\u00fcnde bulundurmam\u0131z gerekir:<\/p>\n<p>&nbsp;<\/p>\n<h4>Dahili elektronik bile\u015fenleri korumak i\u00e7in:<\/h4>\n<p>End\u00fcstriyel bilgisayar monit\u00f6r\u00fc muhafazas\u0131n\u0131n birincil i\u015flevi, dahili elektronik bile\u015fenlerin toz ve sudan uzak tutulmas\u0131n\u0131 sa\u011flamak i\u00e7in sa\u011flam koruma sa\u011flamakt\u0131r. End\u00fcstriyel ortamlarda veya mekanik ekipmanlarda, bazen vurulmas\u0131 ve \u00e7izilmesi ka\u00e7\u0131n\u0131lmazd\u0131r. \u015eu anda, hasar\u0131 korumak ve azaltmak i\u00e7in g\u00fc\u00e7l\u00fc bir kabu\u011fa ihtiya\u00e7 vard\u0131r.<\/p>\n<h4>Y\u00fcksek ve d\u00fc\u015f\u00fck s\u0131cakl\u0131k direnci ve \u0131s\u0131 yayma \u00f6zellikleri:<\/h4>\n<p>End\u00fcstriyel ortamlardaki s\u0131cakl\u0131k dalgalanmalar\u0131 bazen b\u00fcy\u00fckt\u00fcr, bu nedenle end\u00fcstriyel bilgisayar monit\u00f6r\u00fc kasalar\u0131n\u0131n y\u00fcksek ve d\u00fc\u015f\u00fck s\u0131cakl\u0131klara dayan\u0131kl\u0131 olmas\u0131 gerekir. Bu, ekipman\u0131n s\u0131cak ve s\u0131cak at\u00f6lyelerde veya d\u00fc\u015f\u00fck s\u0131cakl\u0131ktaki dondurucularda s\u0131cakl\u0131k dalgalanmalar\u0131ndan etkilenmeden normal \u015fekilde \u00e7al\u0131\u015fabilmesini sa\u011flar. Elektronik bile\u015fenler \u00e7al\u0131\u015f\u0131rken \u0131s\u0131 \u00fcretecektir. End\u00fcstriyel bilgisayar monit\u00f6r\u00fc kasalar\u0131n\u0131n da \u0131s\u0131 yayma \u00f6zelliklerine sahip olmas\u0131 ve \u0131s\u0131y\u0131 h\u0131zl\u0131 bir \u015fekilde da\u011f\u0131tabilmesi, elektronik bile\u015fenlerin \u00e7al\u0131\u015fmas\u0131n\u0131n korunmas\u0131nda da rol oynar.<\/p>\n<h4>EMF ve RFI Korumas\u0131:<\/h4>\n<p><a href=\"https:\/\/mnwell.com\/tr\/industrial-equipment\/\">End\u00fcstriyel ekipman<\/a> ve makineler genellikle elektromanyetik parazit (EMF) ve radyo frekans\u0131 paraziti (RFI) \u00fcretir, bu da ekipman\u0131n normal \u00e7al\u0131\u015fmas\u0131n\u0131 engelleyebilir ve hatta \u00e7evredeki ekipman\u0131n performans\u0131n\u0131 etkileyebilir. End\u00fcstriyel bilgisayar monit\u00f6r\u00fc muhafazalar\u0131, harici parazitlerin dahili elektronik bile\u015fenler \u00fczerindeki etkisini azaltmak i\u00e7in genellikle EMF ve RFI korumas\u0131na sahiptir. Bu koruma, cihaz\u0131n y\u00fcksek elektromanyetik parazit ortamlar\u0131nda istikrarl\u0131 performans\u0131n\u0131 s\u00fcrd\u00fcrmesini sa\u011flayan \u00f6zel malzemeler ve tasar\u0131mlarla elde edilebilir.<\/p>\n<p>K\u0131sacas\u0131, end\u00fcstriyel bilgisayar monit\u00f6r\u00fc muhafazalar\u0131n\u0131n \u00e7oklu i\u015flevleri, zorlu end\u00fcstriyel ortamlarda g\u00fcvenilir elektronik ekran \u00e7\u00f6z\u00fcmleri sa\u011flamas\u0131na, dahili elektronik bile\u015fenleri d\u0131\u015f etkenlerden korumas\u0131na ve ekipman\u0131n uzun s\u00fcre istikrarl\u0131 \u00e7al\u0131\u015fmas\u0131n\u0131 sa\u011flamas\u0131na olanak tan\u0131r. Bu, \u00fcretim verimlili\u011fini art\u0131rmak, ekipman bak\u0131m maliyetlerini azaltmak ve end\u00fcstriyel s\u00fcre\u00e7lerin sorunsuz \u00e7al\u0131\u015fmas\u0131n\u0131 sa\u011flamak i\u00e7in gereklidir.<\/p>\n<p>&nbsp;<\/p>\n<p><img loading=\"lazy\" decoding=\"async\" class=\"alignnone size-full wp-image-3213\" src=\"http:\/\/mnwell.com\/wp-content\/uploads\/2023\/09\/AYU9536.webp\" alt=\"industrial computer monitor enclosures\" width=\"800\" height=\"800\" srcset=\"https:\/\/mnwell.com\/wp-content\/uploads\/2023\/09\/AYU9536.webp 800w, https:\/\/mnwell.com\/wp-content\/uploads\/2023\/09\/AYU9536-150x150.webp 150w, https:\/\/mnwell.com\/wp-content\/uploads\/2023\/09\/AYU9536-768x768.webp 768w, https:\/\/mnwell.com\/wp-content\/uploads\/2023\/09\/AYU9536-300x300.webp 300w, https:\/\/mnwell.com\/wp-content\/uploads\/2023\/09\/AYU9536-600x600.webp 600w, https:\/\/mnwell.com\/wp-content\/uploads\/2023\/09\/AYU9536-100x100.webp 100w\" sizes=\"(max-width: 800px) 100vw, 800px\" \/><\/p>\n<h3>G\u00f6vde malzemesi<\/h3>\n<p>End\u00fcstriyel bilgisayar monit\u00f6r\u00fc muhafazalar\u0131, farkl\u0131 ortamlar\u0131n ve uygulamalar\u0131n ihtiya\u00e7lar\u0131n\u0131 kar\u015f\u0131lamak i\u00e7in \u00e7e\u015fitli malzemelerden \u00fcretilir. Yayg\u0131n muhafaza malzemeleri \u015funlar\u0131 i\u00e7erir:<\/p>\n<ul>\n<li>Al\u00fcminyum ala\u015f\u0131m: Al\u00fcminyum ala\u015f\u0131ml\u0131 kasa hafif, g\u00fc\u00e7l\u00fc ve iyi \u0131s\u0131 yayma \u00f6zelliklerine sahiptir, bu nedenle baz\u0131 end\u00fcstriyel ortamlarda yayg\u0131n olarak kullan\u0131l\u0131r.<\/li>\n<li>Paslanmaz \u00c7elik: Paslanmaz \u00e7elik m\u00fckemmel korozyon ve y\u00fcksek s\u0131cakl\u0131k direncine sahiptir, bu da onu zorlu ortamlarda kullan\u0131m i\u00e7in uygun hale getirir.<\/li>\n<li>Plastikler: ABS, PC ve PA gibi m\u00fchendislik plastikleri genellikle hafif end\u00fcstriyel bilgisayar monit\u00f6r\u00fc kasalar\u0131nda kullan\u0131l\u0131r. \u0130yi a\u015f\u0131nma direncine ve elektromanyetik koruma \u00f6zelliklerine sahiptirler.<\/li>\n<li><a href=\"https:\/\/mnwell.com\/tr\/magnesium-alloys\/\">Magnezyum Ala\u015f\u0131mlar\u0131:<\/a> Magnezyum ala\u015f\u0131mlar\u0131 hafif, g\u00fc\u00e7l\u00fc ve termal olarak iletkendir, bu da onlar\u0131 hafif ancak g\u00fc\u00e7l\u00fc mukavemet gerektiren uygulamalar i\u00e7in ideal k\u0131lar.<\/li>\n<\/ul>\n<h3>Y\u00fczey i\u015fleme<\/h3>\n<p>Dava <a href=\"https:\/\/mnwell.com\/tr\/surface-treatment\/\">y\u00fczey i\u0307\u015flemleri\u0307<\/a> ve kaplamalar, kasan\u0131n g\u00f6r\u00fcn\u00fcm\u00fcn\u00fc, dayan\u0131kl\u0131l\u0131\u011f\u0131n\u0131 ve performans\u0131n\u0131 art\u0131rmak i\u00e7in sa\u011flan\u0131r. Kullan\u0131m gereksinimlerine g\u00f6re se\u00e7ilebilecek y\u00fczey i\u015fleme ve kaplama hizmetleri sunmaktay\u0131z. Yayg\u0131n y\u00fczey i\u015fleme y\u00f6ntemleri \u015funlar\u0131 i\u00e7erir:<\/p>\n<ul>\n<li>Eloksal: Eloksal, g\u00f6vde y\u00fczeyinde bir oksit tabakas\u0131 olu\u015fturarak korozyon direncini ve sertli\u011fi art\u0131r\u0131r.<\/li>\n<li>Toz Boya: Toz kaplama, kasan\u0131n dayan\u0131kl\u0131l\u0131\u011f\u0131n\u0131 art\u0131r\u0131rken a\u015f\u0131nma direncini art\u0131ran \u00e7e\u015fitli renklerde mevcut bir kaplamad\u0131r.<\/li>\n<li>Boyama: Boyama, \u00e7e\u015fitli renk ve dokulara izin verirken, kabu\u011fun hasara kar\u015f\u0131 daha az duyarl\u0131 olmas\u0131n\u0131 sa\u011flayan bir koruma katman\u0131 sa\u011flar.<\/li>\n<\/ul>\n<p>Mindwell'de, end\u00fcstriyel bilgisayar monit\u00f6r\u00fc muhafazalar\u0131 i\u00e7in malzeme se\u00e7imi ve \u00fcretim s\u00fcre\u00e7leri, optimum performans, dayan\u0131kl\u0131l\u0131k ve estetik sa\u011flamak i\u00e7in \u00f6zel uygulama ihtiya\u00e7lar\u0131na g\u00f6re uyarlanabilir. M\u00fchendislerimiz size profesyonel tavsiyelerde bulunacakt\u0131r. End\u00fcstriyel bilgisayar ekran kasalar\u0131, ekran kasalar\u0131 ve di\u011fer elektronik kasalar konusunda zengin i\u015fleme deneyimine sahibiz. \u00d6zel kasa gereksinimleriniz varsa, l\u00fctfen do\u011frudan bizimle ileti\u015fime ge\u00e7in veya \u00e7izimleri bize g\u00f6nderin. Sizinle h\u0131zl\u0131 bir \u015fekilde ileti\u015fime ge\u00e7ece\u011fiz.<\/p>\n<p>&nbsp;<\/p>\n<p><img loading=\"lazy\" decoding=\"async\" class=\"alignnone size-full wp-image-3214\" src=\"http:\/\/mnwell.com\/wp-content\/uploads\/2023\/09\/AYU9539.webp\" alt=\"industrial computer enclosures\" width=\"800\" height=\"800\" srcset=\"https:\/\/mnwell.com\/wp-content\/uploads\/2023\/09\/AYU9539.webp 800w, https:\/\/mnwell.com\/wp-content\/uploads\/2023\/09\/AYU9539-150x150.webp 150w, https:\/\/mnwell.com\/wp-content\/uploads\/2023\/09\/AYU9539-768x768.webp 768w, https:\/\/mnwell.com\/wp-content\/uploads\/2023\/09\/AYU9539-300x300.webp 300w, https:\/\/mnwell.com\/wp-content\/uploads\/2023\/09\/AYU9539-600x600.webp 600w, https:\/\/mnwell.com\/wp-content\/uploads\/2023\/09\/AYU9539-100x100.webp 100w\" sizes=\"(max-width: 800px) 100vw, 800px\" \/><\/p>\n<h3>End\u00fcstriyel bilgisayar monit\u00f6r\u00fc muhafazalar\u0131n\u0131n tasar\u0131m\u0131<\/h3>\n<ol>\n<li>Toz ge\u00e7irmez ve su ge\u00e7irmez: End\u00fcstriyel ortamdaki toz ve nemli hava, ekran\u0131n dahili elektronik bile\u015fenleri \u00fczerinde olumsuz etkilere neden olabilir, bu nedenle y\u00fcksek toz ge\u00e7irmezlik ve su ge\u00e7irmezlik derecesine sahip bir muhafaza tasarlamak gerekir.<\/li>\n<li>Darbeye ve d\u00fc\u015fmeye kar\u015f\u0131 dayan\u0131kl\u0131: End\u00fcstriyel ortamda \u00e7e\u015fitli titre\u015fimler ve darbeler vard\u0131r, bu nedenle dahili elektronik bile\u015fenleri hasardan korumak i\u00e7in darbeye dayan\u0131kl\u0131 ve d\u00fc\u015fmeyi \u00f6nleyici \u00f6zelliklere sahip bir kabuk tasarlamak gerekir.<\/li>\n<li>Y\u00fcksek s\u0131cakl\u0131k direnci: End\u00fcstriyel ortamlarda s\u0131cakl\u0131k de\u011fi\u015fimleri b\u00fcy\u00fckt\u00fcr, bu nedenle ekran\u0131n y\u00fcksek s\u0131cakl\u0131kl\u0131 ortamlarda d\u00fczg\u00fcn \u00e7al\u0131\u015fabilmesini sa\u011flamak i\u00e7in y\u00fcksek s\u0131cakl\u0131klara dayanabilecek bir muhafaza tasarlamak gerekir.<\/li>\n<li>Korozyon direnci: End\u00fcstriyel ortamda \u00e7e\u015fitli korozif maddeler mevcuttur, bu nedenle korozyon hasar\u0131n\u0131 \u00f6nlemek i\u00e7in korozyona dayan\u0131kl\u0131 bir muhafaza tasarlamak gerekir.<\/li>\n<li>Kurulumu ve bak\u0131m\u0131 kolay: Kurulumu ve bak\u0131m\u0131 kolay bir muhafaza, ekran\u0131n kurulumunu ve bak\u0131m\u0131n\u0131 kolayla\u015ft\u0131racak ve h\u0131zl\u0131 bir \u015fekilde yapacak \u015fekilde tasarlanmal\u0131d\u0131r.<\/li>\n<li>Kullan\u0131c\u0131 dostu: Kasan\u0131n tasar\u0131m\u0131 kullan\u0131m ihtiya\u00e7lar\u0131n\u0131 kar\u015f\u0131lamal\u0131 ve \u015fekil ve performans kullan\u0131c\u0131n\u0131n kullan\u0131m al\u0131\u015fkanl\u0131klar\u0131na g\u00f6re \u00f6zelle\u015ftirilmelidir.<\/li>\n<\/ol>\n<h3>End\u00fcstriyel Bilgisayar Monit\u00f6r\u00fc Muhafazas\u0131 Uygulamas\u0131<\/h3>\n<ul>\n<li>End\u00fcstriyel otomasyon: End\u00fcstriyel otomasyon, end\u00fcstriyel bilgisayar monit\u00f6r\u00fc muhafazalar\u0131n\u0131n en \u00f6nemli uygulama alanlar\u0131ndan biridir. Bu muhafazalar, zorlu \u00e7evre ko\u015fullar\u0131nda g\u00fcvenilir g\u00f6r\u00fcnt\u00fcleme ve kontrol sa\u011flamak i\u00e7in paketleme makineleri, \u00fcretim hatt\u0131 kontrol\u00fc, robotik sistemler ve end\u00fcstriyel g\u00f6zetim gibi uygulamalarda yayg\u0131n olarak kullan\u0131l\u0131r.<\/li>\n<li>\u0130malat end\u00fcstrisi: \u0130malat end\u00fcstrisindeki \u00e7e\u015fitli ekipmanlar, \u00f6rne\u011fin <a href=\"https:\/\/mnwell.com\/tr\/cnc-machining-service\/\">CNC makine<\/a> aletler, metal\u00fcrjik ekipmanlar, enjeksiyon kal\u0131plama makineleri vb. genellikle dahili kontrol sistemini ve ekran\u0131 korumak i\u00e7in end\u00fcstriyel bilgisayar monit\u00f6r\u00fc muhafazalar\u0131 gerektirir. Bu, \u00fcretim s\u00fcrecinin istikrar\u0131n\u0131 ve kontrol edilebilirli\u011fini sa\u011flamaya yard\u0131mc\u0131 olur.<\/li>\n<li>Ula\u015f\u0131m ve ta\u015f\u0131mac\u0131l\u0131k: End\u00fcstriyel bilgisayar monit\u00f6r muhafazalar\u0131, gemiler, demiryollar\u0131, u\u00e7aklar, otob\u00fcsler ve kamyonlar dahil olmak \u00fczere ula\u015f\u0131m ve ta\u015f\u0131mac\u0131l\u0131k alanlar\u0131nda da yayg\u0131n olarak kullan\u0131lmaktad\u0131r. Navigasyon, izleme ve ara\u00e7 kontrol sistemlerinde kullan\u0131l\u0131rlar.<\/li>\n<\/ul>","protected":false},"excerpt":{"rendered":"<p>End\u00fcstriyel bilgisayar monit\u00f6r\u00fc elektronik muhafazalar\u0131, bir t\u00fcr end\u00fcstriyel bilgisayar \u00e7evre ekipman\u0131d\u0131r. Genellikle al\u00fcminyum malzemelerden yap\u0131l\u0131rlar. Toz ge\u00e7irmez, darbeye dayan\u0131kl\u0131, antikorozif ve su ge\u00e7irmezdirler. Dahili devre kartlar\u0131n\u0131 ve bile\u015fenleri d\u0131\u015f ortamdan koruyabilir ve iyi performansa sahip olabilirler. Is\u0131 yayma etkisi.<br \/>\nKasa genellikle al\u00fcminyum ala\u015f\u0131m, paslanmaz \u00e7elik, termoplastik ve di\u011fer malzemelerden yap\u0131l\u0131r ve y\u00fczey, korozyon \u00f6nleyici ve su ge\u00e7irmezlik \u00f6zelliklerini geli\u015ftirmek i\u00e7in sprey kaplamal\u0131, galvanizli, krom kaplamal\u0131 vb. olabilir. Kasan\u0131n ayr\u0131ca elektromanyetik parazitin end\u00fcstriyel bilgisayarlar\u0131n i\u00e7 devreleri \u00fczerindeki etkisini \u00f6nlemek i\u00e7in belirli elektromanyetik koruma gereksinimlerini kar\u015f\u0131lamas\u0131 gerekir.<\/p>\n<p>K\u0131sacas\u0131, end\u00fcstriyel bilgisayar izleme elektronik muhafazas\u0131, \u00f6nemli bir end\u00fcstriyel bilgisayar harici cihaz\u0131d\u0131r. End\u00fcstriyel bilgisayar\u0131n i\u00e7 devresini d\u0131\u015f ortam\u0131n etkisinden koruyabilir ve ekipman\u0131n g\u00fcvenilirli\u011fini ve kararl\u0131l\u0131\u011f\u0131n\u0131 art\u0131rabilir. Muhafazay\u0131 ihtiya\u00e7lar\u0131n\u0131za g\u00f6re tasarlayabiliriz. \u00d6zelle\u015ftirilmi\u015f, toplu d\u00f6k\u00fcm \u00fcretim s\u00fcre\u00e7leri.<\/p>","protected":false},"featured_media":3212,"template":"","meta":{"om_disable_all_campaigns":false,"_monsterinsights_skip_tracking":false,"_monsterinsights_sitenote_active":false,"_monsterinsights_sitenote_note":"","_monsterinsights_sitenote_category":0,"_uf_show_specific_survey":0,"_uf_disable_surveys":false,"site-sidebar-layout":"default","site-content-layout":"default","ast-global-header-display":"","ast-banner-title-visibility":"","ast-main-header-display":"","ast-hfb-above-header-display":"","ast-hfb-below-header-display":"","ast-hfb-mobile-header-display":"","site-post-title":"","ast-breadcrumbs-content":"","ast-featured-img":"","footer-sml-layout":"","theme-transparent-header-meta":"default","adv-header-id-meta":"","stick-header-meta":"","header-above-stick-meta":"","header-main-stick-meta":"","header-below-stick-meta":""},"product_cat":[18],"product_tag":[274,272,275,273,276,278,279,277],"aioseo_notices":[],"_links":{"self":[{"href":"https:\/\/mnwell.com\/tr\/wp-json\/wp\/v2\/product\/3211"}],"collection":[{"href":"https:\/\/mnwell.com\/tr\/wp-json\/wp\/v2\/product"}],"about":[{"href":"https:\/\/mnwell.com\/tr\/wp-json\/wp\/v2\/types\/product"}],"wp:featuredmedia":[{"embeddable":true,"href":"https:\/\/mnwell.com\/tr\/wp-json\/wp\/v2\/media\/3212"}],"wp:attachment":[{"href":"https:\/\/mnwell.com\/tr\/wp-json\/wp\/v2\/media?parent=3211"}],"wp:term":[{"taxonomy":"product_cat","embeddable":true,"href":"https:\/\/mnwell.com\/tr\/wp-json\/wp\/v2\/product_cat?post=3211"},{"taxonomy":"product_tag","embeddable":true,"href":"https:\/\/mnwell.com\/tr\/wp-json\/wp\/v2\/product_tag?post=3211"}],"curies":[{"name":"wp","href":"https:\/\/api.w.org\/{rel}","templated":true}]}}