{"id":3264,"date":"2023-09-25T17:31:12","date_gmt":"2023-09-25T15:31:12","guid":{"rendered":"https:\/\/mnwell.com\/?post_type=product&#038;p=3264"},"modified":"2023-10-07T17:12:43","modified_gmt":"2023-10-07T15:12:43","slug":"oem-aluminum-die-casting-parts","status":"publish","type":"product","link":"https:\/\/mnwell.com\/tr\/urun\/oem-aluminum-die-casting-parts\/","title":{"rendered":"oem al\u00fcminyum d\u00f6k\u00fcm par\u00e7alar"},"content":{"rendered":"<p>\u00c7izim gereksinimlerinize g\u00f6re size OEM tek elden al\u00fcminyum d\u00f6k\u00fcm par\u00e7a \u00e7\u00f6z\u00fcmleri sa\u011flayabiliriz. Biz \u00c7inli bir \u00fcreticiyiz, en erken Alman \u015firketleri i\u00e7in sadece OEM'den \u00f6nce, \u015fimdi \u015firketimizin geni\u015flemesiyle, geli\u015fmi\u015f ekipmanlara ve kal\u0131p d\u00f6k\u00fcm \u015firketlerinin \u00fcretim y\u00f6netiminde m\u00fckemmel deneyime ve profesyonel kal\u0131p d\u00f6k\u00fcm teknolojisi ekibine sahibiz. d\u00fcnya i\u00e7in y\u00fcksek kaliteli, y\u00fcksek performansl\u0131 al\u00fcminyum d\u00f6k\u00fcm par\u00e7alar.<\/p>\n<p>&nbsp;<\/p>\n<h3>OEM Al\u00fcminyum Bas\u0131n\u00e7l\u0131 D\u00f6k\u00fcm Hizmet S\u00fcreci<\/h3>\n<p>\u015eunlar i\u00e7in Mindwell'i se\u00e7in <a href=\"https:\/\/mnwell.com\/tr\/urun\/oem-aluminum-die-casting-parts\/\">OEM al\u00fcminyum d\u00f6k\u00fcm par\u00e7alar<\/a> imalat, biz profesyonel bir al\u00fcminyum d\u00f6k\u00fcm par\u00e7alar\u0131 \u00fcreticisi, size tek elden al\u00fcminyum d\u00f6k\u00fcm hizmeti sa\u011flayabilir, size uygun fiyat ve y\u00fcksek kaliteli al\u00fcminyum d\u00f6k\u00fcm par\u00e7alar\u0131 sa\u011flamak, sizinle uzun vadeli i\u015fbirli\u011fi i\u00e7in sab\u0131rs\u0131zlan\u0131yoruz. Spesifik OEM hizmetleri a\u015fa\u011f\u0131daki gibidir:<\/p>\n<ol>\n<li><a href=\"https:\/\/mnwell.com\/tr\/product-design\/\">\u00dcr\u00fcn tasar\u0131m\u0131:<\/a> Bize 3D \u00e7izimler g\u00f6nderebilir veya numune g\u00f6nderebilirsiniz. Sadece fikirleriniz varsa, bizimle ileti\u015fime ge\u00e7ebilirsiniz, sizinle derinlemesine tart\u0131\u015facak tasar\u0131mc\u0131lar\u0131m\u0131z var.<\/li>\n<li>Kal\u0131p tasar\u0131m\u0131 ve imalat\u0131: Kal\u0131p tasar\u0131m\u0131 ve imalat\u0131, OEM \u00fcretiminde \u00f6nemli bir ad\u0131md\u0131r <a href=\"https:\/\/mnwell.com\/tr\/what-are-high-pressure-aluminum-die-casting-parts\/\">al\u00fcminyum d\u00f6k\u00fcm par\u00e7alar<\/a>Al\u00fcminyum d\u00f6k\u00fcm par\u00e7alar\u0131n\u0131n tutarl\u0131l\u0131\u011f\u0131n\u0131 ve tekrarlanabilirli\u011fini sa\u011flayabilir. Y\u00fcksek hacimli OEM \u00fcretimi ve maliyet azaltma.<\/li>\n<li>Par\u00e7a \u00dcretimi: Al\u00fcminyum hammaddelerin haz\u0131rlanmas\u0131, eritilmesi, teknisyenlerin kal\u0131p d\u00f6k\u00fcm ekipmanlar\u0131n\u0131 \u00e7al\u0131\u015ft\u0131rmas\u0131, d\u00f6kme, enjeksiyon, kal\u0131p a\u00e7ma, ma\u00e7a \u00e7\u0131karma, \u00fcst par\u00e7alar ve bir dizi profesyonel kal\u0131p d\u00f6k\u00fcm i\u015flemi.<\/li>\n<li>Kalite kontrol: Hammaddeden ba\u015flayarak, hammadde ve yard\u0131mc\u0131 malzemelerin kalitesini kontrol ediyoruz. Her s\u00fcre\u00e7, s\u00fcre\u00e7 koduna ve teknik ko\u015fullara g\u00f6re s\u0131k\u0131 bir \u015fekilde kontrol edilir ve denetlenir. \u00dcretim, d\u00f6k\u00fcmlerin kalitesini kontrol etmek ve de\u011ferlendirmek i\u00e7in ses, girdap ak\u0131m\u0131, X-\u0131\u015f\u0131n\u0131 ve \u03b3-\u0131\u015f\u0131n\u0131 y\u00f6ntemleri olabilir.<\/li>\n<li>Y\u00fczey i\u015fleme: Al\u00fcminyum d\u00f6k\u00fcm \u00fcr\u00fcnlerinin kullan\u0131m\u0131na g\u00f6re farkl\u0131 y\u00fczey i\u015flemleri se\u00e7ilebilir, \u00f6rne\u011fin: kumlama, elektrokaplama, p\u00fcsk\u00fcrtme vb.<\/li>\n<\/ol>\n<h4>Al\u00fcminyum d\u00f6k\u00fcm teknik parametreleri kontrol\u00fc<\/h4>\n<ul>\n<li>D\u00f6k\u00fcm s\u0131cakl\u0131\u011f\u0131: genellikle 640\u2103-700\u2103 aras\u0131nda, \u00e7ok y\u00fcksek veya \u00e7ok d\u00fc\u015f\u00fck al\u00fcminyum par\u00e7alar\u0131n kalitesini etkileyecektir.<\/li>\n<li>D\u00f6k\u00fcm bas\u0131nc\u0131: genellikle 80-200MPa aras\u0131ndad\u0131r, \u00e7ok y\u00fcksek veya \u00e7ok d\u00fc\u015f\u00fck al\u00fcminyum par\u00e7alar\u0131n yo\u011funlu\u011funu ve formunu etkileyecektir.<\/li>\n<li>Kal\u0131p d\u00f6k\u00fcm h\u0131z\u0131: genellikle 6-12m\/s aras\u0131ndad\u0131r, \u00e7ok h\u0131zl\u0131 veya \u00e7ok yava\u015f olmas\u0131 al\u00fcminyum par\u00e7alar\u0131n y\u00fczey kalitesini ve yap\u0131sal \u00f6zelliklerini etkileyecektir.<\/li>\n<li>Kal\u0131p d\u00f6k\u00fcm s\u00fcresi: genellikle 1-2 dakika aras\u0131ndad\u0131r, \u00e7ok k\u0131sa veya \u00e7ok uzun olmas\u0131 al\u00fcminyum par\u00e7alar\u0131n yo\u011funlu\u011funu ve yap\u0131sal \u00f6zelliklerini etkileyecektir.<\/li>\n<\/ul>\n<h3>OEM al\u00fcminyum d\u00f6k\u00fcm par\u00e7alar\u0131n avantajlar\u0131<\/h3>\n<ol>\n<li>Al\u00fcminyum d\u00f6k\u00fcm par\u00e7alar karma\u015f\u0131k \u015fekillere, net konturlara, ince duvarlara ve derin bo\u015fluklara sahip metal par\u00e7alar \u00fcretebilir. Erimi\u015f metal y\u00fcksek bas\u0131n\u00e7ta ve y\u00fcksek h\u0131zda y\u00fcksek hareketlili\u011fi korumak i\u00e7in, bu nedenle di\u011fer i\u015flemlerin metal par\u00e7alar\u0131 i\u015flemesi zordur.<\/li>\n<li>Al\u00fcminyum d\u00f6k\u00fcm par\u00e7alar, IT11-13'e kadar y\u00fcksek boyutsal do\u011frulu\u011fa, baz\u0131lar\u0131 IT9'a kadar, y\u00fczey p\u00fcr\u00fczl\u00fcl\u00fc\u011f\u00fc Ra0.8-3.2um, iyi uyumlulu\u011fa sahiptir.<\/li>\n<li>Y\u00fcksek malzeme kullan\u0131m oran\u0131. Al\u00fcminyum d\u00f6k\u00fcm par\u00e7alar\u0131n y\u00fcksek hassasiyeti nedeniyle, sadece az miktarda i\u015fleme montaj\u0131 yap\u0131labilir, al\u00fcminyum d\u00f6k\u00fcm par\u00e7alar\u0131n bir k\u0131sm\u0131 do\u011frudan monte edilebilir.<\/li>\n<li>Y\u00fcksek \u00fcretim verimlili\u011fi. Y\u00fcksek h\u0131zl\u0131 \u015farj, \u015farj s\u00fcresini k\u0131salt\u0131r, h\u0131zl\u0131 k\u00fcrle\u015fen metal end\u00fcstrisi, al\u00fcminyum d\u00f6k\u00fcm\u00fcn d\u00f6ng\u00fc h\u0131z\u0131n\u0131 h\u0131zland\u0131r\u0131r. \u00c7e\u015fitli d\u00f6k\u00fcm i\u015flemlerinde, al\u00fcminyum bas\u0131n\u00e7l\u0131 d\u00f6k\u00fcm y\u00f6ntemi, seri \u00fcretime uygun en y\u00fcksek \u00fcretkenli\u011fe sahiptir.<\/li>\n<li>Karma\u015f\u0131k, y\u00fcksek y\u00fczey hassasiyetli al\u00fcminyum d\u00f6k\u00fcm par\u00e7alar \u00fcretebildi\u011finden, al\u00fcminyum d\u00f6k\u00fcm par\u00e7alar\u0131n OEM maliyeti d\u00fc\u015f\u00fckt\u00fcr, kal\u0131p tasar\u0131m\u0131 da daha sonra tekrar tekrar kullan\u0131labilir.<\/li>\n<\/ol>\n<h3>Neden bizi se\u00e7melisiniz?<\/h3>\n<p>Mindwell, kal\u0131p tasar\u0131m\u0131, kal\u0131p imalat\u0131, kal\u0131p d\u00f6k\u00fcm\u00fc ve i\u015flemeyi entegre eden y\u00fcksek hassasiyetli al\u00fcminyum ala\u015f\u0131ml\u0131 d\u00f6k\u00fcm \u00fcretiminde uzmanla\u015fm\u0131\u015f bir \u00fcretim \u015firketidir. Firmam\u0131z a\u015fa\u011f\u0131daki avantajlara sahiptir:<\/p>\n<h4>Y\u00fcksek kal\u0131p d\u00f6k\u00fcm kapasitesi<\/h4>\n<p>Firmam\u0131z geli\u015fmi\u015f kal\u0131p d\u00f6k\u00fcm makinesi sat\u0131n ald\u0131, makine y\u00fcksek \u00e7\u0131kt\u0131 oran\u0131na sahip. Yatay so\u011fuk hava d\u00f6k\u00fcm makinesi ortalama 500-700 kez d\u00f6k\u00fcm yapabilir, k\u00fc\u00e7\u00fck s\u0131cak oda d\u00f6k\u00fcm makinesi her 12 saatte bir 3000-7000 kez d\u00f6k\u00fcm yapabilir. Bas\u0131n\u00e7l\u0131 d\u00f6k\u00fcm tipi uzun servis \u00f6mr\u00fcne sahiptir ve bas\u0131n\u00e7l\u0131 d\u00f6k\u00fcm tipidir.<\/p>\n<h4>Fiyat avantaj\u0131<\/h4>\n<p>\u00c7\u00fcnk\u00fc <a href=\"https:\/\/mnwell.com\/tr\/mindwells-die-casting-product-design-guide\/\">kal\u0131p d\u00f6k\u00fcm<\/a> \u00f6l\u00e7ek do\u011frudur, y\u00fczey p\u00fcr\u00fczs\u00fcz ve temizdir. Genellikle art\u0131k do\u011frudan i\u015flenmez, belki daha az i\u015flenir, metal kullan\u0131m\u0131n\u0131 iyile\u015ftirir, \u00e7ok say\u0131da i\u015fleme ekipman\u0131 ve \u00e7al\u0131\u015fma saatini azalt\u0131r, a\u015fa\u011f\u0131dakilerin kombinasyonu <a href=\"https:\/\/mnwell.com\/tr\/urun\/aluminum-die-casting-parts\/\">kal\u0131p d\u00f6k\u00fcm<\/a> di\u011fer metal veya metal olmayan malzemeler i\u00e7in kullan\u0131labilir, montaj s\u00fcresinden tasarruf sa\u011flar ve metal tasarrufu sa\u011flar. Kal\u0131p d\u00f6k\u00fcm s\u00fcrecine ili\u015fkin deneyimli kavray\u0131\u015f\u0131m\u0131zla birlikte, maliyet azaltma amac\u0131na ula\u015fmak i\u00e7in \u00e7ok fazla at\u0131\u011f\u0131 azaltabiliriz.<\/p>\n<h4>Geni\u015f \u00fcr\u00fcn uygulamas\u0131<\/h4>\n<p>OEM al\u00fcminyum d\u00f6k\u00fcmlerimiz \u00e7e\u015fitli motosiklet par\u00e7alar\u0131, ileti\u015fim bo\u015fluklar\u0131 telekom\u00fcnikasyon ekipmanlar\u0131, radyat\u00f6rler, elektromekanik, ev aletleri, lambalar, pompalar ve vanalar ve di\u011fer end\u00fcstrilerde yayg\u0131n olarak kullan\u0131lmaktad\u0131r.<\/p>\n<h4>Environmental protection concept<\/h4>\n<p>In <a href=\"https:\/\/mnwell.com\/tr\/what-is-aluminum-die-cast-housing\/\">al\u00fcminyum d\u00f6k\u00fcm<\/a> design, we preferred environmentally compatible materials and parts, avoiding the selection of toxic, harmful and radiation characteristics of the material. In Mindwell, we are equipped with aluminum die-casting exhaust gas treatment equipment and workshop ventilation equipment to purify the air and protect the environment.<\/p>\n<p><img loading=\"lazy\" decoding=\"async\" class=\"alignnone wp-image-3246 size-full\" src=\"http:\/\/mnwell.com\/wp-content\/uploads\/2023\/09\/die-casting-parts-2.webp\" alt=\"Mindwell company\" width=\"750\" height=\"500\" srcset=\"https:\/\/mnwell.com\/wp-content\/uploads\/2023\/09\/die-casting-parts-2.webp 750w, https:\/\/mnwell.com\/wp-content\/uploads\/2023\/09\/die-casting-parts-2-600x400.webp 600w\" sizes=\"(max-width: 750px) 100vw, 750px\" \/><\/p>","protected":false},"excerpt":{"rendered":"<p>Malzeme: Al\u00fcminyum ala\u015f\u0131m, ADC12, A380, 102, 104, vb.<br \/>\nY\u00fczey i\u015fleme: Kumlama, Oksidasyon, Boyama, Toz Boya, Elektroforez<br \/>\n\u00dcretici firma: Mindwell Corporation<br \/>\nMen\u015fe Yeri:\u00c7in<br \/>\n\u00c7izim Format\u0131: .Ug, CAD, Solidworks, .STP, .Step<br \/>\n\u00d6rnekler: Mevcut<br \/>\nUygulama:Otomotiv, Makine, Mobilya, Elektronik<br \/>\nAdedi: 5 Adet<br \/>\nSertifikasyon ISO9001<br \/>\n\u0130\u015flem: Y\u00fcksek bas\u0131n\u00e7l\u0131 d\u00f6k\u00fcm, d\u00fc\u015f\u00fck bas\u0131n\u00e7l\u0131 d\u00f6k\u00fcm, kum d\u00f6k\u00fcm<br \/>\n\u00d6zellikler\uff1a Gereksinimlere g\u00f6re \u00f6zelle\u015ftirilmi\u015f<\/p>","protected":false},"featured_media":3265,"template":"","meta":{"om_disable_all_campaigns":false,"_monsterinsights_skip_tracking":false,"_monsterinsights_sitenote_active":false,"_monsterinsights_sitenote_note":"","_monsterinsights_sitenote_category":0,"_uf_show_specific_survey":0,"_uf_disable_surveys":false,"site-sidebar-layout":"default","site-content-layout":"default","ast-global-header-display":"","ast-banner-title-visibility":"","ast-main-header-display":"","ast-hfb-above-header-display":"","ast-hfb-below-header-display":"","ast-hfb-mobile-header-display":"","site-post-title":"","ast-breadcrumbs-content":"","ast-featured-img":"","footer-sml-layout":"","theme-transparent-header-meta":"default","adv-header-id-meta":"","stick-header-meta":"","header-above-stick-meta":"","header-main-stick-meta":"","header-below-stick-meta":""},"product_cat":[18],"product_tag":[282,280,285,284,281,283],"aioseo_notices":[],"_links":{"self":[{"href":"https:\/\/mnwell.com\/tr\/wp-json\/wp\/v2\/product\/3264"}],"collection":[{"href":"https:\/\/mnwell.com\/tr\/wp-json\/wp\/v2\/product"}],"about":[{"href":"https:\/\/mnwell.com\/tr\/wp-json\/wp\/v2\/types\/product"}],"wp:featuredmedia":[{"embeddable":true,"href":"https:\/\/mnwell.com\/tr\/wp-json\/wp\/v2\/media\/3265"}],"wp:attachment":[{"href":"https:\/\/mnwell.com\/tr\/wp-json\/wp\/v2\/media?parent=3264"}],"wp:term":[{"taxonomy":"product_cat","embeddable":true,"href":"https:\/\/mnwell.com\/tr\/wp-json\/wp\/v2\/product_cat?post=3264"},{"taxonomy":"product_tag","embeddable":true,"href":"https:\/\/mnwell.com\/tr\/wp-json\/wp\/v2\/product_tag?post=3264"}],"curies":[{"name":"wp","href":"https:\/\/api.w.org\/{rel}","templated":true}]}}