{"id":3844,"date":"2023-12-19T16:56:09","date_gmt":"2023-12-19T15:56:09","guid":{"rendered":"https:\/\/mnwell.com\/?post_type=product&#038;p=3844"},"modified":"2023-12-19T16:57:57","modified_gmt":"2023-12-19T15:57:57","slug":"zinc-alloy-die-casting","status":"publish","type":"product","link":"https:\/\/mnwell.com\/tr\/urun\/zinc-alloy-die-casting\/","title":{"rendered":"\u00c7inko Ala\u015f\u0131ml\u0131 Bas\u0131n\u00e7l\u0131 D\u00f6k\u00fcm"},"content":{"rendered":"<p>Mindwell'de, \u00e7ok \u00e7e\u015fitli end\u00fcstriler ve uygulamalar i\u00e7in y\u00fcksek kaliteli \u00e7inko ala\u015f\u0131ml\u0131 bas\u0131n\u00e7l\u0131 d\u00f6k\u00fcm par\u00e7alar \u00fcretme konusunda uzman\u0131z. Bas\u0131n\u00e7l\u0131 d\u00f6k\u00fcm teknolojisindeki uzmanl\u0131\u011f\u0131m\u0131z, ola\u011fan\u00fcst\u00fc \u00fcr\u00fcnler sunma taahh\u00fcd\u00fcm\u00fczle birle\u015fti\u011finde, bizi g\u00fcvenilir ve dayan\u0131kl\u0131 par\u00e7alar arayan i\u015fletmeler i\u00e7in tercih edilen se\u00e7enek haline getiriyor.<\/p>\n<h2>\u00c7inko ala\u015f\u0131ml\u0131 d\u00f6k\u00fcm par\u00e7alar nedir?<\/h2>\n<p><img loading=\"lazy\" decoding=\"async\" class=\"alignnone wp-image-3529\" src=\"http:\/\/mnwell.com\/wp-content\/uploads\/2023\/10\/AYU9505.webp\" alt=\"zinc alloy die casting\" width=\"500\" height=\"500\" srcset=\"https:\/\/mnwell.com\/wp-content\/uploads\/2023\/10\/AYU9505.webp 800w, https:\/\/mnwell.com\/wp-content\/uploads\/2023\/10\/AYU9505-150x150.webp 150w, https:\/\/mnwell.com\/wp-content\/uploads\/2023\/10\/AYU9505-768x768.webp 768w, https:\/\/mnwell.com\/wp-content\/uploads\/2023\/10\/AYU9505-12x12.webp 12w, https:\/\/mnwell.com\/wp-content\/uploads\/2023\/10\/AYU9505-300x300.webp 300w, https:\/\/mnwell.com\/wp-content\/uploads\/2023\/10\/AYU9505-600x600.webp 600w, https:\/\/mnwell.com\/wp-content\/uploads\/2023\/10\/AYU9505-100x100.webp 100w\" sizes=\"(max-width: 500px) 100vw, 500px\" \/><\/p>\n<p>\u00c7inko ala\u015f\u0131ml\u0131 d\u00f6k\u00fcm par\u00e7alar, erimi\u015f \u00e7inko ala\u015f\u0131m\u0131n\u0131n bir kal\u0131ba d\u00f6k\u00fclmesi ve kat\u0131la\u015fmas\u0131na izin verilmesiyle yap\u0131lan bile\u015fenlerdir. Bas\u0131n\u00e7l\u0131 d\u00f6k\u00fcm olarak bilinen bu \u00fcretim s\u00fcreci, m\u00fckemmel boyutsal do\u011frulu\u011fa, karma\u015f\u0131k tasar\u0131mlara ve \u00fcst\u00fcn y\u00fczey kalitesine sahip par\u00e7alar\u0131n \u00fcretilmesini sa\u011flar.<\/p>\n<h2>\u00c7inko Ala\u015f\u0131ml\u0131 Bas\u0131n\u00e7l\u0131 D\u00f6k\u00fcm Par\u00e7alar\u0131n Avantajlar\u0131<\/h2>\n<p>\u00c7inko ala\u015f\u0131ml\u0131 bas\u0131n\u00e7l\u0131 d\u00f6k\u00fcm par\u00e7alar, di\u011fer malzemelerden yap\u0131lan par\u00e7alara g\u00f6re \u00e7ok say\u0131da avantaj sunar:<\/p>\n<ul>\n<li><strong>G\u00fc\u00e7 ve Dayan\u0131kl\u0131l\u0131k:<\/strong> \u00c7inko ala\u015f\u0131ml\u0131 bas\u0131n\u00e7l\u0131 d\u00f6k\u00fcm par\u00e7alar, ola\u011fan\u00fcst\u00fc g\u00fc\u00e7leri ve dayan\u0131kl\u0131l\u0131klar\u0131yla bilinir ve bu da onlar\u0131 sa\u011flam bile\u015fenler gerektiren \u00e7e\u015fitli uygulamalar i\u00e7in uygun hale getirir.<\/li>\n<li><strong>Hafif:<\/strong> Dayan\u0131kl\u0131l\u0131klar\u0131na ra\u011fmen \u00e7inko ala\u015f\u0131ml\u0131 d\u00f6k\u00fcm par\u00e7alar nispeten hafiftir, bu da onlar\u0131 a\u011f\u0131rl\u0131k azaltman\u0131n \u00e7ok \u00f6nemli oldu\u011fu uygulamalar i\u00e7in ideal hale getirir.<\/li>\n<li><strong>Korozyon Direnci:<\/strong> \u00c7inko ala\u015f\u0131mlar\u0131 m\u00fckemmel korozyon direnci \u00f6zelliklerine sahiptir ve zorlu ortamlarda bile bas\u0131n\u00e7l\u0131 d\u00f6k\u00fcm par\u00e7alar\u0131n\u0131n uzun \u00f6m\u00fcrl\u00fc olmas\u0131n\u0131 sa\u011flar.<\/li>\n<li><strong>Y\u00fcksek Hassasiyet:<\/strong> Bas\u0131n\u00e7l\u0131 d\u00f6k\u00fcm teknolojisi, karma\u015f\u0131k \u015fekillerin ve karma\u015f\u0131k tasar\u0131mlar\u0131n y\u00fcksek hassasiyetle \u00fcretilmesine olanak tan\u0131yarak par\u00e7alar\u0131n gerekli \u00f6zellikleri kar\u015f\u0131lamas\u0131n\u0131 sa\u011flar.<\/li>\n<li><strong>Uygun Maliyetli:<\/strong> \u00c7inko ala\u015f\u0131ml\u0131 bas\u0131n\u00e7l\u0131 d\u00f6k\u00fcm par\u00e7alar, bas\u0131n\u00e7l\u0131 d\u00f6k\u00fcm i\u015flemi verimli \u00fcretim sa\u011flad\u0131\u011f\u0131ndan ve malzeme israf\u0131n\u0131 azaltt\u0131\u011f\u0131ndan, di\u011fer malzemelerden yap\u0131lan par\u00e7alara k\u0131yasla uygun maliyetli bir \u00e7\u00f6z\u00fcm sunar.<\/li>\n<\/ul>\n<h2>\u00c7inko Ala\u015f\u0131ml\u0131 Bas\u0131n\u00e7l\u0131 D\u00f6k\u00fcm Par\u00e7a Uygulamalar\u0131<\/h2>\n<p>\u00c7inko ala\u015f\u0131ml\u0131 d\u00f6k\u00fcm par\u00e7alar, a\u015fa\u011f\u0131dakiler de dahil olmak \u00fczere \u00e7e\u015fitli end\u00fcstrilerde uygulama alan\u0131 bulmaktad\u0131r:<\/p>\n<ul>\n<li><strong>Otomotiv:<\/strong> \u00c7inko ala\u015f\u0131ml\u0131 d\u00f6k\u00fcm par\u00e7alar\u0131m\u0131z otomotiv end\u00fcstrisinde motor par\u00e7alar\u0131, \u015fanz\u0131man muhafazalar\u0131 ve kap\u0131 kollar\u0131 gibi bile\u015fenler i\u00e7in yayg\u0131n olarak kullan\u0131lmaktad\u0131r.<\/li>\n<li><strong>Elektronik:<\/strong> M\u00fckemmel elektrik iletkenli\u011fi <a href=\"https:\/\/mnwell.com\/tr\/urun\/zinc-alloy-die-casting-product\/\">\u00e7i\u0307nko ala\u015fimlari<\/a> konekt\u00f6rler, terminaller ve \u0131s\u0131 al\u0131c\u0131lar\u0131 dahil olmak \u00fczere elektronik bile\u015fenler i\u00e7in uygun hale getirir.<\/li>\n<li><strong>Mobilya:<\/strong> \u00c7inko ala\u015f\u0131ml\u0131 bas\u0131n\u00e7l\u0131 d\u00f6k\u00fcm par\u00e7alar genellikle kulplar, topuzlar ve mente\u015feler gibi mobilya donan\u0131mlar\u0131n\u0131n \u00fcretiminde kullan\u0131l\u0131r.<\/li>\n<li><strong>Aletler:<\/strong> Mutfak aletlerinden ev ekipmanlar\u0131na kadar, \u00e7inko ala\u015f\u0131ml\u0131 d\u00f6k\u00fcm par\u00e7alar g\u00fc\u00e7leri, dayan\u0131kl\u0131l\u0131klar\u0131 ve estetik \u00e7ekicilikleri i\u00e7in \u00e7e\u015fitli cihazlarda kullan\u0131lmaktad\u0131r.<\/li>\n<li><strong>End\u00fcstriyel Makineler:<\/strong> \u00c7inko ala\u015f\u0131ml\u0131 bas\u0131n\u00e7l\u0131 d\u00f6k\u00fcm par\u00e7alar\u0131m\u0131z, makine ve ekipmanlar\u0131 i\u00e7in g\u00fcvenilir ve dayan\u0131kl\u0131 bile\u015fenlere ihtiya\u00e7 duyan end\u00fcstriler taraf\u0131ndan g\u00fcvenilmektedir.<\/li>\n<\/ul>\n<h2>\u00c7inko ala\u015f\u0131ml\u0131 bas\u0131n\u00e7l\u0131 d\u00f6k\u00fcm i\u015flemi<\/h2>\n<p>\u00c7inko ala\u015f\u0131ml\u0131 kal\u0131p d\u00f6k\u00fcm i\u015flemi, erimi\u015f \u00e7inko ala\u015f\u0131m\u0131n\u0131 bir kal\u0131ba enjekte etmek i\u00e7in bir kal\u0131p d\u00f6k\u00fcm makinesinin kullan\u0131ld\u0131\u011f\u0131 ve kat\u0131la\u015fma ve so\u011fumadan sonra \u015fekillendirilmi\u015f bir \u00fcr\u00fcn\u00fcn elde edildi\u011fi bir i\u015flemdir. Bu i\u015flem, otomobil par\u00e7alar\u0131, elektronik ekipman muhafazalar\u0131, ev \u00fcr\u00fcnleri vb. gibi \u00e7e\u015fitli \u00e7inko ala\u015f\u0131ml\u0131 \u00fcr\u00fcnlerin \u00fcretiminde yayg\u0131n olarak kullan\u0131lmaktad\u0131r.<\/p>\n<p>A\u015fa\u011f\u0131daki temel ak\u0131\u015f \u015f\u00f6yledir <a href=\"https:\/\/mnwell.com\/tr\/zinc-alloy-die-casting\/\">\u00e7inko ala\u015f\u0131m\u0131<\/a> kal\u0131p d\u00f6k\u00fcm i\u015flemi:<\/p>\n<ol>\n<li>Kal\u0131plar\u0131 ve malzemeleri haz\u0131rlay\u0131n: Uygun bir kal\u0131p se\u00e7in ve gerekli \u00e7inko ala\u015f\u0131m\u0131 malzemeleri haz\u0131rlay\u0131n.<\/li>\n<li>\u00c7inko ala\u015f\u0131ml\u0131 malzemelerin \u0131s\u0131t\u0131lmas\u0131: \u00c7inko ala\u015f\u0131ml\u0131 malzemelerin uygun erime noktas\u0131 s\u0131cakl\u0131\u011f\u0131na kadar \u0131s\u0131t\u0131lmas\u0131. Genellikle \u00e7inko ala\u015f\u0131m\u0131n\u0131n erime noktas\u0131 419\u00b0C civar\u0131ndad\u0131r.<\/li>\n<li>Kal\u0131p a\u00e7ma: Erimi\u015f halde \u0131s\u0131t\u0131lan \u00e7inko ala\u015f\u0131m\u0131 kal\u0131ba enjekte edilir.<\/li>\n<li>Kal\u0131b\u0131 m\u00fch\u00fcrleyin: Kat\u0131la\u015fma i\u015flemi s\u0131ras\u0131nda \u00e7inko ala\u015f\u0131m\u0131n\u0131n d\u00f6k\u00fclmesini \u00f6nlemek i\u00e7in kal\u0131b\u0131 kapat\u0131n.<\/li>\n<li>So\u011futma ve kat\u0131la\u015ft\u0131rma: \u0130stenilen \u015fekildeki \u00fcr\u00fcn\u00fc olu\u015fturmak i\u00e7in \u00e7inko ala\u015f\u0131m\u0131n\u0131n kal\u0131p i\u00e7inde so\u011fumas\u0131na ve kat\u0131la\u015fmas\u0131na izin verin.<\/li>\n<li>Kal\u0131ptan \u00e7\u0131karma: kal\u0131planm\u0131\u015f \u00fcr\u00fcn\u00fcn kal\u0131ptan \u00e7\u0131kar\u0131lmas\u0131.<\/li>\n<li>\u0130\u015flem sonras\u0131: Kal\u0131planm\u0131\u015f \u00fcr\u00fcnler \u00fczerinde, g\u00f6r\u00fcn\u00fcmlerini, kalitelerini ve performanslar\u0131n\u0131 iyile\u015ftirmek i\u00e7in ta\u015flama, parlatma vb. gibi gerekli son i\u015flemler yap\u0131l\u0131r.<\/li>\n<\/ol>\n<p>\u00c7inko ala\u015f\u0131ml\u0131 bas\u0131n\u00e7l\u0131 d\u00f6k\u00fcm i\u015flemindeki s\u0131cakl\u0131k, bas\u0131n\u00e7 ve zaman gibi parametrelerin hepsinin \u00fcr\u00fcn kalitesi \u00fczerinde bir etkisi olaca\u011f\u0131 unutulmamal\u0131d\u0131r, bu nedenle bu parametrelerin ger\u00e7ek operasyonlarda s\u0131k\u0131 bir \u015fekilde kontrol edilmesi gerekir. Ayn\u0131 zamanda, \u00fcr\u00fcn kalitesini ve \u00fcretim verimlili\u011fini sa\u011flamak i\u00e7in kal\u0131p d\u00f6k\u00fcm makinelerinin, kal\u0131plar\u0131n ve di\u011fer ekipmanlar\u0131n d\u00fczenli olarak incelenmesi ve bak\u0131m\u0131n\u0131n yap\u0131lmas\u0131 gerekmektedir.<\/p>\n<p><img loading=\"lazy\" decoding=\"async\" class=\"alignnone size-full wp-image-3790\" src=\"http:\/\/mnwell.com\/wp-content\/uploads\/2023\/12\/office.webp\" alt=\"mindwell office\" width=\"750\" height=\"500\" srcset=\"https:\/\/mnwell.com\/wp-content\/uploads\/2023\/12\/office.webp 750w, https:\/\/mnwell.com\/wp-content\/uploads\/2023\/12\/office-18x12.webp 18w, https:\/\/mnwell.com\/wp-content\/uploads\/2023\/12\/office-600x400.webp 600w\" sizes=\"(max-width: 750px) 100vw, 750px\" \/><\/p>\n<h2>Neden bizi se\u00e7melisiniz?<\/h2>\n<p>\u00c7inko ala\u015f\u0131ml\u0131 d\u00f6k\u00fcm par\u00e7alar s\u00f6z konusu oldu\u011funda, do\u011fru \u00fcreticiyi se\u00e7mek \u00e7ok \u00f6nemlidir. \u0130\u015fte neden Mindwell'i se\u00e7meniz gerekti\u011fini a\u00e7\u0131kl\u0131yoruz:<\/p>\n<ul>\n<li><strong>Deneyim ve Uzmanl\u0131k:<\/strong> Sekt\u00f6rdeki uzun y\u0131llara dayanan deneyimimizle, \u00e7inko ala\u015f\u0131ml\u0131 bas\u0131n\u00e7l\u0131 d\u00f6k\u00fcm konusundaki uzmanl\u0131\u011f\u0131m\u0131z\u0131 geli\u015ftirdik ve \u00fcretti\u011fimiz her par\u00e7ada en y\u00fcksek kalite standartlar\u0131n\u0131 sa\u011flad\u0131k.<\/li>\n<li><strong>Son Teknoloji Tesisler:<\/strong> Geli\u015fmi\u015f \u00fcretim tesislerimiz, en son teknoloji ve makinelerle donat\u0131lm\u0131\u015f olup, tam spesifikasyonlar\u0131n\u0131z\u0131 kar\u015f\u0131layan hassas m\u00fchendislik \u00fcr\u00fcn\u00fc par\u00e7alar sunmam\u0131z\u0131 sa\u011flar.<\/li>\n<li><strong>Kalite G\u00fcvencesi:<\/strong> Tesisimizden \u00e7\u0131kan her \u00e7inko ala\u015f\u0131ml\u0131 d\u00f6k\u00fcm par\u00e7as\u0131n\u0131n hatas\u0131z olmas\u0131n\u0131 ve en y\u00fcksek kalite standartlar\u0131n\u0131 kar\u015f\u0131lamas\u0131n\u0131 sa\u011flamak i\u00e7in s\u0131k\u0131 bir kalite kontrol s\u00fcrecine sahibiz.<\/li>\n<li><strong>\u00d6zelle\u015ftirme:<\/strong> Her uygulaman\u0131n kendine \u00f6zg\u00fc gereksinimleri oldu\u011funu biliyoruz. Bu nedenle \u00e7inko ala\u015f\u0131ml\u0131 d\u00f6k\u00fcm par\u00e7alar\u0131m\u0131z\u0131 \u00f6zel ihtiya\u00e7lar\u0131n\u0131za g\u00f6re uyarlamak i\u00e7in \u00f6zelle\u015ftirme se\u00e7enekleri sunuyoruz.<\/li>\n<li><strong>Zaman\u0131nda Teslimat:<\/strong> Sipari\u015fleri zaman\u0131nda teslim ederek \u00fcretim program\u0131n\u0131z\u0131n kesintiye u\u011framamas\u0131n\u0131 sa\u011flama becerimizle gurur duyuyoruz.<\/li>\n<li><strong>Rekabet\u00e7i Fiyatland\u0131rma:<\/strong> Verimlilik ve maliyet etkinli\u011fine olan ba\u011fl\u0131l\u0131\u011f\u0131m\u0131z, kaliteden \u00f6d\u00fcn vermeden rekabet\u00e7i fiyatlar sunmam\u0131z\u0131 sa\u011fl\u0131yor.<\/li>\n<\/ul>\n<h2>Bize Ula\u015f\u0131n<\/h2>\n<p>Y\u00fcksek kaliteli \u00e7inko ala\u015f\u0131ml\u0131 d\u00f6k\u00fcm par\u00e7alara ihtiyac\u0131n\u0131z varsa, Mindwell'den ba\u015fkas\u0131na bakmay\u0131n. \u0130htiya\u00e7lar\u0131n\u0131z\u0131 g\u00f6r\u00fc\u015fmek i\u00e7in bug\u00fcn bizimle ileti\u015fime ge\u00e7in; uzman ekibimiz size yard\u0131mc\u0131 olmaktan mutluluk duyacakt\u0131r.<\/p>","protected":false},"excerpt":{"rendered":"<p>Mindwell, \u00e7e\u015fitli end\u00fcstriler i\u00e7in y\u00fcksek kaliteli \u00e7inko ala\u015f\u0131ml\u0131 d\u00f6k\u00fcm par\u00e7alar\u0131n\u0131n lider \u00fcreticisidir. Bu par\u00e7alar, erimi\u015f \u00e7inko ala\u015f\u0131m\u0131n\u0131n kal\u0131plara d\u00f6k\u00fclmesi ve kat\u0131la\u015ft\u0131r\u0131lmas\u0131yla \u00fcretilir, bu da karma\u015f\u0131k tasar\u0131mlar ve \u00fcst\u00fcn y\u00fczey kaplamalar\u0131 ile sonu\u00e7lan\u0131r. G\u00fc\u00e7, dayan\u0131kl\u0131l\u0131k, hafiflik, korozyon direnci, y\u00fcksek hassasiyet ve maliyet etkinli\u011fi sunarlar.<br \/>\nMen\u015fe yeri:xiamen, \u00c7in<br \/>\nModel Numaras\u0131:OEM<br \/>\nMalzeme:\u00c7inko Ala\u015f\u0131m<br \/>\nTolerans: 0.1-0.05mm<br \/>\nStandart ISO 9001<br \/>\nRenk:OEM<br \/>\nY\u00fczey i\u015fleme: kumlama, anotlama, elektroforez, toz boya veya kromlama<\/p>","protected":false},"featured_media":3529,"template":"","meta":{"om_disable_all_campaigns":false,"_monsterinsights_skip_tracking":false,"_monsterinsights_sitenote_active":false,"_monsterinsights_sitenote_note":"","_monsterinsights_sitenote_category":0,"_uf_show_specific_survey":0,"_uf_disable_surveys":false,"site-sidebar-layout":"default","site-content-layout":"default","ast-global-header-display":"","ast-banner-title-visibility":"","ast-main-header-display":"","ast-hfb-above-header-display":"","ast-hfb-below-header-display":"","ast-hfb-mobile-header-display":"","site-post-title":"","ast-breadcrumbs-content":"","ast-featured-img":"","footer-sml-layout":"","theme-transparent-header-meta":"default","adv-header-id-meta":"","stick-header-meta":"","header-above-stick-meta":"","header-main-stick-meta":"","header-below-stick-meta":""},"product_cat":[18],"product_tag":[440],"aioseo_notices":[],"_links":{"self":[{"href":"https:\/\/mnwell.com\/tr\/wp-json\/wp\/v2\/product\/3844"}],"collection":[{"href":"https:\/\/mnwell.com\/tr\/wp-json\/wp\/v2\/product"}],"about":[{"href":"https:\/\/mnwell.com\/tr\/wp-json\/wp\/v2\/types\/product"}],"wp:featuredmedia":[{"embeddable":true,"href":"https:\/\/mnwell.com\/tr\/wp-json\/wp\/v2\/media\/3529"}],"wp:attachment":[{"href":"https:\/\/mnwell.com\/tr\/wp-json\/wp\/v2\/media?parent=3844"}],"wp:term":[{"taxonomy":"product_cat","embeddable":true,"href":"https:\/\/mnwell.com\/tr\/wp-json\/wp\/v2\/product_cat?post=3844"},{"taxonomy":"product_tag","embeddable":true,"href":"https:\/\/mnwell.com\/tr\/wp-json\/wp\/v2\/product_tag?post=3844"}],"curies":[{"name":"wp","href":"https:\/\/api.w.org\/{rel}","templated":true}]}}