{"id":3857,"date":"2023-12-20T15:57:37","date_gmt":"2023-12-20T14:57:37","guid":{"rendered":"https:\/\/mnwell.com\/?post_type=product&#038;p=3857"},"modified":"2023-12-20T16:00:50","modified_gmt":"2023-12-20T15:00:50","slug":"metal-die-casting-products","status":"publish","type":"product","link":"https:\/\/mnwell.com\/tr\/urun\/metal-die-casting-products\/","title":{"rendered":"Metal Bas\u0131n\u00e7l\u0131 D\u00f6k\u00fcm \u00dcr\u00fcnleri"},"content":{"rendered":"<p>Metal bas\u0131n\u00e7l\u0131 d\u00f6k\u00fcm \u00fcr\u00fcnleri, ola\u011fan\u00fcst\u00fc g\u00fc\u00e7leri, dayan\u0131kl\u0131l\u0131klar\u0131 ve hassasiyetleri nedeniyle \u00e7e\u015fitli end\u00fcstrilerde yayg\u0131n olarak kullan\u0131lmaktad\u0131r. Bu \u00fcretim s\u00fcreci, erimi\u015f metalin y\u00fcksek bas\u0131n\u00e7 alt\u0131nda bir kal\u0131p bo\u015flu\u011funa zorlanmas\u0131n\u0131 i\u00e7erir. Sonu\u00e7, en y\u00fcksek kalite standartlar\u0131n\u0131 kar\u015f\u0131layan m\u00fckemmel \u015fekilli ve sa\u011flam bir metal bile\u015fendir.<\/p>\n<h2>Metal malzemelerin preslenmesi i\u00e7in uygundur<\/h2>\n<p>Bas\u0131n\u00e7l\u0131 d\u00f6k\u00fcm, erimi\u015f metale y\u00fcksek bas\u0131n\u00e7 uygulamak i\u00e7in bir kal\u0131b\u0131n bo\u015flu\u011funu kullanan bir metal d\u00f6k\u00fcm i\u015flemidir. Kal\u0131p genellikle daha g\u00fc\u00e7l\u00fc bir ala\u015f\u0131mdan i\u015flenir, bu da enjeksiyon kal\u0131plamaya benzer bir i\u015flemdir. \u00c7inko, bak\u0131r, al\u00fcminyum, magnezyum, kur\u015fun, kalay, kur\u015fun-kalay ala\u015f\u0131mlar\u0131 ve bunlar\u0131n ala\u015f\u0131mlar\u0131 gibi \u00e7o\u011fu bas\u0131n\u00e7l\u0131 d\u00f6k\u00fcm demir i\u00e7ermez.<br \/>\nBas\u0131n\u00e7l\u0131 d\u00f6k\u00fcm i\u00e7in uygun metaller temel olarak kalay, kur\u015fun, \u00e7inko, al\u00fcminyum, magnezyum, bak\u0131r vb. i\u00e7erir. Bunlar aras\u0131nda \u00e7inko ve al\u00fcminyum ala\u015f\u0131mlar\u0131 yayg\u0131n olarak kullan\u0131lmakta, bunu magnezyum ve bak\u0131r ala\u015f\u0131mlar\u0131 takip etmektedir. \u00d6zellikle, \u00e7inko ala\u015f\u0131m\u0131 sadece 365 derece gibi d\u00fc\u015f\u00fck bir erime noktas\u0131na sahiptir ve iyi bir ak\u0131\u015fkanl\u0131\u011fa sahiptir, bu nedenle elektrokaplama gibi \u00e7e\u015fitli i\u015flem sonras\u0131 i\u015flemler i\u00e7in kullan\u0131labilir. Bu nedenle, \u00f6zellikle s\u0131hhi tesisat end\u00fcstrisinde bir\u00e7ok kullan\u0131m alan\u0131 vard\u0131r. Ayr\u0131ca al\u00fcminyum ve magnezyum ala\u015f\u0131mlar\u0131 elektronik end\u00fcstrisinde de s\u0131kl\u0131kla kullan\u0131lmaktad\u0131r.<\/p>\n<table>\n<tbody>\n<tr>\n<td>Al\u0131nt\u0131<\/td>\n<td>\u00c7iziminize g\u00f6re (boyut, malzeme, kal\u0131nl\u0131k, i\u015fleme i\u00e7eri\u011fi ve gerekli teknoloji vb,)<\/td>\n<\/tr>\n<tr>\n<td>\u00a0Malzeme<\/td>\n<td>\u00c7elik, Pirin\u00e7, \u00c7inko ala\u015f\u0131m\u0131, paslanmaz \u00e7elik, bak\u0131r, al\u00fcminyum ala\u015f\u0131m\u0131, vb.<\/td>\n<\/tr>\n<tr>\n<td>Daha Fazla \u0130\u015flem<\/td>\n<td>CNC \u0130\u015fleme, Damgalama, Bas\u0131n\u00e7l\u0131 D\u00f6k\u00fcm, Kaynak ve D\u00f6vme<\/td>\n<\/tr>\n<tr>\n<td>Y\u00fczey \u0130\u015flemleri<\/td>\n<td>Toz Boya, Eloksal, F\u0131r\u00e7alama, Parlatma, Elektrik kaplama, Pvd Kaplama, S\u0131cak Dald\u0131rma Galvanizleme, E-kaplama, Kalay Kaplama, Nikel Kaplama, Krom Kaplama, Dacromet, Emaye Kaplama, vb.<\/td>\n<\/tr>\n<tr>\n<td>OEM<\/td>\n<td>Evet<\/td>\n<\/tr>\n<\/tbody>\n<\/table>\n<h2>Metal Bas\u0131n\u00e7l\u0131 D\u00f6k\u00fcm \u00dcr\u00fcnlerinin Avantajlar\u0131<\/h2>\n<p>Metal bas\u0131n\u00e7l\u0131 d\u00f6k\u00fcm \u00fcr\u00fcnleri kullanman\u0131n \u00e7e\u015fitli avantajlar\u0131 vard\u0131r:<\/p>\n<ul>\n<li><strong>G\u00fc\u00e7 ve Dayan\u0131kl\u0131l\u0131k:<\/strong> Metal bas\u0131n\u00e7l\u0131 d\u00f6k\u00fcm \u00fcr\u00fcnleri ola\u011fan\u00fcst\u00fc g\u00fc\u00e7 ve dayan\u0131kl\u0131l\u0131klar\u0131yla bilinir. A\u011f\u0131r y\u00fcklere, y\u00fcksek s\u0131cakl\u0131klara ve zorlu ortamlara dayanabilirler, bu da onlar\u0131 \u00e7ok \u00e7e\u015fitli uygulamalar i\u00e7in uygun hale getirir.<\/li>\n<li><strong>Hassas:<\/strong> Bas\u0131n\u00e7l\u0131 d\u00f6k\u00fcm s\u00fcreci, s\u0131k\u0131 toleranslara sahip karma\u015f\u0131k ve girift \u015fekillerin olu\u015fturulmas\u0131na olanak tan\u0131r. Bu hassasiyet, nihai \u00fcr\u00fcn\u00fcn tam spesifikasyonlar\u0131 ve gereksinimleri kar\u015f\u0131lamas\u0131n\u0131 sa\u011flar.<\/li>\n<li><strong>Uygun maliyetli:<\/strong> Metal bas\u0131n\u00e7l\u0131 d\u00f6k\u00fcm \u00fcr\u00fcnleri paran\u0131z\u0131n kar\u015f\u0131l\u0131\u011f\u0131n\u0131 m\u00fckemmel bir \u015fekilde verir. Y\u00fcksek \u00fcretim verimlili\u011fi ve d\u00fc\u015f\u00fck malzeme israf\u0131, onlar\u0131 seri \u00fcretim i\u00e7in uygun maliyetli bir \u00e7\u00f6z\u00fcm haline getirmektedir.<\/li>\n<li><strong>Y\u00fczey \u0130\u015flemi:<\/strong> Bas\u0131n\u00e7l\u0131 d\u00f6k\u00fcm \u00fcr\u00fcnleri p\u00fcr\u00fczs\u00fcz ve d\u00fczg\u00fcn bir y\u00fczey kaplamas\u0131na sahiptir ve ek i\u015fleme veya bitirme i\u015flemlerine olan ihtiyac\u0131 ortadan kald\u0131r\u0131r. Bu da zamandan tasarruf sa\u011flar ve \u00fcretim maliyetlerini d\u00fc\u015f\u00fcr\u00fcr.<\/li>\n<li><strong>Tasar\u0131m Esnekli\u011fi:<\/strong> Bas\u0131n\u00e7l\u0131 d\u00f6k\u00fcm s\u00fcreci, alt kesimler, ince duvarlar ve karma\u015f\u0131k \u015fekiller gibi \u00e7e\u015fitli tasar\u0131m \u00f6zelliklerinin bir araya getirilmesine olanak tan\u0131r. Bu esneklik, a\u015fa\u011f\u0131dakiler i\u00e7in sonsuz olanaklar sunar <a href=\"https:\/\/mnwell.com\/tr\/product-design\/\">\u00dcR\u00dcN TASARIMI<\/a> ve yenilik\u00e7ilik.<\/li>\n<\/ul>\n<h2>Metal Bas\u0131n\u00e7l\u0131 D\u00f6k\u00fcm \u00dcr\u00fcnlerinin Uygulamalar\u0131<\/h2>\n<p>Metal bas\u0131n\u00e7l\u0131 d\u00f6k\u00fcm \u00fcr\u00fcnleri, a\u015fa\u011f\u0131dakiler de dahil olmak \u00fczere \u00e7ok \u00e7e\u015fitli sekt\u00f6rlerde uygulama alan\u0131 bulmaktad\u0131r:<\/p>\n<ul>\n<li><strong>Otomotiv:<\/strong> Bas\u0131n\u00e7l\u0131 d\u00f6k\u00fcm, otomotiv end\u00fcstrisinde motor bile\u015fenleri, \u015fanz\u0131man par\u00e7alar\u0131 ve yap\u0131sal bile\u015fenlerin \u00fcretiminde yayg\u0131n olarak kullan\u0131lmaktad\u0131r.<\/li>\n<li><strong>Elektronik:<\/strong> <a href=\"https:\/\/mnwell.com\/tr\/urun\/aluminum-die-casting-products\/\">Bas\u0131n\u00e7l\u0131 d\u00f6k\u00fcm \u00fcr\u00fcnleri<\/a> bilgisayar bile\u015fenleri, konekt\u00f6rler ve muhafazalar gibi elektronik cihazlarda yayg\u0131n olarak kullan\u0131l\u0131r.<\/li>\n<li><strong>Havac\u0131l\u0131k ve uzay:<\/strong> Havac\u0131l\u0131k ve uzay end\u00fcstrisi, u\u00e7aklar ve uzay ara\u00e7lar\u0131 i\u00e7in hafif ancak g\u00fc\u00e7l\u00fc bile\u015fenler \u00fcretmek i\u00e7in bas\u0131n\u00e7l\u0131 d\u00f6k\u00fcme g\u00fcvenmektedir.<\/li>\n<li><strong>T\u0131bbi:<\/strong> Metal bas\u0131n\u00e7l\u0131 d\u00f6k\u00fcm \u00fcr\u00fcnleri t\u0131p alan\u0131nda cerrahi aletler, implantlar ve t\u0131bbi cihaz bile\u015fenleri \u00fcretmek i\u00e7in kullan\u0131l\u0131r.<\/li>\n<li><strong>End\u00fcstriyel Makineler:<\/strong> Bas\u0131n\u00e7l\u0131 d\u00f6k\u00fcm, pompalar, valfler ve di\u015fliler gibi end\u00fcstriyel makine par\u00e7alar\u0131n\u0131n \u00fcretiminde yayg\u0131n olarak kullan\u0131lmaktad\u0131r.<\/li>\n<\/ul>\n<h2>Kalite G\u00fcvence ve Uyum<\/h2>\n<p>Mindwell'de kaliteye \u00f6ncelik veriyoruz ve t\u00fcm \u00fcretim s\u00fcreci boyunca s\u0131k\u0131 kalite kontrol \u00f6nlemlerine ba\u011fl\u0131 kal\u0131yoruz. Metal d\u00f6k\u00fcm \u00fcr\u00fcnlerimiz, en y\u00fcksek end\u00fcstri standartlar\u0131n\u0131 kar\u015f\u0131lad\u0131klar\u0131ndan emin olmak i\u00e7in titiz testlerden ge\u00e7irilir.<\/p>\n<p>Ayr\u0131ca end\u00fcstri y\u00f6netmeliklerine ve sertifikalar\u0131na uyumun \u00f6nemini de anl\u0131yoruz. \u00dcr\u00fcnlerimiz ilgili t\u00fcm standartlara ve sertifikalara uygundur ve m\u00fc\u015fterilerimize g\u00f6n\u00fcl rahatl\u0131\u011f\u0131 sa\u011flar.<\/p>\n<p><img loading=\"lazy\" decoding=\"async\" class=\"alignnone size-full wp-image-3792\" src=\"http:\/\/mnwell.com\/wp-content\/uploads\/2023\/12\/AYU9594.webp\" alt=\"Mindwell Quality assurance\" width=\"750\" height=\"500\" srcset=\"https:\/\/mnwell.com\/wp-content\/uploads\/2023\/12\/AYU9594.webp 750w, https:\/\/mnwell.com\/wp-content\/uploads\/2023\/12\/AYU9594-18x12.webp 18w, https:\/\/mnwell.com\/wp-content\/uploads\/2023\/12\/AYU9594-600x400.webp 600w\" sizes=\"(max-width: 750px) 100vw, 750px\" \/><\/p>\n<h2>Metal Bas\u0131n\u00e7l\u0131 D\u00f6k\u00fcm \u00dcr\u00fcnleri i\u00e7in Neden Mindwell'i Se\u00e7melisiniz?<\/h2>\n<p>Metal d\u00f6k\u00fcm \u00fcr\u00fcnleri s\u00f6z konusu oldu\u011funda Mindwell a\u015fa\u011f\u0131daki nedenlerle \u00f6ne \u00e7\u0131kmaktad\u0131r:<\/p>\n<ul>\n<li><strong>Deneyim ve Uzmanl\u0131k:<\/strong> Sekt\u00f6rdeki uzun y\u0131llara dayanan deneyimimizle, metal bas\u0131n\u00e7l\u0131 d\u00f6k\u00fcm konusunda kapsaml\u0131 bir uzmanl\u0131k geli\u015ftirdik. Yetenekli profesyonellerden olu\u015fan ekibimiz, her \u00fcr\u00fcn\u00fcn en y\u00fcksek kalite standartlar\u0131n\u0131 kar\u015f\u0131lamas\u0131n\u0131 sa\u011flar.<\/li>\n<li><strong>Son Teknoloji Tesisler:<\/strong> Verimli ve hassas \u00fcretim s\u00fcre\u00e7leri sa\u011flamak i\u00e7in geli\u015fmi\u015f \u00fcretim tesislerine ve ekipmanlar\u0131na yat\u0131r\u0131m yapt\u0131k. S\u00fcrekli iyile\u015ftirme taahh\u00fcd\u00fcm\u00fcz, \u00fcst\u00fcn \u00fcr\u00fcnler sunmam\u0131z\u0131 sa\u011fl\u0131yor.<\/li>\n<li><strong>\u00d6zelle\u015ftirme Se\u00e7enekleri:<\/strong> Her m\u00fc\u015fterinin kendine \u00f6zg\u00fc gereksinimleri oldu\u011funu biliyoruz. Bu nedenle, \u00f6zel tasar\u0131m ve performans ihtiya\u00e7lar\u0131n\u0131 kar\u015f\u0131lamak i\u00e7in \u00f6zelle\u015ftirme se\u00e7enekleri sunuyoruz.<\/li>\n<li><strong>Zaman\u0131nda Teslimat:<\/strong> M\u00fc\u015fterilerimizin zaman\u0131na de\u011fer veriyor ve \u00fcr\u00fcnleri kararla\u015ft\u0131r\u0131lan zaman \u00e7izelgeleri i\u00e7inde teslim etmeye \u00e7al\u0131\u015f\u0131yoruz. Verimli \u00fcretim s\u00fcre\u00e7lerimiz ve kolayla\u015ft\u0131r\u0131lm\u0131\u015f lojisti\u011fimiz, kaliteden \u00f6d\u00fcn vermeden son teslim tarihlerini kar\u015f\u0131lamam\u0131z\u0131 sa\u011fl\u0131yor.<\/li>\n<li><strong>M\u00fc\u015fteri Memnuniyeti:<\/strong> \u015eirket Ad\u0131]'nda m\u00fc\u015fteri memnuniyeti en \u00f6nemli \u00f6nceli\u011fimizdir. M\u00fc\u015fterilerimizin ihtiya\u00e7lar\u0131n\u0131 anlamak ve ki\u015fiselle\u015ftirilmi\u015f \u00e7\u00f6z\u00fcmler sunmak i\u00e7in onlarla yak\u0131n i\u015fbirli\u011fi i\u00e7inde \u00e7al\u0131\u015f\u0131yoruz. Duyarl\u0131 m\u00fc\u015fteri destek ekibimiz her zaman yard\u0131mc\u0131 olmaya haz\u0131rd\u0131r.<\/li>\n<\/ul>\n<p><img loading=\"lazy\" decoding=\"async\" class=\"alignnone size-full wp-image-3791\" src=\"http:\/\/mnwell.com\/wp-content\/uploads\/2023\/12\/AYU9598.webp\" alt=\"die casting manufacturers\" width=\"750\" height=\"500\" srcset=\"https:\/\/mnwell.com\/wp-content\/uploads\/2023\/12\/AYU9598.webp 750w, https:\/\/mnwell.com\/wp-content\/uploads\/2023\/12\/AYU9598-18x12.webp 18w, https:\/\/mnwell.com\/wp-content\/uploads\/2023\/12\/AYU9598-600x400.webp 600w\" sizes=\"(max-width: 750px) 100vw, 750px\" \/><\/p>\n<h2>Sonu\u00e7<\/h2>\n<p>Metal bas\u0131n\u00e7l\u0131 d\u00f6k\u00fcm \u00fcr\u00fcnleri ola\u011fan\u00fcst\u00fc g\u00fc\u00e7, dayan\u0131kl\u0131l\u0131k ve hassasiyet sunarak onlar\u0131 \u00e7e\u015fitli end\u00fcstriler i\u00e7in tercih edilen bir se\u00e7enek haline getirir. Mindwell'de, en y\u00fcksek end\u00fcstri standartlar\u0131n\u0131 kar\u015f\u0131layan y\u00fcksek kaliteli metal d\u00f6k\u00fcm \u00fcr\u00fcnleri \u00fcretiminde uzman\u0131z. Deneyimimiz, uzmanl\u0131\u011f\u0131m\u0131z ve m\u00fc\u015fteri memnuniyetine olan ba\u011fl\u0131l\u0131\u011f\u0131m\u0131zla, t\u00fcm metal bas\u0131n\u00e7l\u0131 d\u00f6k\u00fcm ihtiya\u00e7lar\u0131n\u0131z i\u00e7in g\u00fcvenilir orta\u011f\u0131n\u0131z\u0131z.<\/p>","protected":false},"excerpt":{"rendered":"<p>Metal bas\u0131n\u00e7l\u0131 d\u00f6k\u00fcm \u00fcr\u00fcnleri g\u00fc\u00e7leri, dayan\u0131kl\u0131l\u0131klar\u0131 ve hassasiyetleriyle \u00fcnl\u00fcd\u00fcr. Otomotiv, elektronik, havac\u0131l\u0131k, medikal ve end\u00fcstriyel makineler dahil olmak \u00fczere \u00e7e\u015fitli end\u00fcstrilerde kullan\u0131l\u0131rlar. Uygun maliyetlidirler, p\u00fcr\u00fczs\u00fcz bir y\u00fczey kaplamas\u0131na sahiptirler ve tasar\u0131m esnekli\u011fi sa\u011flarlar. Lider bir \u00fcretici olan Mindwell, titiz testler ve end\u00fcstri y\u00f6netmeliklerine uygunluk yoluyla kaliteyi garanti eder. Geli\u015fmi\u015f tesisleri, \u00f6zelle\u015ftirme se\u00e7enekleri, zaman\u0131nda teslimat ve m\u00fc\u015fteri memnuniyeti onlar\u0131 tercih edilen bir se\u00e7enek haline getirmektedir. Y\u0131llar\u0131n deneyimi, uzmanl\u0131\u011f\u0131 ve m\u00fc\u015fteri memnuniyetine olan ba\u011fl\u0131l\u0131\u011f\u0131 ile Mindwell, t\u00fcm metal d\u00f6k\u00fcm ihtiya\u00e7lar\u0131 i\u00e7in g\u00fcvenilir bir ortakt\u0131r.<\/p>\n<p>Sertifikasyon: CE, RoHS, ISO 9001:2000, ISO 9001:2008<br \/>\nBoyut\uff1aM\u00fc\u015fterinin \u0130ste\u011fi<br \/>\nRenk\uff1a\u00d6zelle\u015ftirilmi\u015f Renk<br \/>\nTolerans\uff1aTan\u0131\u015f\u0131n<br \/>\nAmbalaj \uff1a Poli \u00c7anta + \u0130\u00e7 Kutu + Karton<br \/>\nY\u00fczey \u0130\u015flemi: Poweder Kaplama<br \/>\nTa\u015f\u0131ma Paketi\uff1aKutu\/Palet<br \/>\n\u00d6zellikler\uff1a\u00d6zelle\u015ftirilmi\u015f<\/p>","protected":false},"featured_media":3858,"template":"","meta":{"om_disable_all_campaigns":false,"_monsterinsights_skip_tracking":false,"_monsterinsights_sitenote_active":false,"_monsterinsights_sitenote_note":"","_monsterinsights_sitenote_category":0,"_uf_show_specific_survey":0,"_uf_disable_surveys":false,"site-sidebar-layout":"default","site-content-layout":"default","ast-global-header-display":"","ast-banner-title-visibility":"","ast-main-header-display":"","ast-hfb-above-header-display":"","ast-hfb-below-header-display":"","ast-hfb-mobile-header-display":"","site-post-title":"","ast-breadcrumbs-content":"","ast-featured-img":"","footer-sml-layout":"","theme-transparent-header-meta":"default","adv-header-id-meta":"","stick-header-meta":"","header-above-stick-meta":"","header-main-stick-meta":"","header-below-stick-meta":""},"product_cat":[18],"product_tag":[457],"aioseo_notices":[],"_links":{"self":[{"href":"https:\/\/mnwell.com\/tr\/wp-json\/wp\/v2\/product\/3857"}],"collection":[{"href":"https:\/\/mnwell.com\/tr\/wp-json\/wp\/v2\/product"}],"about":[{"href":"https:\/\/mnwell.com\/tr\/wp-json\/wp\/v2\/types\/product"}],"wp:featuredmedia":[{"embeddable":true,"href":"https:\/\/mnwell.com\/tr\/wp-json\/wp\/v2\/media\/3858"}],"wp:attachment":[{"href":"https:\/\/mnwell.com\/tr\/wp-json\/wp\/v2\/media?parent=3857"}],"wp:term":[{"taxonomy":"product_cat","embeddable":true,"href":"https:\/\/mnwell.com\/tr\/wp-json\/wp\/v2\/product_cat?post=3857"},{"taxonomy":"product_tag","embeddable":true,"href":"https:\/\/mnwell.com\/tr\/wp-json\/wp\/v2\/product_tag?post=3857"}],"curies":[{"name":"wp","href":"https:\/\/api.w.org\/{rel}","templated":true}]}}