{"id":4025,"date":"2024-01-29T14:20:15","date_gmt":"2024-01-29T13:20:15","guid":{"rendered":"https:\/\/mnwell.com\/?post_type=product&#038;p=4025"},"modified":"2024-01-29T14:20:30","modified_gmt":"2024-01-29T13:20:30","slug":"aluminum-die-cast-motor-housing","status":"publish","type":"product","link":"https:\/\/mnwell.com\/tr\/urun\/aluminum-die-cast-motor-housing\/","title":{"rendered":"Al\u00fcminyum D\u00f6k\u00fcm Motor G\u00f6vdesi"},"content":{"rendered":"<p>Al\u00fcminyum d\u00f6k\u00fcm motor g\u00f6vdesi, \u00e7e\u015fitli end\u00fcstriyel ve ticari uygulamalarda \u00e7ok \u00f6nemli bir bile\u015fendir. Elektrik motorlar\u0131 i\u00e7in sa\u011flad\u0131\u011f\u0131 ola\u011fan\u00fcst\u00fc koruma ve destek, motorlar\u0131n \u00f6mr\u00fcn\u00fc ve maksimum performans\u0131n\u0131 garanti eder. Bu motor g\u00f6vdesinin yap\u0131m\u0131nda ola\u011fan\u00fcst\u00fc g\u00fc\u00e7, dayan\u0131kl\u0131l\u0131k ve \u0131s\u0131 yayma \u00f6zellikleri sa\u011flayan \u00fcst\u00fcn al\u00fcminyum ala\u015f\u0131m\u0131 kullan\u0131lm\u0131\u015ft\u0131r.<\/p>\n<p><img loading=\"lazy\" decoding=\"async\" class=\"alignnone wp-image-4026 size-full\" src=\"http:\/\/mnwell.com\/wp-content\/uploads\/2024\/01\/IMG_20231021_121126_1-1.jpg\" alt=\"Aluminum Die-Cast Motor Housing\" width=\"800\" height=\"800\" srcset=\"https:\/\/mnwell.com\/wp-content\/uploads\/2024\/01\/IMG_20231021_121126_1-1.jpg 800w, https:\/\/mnwell.com\/wp-content\/uploads\/2024\/01\/IMG_20231021_121126_1-1-150x150.jpg 150w, https:\/\/mnwell.com\/wp-content\/uploads\/2024\/01\/IMG_20231021_121126_1-1-768x768.jpg 768w, https:\/\/mnwell.com\/wp-content\/uploads\/2024\/01\/IMG_20231021_121126_1-1-12x12.jpg 12w, https:\/\/mnwell.com\/wp-content\/uploads\/2024\/01\/IMG_20231021_121126_1-1-300x300.jpg 300w, https:\/\/mnwell.com\/wp-content\/uploads\/2024\/01\/IMG_20231021_121126_1-1-600x600.jpg 600w, https:\/\/mnwell.com\/wp-content\/uploads\/2024\/01\/IMG_20231021_121126_1-1-100x100.jpg 100w\" sizes=\"(max-width: 800px) 100vw, 800px\" \/> <img loading=\"lazy\" decoding=\"async\" class=\"alignnone size-medium wp-image-4027\" src=\"http:\/\/mnwell.com\/wp-content\/uploads\/2024\/01\/IMG_20231021_120937.jpg\" alt=\"\" width=\"800\" height=\"800\" srcset=\"https:\/\/mnwell.com\/wp-content\/uploads\/2024\/01\/IMG_20231021_120937.jpg 800w, https:\/\/mnwell.com\/wp-content\/uploads\/2024\/01\/IMG_20231021_120937-150x150.jpg 150w, https:\/\/mnwell.com\/wp-content\/uploads\/2024\/01\/IMG_20231021_120937-768x768.jpg 768w, https:\/\/mnwell.com\/wp-content\/uploads\/2024\/01\/IMG_20231021_120937-12x12.jpg 12w, https:\/\/mnwell.com\/wp-content\/uploads\/2024\/01\/IMG_20231021_120937-300x300.jpg 300w, https:\/\/mnwell.com\/wp-content\/uploads\/2024\/01\/IMG_20231021_120937-600x600.jpg 600w, https:\/\/mnwell.com\/wp-content\/uploads\/2024\/01\/IMG_20231021_120937-100x100.jpg 100w\" sizes=\"(max-width: 800px) 100vw, 800px\" \/><\/p>\n<h3>\u00d6zellikler<\/h3>\n<ul>\n<li>Sa\u011flam Yap\u0131: Motor g\u00f6vdesi, ola\u011fan\u00fcst\u00fc dayan\u0131kl\u0131l\u0131\u011f\u0131 ve korozyon direnci ile tan\u0131nan al\u00fcminyum ala\u015f\u0131mdan olu\u015fur. Bu, muhafazan\u0131n zorlu \u00e7al\u0131\u015fma ko\u015fullar\u0131na dayanma kabiliyetini garanti eder ve motora g\u00fcvenilir koruma sa\u011flar.<\/li>\n<li>Is\u0131 Da\u011f\u0131l\u0131m\u0131: Al\u00fcminyum m\u00fckemmel bir \u0131s\u0131 iletkeni oldu\u011fundan, motor g\u00f6vdesi motor \u00e7al\u0131\u015fmas\u0131 s\u0131ras\u0131nda \u00fcretilen \u0131s\u0131y\u0131 etkili bir \u015fekilde da\u011f\u0131tabilir. Bu, a\u015f\u0131r\u0131 \u0131s\u0131nman\u0131n \u00f6nlenmesine yard\u0131mc\u0131 olurken en y\u00fcksek performans\u0131 ve g\u00fcvenilirli\u011fi garanti eder.<\/li>\n<li>Hafiftir: Al\u00fcminyum, di\u011fer malzemelere k\u0131yasla y\u00fcksek mukavemete sahip hafif bir malzemedir. Bu, motor tertibat\u0131n\u0131n toplam a\u011f\u0131rl\u0131\u011f\u0131n\u0131 azalt\u0131r ve motor muhafazas\u0131n\u0131n kurulum ve bak\u0131m s\u0131ras\u0131nda daha kolay kullan\u0131lmas\u0131n\u0131 sa\u011flar.<\/li>\n<li>Ola\u011fan\u00fcst\u00fc Elektrik \u0130letkenli\u011fi: Motorun dahili elektrik enerjisi iletimi, al\u00fcminyumun m\u00fckemmel elektrik iletkenli\u011fi sayesinde m\u00fcmk\u00fcn olur. Bu, verimli \u00e7al\u0131\u015fmay\u0131 destekler ve enerji kayb\u0131n\u0131 azalt\u0131r.<\/li>\n<li>Koruma: Motor muhafazas\u0131, motorun i\u00e7 par\u00e7alar\u0131n\u0131, onlara zarar verebilecek veya i\u015flevlerini bozabilecek nem ve toz gibi yabanc\u0131 maddelerden koruyan bir muhafaza sunar.<\/li>\n<li>Basit \u00d6zelle\u015ftirme: Al\u00fcminyum d\u00f6k\u00fcm kullan\u0131larak karma\u015f\u0131k formlar ve desenler olu\u015fturulabilir, bu da belirli ihtiya\u00e7lar\u0131 kar\u015f\u0131lamak i\u00e7in motor muhafazas\u0131n\u0131 de\u011fi\u015ftirmeyi kolayla\u015ft\u0131r\u0131r. Bu, montaj braketleri, so\u011futma kanatlar\u0131 ve ekstra havaland\u0131rma veya kablo a\u00e7\u0131kl\u0131klar\u0131 gibi aksesuarlar\u0131 i\u00e7erir.<\/li>\n<\/ul>\n<p><img loading=\"lazy\" decoding=\"async\" class=\"alignnone wp-image-4028 size-full\" src=\"http:\/\/mnwell.com\/wp-content\/uploads\/2024\/01\/IMG_20231021_121106.jpg\" alt=\"Aluminum Die-Cast Motor Housing-2\" width=\"800\" height=\"800\" srcset=\"https:\/\/mnwell.com\/wp-content\/uploads\/2024\/01\/IMG_20231021_121106.jpg 800w, https:\/\/mnwell.com\/wp-content\/uploads\/2024\/01\/IMG_20231021_121106-150x150.jpg 150w, https:\/\/mnwell.com\/wp-content\/uploads\/2024\/01\/IMG_20231021_121106-768x768.jpg 768w, https:\/\/mnwell.com\/wp-content\/uploads\/2024\/01\/IMG_20231021_121106-12x12.jpg 12w, https:\/\/mnwell.com\/wp-content\/uploads\/2024\/01\/IMG_20231021_121106-300x300.jpg 300w, https:\/\/mnwell.com\/wp-content\/uploads\/2024\/01\/IMG_20231021_121106-600x600.jpg 600w, https:\/\/mnwell.com\/wp-content\/uploads\/2024\/01\/IMG_20231021_121106-100x100.jpg 100w\" sizes=\"(max-width: 800px) 100vw, 800px\" \/><\/p>\n<h3>Uygulamalar<\/h3>\n<p>\u00c7ok say\u0131da sekt\u00f6r ve uygulama, al\u00fcminyum d\u00f6k\u00fcm motor g\u00f6vdesini kapsaml\u0131 bir \u015fekilde kullanmaktad\u0131r:<\/p>\n<ol>\n<li>end\u00fcstri\u0307yel di\u0307\u015fli\u0307ler<\/li>\n<li>Arabalar i\u00e7in elektrikli aletler<\/li>\n<li>HVAC sistemleri \u0131s\u0131tma, havaland\u0131rma ve iklimlendirme anlam\u0131na gelir.<\/li>\n<li>Kompres\u00f6rler ve pompalar<\/li>\n<li>Elektrikli mutfak e\u015fyalar\u0131<\/li>\n<li>Robotik i\u00e7in Al\u00fcminyum D\u00f6k\u00fcm Motor Muhafazas\u0131n\u0131n Faydalar\u0131<\/li>\n<\/ol>\n<h4>Al\u00fcminyum d\u00f6k\u00fcm motor g\u00f6vdesi se\u00e7mek \u00e7e\u015fitli avantajlar sunar:<\/h4>\n<ul>\n<li>Uygun maliyetli: Birinci s\u0131n\u0131f motor g\u00f6vdelerinin makul fiyatlarla \u00fcretilmesi, al\u00fcminyum d\u00f6k\u00fcm\u00fcn ekonomik yap\u0131s\u0131 sayesinde m\u00fcmk\u00fcn olmaktad\u0131r.<\/li>\n<li>Y\u00fcksek Hassasiyet: Bas\u0131n\u00e7l\u0131 d\u00f6k\u00fcm prosed\u00fcr\u00fc, tam olarak oturan ve sabit ve do\u011fru boyutlar sa\u011flayarak genel olarak motor performans\u0131n\u0131 art\u0131ran motor g\u00f6vdeleri \u00fcretir.<\/li>\n<li>Geli\u015ftirilmi\u015f Estetik: Al\u00fcminyum motor g\u00f6vdeleri, g\u00f6r\u00fcn\u00fcmlerini iyile\u015ftirmek ve daha fazla korozyon korumas\u0131 sa\u011flamak i\u00e7in boyama, eloksal veya toz kaplama gibi \u00e7e\u015fitli y\u00fczey i\u015flemleriyle tamamlanabilir.<\/li>\n<li>\u00c7evre dostu: Al\u00fcminyum geri d\u00f6n\u00fc\u015ft\u00fcr\u00fclebildi\u011finden, motor g\u00f6vdeleri i\u00e7in s\u00fcrd\u00fcr\u00fclebilir bir malzemedir. At\u0131k ve kaynak kullan\u0131m\u0131n\u0131 azaltmak i\u00e7in geri d\u00f6n\u00fc\u015ft\u00fcr\u00fclebilir ve eritilebilir.<\/li>\n<\/ul>\n<h3><img loading=\"lazy\" decoding=\"async\" class=\"alignnone wp-image-4029 size-full\" src=\"http:\/\/mnwell.com\/wp-content\/uploads\/2024\/01\/IMG_20231021_120955.jpg\" alt=\"Aluminum Die-Cast Motor Housing-3\" width=\"800\" height=\"800\" srcset=\"https:\/\/mnwell.com\/wp-content\/uploads\/2024\/01\/IMG_20231021_120955.jpg 800w, https:\/\/mnwell.com\/wp-content\/uploads\/2024\/01\/IMG_20231021_120955-150x150.jpg 150w, https:\/\/mnwell.com\/wp-content\/uploads\/2024\/01\/IMG_20231021_120955-768x768.jpg 768w, https:\/\/mnwell.com\/wp-content\/uploads\/2024\/01\/IMG_20231021_120955-12x12.jpg 12w, https:\/\/mnwell.com\/wp-content\/uploads\/2024\/01\/IMG_20231021_120955-300x300.jpg 300w, https:\/\/mnwell.com\/wp-content\/uploads\/2024\/01\/IMG_20231021_120955-600x600.jpg 600w, https:\/\/mnwell.com\/wp-content\/uploads\/2024\/01\/IMG_20231021_120955-100x100.jpg 100w\" sizes=\"(max-width: 800px) 100vw, 800px\" \/><\/h3>\n<h3>Neden Mindwell'i se\u00e7melisiniz?<\/h3>\n<p>Mindwell adl\u0131 bir firma, al\u00fcminyum d\u00f6k\u00fcm motor g\u00f6vdesi \u00fcretiminde uzmanla\u015fm\u0131\u015ft\u0131r. \u015eirketin misyonu, m\u00fc\u015fterilerine birinci s\u0131n\u0131f, yarat\u0131c\u0131 bir \u015fekilde tasarlanm\u0131\u015f al\u00fcminyum ala\u015f\u0131ml\u0131 motor g\u00f6vdeleri sunarak bir\u00e7ok sekt\u00f6r\u00fcn taleplerini kar\u015f\u0131lamakt\u0131r. \u0130malat sekt\u00f6r\u00fcnde \u00f6nc\u00fc olan Mindwell, son teknoloji \u00fcretim makineleri ve son derece yetenekli teknik ekipleriyle m\u00fc\u015fterilerine kapsaml\u0131 bir hizmet \u00e7e\u015fitlili\u011fi sunuyor.<\/p>\n<p>Kurulu\u015f, her \u00fcr\u00fcn\u00fcn t\u00fcketici taleplerini ve end\u00fcstri standartlar\u0131n\u0131 kar\u015f\u0131lamas\u0131n\u0131 garanti etmek i\u00e7in s\u0131k\u0131 bir kalite kontrol sistemi s\u00fcrd\u00fcrmektedir. \u00dcr\u00fcn, karma\u015f\u0131k formlar\u0131n ve \u00f6zelliklerin hassas bir \u015fekilde \u00fcretilmesini m\u00fcmk\u00fcn k\u0131lan al\u00fcminyum kal\u0131p d\u00f6k\u00fcm tekni\u011fi sayesinde \u00e7ok g\u00fc\u00e7l\u00fc ve korozyona kar\u015f\u0131 dayan\u0131kl\u0131d\u0131r. Bu da daha iyi performans ve g\u00fcvenilirli\u011fe sahip bir motorla sonu\u00e7lan\u0131r.<\/p>\n<p>Mindwell, \u00fcr\u00fcn tasar\u0131m\u0131nda yenilik\u00e7ili\u011fe kendini adam\u0131\u015f olup, taleplerini anlamak ve \u00f6zel \u00e7\u00f6z\u00fcmler sunmak i\u00e7in m\u00fc\u015fterilerle yak\u0131n i\u015fbirli\u011fi i\u00e7indedir. Kurulu\u015f, ister farkl\u0131 boyutlar ve standartlar i\u00e7in \u00fcretim ister belirli uygulama sekt\u00f6rleri i\u00e7in \u0131smarlama tasar\u0131m olsun, \u00e7ok \u00e7e\u015fitli m\u00fc\u015fteri taleplerini kar\u015f\u0131layabilir.<\/p>\n<div class=\"ast-oembed-container\" style=\"height: 100%;\"><iframe loading=\"lazy\" title=\"Candy Mindwell&#039;in Kal\u0131p D\u00f6k\u00fcm Tesisinde Size Rehberlik Ediyor\" width=\"500\" height=\"281\" src=\"https:\/\/www.youtube.com\/embed\/EBMqzMlVq3M?feature=oembed\" frameborder=\"0\" allow=\"accelerometer; autoplay; clipboard-write; encrypted-media; gyroscope; picture-in-picture; web-share\" allowfullscreen><\/iframe><\/div>\n<h3>Sonu\u00e7<\/h3>\n<p>Elektrik motorlar\u0131, al\u00fcminyum d\u00f6k\u00fcm motor g\u00f6vdesi ile g\u00fcvenilir ve etkili bir \u015fekilde desteklenebilir ve korunabilir. Hafif tasar\u0131m\u0131, ola\u011fan\u00fcst\u00fc \u0131s\u0131 da\u011f\u0131l\u0131m\u0131, sa\u011flam yap\u0131s\u0131 ve \u00f6zelle\u015ftirilebilir olanaklar\u0131 nedeniyle \u00e7e\u015fitli ticari ve end\u00fcstriyel uygulamalar i\u00e7in m\u00fckemmel bir alternatiftir. Y\u00fcksek do\u011fruluk, uygun fiyat ve \u00e7evre dostu olmas\u0131 nedeniyle al\u00fcminyum d\u00f6k\u00fcm motor g\u00f6vdesi, motor korumas\u0131 ve performans\u0131 i\u00e7in m\u00fckemmel bir se\u00e7enektir.<\/p>","protected":false},"excerpt":{"rendered":"<p>Al\u00fcminyum d\u00f6k\u00fcm, end\u00fcstriyel ve ticari uygulamalarda \u00f6nemli bir bile\u015fendir ve elektrik motorlar\u0131 i\u00e7in sa\u011flam koruma ve destek sa\u011flar. Bu hafif motor muhafazas\u0131, \u00fcst\u00fcn al\u00fcminyum ala\u015f\u0131m\u0131ndan yap\u0131lm\u0131\u015ft\u0131r ve ola\u011fan\u00fcst\u00fc g\u00fc\u00e7, dayan\u0131kl\u0131l\u0131k ve \u0131s\u0131 da\u011f\u0131l\u0131m\u0131 sunar. Hafif tasar\u0131m\u0131, m\u00fckemmel elektrik iletkenli\u011fi ve basit \u00f6zelle\u015ftirmesi sayesinde modifikasyonu ve bak\u0131m\u0131 kolayd\u0131r. Uygulamalar aras\u0131nda end\u00fcstriyel di\u015fliler, elektrikli aletler, HVAC sistemleri, kompres\u00f6rler ve elektrikli mutfak gere\u00e7leri yer al\u0131r. Al\u00fcminyum d\u00f6k\u00fcm motor g\u00f6vdeleri uygun maliyetli, y\u00fcksek hassasiyetli, geli\u015fmi\u015f estetik ve \u00e7evre dostudur. Lider bir \u00fcretici olan Mindwell, \u00e7e\u015fitli uygulamalar i\u00e7in \u00f6zel \u00e7\u00f6z\u00fcmler sunmaktad\u0131r.<\/p>","protected":false},"featured_media":4026,"template":"","meta":{"om_disable_all_campaigns":false,"_monsterinsights_skip_tracking":false,"_monsterinsights_sitenote_active":false,"_monsterinsights_sitenote_note":"","_monsterinsights_sitenote_category":0,"_uf_show_specific_survey":0,"_uf_disable_surveys":false,"site-sidebar-layout":"default","site-content-layout":"default","ast-global-header-display":"","ast-banner-title-visibility":"","ast-main-header-display":"","ast-hfb-above-header-display":"","ast-hfb-below-header-display":"","ast-hfb-mobile-header-display":"","site-post-title":"","ast-breadcrumbs-content":"","ast-featured-img":"","footer-sml-layout":"","theme-transparent-header-meta":"default","adv-header-id-meta":"","stick-header-meta":"","header-above-stick-meta":"","header-main-stick-meta":"","header-below-stick-meta":""},"product_cat":[18],"product_tag":[],"aioseo_notices":[],"_links":{"self":[{"href":"https:\/\/mnwell.com\/tr\/wp-json\/wp\/v2\/product\/4025"}],"collection":[{"href":"https:\/\/mnwell.com\/tr\/wp-json\/wp\/v2\/product"}],"about":[{"href":"https:\/\/mnwell.com\/tr\/wp-json\/wp\/v2\/types\/product"}],"wp:featuredmedia":[{"embeddable":true,"href":"https:\/\/mnwell.com\/tr\/wp-json\/wp\/v2\/media\/4026"}],"wp:attachment":[{"href":"https:\/\/mnwell.com\/tr\/wp-json\/wp\/v2\/media?parent=4025"}],"wp:term":[{"taxonomy":"product_cat","embeddable":true,"href":"https:\/\/mnwell.com\/tr\/wp-json\/wp\/v2\/product_cat?post=4025"},{"taxonomy":"product_tag","embeddable":true,"href":"https:\/\/mnwell.com\/tr\/wp-json\/wp\/v2\/product_tag?post=4025"}],"curies":[{"name":"wp","href":"https:\/\/api.w.org\/{rel}","templated":true}]}}