{"id":4040,"date":"2024-01-29T15:08:52","date_gmt":"2024-01-29T14:08:52","guid":{"rendered":"https:\/\/mnwell.com\/?post_type=product&#038;p=4040"},"modified":"2024-01-29T15:10:26","modified_gmt":"2024-01-29T14:10:26","slug":"die-cast-aluminum-alloys","status":"publish","type":"product","link":"https:\/\/mnwell.com\/tr\/urun\/die-cast-aluminum-alloys\/","title":{"rendered":"d\u00f6k\u00fcm al\u00fcmi\u0307nyum ala\u015fimlari"},"content":{"rendered":"<p>Bir\u00e7ok sekt\u00f6rde, al\u00fcminyum d\u00f6k\u00fcm ala\u015f\u0131mlar\u0131 sa\u011flam ve uzun \u00f6m\u00fcrl\u00fc \u00fcr\u00fcnler \u00fcretmek i\u00e7in tercih edilen se\u00e7enektir. Bu ala\u015f\u0131mlar art\u0131k t\u00fcketim mallar\u0131 ve elektronikten otomotiv ve havac\u0131l\u0131k uygulamalar\u0131na kadar her alanda ola\u011fan\u00fcst\u00fc g\u00fc\u00e7leri, uyarlanabilirlikleri ve uygun maliyetleri nedeniyle yayg\u0131n olarak kullan\u0131lmaktad\u0131r.<\/p>\n<p><img loading=\"lazy\" decoding=\"async\" class=\"alignnone wp-image-4041 size-full\" src=\"http:\/\/mnwell.com\/wp-content\/uploads\/2024\/01\/DJI_0319.jpg\" alt=\"die cast aluminum alloys\" width=\"800\" height=\"800\" srcset=\"https:\/\/mnwell.com\/wp-content\/uploads\/2024\/01\/DJI_0319.jpg 800w, https:\/\/mnwell.com\/wp-content\/uploads\/2024\/01\/DJI_0319-150x150.jpg 150w, https:\/\/mnwell.com\/wp-content\/uploads\/2024\/01\/DJI_0319-768x768.jpg 768w, https:\/\/mnwell.com\/wp-content\/uploads\/2024\/01\/DJI_0319-12x12.jpg 12w, https:\/\/mnwell.com\/wp-content\/uploads\/2024\/01\/DJI_0319-300x300.jpg 300w, https:\/\/mnwell.com\/wp-content\/uploads\/2024\/01\/DJI_0319-600x600.jpg 600w, https:\/\/mnwell.com\/wp-content\/uploads\/2024\/01\/DJI_0319-100x100.jpg 100w\" sizes=\"(max-width: 800px) 100vw, 800px\" \/><\/p>\n<h3>Al\u00fcminyum ala\u015f\u0131ml\u0131 kal\u0131p d\u00f6k\u00fcm nedir?<\/h3>\n<p>Bas\u0131n\u00e7l\u0131 d\u00f6k\u00fcmle olu\u015fturulan bir t\u00fcr metal ala\u015f\u0131m\u0131 al\u00fcminyum ala\u015f\u0131m\u0131d\u0131r. Eritilmi\u015f al\u00fcminyum yo\u011fun bas\u0131n\u00e7 alt\u0131nda bir kal\u0131ba d\u00f6k\u00fcl\u00fcr ve burada kat\u0131la\u015farak kal\u0131b\u0131n \u015feklini al\u0131r. Sonu\u00e7, \u00fcst\u00fcn y\u00fczey cilas\u0131 ve boyutsal hassasiyete sahip hafif, sa\u011flam bir bile\u015fendir.<\/p>\n<p>&nbsp;<\/p>\n<h3>Al\u00fcminyum d\u00f6k\u00fcm ala\u015f\u0131m\u0131n avantajlar\u0131<\/h3>\n<ol>\n<li>G\u00fc\u00e7: D\u00f6k\u00fcm al\u00fcminyum ala\u015f\u0131m\u0131n\u0131n ola\u011fan\u00fcst\u00fc mukavemet\/a\u011f\u0131rl\u0131k oran\u0131 en \u00f6nemli avantajlar\u0131ndan biridir. Y\u00fcksek gerilme mukavemetleri sayesinde bu ala\u015f\u0131mlar i\u015flevselliklerini kaybetmeden a\u011f\u0131r ko\u015fullara ve b\u00fcy\u00fck y\u00fcklere dayanabilir.<\/li>\n<li>Al\u00fcminyum d\u00f6k\u00fcm ala\u015f\u0131mlar\u0131, belirli tasar\u0131m \u00f6zelliklerini kar\u015f\u0131lamak i\u00e7in kolayca uyarlanabildiklerinden \u00e7ok y\u00f6nl\u00fcl\u00fck sergilerler. \u00c7ok \u00e7e\u015fitli mekanik ve fiziksel nitelikleri, \u00fcreticilerin hassas \u00f6zellikler ve karma\u015f\u0131k tasar\u0131mlar \u00fcretmesini kolayla\u015ft\u0131r\u0131r.<\/li>\n<li>M\u00fckemmel korozyon direnci, al\u00fcminyumun y\u00fczeyinde do\u011fal oksit tabakas\u0131 olu\u015fumunun bir \u00f6zelli\u011fidir. D\u00f6k\u00fcm al\u00fcminyum ala\u015f\u0131mlar\u0131, korozyona kar\u015f\u0131 diren\u00e7lerini art\u0131ran ala\u015f\u0131m elementleri ekleyerek bu fayday\u0131 art\u0131r\u0131r, bu da onlar\u0131 d\u0131\u015f mekanlarda ve deniz ortamlar\u0131nda kullan\u0131m i\u00e7in uygun hale getirir.<\/li>\n<li>Termal iletkenlik: D\u00f6k\u00fcm al\u00fcminyum ala\u015f\u0131m\u0131 \u0131s\u0131y\u0131 h\u0131zla da\u011f\u0131t\u0131r ve iyi bir termal iletkenli\u011fe sahiptir. Bu \u00f6zelli\u011fi nedeniyle, s\u0131cakl\u0131k kontrol\u00fcn\u00fcn \u00e7ok \u00f6nemli oldu\u011fu elektrikli ekipman ve otomobil motorlar\u0131 gibi end\u00fcstriler i\u00e7in m\u00fckemmeldir.<\/li>\n<li>Ekonomiktir: Bas\u0131n\u00e7l\u0131 d\u00f6k\u00fcm al\u00fcminyum ala\u015f\u0131m\u0131, karma\u015f\u0131k par\u00e7alar \u00fcretmek i\u00e7in ekonomik bir yol sunar. Di\u011fer \u00fcretim teknikleriyle kar\u015f\u0131la\u015ft\u0131r\u0131ld\u0131\u011f\u0131nda, bas\u0131n\u00e7l\u0131 d\u00f6k\u00fcm i\u015flemi y\u00fcksek verimlilik ve minimum malzeme israf\u0131 sunarak \u00fcretim maliyetlerini d\u00fc\u015f\u00fcr\u00fcr.<\/li>\n<\/ol>\n<p><img loading=\"lazy\" decoding=\"async\" class=\"alignnone wp-image-4042 size-full\" src=\"http:\/\/mnwell.com\/wp-content\/uploads\/2024\/01\/DJI_0323.jpg\" alt=\"die cast aluminum alloys parts\" width=\"800\" height=\"800\" srcset=\"https:\/\/mnwell.com\/wp-content\/uploads\/2024\/01\/DJI_0323.jpg 800w, https:\/\/mnwell.com\/wp-content\/uploads\/2024\/01\/DJI_0323-150x150.jpg 150w, https:\/\/mnwell.com\/wp-content\/uploads\/2024\/01\/DJI_0323-768x768.jpg 768w, https:\/\/mnwell.com\/wp-content\/uploads\/2024\/01\/DJI_0323-12x12.jpg 12w, https:\/\/mnwell.com\/wp-content\/uploads\/2024\/01\/DJI_0323-300x300.jpg 300w, https:\/\/mnwell.com\/wp-content\/uploads\/2024\/01\/DJI_0323-600x600.jpg 600w, https:\/\/mnwell.com\/wp-content\/uploads\/2024\/01\/DJI_0323-100x100.jpg 100w\" sizes=\"(max-width: 800px) 100vw, 800px\" \/><\/p>\n<p>&nbsp;<\/p>\n<h3>D\u00f6k\u00fcm al\u00fcminyum ala\u015f\u0131m uygulamas\u0131<\/h3>\n<p>Pek \u00e7ok farkl\u0131 sekt\u00f6rde d\u00f6k\u00fcm al\u00fcminyum ala\u015f\u0131mlar\u0131 kullan\u0131lmaktad\u0131r:<\/p>\n<ol>\n<li>Otomobil: D\u00f6k\u00fcm al\u00fcminyum bile\u015fenlerin m\u00fckemmel mukavemeti ve d\u00fc\u015f\u00fck a\u011f\u0131rl\u0131\u011f\u0131, onlar\u0131 otomobil sekt\u00f6r\u00fcnde pop\u00fcler k\u0131lmaktad\u0131r. S\u00fcspansiyon par\u00e7alar\u0131, motor bloklar\u0131 ve di\u015fli kutular\u0131 dahil olmak \u00fczere bir\u00e7ok farkl\u0131 par\u00e7ada bulunurlar.<\/li>\n<li>hava ta\u015f\u0131tlar\u0131: D\u00f6k\u00fcm al\u00fcminyum ala\u015f\u0131mlar\u0131n\u0131n ola\u011fan\u00fcst\u00fc g\u00fc\u00e7\/a\u011f\u0131rl\u0131k oran\u0131 u\u00e7ak sekt\u00f6r\u00fc i\u00e7in \u00e7ok \u00f6nemlidir. Bu ala\u015f\u0131mlar u\u00e7aklar i\u00e7in kanat yap\u0131lar\u0131, ini\u015f tak\u0131mlar\u0131 ve motor bile\u015fenlerinin yap\u0131m\u0131nda kullan\u0131l\u0131r.<\/li>\n<li>Elektronik: Elektriksel ve termal iletkenli\u011fi nedeniyle, d\u00f6k\u00fcm al\u00fcminyum ala\u015f\u0131m\u0131 genellikle elektronik sekt\u00f6r\u00fcnde kullan\u0131l\u0131r. Muhafazalarda kullan\u0131l\u0131rlar, <a href=\"https:\/\/mnwell.com\/tr\/heat-sink\/\">\u0131s\u0131 al\u0131c\u0131lar\u0131<\/a>ve etkili \u0131s\u0131 da\u011f\u0131l\u0131m\u0131na ihtiya\u00e7 duyan di\u011fer par\u00e7alar.<\/li>\n<li>T\u00fcketim mallar\u0131: D\u00f6k\u00fcm al\u00fcminyum ala\u015f\u0131mlar\u0131 genellikle elektrikli aletler, spor ekipmanlar\u0131 ve mutfak aletleri gibi ev e\u015fyalar\u0131n\u0131n \u00fcretiminde kullan\u0131l\u0131r. Dayan\u0131kl\u0131l\u0131klar\u0131, d\u00fc\u015f\u00fck a\u011f\u0131rl\u0131klar\u0131 ve \u00e7ekici g\u00f6r\u00fcn\u00fcmleri onlar\u0131 \u00fcreticiler i\u00e7in tercih edilen bir se\u00e7enek haline getirmektedir.<\/li>\n<\/ol>\n<p><img loading=\"lazy\" decoding=\"async\" class=\"alignnone wp-image-4043 size-full\" src=\"http:\/\/mnwell.com\/wp-content\/uploads\/2024\/01\/DJI_0318-1.jpg\" alt=\"die cast aluminum alloys-02\" width=\"800\" height=\"800\" srcset=\"https:\/\/mnwell.com\/wp-content\/uploads\/2024\/01\/DJI_0318-1.jpg 800w, https:\/\/mnwell.com\/wp-content\/uploads\/2024\/01\/DJI_0318-1-150x150.jpg 150w, https:\/\/mnwell.com\/wp-content\/uploads\/2024\/01\/DJI_0318-1-768x768.jpg 768w, https:\/\/mnwell.com\/wp-content\/uploads\/2024\/01\/DJI_0318-1-12x12.jpg 12w, https:\/\/mnwell.com\/wp-content\/uploads\/2024\/01\/DJI_0318-1-300x300.jpg 300w, https:\/\/mnwell.com\/wp-content\/uploads\/2024\/01\/DJI_0318-1-600x600.jpg 600w, https:\/\/mnwell.com\/wp-content\/uploads\/2024\/01\/DJI_0318-1-100x100.jpg 100w\" sizes=\"(max-width: 800px) 100vw, 800px\" \/><\/p>\n<p>&nbsp;<\/p>\n<h3>Do\u011fru d\u00f6k\u00fcm al\u00fcminyum ala\u015f\u0131m\u0131n\u0131 se\u00e7in<\/h3>\n<p>\u00d6zel uygulaman\u0131z i\u00e7in bir d\u00f6k\u00fcm al\u00fcminyum ala\u015f\u0131m\u0131 se\u00e7erken \u0131s\u0131 iletkenli\u011fi, korozyon direnci ve mekanik nitelikler dahil olmak \u00fczere bir\u00e7ok \u00f6zelli\u011fi dikkate almak \u00f6nemlidir. Deneyimli bir \u00fcretici veya tedarik\u00e7iden tavsiye almak, sizin i\u00e7in en uygun ala\u015f\u0131m\u0131 se\u00e7menize yard\u0131mc\u0131 olabilir.<\/p>\n<p>S\u0131k kullan\u0131lan baz\u0131 d\u00f6k\u00fcm al\u00fcminyum ala\u015f\u0131mlar\u0131 \u015funlard\u0131r:<\/p>\n<ol>\n<li>ADC12: Bu ala\u015f\u0131m korozyona iyi diren\u00e7 g\u00f6sterir, kolay d\u00f6k\u00fcl\u00fcr ve \u00e7ok g\u00fc\u00e7l\u00fcd\u00fcr. Genellikle elektrik ve otomotiv uygulamalar\u0131nda kullan\u0131l\u0131r.<\/li>\n<li>A380: Bu malzeme, iyi boyutsal kararl\u0131l\u0131\u011fa ve ak\u0131\u015fkanl\u0131\u011fa sahip olmas\u0131yla \u00fcnl\u00fcd\u00fcr. Genellikle ince duvarl\u0131 karma\u015f\u0131k par\u00e7alar\u0131n \u00fcretiminde kullan\u0131l\u0131r.<\/li>\n<li>AlSi9Cu3: Bu ala\u015f\u0131m, ola\u011fan\u00fcst\u00fc i\u015flenebilirlik ve g\u00fc\u00e7l\u00fc termal iletkenli\u011fe sahip olmas\u0131yla \u00fcnl\u00fcd\u00fcr. Genellikle \u015fu alanlarda kullan\u0131l\u0131r <a href=\"https:\/\/mnwell.com\/tr\/urun\/custom-plastic-electronic-enclosures\/\">elektroni\u0307k muhafazalar<\/a> ve \u0131s\u0131 al\u0131c\u0131lar\u0131.<\/li>\n<\/ol>\n<p><img loading=\"lazy\" decoding=\"async\" class=\"alignnone size-full wp-image-4044\" src=\"http:\/\/mnwell.com\/wp-content\/uploads\/2024\/01\/DJI_0325.jpg\" alt=\"\" width=\"800\" height=\"800\" srcset=\"https:\/\/mnwell.com\/wp-content\/uploads\/2024\/01\/DJI_0325.jpg 800w, https:\/\/mnwell.com\/wp-content\/uploads\/2024\/01\/DJI_0325-150x150.jpg 150w, https:\/\/mnwell.com\/wp-content\/uploads\/2024\/01\/DJI_0325-768x768.jpg 768w, https:\/\/mnwell.com\/wp-content\/uploads\/2024\/01\/DJI_0325-12x12.jpg 12w, https:\/\/mnwell.com\/wp-content\/uploads\/2024\/01\/DJI_0325-300x300.jpg 300w, https:\/\/mnwell.com\/wp-content\/uploads\/2024\/01\/DJI_0325-600x600.jpg 600w, https:\/\/mnwell.com\/wp-content\/uploads\/2024\/01\/DJI_0325-100x100.jpg 100w\" sizes=\"(max-width: 800px) 100vw, 800px\" \/><\/p>\n<p>&nbsp;<\/p>\n<h3>Sonu\u00e7 olarak<\/h3>\n<p>D\u00f6k\u00fcm al\u00fcminyum ala\u015f\u0131mlar\u0131 bir\u00e7ok farkl\u0131 sekt\u00f6r i\u00e7in ekonomik ve uyarlanabilir bir se\u00e7imdir. Ola\u011fan\u00fcst\u00fc g\u00fcc\u00fc, uyarlanabilirli\u011fi ve korozyona kar\u015f\u0131 direnci nedeniyle hafif, uzun \u00f6m\u00fcrl\u00fc bile\u015fenler gerektiren uygulamalar i\u00e7in m\u00fckemmeldir. G\u00fcvenilir bir \u00fcreticiyle \u00e7al\u0131\u015fmak ve uygun d\u00f6k\u00fcm al\u00fcminyum ala\u015f\u0131m\u0131n\u0131 se\u00e7mek, benzersiz ihtiya\u00e7lar\u0131n\u0131z\u0131 kar\u015f\u0131layan y\u00fcksek kaliteli bir \u00fcr\u00fcn\u00fc garanti etmenize yard\u0131mc\u0131 olabilir.<\/p>","protected":false},"excerpt":{"rendered":"<p>D\u00f6k\u00fcm al\u00fcminyum ala\u015f\u0131mlar\u0131, dayan\u0131kl\u0131l\u0131klar\u0131, uyarlanabilirlikleri ve uygun maliyetleri nedeniyle t\u00fcketim mallar\u0131, elektronik, otomotiv ve havac\u0131l\u0131k dahil olmak \u00fczere \u00e7e\u015fitli sekt\u00f6rlerde yayg\u0131n olarak kullan\u0131lmaktad\u0131r. Bu ala\u015f\u0131mlar hafiftir, sa\u011flamd\u0131r ve m\u00fckemmel korozyon direnci, termal iletkenlik ve ekonomik faydalar sunar. Dayan\u0131kl\u0131l\u0131klar\u0131, d\u00fc\u015f\u00fck a\u011f\u0131rl\u0131klar\u0131 ve \u00e7ekici g\u00f6r\u00fcn\u00fcmleri nedeniyle otomobil, u\u00e7ak, elektronik ve t\u00fcketim mallar\u0131 end\u00fcstrilerinde pop\u00fclerdirler. Yayg\u0131n olarak kullan\u0131lan ala\u015f\u0131mlar aras\u0131nda ADC12, A380 ve AlSi9Cu3 bulunur. Do\u011fru d\u00f6k\u00fcm al\u00fcminyum ala\u015f\u0131m\u0131n\u0131n se\u00e7ilmesi \u0131s\u0131 iletkenli\u011fi, korozyon direnci ve mekanik \u00f6zellikler gibi fakt\u00f6rlere ba\u011fl\u0131d\u0131r.<\/p>","protected":false},"featured_media":4041,"template":"","meta":{"om_disable_all_campaigns":false,"_monsterinsights_skip_tracking":false,"_monsterinsights_sitenote_active":false,"_monsterinsights_sitenote_note":"","_monsterinsights_sitenote_category":0,"_uf_show_specific_survey":0,"_uf_disable_surveys":false,"site-sidebar-layout":"default","site-content-layout":"default","ast-global-header-display":"","ast-banner-title-visibility":"","ast-main-header-display":"","ast-hfb-above-header-display":"","ast-hfb-below-header-display":"","ast-hfb-mobile-header-display":"","site-post-title":"","ast-breadcrumbs-content":"","ast-featured-img":"","footer-sml-layout":"","theme-transparent-header-meta":"default","adv-header-id-meta":"","stick-header-meta":"","header-above-stick-meta":"","header-main-stick-meta":"","header-below-stick-meta":""},"product_cat":[18],"product_tag":[],"aioseo_notices":[],"_links":{"self":[{"href":"https:\/\/mnwell.com\/tr\/wp-json\/wp\/v2\/product\/4040"}],"collection":[{"href":"https:\/\/mnwell.com\/tr\/wp-json\/wp\/v2\/product"}],"about":[{"href":"https:\/\/mnwell.com\/tr\/wp-json\/wp\/v2\/types\/product"}],"wp:featuredmedia":[{"embeddable":true,"href":"https:\/\/mnwell.com\/tr\/wp-json\/wp\/v2\/media\/4041"}],"wp:attachment":[{"href":"https:\/\/mnwell.com\/tr\/wp-json\/wp\/v2\/media?parent=4040"}],"wp:term":[{"taxonomy":"product_cat","embeddable":true,"href":"https:\/\/mnwell.com\/tr\/wp-json\/wp\/v2\/product_cat?post=4040"},{"taxonomy":"product_tag","embeddable":true,"href":"https:\/\/mnwell.com\/tr\/wp-json\/wp\/v2\/product_tag?post=4040"}],"curies":[{"name":"wp","href":"https:\/\/api.w.org\/{rel}","templated":true}]}}